{"id":1234,"date":"2024-09-18T07:48:58","date_gmt":"2024-09-18T07:48:58","guid":{"rendered":"https:\/\/keweicorten.com\/?post_type=product&#038;p=1234"},"modified":"2024-09-18T07:48:59","modified_gmt":"2024-09-18T07:48:59","slug":"corten-steel-a588gra","status":"publish","type":"product","link":"https:\/\/keweicorten.com\/fr\/corten-steel-a588gra\/","title":{"rendered":"Acier Corten A588GRA"},"content":{"rendered":"<h2>The key features of weathering steel plates:<\/h2>\n<ul>\n<li>Corrosion Resistance: Weathering steel forms a stable rust-like appearance when exposed to the elements, which acts as a protective layer to prevent deeper corrosion. This oxide layer continues to develop over time, providing ongoing protection from the environment.<\/li>\n<li>High Strength: Weathering steel has a higher yield strength compared to standard structural steels, making it suitable for demanding structural applications and allowing for lighter and stronger designs.<\/li>\n<li>Low Alloy Content: It contains specific alloying elements such as copper, chromium, and nickel, which enhance its weather resistance and overall durability.<\/li>\n<li>L'attrait esth\u00e9tique<\/li>\n<li>Maintenance-Free: One of the biggest advantages of weathering steel Corten Steel A588GRA is its low maintenance requirement. Once the protective patina has formed, there is generally little need for treatments, coatings, or repainting.<\/li>\n<li>Environmental Resistance: Weathering steel is particularly suited for outdoor structures, as it can withstand various atmospheric conditions, including rain, snow, and extreme temperatures.<\/li>\n<li>Weldability: Weathering steels Corten Steel A588GRA can be welded the same way as other structural steels, though specific considerations must be taken into account regarding the welding process to maintain the material&#8217;s properties.<\/li>\n<li>Longevity: Weathering steel Corten Steel A588GRA has a long lifespan, making it a cost-effective choice over time for structures subject to harsh weather conditions.<\/li>\n<li>Formability: It can be easily formed into various shapes and structures, making it versatile for architectural and structural applications.<\/li>\n<li>Sustainability: Due to its durability and low maintenance, weathering steel contributes to sustainable construction practices, reducing the need for resources spent on coatings and frequent replacements.<\/li>\n<\/ul>\n<figure style=\"width: 750px\" class=\"wp-caption alignnone\"><a href=\"https:\/\/keweicorten.com\/fr\/nous-contacter\/\"><img fetchpriority=\"high\" decoding=\"async\" title=\"corten steel sheets\" src=\"https:\/\/sc04.alicdn.com\/kf\/H4b06690ff5ec4483be228e9342b4f08fn\/239729424\/H4b06690ff5ec4483be228e9342b4f08fn.jpg\" alt=\"\" width=\"750\" height=\"929\" \/><\/a><figcaption class=\"wp-caption-text\">corten steel sheets<\/figcaption><\/figure>\n<table class=\"has-title all magic-9\" style=\"height: 323px;\" width=\"910\">\n<tbody>\n<tr>\n<td colspan=\"1\" rowspan=\"1\">\n<div class=\"magic-10\" data-spm-anchor-id=\"a2700.details.0.i42.4d704381X3PZPe\">Nom du produit<\/div>\n<\/td>\n<td colspan=\"4\" rowspan=\"1\">\n<div class=\"magic-11\">T\u00f4le d'acier r\u00e9sistant aux intemp\u00e9ries<\/div>\n<\/td>\n<\/tr>\n<tr>\n<td colspan=\"1\" rowspan=\"1\">\n<div class=\"magic-10\" data-spm-anchor-id=\"a2700.details.0.i41.4d704381X3PZPe\">Standard<\/div>\n<\/td>\n<td colspan=\"4\" rowspan=\"1\">\n<div class=\"magic-11\">DIN GB JIS BA AISI ASTM<\/div>\n<\/td>\n<\/tr>\n<tr>\n<td colspan=\"1\" rowspan=\"1\">\n<div class=\"magic-10\">Longueur<\/div>\n<\/td>\n<td colspan=\"4\" rowspan=\"1\">\n<div class=\"magic-11\">\u00a0customize<\/div>\n<\/td>\n<\/tr>\n<tr>\n<td colspan=\"1\" rowspan=\"1\">\n<div class=\"magic-10\">Largeur<\/div>\n<\/td>\n<td colspan=\"4\" rowspan=\"1\">\n<div class=\"magic-11\">customize<\/div>\n<\/td>\n<\/tr>\n<tr>\n<td colspan=\"1\" rowspan=\"1\">\n<div class=\"magic-10\">\u00c9paisseur<\/div>\n<\/td>\n<td colspan=\"4\" rowspan=\"1\">\n<div class=\"magic-11\">2-100mm ou sur mesure<\/div>\n<\/td>\n<\/tr>\n<tr>\n<td colspan=\"1\" rowspan=\"1\">\n<div class=\"magic-10\">Mat\u00e9riau<\/div>\n<\/td>\n<td colspan=\"4\" rowspan=\"1\">\n<div class=\"magic-11\">\u00a0Q235NH Q355NH Q355GNH Q295NH Q295GNH Q460NH S235J0WP S235J2WP S235J2W A588grA CortenA CortenB Q345NH Q295NH Q295GNH Q355GNHL 09CuPCrNi-A SPA-H\u00a0Corten A CortenB Cu-P<\/div>\n<\/td>\n<\/tr>\n<tr>\n<td colspan=\"1\" rowspan=\"1\">\n<div class=\"magic-10\">Payment<\/div>\n<\/td>\n<td colspan=\"4\" rowspan=\"1\">\n<div class=\"magic-11\">30%T\/T + 70% balance<\/div>\n<\/td>\n<\/tr>\n<tr>\n<td colspan=\"1\" rowspan=\"1\">\n<div class=\"magic-10\">Application<\/div>\n<\/td>\n<td colspan=\"4\" rowspan=\"1\">\n<div class=\"magic-11\">L'acier r\u00e9sistant aux intemp\u00e9ries est principalement utilis\u00e9 dans les chemins de fer, les v\u00e9hicules, les ponts, les tours, les installations photovolta\u00efques, les installations \u00e0 grande vitesse et d'autres applications \u00e0 long terme.<br \/>\nl'exposition \u00e0 l'atmosph\u00e8re de l'utilisation de structures en acier. Il peut \u00e9galement \u00eatre utilis\u00e9 dans la fabrication de conteneurs, d'\u00e9quipements ferroviaires et d'\u00e9quipements de transport.<br \/>\nv\u00e9hicules, derricks p\u00e9troliers, b\u00e2timents portuaires, plates-formes p\u00e9troli\u00e8res et conteneurs de produits corrosifs contenant du soufre dans les industries chimiques et pharmaceutiques.<br \/>\nles \u00e9quipements p\u00e9troliers. En outre, en raison de l'aspect unique de l'acier r\u00e9sistant aux intemp\u00e9ries, il est \u00e9galement souvent utilis\u00e9 dans l'art public, l'architecture d'ext\u00e9rieur et la construction.<br \/>\nsculpture et d\u00e9coration des murs ext\u00e9rieurs des b\u00e2timents.<\/div>\n<\/td>\n<\/tr>\n<tr>\n<td colspan=\"1\" rowspan=\"1\">\n<div class=\"magic-10\">Emballage pour l'exportation<\/div>\n<\/td>\n<td colspan=\"4\" rowspan=\"1\">\n<div class=\"magic-11\">Papier imperm\u00e9able et bande d'acier emball\u00e9e.<br \/>\nEmballage maritime standard pour l'exportation, adapt\u00e9 \u00e0 tous les types de transport ou selon les besoins.<\/div>\n<\/td>\n<\/tr>\n<tr>\n<td colspan=\"1\" rowspan=\"1\">\n<div class=\"magic-10\">Surface<\/div>\n<\/td>\n<td colspan=\"4\" rowspan=\"1\">\n<div class=\"magic-14\">Noir, rev\u00eatement, rev\u00eatement color\u00e9, vernis antirouille, huile antirouille, grille, etc.<\/div>\n<\/td>\n<\/tr>\n<\/tbody>\n<\/table>\n<h2 class=\"magic-29\"><span class=\"magic-30\" data-spm-anchor-id=\"a2700.details.0.i45.4d704381X3PZPe\">Weather resistant steel plate application<\/span><\/h2>\n<div class=\"magic-5\">\n<div class=\"magic-6\">\n<div class=\"magic-7\">1<b>\u3001Weather resistant landscape<\/b><\/p>\n<div><\/div>\n<div>2\u3001<b>Mur-rideau r\u00e9sistant aux intemp\u00e9ries<\/b><\/div>\n<div><\/div>\n<div>3\u3001<b>Weather sculpture<\/b><\/div>\n<div><\/div>\n<div>4\u3001<b>Weather-resistant flower pot<\/b><\/div>\n<div><b>\u00a0<\/b><\/div>\n<div>5\u3001<b>Weather-resistant building<\/b><\/div>\n<div><b>\u00a0<\/b><\/div>\n<div>6\u3001<b>Weatherproof screen<\/b><\/div>\n<h2>Product packaging<\/h2>\n<div>\n<figure style=\"width: 646px\" class=\"wp-caption alignnone\"><a href=\"https:\/\/keweicorten.com\/fr\"><img decoding=\"async\" title=\"t\u00f4le d&#039;acier corten\" src=\"https:\/\/sc01.alicdn.com\/kf\/HTB1qOM4nrYI8KJjy0Fa762AiVXaL\/231450570\/HTB1qOM4nrYI8KJjy0Fa762AiVXaL.png\" alt=\"\" width=\"646\" height=\"410\" \/><\/a><figcaption class=\"wp-caption-text\">t\u00f4le d'acier corten<\/figcaption><\/figure>\n<\/div>\n<\/div>\n<\/div>\n<\/div>","protected":false},"excerpt":{"rendered":"<table class=\"all magic-1\" style=\"height: 120px;\" width=\"313\">\n<tbody>\n<tr>\n<td colspan=\"1\" rowspan=\"1\">\n<div class=\"magic-2\" data-spm-anchor-id=\"a2700.details.0.i39.73d28eb8YeAqUO\">Produce name<\/div>\n<\/td>\n<td colspan=\"1\" rowspan=\"1\">\n<div class=\"magic-3\">T\u00f4le d'acier r\u00e9sistant aux intemp\u00e9ries<\/div>\n<\/td>\n<\/tr>\n<tr>\n<td colspan=\"1\" rowspan=\"1\">\n<div class=\"magic-2\">Grade<\/div>\n<\/td>\n<td colspan=\"1\" rowspan=\"1\">\n<div class=\"magic-3\">09CuPCrNi-A,cortenA,cortenB<br \/>\nQ235NH,Q295NH,Q345NH,Q500NH<br \/>\nS235JOW,S355JOW,S355J2WP<\/div>\n<\/td>\n<\/tr>\n<tr>\n<td colspan=\"1\" rowspan=\"1\">\n<div class=\"magic-2\">Technique<\/div>\n<\/td>\n<td colspan=\"1\" rowspan=\"1\">\n<div class=\"magic-3\">Cold rolled<\/div>\n<\/td>\n<\/tr>\n<tr>\n<td colspan=\"1\" rowspan=\"1\">\n<div class=\"magic-2\">Surface<\/div>\n<\/td>\n<td colspan=\"1\" rowspan=\"1\">\n<div class=\"magic-3\">Rust-treatment,Clean,blasting or according to customer requirement.<\/div>\n<\/td>\n<\/tr>\n<\/tbody>\n<\/table>","protected":false},"featured_media":1244,"comment_status":"open","ping_status":"closed","template":"","meta":{"_eb_attr":"","_monsterinsights_skip_tracking":false,"_monsterinsights_sitenote_active":false,"_monsterinsights_sitenote_note":"","_monsterinsights_sitenote_category":0,"_uf_show_specific_survey":0,"_uf_disable_surveys":false},"product_brand":[],"product_cat":[21],"product_tag":[],"class_list":{"0":"post-1234","1":"product","2":"type-product","3":"status-publish","4":"has-post-thumbnail","6":"product_cat-weather-resistant-steel-plate","8":"first","9":"instock","10":"shipping-taxable","11":"product-type-simple"},"_links":{"self":[{"href":"https:\/\/keweicorten.com\/fr\/wp-json\/wp\/v2\/product\/1234"}],"collection":[{"href":"https:\/\/keweicorten.com\/fr\/wp-json\/wp\/v2\/product"}],"about":[{"href":"https:\/\/keweicorten.com\/fr\/wp-json\/wp\/v2\/types\/product"}],"replies":[{"embeddable":true,"href":"https:\/\/keweicorten.com\/fr\/wp-json\/wp\/v2\/comments?post=1234"}],"version-history":[{"count":1,"href":"https:\/\/keweicorten.com\/fr\/wp-json\/wp\/v2\/product\/1234\/revisions"}],"predecessor-version":[{"id":1245,"href":"https:\/\/keweicorten.com\/fr\/wp-json\/wp\/v2\/product\/1234\/revisions\/1245"}],"wp:featuredmedia":[{"embeddable":true,"href":"https:\/\/keweicorten.com\/fr\/wp-json\/wp\/v2\/media\/1244"}],"wp:attachment":[{"href":"https:\/\/keweicorten.com\/fr\/wp-json\/wp\/v2\/media?parent=1234"}],"wp:term":[{"taxonomy":"product_brand","embeddable":true,"href":"https:\/\/keweicorten.com\/fr\/wp-json\/wp\/v2\/product_brand?post=1234"},{"taxonomy":"product_cat","embeddable":true,"href":"https:\/\/keweicorten.com\/fr\/wp-json\/wp\/v2\/product_cat?post=1234"},{"taxonomy":"product_tag","embeddable":true,"href":"https:\/\/keweicorten.com\/fr\/wp-json\/wp\/v2\/product_tag?post=1234"}],"curies":[{"name":"wp","href":"https:\/\/api.w.org\/{rel}","templated":true}]}}