{"id":1235,"date":"2024-09-18T07:15:55","date_gmt":"2024-09-18T07:15:55","guid":{"rendered":"https:\/\/keweicorten.com\/?post_type=product&#038;p=1235"},"modified":"2024-09-18T07:15:55","modified_gmt":"2024-09-18T07:15:55","slug":"corten-b-q295nh","status":"publish","type":"product","link":"https:\/\/keweicorten.com\/fr\/corten-b-q295nh\/","title":{"rendered":"Corten B Q295NH"},"content":{"rendered":"<table>\n<tbody>\n<tr>\n<td style=\"font-weight: 400;\" colspan=\"1\" rowspan=\"2\">\n<p data-spm-anchor-id=\"a2700.details.0.i44.74a6729csSee8B\"><span style=\"font-style: inherit; font-weight: inherit;\">Grade<\/span><\/p>\n<\/td>\n<td style=\"font-weight: 400;\" colspan=\"1\" rowspan=\"2\">Marque<\/td>\n<td style=\"font-weight: 400;\" colspan=\"2\" rowspan=\"1\">Dimension (mm)<\/td>\n<td style=\"font-weight: 400;\" colspan=\"1\" rowspan=\"2\">Standard<\/td>\n<\/tr>\n<tr>\n<td style=\"font-weight: 400;\" colspan=\"1\" rowspan=\"1\">Bobine<\/td>\n<td style=\"font-weight: 400;\" colspan=\"1\" rowspan=\"1\">Assiette<\/td>\n<\/tr>\n<tr>\n<td style=\"font-weight: 400;\" colspan=\"1\" rowspan=\"1\"><span style=\"font-style: inherit; font-weight: inherit;\">Corrosion\u00a0<\/span><\/p>\n<p><span style=\"font-style: inherit; font-weight: inherit;\">acier r\u00e9sistant<\/span><\/p>\n<p><span style=\"font-style: inherit; font-weight: inherit;\">utilis\u00e9 dans les conteneurs<\/span><\/td>\n<td style=\"font-weight: 400;\" colspan=\"1\" rowspan=\"1\">SPA-H<\/td>\n<td style=\"font-weight: 400;\" colspan=\"1\" rowspan=\"1\">1.5-19*800-1600<\/td>\n<td style=\"font-weight: 400;\" colspan=\"1\" rowspan=\"1\"><\/td>\n<td style=\"font-weight: 400;\" colspan=\"1\" rowspan=\"1\">JIS G 3125-2004 ou Technologie<br \/>\naccord<\/td>\n<\/tr>\n<tr>\n<td style=\"font-weight: 400;\" colspan=\"1\" rowspan=\"5\">\n<p data-spm-anchor-id=\"a2700.pc-decorate.0.i265.4a373333fJSFNk\"><span style=\"font-style: inherit; font-weight: inherit;\">Utilis\u00e9 dans les v\u00e9hicules ferroviaires<\/span><\/p>\n<p><span style=\"font-style: inherit; font-weight: inherit;\">Acier r\u00e9sistant \u00e0 la corrosion<\/span><\/td>\n<td style=\"font-weight: 400;\" colspan=\"1\" rowspan=\"1\">09CuPCrNi<\/td>\n<td style=\"font-weight: 400;\" colspan=\"1\" rowspan=\"1\">1.5-19*800-1600<\/td>\n<td style=\"font-weight: 400;\" colspan=\"1\" rowspan=\"1\">6-50*1600-3000<\/td>\n<td style=\"font-weight: 400;\" colspan=\"1\" rowspan=\"5\">Camion de chargement(2003)387 ou<br \/>\nAccord technologique<\/td>\n<\/tr>\n<tr>\n<td style=\"font-weight: 400;\" colspan=\"1\" rowspan=\"1\">Q400NQR1<\/td>\n<td style=\"font-weight: 400;\" colspan=\"1\" rowspan=\"1\">1.5-19*800-1600<\/td>\n<td style=\"font-weight: 400;\" colspan=\"1\" rowspan=\"1\">6-50*1600-3000<\/td>\n<\/tr>\n<tr>\n<td style=\"font-weight: 400;\" colspan=\"1\" rowspan=\"1\">Q450NQR1<\/td>\n<td style=\"font-weight: 400;\" colspan=\"1\" rowspan=\"1\">1.5-19*800-1600<\/td>\n<td style=\"font-weight: 400;\" colspan=\"1\" rowspan=\"1\">6-50*1600-3000<\/td>\n<\/tr>\n<tr>\n<td style=\"font-weight: 400;\" colspan=\"1\" rowspan=\"1\">Q500NQR1<\/td>\n<td style=\"font-weight: 400;\" colspan=\"1\" rowspan=\"1\">1.5-19*800-1600<\/td>\n<td style=\"font-weight: 400;\" colspan=\"1\" rowspan=\"1\">6-50*1600-3000<\/td>\n<\/tr>\n<tr>\n<td style=\"font-weight: 400;\" colspan=\"1\" rowspan=\"1\">Q550NQR1<\/td>\n<td style=\"font-weight: 400;\" colspan=\"1\" rowspan=\"1\">1.5-19*800-1600<\/td>\n<td style=\"font-weight: 400;\" colspan=\"1\" rowspan=\"1\">6-50*1600-3000<\/td>\n<\/tr>\n<tr>\n<td style=\"font-weight: 400;\" colspan=\"1\" rowspan=\"6\">\u00a0 \u00a0 \u00a0 Soud\u00e9<\/p>\n<p>alt\u00e9ration<\/p>\n<p>acier<\/td>\n<td style=\"font-weight: 400;\" colspan=\"1\" rowspan=\"1\">Q235NH<\/td>\n<td style=\"font-weight: 400;\" colspan=\"1\" rowspan=\"1\">1.5-19*800-1600<\/td>\n<td style=\"font-weight: 400;\" colspan=\"1\" rowspan=\"1\">6-50*1600-3000<\/td>\n<td style=\"font-weight: 400;\" colspan=\"1\" rowspan=\"8\">GB\/T 4171-2008 ou Technologie<br \/>\naccord<\/td>\n<\/tr>\n<tr>\n<td style=\"font-weight: 400;\" colspan=\"1\" rowspan=\"1\">Q355NH<\/td>\n<td style=\"font-weight: 400;\" colspan=\"1\" rowspan=\"1\">1.5-19*800-1600<\/td>\n<td style=\"font-weight: 400;\" colspan=\"1\" rowspan=\"1\">6-50*1600-3000<\/td>\n<\/tr>\n<tr>\n<td style=\"font-weight: 400;\" colspan=\"1\" rowspan=\"1\">Q415NH<\/td>\n<td style=\"font-weight: 400;\" colspan=\"1\" rowspan=\"1\">1.5-19*800-1600<\/td>\n<td style=\"font-weight: 400;\" colspan=\"1\" rowspan=\"1\">6-50*1600-3000<\/td>\n<\/tr>\n<tr>\n<td style=\"font-weight: 400;\" colspan=\"1\" rowspan=\"1\">Q460NH<\/td>\n<td style=\"font-weight: 400;\" colspan=\"1\" rowspan=\"1\">1.5-19*800-1600<\/td>\n<td style=\"font-weight: 400;\" colspan=\"1\" rowspan=\"1\">6-50*1600-3000<\/td>\n<\/tr>\n<tr>\n<td style=\"font-weight: 400;\" colspan=\"1\" rowspan=\"1\">Q500NH<\/td>\n<td style=\"font-weight: 400;\" colspan=\"1\" rowspan=\"1\">1.5-19*800-1600<\/td>\n<td style=\"font-weight: 400;\" colspan=\"1\" rowspan=\"1\">6-50*1600-3000<\/td>\n<\/tr>\n<tr>\n<td style=\"font-weight: 400;\" colspan=\"1\" rowspan=\"1\">Q550NH<\/td>\n<td style=\"font-weight: 400;\" colspan=\"1\" rowspan=\"1\">1.5-19*800-1600<\/td>\n<td style=\"font-weight: 400;\" colspan=\"1\" rowspan=\"1\">6-50*1600-3000<\/td>\n<\/tr>\n<tr>\n<td style=\"font-weight: 400;\" colspan=\"1\" rowspan=\"2\">\n<p data-spm-anchor-id=\"a2700.pc-decorate.0.i292.4a373333fJSFNk\"><span style=\"font-style: inherit; font-weight: inherit;\">\u00a0 \u00a0 \u00a0 \u00a0 Haut\u00a0 \u00a0 \u00a0 \u00a0<\/span><\/p>\n<p>alt\u00e9ration<span style=\"font-style: inherit; font-weight: inherit;\">\u00a0acier<\/span><\/td>\n<td style=\"font-weight: 400;\" colspan=\"1\" rowspan=\"1\">Q295GNH<\/td>\n<td style=\"font-weight: 400;\" colspan=\"1\" rowspan=\"1\">1.5-19*800-1600<\/td>\n<td style=\"font-weight: 400;\" colspan=\"1\" rowspan=\"1\"><\/td>\n<\/tr>\n<tr>\n<td style=\"font-weight: 400;\" colspan=\"1\" rowspan=\"1\">Q355GNH<\/td>\n<td style=\"font-weight: 400;\" colspan=\"1\" rowspan=\"1\">1.5-19*800-1600<\/td>\n<td style=\"font-weight: 400;\" colspan=\"1\" rowspan=\"1\"><\/td>\n<\/tr>\n<tr>\n<td style=\"font-weight: 400;\" colspan=\"1\" rowspan=\"6\"><span style=\"font-style: inherit; font-weight: inherit;\">Acide sulfurique<\/span><\/p>\n<p><span style=\"font-style: inherit; font-weight: inherit;\">\u00a0point de ros\u00e9e<\/span><\/p>\n<p><span style=\"font-style: inherit; font-weight: inherit;\">acier r\u00e9sistant \u00e0 la corrosion<\/span><\/td>\n<td style=\"font-weight: 400;\" colspan=\"1\" rowspan=\"1\">09CrCuSb<\/td>\n<td style=\"font-weight: 400;\" colspan=\"1\" rowspan=\"1\">1.5-19*800-1600<\/td>\n<td style=\"font-weight: 400;\" colspan=\"1\" rowspan=\"1\">6-40*1600-3000<\/td>\n<td style=\"font-weight: 400;\" colspan=\"1\" rowspan=\"1\">Accord technologique<\/td>\n<\/tr>\n<tr>\n<td style=\"font-weight: 400;\" colspan=\"1\" rowspan=\"1\">Corten-A<\/td>\n<td style=\"font-weight: 400;\" colspan=\"1\" rowspan=\"1\">1.5-19*800-1600<\/td>\n<td style=\"font-weight: 400;\" colspan=\"1\" rowspan=\"1\">6-40*1600-3000<\/td>\n<td style=\"font-weight: 400;\" colspan=\"1\" rowspan=\"1\">Accord technologique<\/td>\n<\/tr>\n<tr>\n<td style=\"font-weight: 400;\" colspan=\"1\" rowspan=\"1\">Corten-B<\/td>\n<td style=\"font-weight: 400;\" colspan=\"1\" rowspan=\"1\">1.5-19*800-1600<\/td>\n<td style=\"font-weight: 400;\" colspan=\"1\" rowspan=\"1\">6-40*1600-3000<\/td>\n<td style=\"font-weight: 400;\" colspan=\"1\" rowspan=\"1\">Accord technologique<\/td>\n<\/tr>\n<tr>\n<td style=\"font-weight: 400;\" colspan=\"1\" rowspan=\"1\">AGNS<\/td>\n<td style=\"font-weight: 400;\" colspan=\"1\" rowspan=\"1\">1.5-19*800-1600<\/td>\n<td style=\"font-weight: 400;\" colspan=\"1\" rowspan=\"1\">6-40*1600-3000<\/td>\n<td style=\"font-weight: 400;\" colspan=\"1\" rowspan=\"1\">Accord technologique<\/td>\n<\/tr>\n<tr>\n<td style=\"font-weight: 400;\" colspan=\"1\" rowspan=\"1\">Q315NS<\/td>\n<td style=\"font-weight: 400;\" colspan=\"1\" rowspan=\"1\">1.5-19*800-1600<\/td>\n<td style=\"font-weight: 400;\" colspan=\"1\" rowspan=\"1\">6-40*1600-3000<\/td>\n<td style=\"font-weight: 400;\" colspan=\"1\" rowspan=\"2\">GB\/T 28907-2012 ou<br \/>\nAccord technologique<\/td>\n<\/tr>\n<tr>\n<td style=\"font-weight: 400;\" colspan=\"1\" rowspan=\"1\">Q345NS<\/td>\n<td style=\"font-weight: 400;\" colspan=\"1\" rowspan=\"1\">1.5-19*800-1600<\/td>\n<td style=\"font-weight: 400;\" colspan=\"1\" rowspan=\"1\">6-40*1600-3000<\/td>\n<\/tr>\n<\/tbody>\n<\/table>\n<figure style=\"width: 869px\" class=\"wp-caption alignnone\"><a href=\"https:\/\/keweicorten.com\/fr\"><img fetchpriority=\"high\" decoding=\"async\" title=\"t\u00f4le corten\" src=\"https:\/\/sc04.alicdn.com\/kf\/H18be8301525c4a05ada08116f6d91ae4F\/231450570\/H18be8301525c4a05ada08116f6d91ae4F.jpg\" alt=\"\" width=\"869\" height=\"869\" \/><\/a><figcaption class=\"wp-caption-text\">t\u00f4le corten<\/figcaption><\/figure>","protected":false},"excerpt":{"rendered":"<p>L'acier Corten B Q295NH, \u00e0 la fois beau et pratique, s'applique \u00e0 une vari\u00e9t\u00e9 de projets de construction, fournissant une excellente r\u00e9sistance \u00e0 la corrosion et une r\u00e9sistance structurelle, une innovation dans la conception de la puissance.<\/p>","protected":false},"featured_media":1236,"comment_status":"open","ping_status":"closed","template":"","meta":{"_eb_attr":"","_monsterinsights_skip_tracking":false,"_monsterinsights_sitenote_active":false,"_monsterinsights_sitenote_note":"","_monsterinsights_sitenote_category":0,"_uf_show_specific_survey":0,"_uf_disable_surveys":false},"product_brand":[],"product_cat":[21],"product_tag":[],"class_list":{"0":"post-1235","1":"product","2":"type-product","3":"status-publish","4":"has-post-thumbnail","6":"product_cat-weather-resistant-steel-plate","8":"first","9":"instock","10":"shipping-taxable","11":"product-type-simple"},"_links":{"self":[{"href":"https:\/\/keweicorten.com\/fr\/wp-json\/wp\/v2\/product\/1235"}],"collection":[{"href":"https:\/\/keweicorten.com\/fr\/wp-json\/wp\/v2\/product"}],"about":[{"href":"https:\/\/keweicorten.com\/fr\/wp-json\/wp\/v2\/types\/product"}],"replies":[{"embeddable":true,"href":"https:\/\/keweicorten.com\/fr\/wp-json\/wp\/v2\/comments?post=1235"}],"version-history":[{"count":1,"href":"https:\/\/keweicorten.com\/fr\/wp-json\/wp\/v2\/product\/1235\/revisions"}],"predecessor-version":[{"id":1237,"href":"https:\/\/keweicorten.com\/fr\/wp-json\/wp\/v2\/product\/1235\/revisions\/1237"}],"wp:featuredmedia":[{"embeddable":true,"href":"https:\/\/keweicorten.com\/fr\/wp-json\/wp\/v2\/media\/1236"}],"wp:attachment":[{"href":"https:\/\/keweicorten.com\/fr\/wp-json\/wp\/v2\/media?parent=1235"}],"wp:term":[{"taxonomy":"product_brand","embeddable":true,"href":"https:\/\/keweicorten.com\/fr\/wp-json\/wp\/v2\/product_brand?post=1235"},{"taxonomy":"product_cat","embeddable":true,"href":"https:\/\/keweicorten.com\/fr\/wp-json\/wp\/v2\/product_cat?post=1235"},{"taxonomy":"product_tag","embeddable":true,"href":"https:\/\/keweicorten.com\/fr\/wp-json\/wp\/v2\/product_tag?post=1235"}],"curies":[{"name":"wp","href":"https:\/\/api.w.org\/{rel}","templated":true}]}}