{"id":1241,"date":"2024-09-18T07:36:57","date_gmt":"2024-09-18T07:36:57","guid":{"rendered":"https:\/\/keweicorten.com\/?post_type=product&#038;p=1241"},"modified":"2024-09-18T07:36:57","modified_gmt":"2024-09-18T07:36:57","slug":"tole-dacier-corten-q345nh","status":"publish","type":"product","link":"https:\/\/keweicorten.com\/fr\/tole-dacier-corten-q345nh\/","title":{"rendered":"T\u00f4le d'acier corten Q345NH"},"content":{"rendered":"<p>L'acier Corten, \u00e9galement connu sous le nom d'acier r\u00e9sistant aux intemp\u00e9ries, est un type d'alliage d'acier con\u00e7u pour r\u00e9sister \u00e0 la corrosion et \u00e0 l'abrasion. Le Q345NH est une nuance sp\u00e9cifique d'acier r\u00e9sistant aux intemp\u00e9ries, couramment utilis\u00e9e dans les environnements atmosph\u00e9riques. Voici quelques points cl\u00e9s concernant le Q345NH :<\/p>\n<h2>Caract\u00e9ristiques du Q345NH :<\/h2>\n<p>1. Composition : la t\u00f4le d'acier corten Q345NH contient g\u00e9n\u00e9ralement des \u00e9l\u00e9ments suppl\u00e9mentaires tels que le chrome, le nickel et le cuivre, qui am\u00e9liorent sa r\u00e9sistance \u00e0 la corrosion atmosph\u00e9rique.<br \/>\n2. R\u00e9sistance \u00e0 la corrosion : L'acier forme une couche de patine protectrice lorsqu'il est expos\u00e9 aux \u00e9l\u00e9ments, ce qui emp\u00eache toute corrosion ult\u00e9rieure.<br \/>\n3. Propri\u00e9t\u00e9s m\u00e9caniques :<br \/>\n- Limite d'\u00e9lasticit\u00e9 : Environ 345 MPa<br \/>\n- R\u00e9sistance \u00e0 la traction : G\u00e9n\u00e9ralement entre 470 et 630 MPa<br \/>\n4. Applications : Fr\u00e9quemment utilis\u00e9 dans les structures ext\u00e9rieures, les ponts, les sculptures et les conceptions architecturales o\u00f9 la r\u00e9sistance aux intemp\u00e9ries est importante.<\/p>\n<h2>T\u00f4le d'acier corten Q345NH Avantages :<\/h2>\n<p>Durabilit\u00e9 : Longue dur\u00e9e de vie gr\u00e2ce \u00e0 la r\u00e9sistance \u00e0 la corrosion.<br \/>\nPeu d'entretien : La patine protectrice r\u00e9duit la n\u00e9cessit\u00e9 d'un entretien r\u00e9gulier.<br \/>\nAttrait esth\u00e9tique : Offre un aspect rustique unique qui est souhaitable dans de nombreuses applications architecturales.<\/p>\n<p>Consid\u00e9rations :<br \/>\nUne conception ad\u00e9quate est n\u00e9cessaire pour garantir l'efficacit\u00e9 de la patine.<br \/>\n- Peut n\u00e9cessiter une manipulation et des techniques de soudage sp\u00e9ciales en raison de la composition de l'alliage.<\/p>\n<figure style=\"width: 606px\" class=\"wp-caption alignnone\"><a href=\"https:\/\/keweicorten.com\/fr\/nous-contacter\/\"><img fetchpriority=\"high\" decoding=\"async\" title=\"m\u00e9tal corten\" src=\"https:\/\/sc04.alicdn.com\/kf\/H1bfd17afb11542dd95c1e18de852bb2cJ\/234518937\/H1bfd17afb11542dd95c1e18de852bb2cJ.jpg\" alt=\"\" width=\"606\" height=\"545\" \/><\/a><figcaption class=\"wp-caption-text\">m\u00e9tal corten<\/figcaption><\/figure>\n<table class=\"has-title all magic-9\" style=\"height: 175px;\" width=\"890\">\n<tbody>\n<tr>\n<td colspan=\"1\" rowspan=\"1\">\n<div class=\"magic-10\" data-spm-anchor-id=\"a2700.details.0.i34.6d627765emMXnq\">Nom du produit<\/div>\n<\/td>\n<td colspan=\"4\" rowspan=\"1\">\n<div class=\"magic-11\">T\u00f4le d'acier r\u00e9sistant aux intemp\u00e9ries<\/div>\n<\/td>\n<\/tr>\n<tr>\n<td colspan=\"1\" rowspan=\"1\">\n<div class=\"magic-10\">Standard<\/div>\n<\/td>\n<td colspan=\"4\" rowspan=\"1\">\n<div class=\"magic-11\">DIN GB JIS BA AISI ASTM<\/div>\n<\/td>\n<\/tr>\n<tr>\n<td colspan=\"1\" rowspan=\"1\">\n<div class=\"magic-10\">Longueur<\/div>\n<\/td>\n<td colspan=\"4\" rowspan=\"1\">\n<div class=\"magic-11\">Peut \u00eatre personnalis\u00e9<\/div>\n<\/td>\n<\/tr>\n<tr>\n<td colspan=\"1\" rowspan=\"1\">\n<div class=\"magic-10\">Largeur<\/div>\n<\/td>\n<td colspan=\"4\" rowspan=\"1\">\n<div class=\"magic-11\">Peut \u00eatre personnalis\u00e9<\/div>\n<\/td>\n<\/tr>\n<tr>\n<td colspan=\"1\" rowspan=\"1\">\n<div class=\"magic-10\">\u00c9paisseur<\/div>\n<\/td>\n<td colspan=\"4\" rowspan=\"1\">\n<div class=\"magic-11\">2-100mm ou sur mesure<\/div>\n<\/td>\n<\/tr>\n<tr>\n<td colspan=\"1\" rowspan=\"1\">\n<div class=\"magic-10\">Mat\u00e9riau<\/div>\n<\/td>\n<td colspan=\"4\" rowspan=\"1\">\n<div class=\"magic-11\">Q345NH<\/div>\n<\/td>\n<\/tr>\n<tr>\n<td colspan=\"1\" rowspan=\"1\">Provice<\/td>\n<td colspan=\"4\" rowspan=\"1\">Henan, Anyang<\/td>\n<\/tr>\n<tr>\n<td colspan=\"1\" rowspan=\"1\">\n<div class=\"magic-10\">Application<\/div>\n<\/td>\n<td colspan=\"4\" rowspan=\"1\">\n<div class=\"magic-11\" data-spm-anchor-id=\"a2700.details.0.i41.6d627765emMXnq\">L'acier r\u00e9sistant aux intemp\u00e9ries est principalement utilis\u00e9 dans les chemins de fer, les v\u00e9hicules, les ponts, les tours, les installations photovolta\u00efques, les installations \u00e0 grande vitesse et d'autres applications \u00e0 long terme.<br \/>\nl'exposition \u00e0 l'atmosph\u00e8re de l'utilisation de structures en acier. Il peut \u00e9galement \u00eatre utilis\u00e9 dans la fabrication de conteneurs, d'\u00e9quipements ferroviaires et d'\u00e9quipements de transport.<br \/>\nv\u00e9hicules, derricks p\u00e9troliers, b\u00e2timents portuaires, plates-formes p\u00e9troli\u00e8res et conteneurs de produits corrosifs contenant du soufre dans les industries chimiques et pharmaceutiques.<br \/>\nles \u00e9quipements p\u00e9troliers. En outre, en raison de l'aspect unique de l'acier r\u00e9sistant aux intemp\u00e9ries, il est \u00e9galement souvent utilis\u00e9 dans l'art public, l'architecture d'ext\u00e9rieur et la construction.<br \/>\nsculpture et d\u00e9coration des murs ext\u00e9rieurs des b\u00e2timents.<\/div>\n<\/td>\n<\/tr>\n<tr>\n<td colspan=\"1\" rowspan=\"1\">\n<div class=\"magic-10\">Emballage pour l'exportation<\/div>\n<\/td>\n<td colspan=\"4\" rowspan=\"1\">\n<div class=\"magic-11\">Papier imperm\u00e9able et bande d'acier emball\u00e9e.<br \/>\nEmballage maritime standard pour l'exportation, adapt\u00e9 \u00e0 tous les types de transport ou selon les besoins.<\/div>\n<\/td>\n<\/tr>\n<tr>\n<td colspan=\"1\" rowspan=\"1\">\n<div class=\"magic-10\">Surface<\/div>\n<\/td>\n<td colspan=\"4\" rowspan=\"1\">\n<div class=\"magic-14\">Noir, rev\u00eatement, rev\u00eatement color\u00e9, vernis antirouille, huile antirouille, grille, etc.<\/div>\n<\/td>\n<\/tr>\n<\/tbody>\n<\/table>\n<figure style=\"width: 808px\" class=\"wp-caption alignnone\"><a href=\"https:\/\/keweicorten.com\/fr\"><img decoding=\"async\" title=\"cor ten weathering steel\" src=\"https:\/\/sc04.alicdn.com\/kf\/Hd90ee00edc574f218534265cd9014001r\/244098142\/Hd90ee00edc574f218534265cd9014001r.jpg\" alt=\"\" width=\"808\" height=\"606\" \/><\/a><figcaption class=\"wp-caption-text\">cor ten weathering steel<\/dd>\n<dd><\/figcaption><\/figure>\n<div class=\"magic-25\">\n<h3 class=\"magic-28\"><span class=\"magic-22\" data-spm-anchor-id=\"a2700.details.0.i44.6d627765emMXnq\">Mur-rideau r\u00e9sistant aux intemp\u00e9ries<\/span><\/h3>\n<\/div>\n<div class=\"magic-6\">\n<div class=\"magic-7\"><span class=\"magic-8\">La surface de la t\u00f4le d'acier r\u00e9sistante aux intemp\u00e9ries peut former une couche d'oxyde dense avec une couleur rouge rouille naturelle stable et uniforme, ce qui en fait un mat\u00e9riau attrayant pour les murs ext\u00e9rieurs des b\u00e2timents.<\/span><\/div>\n<\/div>\n<div><\/div>\n<div>\n<div class=\"J_module\">\n<h2 id=\"ali-anchor-AliMagic-59mjkc\" class=\"magic-0\" data-section=\"AliMagic-59mjkc\" data-section-title=\"Packing and shipping\" data-spm-anchor-id=\"a2700.details.0.i47.6d627765emMXnq\">Emballage et exp\u00e9dition<\/h2>\n<p>Pour mieux garantir la s\u00e9curit\u00e9 de vos marchandises, des services d'emballage professionnels, respectueux de l'environnement, pratiques et efficaces vous seront propos\u00e9s.<\/p>\n<\/div>\n<\/div>\n<div class=\"magic-6\">\n<div>\n<figure style=\"width: 702px\" class=\"wp-caption alignnone\"><a href=\"https:\/\/keweicorten.com\/fr\"><img decoding=\"async\" title=\"cor dix\" src=\"https:\/\/sc04.alicdn.com\/kf\/H7797fd55b837482089a07478ece1cdc1U\/244098142\/H7797fd55b837482089a07478ece1cdc1U.jpg\" alt=\"\" width=\"702\" height=\"437\" \/><\/a><figcaption class=\"wp-caption-text\">cor dix<\/figcaption><\/figure>\n<figure style=\"width: 700px\" class=\"wp-caption alignnone\"><a href=\"https:\/\/keweicorten.com\/fr\"><img loading=\"lazy\" decoding=\"async\" title=\"rev\u00eatement en acier corten\" src=\"https:\/\/sc04.alicdn.com\/kf\/H8a0f8c737f5141c4a353d7772f3f6b566\/244098142\/H8a0f8c737f5141c4a353d7772f3f6b566.jpg\" alt=\"\" width=\"700\" height=\"525\" \/><\/a><figcaption class=\"wp-caption-text\">rev\u00eatement en acier corten<\/figcaption><\/figure>\n<div class=\"J_module\">\n<h2 id=\"ali-anchor-AliMagic-hdaj54\" class=\"magic-0\" data-section=\"AliMagic-hdaj54\" data-section-title=\"FAQ\">FAQ<\/h2>\n<\/div>\n<div class=\"J_module\">\n<div class=\"detail-decorate-json-renderer-container\">\n<div class=\"magic-4\">\n<div class=\"magic-5\">\n<div class=\"magic-6\">\n<div class=\"magic-7\"><b><span class=\"magic-23\">1. PUIS-JE OBTENIR DES \u00c9CHANTILLONS ? <\/span><\/b><\/p>\n<div><span class=\"magic-23\">Oui. Nous pouvons fournir des \u00e9chantillons, mais vous devez payer les frais d'\u00e9chantillon et les frais d'exp\u00e9dition \u00e0 l'avance. Nous vous rembourserons les frais d'\u00e9chantillonnage une fois que vous aurez pass\u00e9 votre commande. Veuillez nous indiquer votre compte de messagerie ou nous envoyer vos frais et nous ferons le n\u00e9cessaire pour vous envoyer un \u00e9chantillon.<br \/>\n<b class=\"magic-57\">2. POUVEZ-VOUS PRODUIRE SELON LES \u00c9CHANTILLONS ? <\/b><br \/>\nOui, nous pouvons produire vos \u00e9chantillons ou dessins techniques. Nous pouvons construire les moules et les montages.<br \/>\n<b class=\"magic-57\">3. QUELLES SONT VOS CONDITIONS DE PAIEMENT ? <\/b><br \/>\nPaiement=1000USD, 30% T\/T \u00e0 l'avance, solde avant exp\u00e9dition. Si vous avez d'autres questions, n'h\u00e9sitez pas \u00e0 nous contacter.<br \/>\n<b class=\"magic-57\">4. QUELLES SONT VOS CONDITIONS DE LIVRAISON ? <\/b><br \/>\nEXW, FOB, CFR, CIF, DDU.<br \/>\n<b class=\"magic-57\">5. POUVONS-NOUS VISITER VOTRE USINE ?<\/b><br \/>\nNous vous souhaitons la bienvenue. D\u00e8s que nous conna\u00eetrons votre emploi du temps, nous ferons en sorte que l'\u00e9quipe de vente professionnelle assure le suivi de votre dossier.<br \/>\n<b class=\"magic-57\">6. QUEL EST VOTRE D\u00c9LAI DE LIVRAISON ? <\/b><br \/>\nD'une mani\u00e8re g\u00e9n\u00e9rale, 10 \u00e0 25 jours apr\u00e8s r\u00e9ception de votre paiement anticip\u00e9. Le d\u00e9lai de livraison exact d\u00e9pend des produits et de la quantit\u00e9 command\u00e9e.<br \/>\n<b class=\"magic-57\">7. AVANTAGES DU SERVICE APR\u00c8S-VENTE<\/b>.<br \/>\nGarantie d'un an pour les produits ; si vous trouvez des pi\u00e8ces d\u00e9fectueuses la premi\u00e8re fois, nous vous fournirons gratuitement de nouvelles pi\u00e8ces lors de la prochaine commande. En tant que fabricant exp\u00e9riment\u00e9, vous pouvez \u00eatre assur\u00e9 de la qualit\u00e9 et du service apr\u00e8s-vente.<\/span><\/div>\n<\/div>\n<\/div>\n<\/div>\n<\/div>\n<\/div>\n<\/div>\n<\/div>\n<\/div>","protected":false},"excerpt":{"rendered":"<p>Le Q345NH est largement utilis\u00e9 dans la construction et l'art en raison de ses propri\u00e9t\u00e9s uniques et de son attrait esth\u00e9tique. Si vous avez des questions plus sp\u00e9cifiques ou besoin de plus d'informations, n'h\u00e9sitez pas \u00e0 nous contacter !<\/p>","protected":false},"featured_media":1242,"comment_status":"open","ping_status":"closed","template":"","meta":{"_eb_attr":"","_monsterinsights_skip_tracking":false,"_monsterinsights_sitenote_active":false,"_monsterinsights_sitenote_note":"","_monsterinsights_sitenote_category":0,"_uf_show_specific_survey":0,"_uf_disable_surveys":false},"product_brand":[],"product_cat":[21],"product_tag":[],"class_list":{"0":"post-1241","1":"product","2":"type-product","3":"status-publish","4":"has-post-thumbnail","6":"product_cat-weather-resistant-steel-plate","8":"first","9":"instock","10":"shipping-taxable","11":"product-type-simple"},"_links":{"self":[{"href":"https:\/\/keweicorten.com\/fr\/wp-json\/wp\/v2\/product\/1241"}],"collection":[{"href":"https:\/\/keweicorten.com\/fr\/wp-json\/wp\/v2\/product"}],"about":[{"href":"https:\/\/keweicorten.com\/fr\/wp-json\/wp\/v2\/types\/product"}],"replies":[{"embeddable":true,"href":"https:\/\/keweicorten.com\/fr\/wp-json\/wp\/v2\/comments?post=1241"}],"version-history":[{"count":1,"href":"https:\/\/keweicorten.com\/fr\/wp-json\/wp\/v2\/product\/1241\/revisions"}],"predecessor-version":[{"id":1243,"href":"https:\/\/keweicorten.com\/fr\/wp-json\/wp\/v2\/product\/1241\/revisions\/1243"}],"wp:featuredmedia":[{"embeddable":true,"href":"https:\/\/keweicorten.com\/fr\/wp-json\/wp\/v2\/media\/1242"}],"wp:attachment":[{"href":"https:\/\/keweicorten.com\/fr\/wp-json\/wp\/v2\/media?parent=1241"}],"wp:term":[{"taxonomy":"product_brand","embeddable":true,"href":"https:\/\/keweicorten.com\/fr\/wp-json\/wp\/v2\/product_brand?post=1241"},{"taxonomy":"product_cat","embeddable":true,"href":"https:\/\/keweicorten.com\/fr\/wp-json\/wp\/v2\/product_cat?post=1241"},{"taxonomy":"product_tag","embeddable":true,"href":"https:\/\/keweicorten.com\/fr\/wp-json\/wp\/v2\/product_tag?post=1241"}],"curies":[{"name":"wp","href":"https:\/\/api.w.org\/{rel}","templated":true}]}}