{"id":1277,"date":"2024-09-19T08:11:50","date_gmt":"2024-09-19T08:11:50","guid":{"rendered":"https:\/\/keweicorten.com\/?post_type=product&#038;p=1277"},"modified":"2025-01-15T06:26:18","modified_gmt":"2025-01-15T06:26:18","slug":"cuvette-de-foyer","status":"publish","type":"product","link":"https:\/\/keweicorten.com\/fr\/cuvette-de-foyer\/","title":{"rendered":"bol \u00e0 feu en corten"},"content":{"rendered":"<h2><b data-spm-anchor-id=\"a2700.details.0.i38.54803c56Fst1G1\">\u00a0Foyer ext\u00e9rieur en acier Corten Bowl Design <\/b><\/h2>\n<div>Le Garden Fire Pit Bowl en acier Corten est un excellent choix pour cr\u00e9er de la chaleur et de l'ambiance dans les espaces ext\u00e9rieurs, tout en offrant un aspect sophistiqu\u00e9 et rustique qui ajoute du caract\u00e8re au paysage environnant.<\/div>\n<div>Ces bols de foyer sont disponibles dans une large gamme de formes et de tailles pour s'adapter \u00e0 diff\u00e9rents espaces ext\u00e9rieurs. Ils sont faciles \u00e0 entretenir, ce qui en fait un choix populaire pour les amateurs de vie en plein air.<\/div>\n<div>\n<table class=\"all magic-16\" style=\"height: 216px;\" width=\"816\">\n<tbody>\n<tr>\n<td colspan=\"1\" rowspan=\"1\">\n<div class=\"magic-17\" data-spm-anchor-id=\"a2700.details.0.i44.54803c56Fst1G1\">Nom du produit<\/div>\n<\/td>\n<td colspan=\"4\" rowspan=\"1\">\n<div class=\"magic-18\">D\u00e9coration de jardin Foyer portable sans fum\u00e9e Bol \u00e0 feu en acier Foyer ext\u00e9rieur en acier Corten Design<\/div>\n<\/td>\n<\/tr>\n<tr>\n<td colspan=\"1\" rowspan=\"1\">\n<div class=\"magic-17\">Mat\u00e9riau<\/div>\n<\/td>\n<td colspan=\"4\" rowspan=\"1\">\n<div class=\"magic-18\">Acier Corten\/r\u00e9sistant aux intemp\u00e9ries<\/div>\n<\/td>\n<\/tr>\n<tr>\n<td colspan=\"1\" rowspan=\"1\">\n<div class=\"magic-17\">Finition de la surface<\/div>\n<\/td>\n<td colspan=\"4\" rowspan=\"1\">\n<div class=\"magic-18\">Pr\u00e9-rouille, selon les besoins<\/div>\n<\/td>\n<\/tr>\n<tr>\n<td colspan=\"1\" rowspan=\"1\">\n<div class=\"magic-17\">Taille<\/div>\n<\/td>\n<td colspan=\"4\" rowspan=\"1\">\n<div class=\"magic-21\">\n<p>Diam\u00e8tre : 800mm-1200mm<\/p>\n<div data-spm-anchor-id=\"a2700.pc-decorate.0.i14.1ac93333diqBDj\">\u00c9paisseur : 3mm, sur mesure<\/div>\n<\/div>\n<\/td>\n<\/tr>\n<tr>\n<td colspan=\"1\" rowspan=\"1\">\n<div class=\"magic-22\">Fonctionnalit\u00e9<\/div>\n<\/td>\n<td colspan=\"4\" rowspan=\"1\">\n<div class=\"magic-21\">Conception stable, facile \u00e0 assembler, r\u00e9sistant aux hautes temp\u00e9ratures<\/div>\n<\/td>\n<\/tr>\n<tr>\n<td colspan=\"1\" rowspan=\"1\">\n<div class=\"magic-22\">Service suppl\u00e9mentaire<\/div>\n<\/td>\n<td colspan=\"1\" rowspan=\"1\">\n<div class=\"magic-21\">Chaque bol de foyer peut \u00eatre fabriqu\u00e9 sur la base de la conception, du dessin, de l'\u00e9chantillon et des exigences d\u00e9taill\u00e9es du client.<\/div>\n<\/td>\n<\/tr>\n<\/tbody>\n<\/table>\n<\/div>\n<div><a href=\"https:\/\/keweicorten.com\/fr\"><img fetchpriority=\"high\" decoding=\"async\" class=\"alignnone\" title=\"foyer\" src=\"https:\/\/sc04.alicdn.com\/kf\/H98c98f834b0941fe86f09cf240438fe2D\/252583075\/H98c98f834b0941fe86f09cf240438fe2D.jpg\" alt=\"\" width=\"676\" height=\"676\" \/><\/a><\/div>\n<div>\n<h2>Caract\u00e9ristiques des bols \u00e0 feu en corten :<\/h2>\n<ol>\n<li><strong>Mat\u00e9riau<\/strong>: L'acier Corten se patine avec le temps, ce qui lui conf\u00e8re un aspect textur\u00e9 unique qui s'int\u00e8gre bien dans l'environnement naturel.<\/li>\n<li><strong>Durabilit\u00e9<\/strong>: L'acier est r\u00e9sistant \u00e0 la corrosion et aux intemp\u00e9ries, ce qui permet de l'utiliser en ext\u00e9rieur tout au long de l'ann\u00e9e.<\/li>\n<li><strong>Conception<\/strong>: Les bols \u00e0 feu en corten sont disponibles dans diff\u00e9rentes formes et tailles, souvent avec des designs minimalistes qui am\u00e9liorent l'esth\u00e9tique de n'importe quel espace ext\u00e9rieur.<\/li>\n<li><strong>Fonctionnalit\u00e9<\/strong>: Ils peuvent \u00eatre utilis\u00e9s \u00e0 la fois pour cuisiner et pour chauffer, fournissant de la chaleur et un point de rassemblement central pour les activit\u00e9s de plein air.<\/li>\n<\/ol>\n<\/div>\n<div><\/div>\n<div>\n<figure style=\"width: 675px\" class=\"wp-caption alignnone\"><a href=\"https:\/\/keweicorten.com\/fr\/nous-contacter\/\"><img decoding=\"async\" title=\"foyer\" src=\"https:\/\/sc04.alicdn.com\/kf\/Hc05888b8a84f48d7891b9c11c4d261b9Q\/252583075\/Hc05888b8a84f48d7891b9c11c4d261b9Q.jpg\" alt=\"\" width=\"675\" height=\"675\" \/><\/a><figcaption class=\"wp-caption-text\">foyer<\/figcaption><\/figure>\n<\/div>\n<div>\n<h2>Avantages des bols de feu en corten :<\/h2>\n<ul>\n<li><strong>Une esth\u00e9tique unique<\/strong>: L'aspect rustique de l'acier corten ajoute du caract\u00e8re et de l'\u00e9l\u00e9gance \u00e0 votre jardin ou \u00e0 votre terrasse.<\/li>\n<li><strong>Faible entretien<\/strong>: Contrairement aux b\u00fbchers en bois, les b\u00fbchers en corten ne n\u00e9cessitent qu'un minimum d'entretien.<\/li>\n<li><strong>Polyvalence<\/strong>: De nombreux mod\u00e8les peuvent servir de table lorsqu'ils ne sont pas utilis\u00e9s pour faire du feu.<\/li>\n<\/ul>\n<\/div>\n<div>\n<figure style=\"width: 673px\" class=\"wp-caption alignnone\"><a href=\"https:\/\/keweicorten.com\/fr\"><img decoding=\"async\" title=\"foyer en corten\" src=\"https:\/\/sc04.alicdn.com\/kf\/H98c98f834b0941fe86f09cf240438fe2D\/252583075\/H98c98f834b0941fe86f09cf240438fe2D.jpg\" alt=\"\" width=\"673\" height=\"673\" \/><\/a><figcaption class=\"wp-caption-text\">foyer en corten<\/figcaption><\/figure>\n<\/div>\n<div>\n<div class=\"J_module\">\n<div class=\"detail-decorate-json-renderer-container\">\n<div class=\"magic-4\">\n<div class=\"magic-5\">\n<div class=\"magic-6\">\n<div class=\"magic-7\">\n<p><b data-spm-anchor-id=\"a2700.details.0.i45.54803c56Fst1G1\">Vasque pour feu de bois en acier Corten pour l'ext\u00e9rieur<\/b><\/p>\n<div>\n<p>Le foyer \u00e0 bois est un r\u00e9cipient large et peu profond fabriqu\u00e9 \u00e0 partir d'acier Corten de 5 mm (3\/16\"), plus connu sous le nom d'acier r\u00e9sistant aux intemp\u00e9ries, qui non seulement rend ce foyer extr\u00eamement durable, mais lui conf\u00e8re \u00e9galement un style tr\u00e8s unique qui le distingue de tous les autres foyers.<\/p>\n<div><\/div>\n<div><span data-spm-anchor-id=\"a2700.details.0.i46.54803c56Fst1G1\">Ce type d'acier est \u00e9galement con\u00e7u pour se modifier l\u00e9g\u00e8rement au fil des ans, ce qui lui conf\u00e8re un aspect patin\u00e9 encore plus unique et tr\u00e8s recherch\u00e9. Il atteindra sa patine maximale au bout de 2 \u00e0 4 ans, puis restera dans cet \u00e9tat avec tr\u00e8s peu de changements.<\/span><\/div>\n<\/div>\n<\/div>\n<\/div>\n<\/div>\n<\/div>\n<\/div>\n<\/div>\n<div class=\"J_module\">\n<div class=\"icbu-pc-images magic-1\">\n<div>\n<div class=\"flex-layout-v\">\n<div class=\"flex-layout-h magic-1\">\n<div class=\"magic-26\"><a href=\"https:\/\/kwijbl.en.alibaba.com\/\" target=\"_blank\" rel=\"noopener nofollow\"><img decoding=\"async\" class=\"magic-27\" src=\"https:\/\/sc04.alicdn.com\/kf\/Hd5663bf2cbbf4b99aabdba5721ae9d7bL\/252583075\/Hd5663bf2cbbf4b99aabdba5721ae9d7bL.jpg\" data-src=\"\/\/sc04.alicdn.com\/kf\/Hd5663bf2cbbf4b99aabdba5721ae9d7bL\/252583075\/Hd5663bf2cbbf4b99aabdba5721ae9d7bL.jpg\" \/><\/a><\/div>\n<\/div>\n<\/div>\n<\/div>\n<\/div>\n<\/div>\n<\/div>","protected":false},"excerpt":{"rendered":"<p>Mat\u00e9riau : L'acier r\u00e9sistant aux intemp\u00e9ries forme une couche d'oxyde protectrice lorsqu'il est expos\u00e9 aux intemp\u00e9ries afin d'\u00e9viter toute corrosion suppl\u00e9mentaire.<br \/>\nDesign : Les vasques de foyer en acier r\u00e9sistant aux intemp\u00e9ries sont g\u00e9n\u00e9ralement de conception simple et pr\u00e9sentent une grande vari\u00e9t\u00e9 de formes, qui peuvent \u00eatre utilis\u00e9es comme foyers ou comme mobilier d\u00e9coratif.<br \/>\nDurabilit\u00e9 : L'acier r\u00e9sistant aux intemp\u00e9ries pr\u00e9sente une forte r\u00e9sistance \u00e0 la corrosion et peut \u00eatre utilis\u00e9 \u00e0 l'ext\u00e9rieur sans craindre les effets du mauvais temps.<br \/>\nPolyvalence : Non seulement pour chauffer et faire la f\u00eate, mais aussi pour cuisiner en plein air.<\/p>","protected":false},"featured_media":1278,"comment_status":"open","ping_status":"closed","template":"","meta":{"_eb_attr":"","_monsterinsights_skip_tracking":false,"_monsterinsights_sitenote_active":false,"_monsterinsights_sitenote_note":"","_monsterinsights_sitenote_category":0,"_uf_show_specific_survey":0,"_uf_disable_surveys":false},"product_brand":[],"product_cat":[54],"product_tag":[],"class_list":{"0":"post-1277","1":"product","2":"type-product","3":"status-publish","4":"has-post-thumbnail","6":"product_cat-wood-fire-pit","8":"first","9":"instock","10":"shipping-taxable","11":"product-type-simple"},"_links":{"self":[{"href":"https:\/\/keweicorten.com\/fr\/wp-json\/wp\/v2\/product\/1277"}],"collection":[{"href":"https:\/\/keweicorten.com\/fr\/wp-json\/wp\/v2\/product"}],"about":[{"href":"https:\/\/keweicorten.com\/fr\/wp-json\/wp\/v2\/types\/product"}],"replies":[{"embeddable":true,"href":"https:\/\/keweicorten.com\/fr\/wp-json\/wp\/v2\/comments?post=1277"}],"version-history":[{"count":2,"href":"https:\/\/keweicorten.com\/fr\/wp-json\/wp\/v2\/product\/1277\/revisions"}],"predecessor-version":[{"id":1280,"href":"https:\/\/keweicorten.com\/fr\/wp-json\/wp\/v2\/product\/1277\/revisions\/1280"}],"wp:featuredmedia":[{"embeddable":true,"href":"https:\/\/keweicorten.com\/fr\/wp-json\/wp\/v2\/media\/1278"}],"wp:attachment":[{"href":"https:\/\/keweicorten.com\/fr\/wp-json\/wp\/v2\/media?parent=1277"}],"wp:term":[{"taxonomy":"product_brand","embeddable":true,"href":"https:\/\/keweicorten.com\/fr\/wp-json\/wp\/v2\/product_brand?post=1277"},{"taxonomy":"product_cat","embeddable":true,"href":"https:\/\/keweicorten.com\/fr\/wp-json\/wp\/v2\/product_cat?post=1277"},{"taxonomy":"product_tag","embeddable":true,"href":"https:\/\/keweicorten.com\/fr\/wp-json\/wp\/v2\/product_tag?post=1277"}],"curies":[{"name":"wp","href":"https:\/\/api.w.org\/{rel}","templated":true}]}}