{"id":1281,"date":"2024-09-19T08:33:27","date_gmt":"2024-09-19T08:33:27","guid":{"rendered":"https:\/\/keweicorten.com\/?post_type=product&#038;p=1281"},"modified":"2025-01-15T06:26:04","modified_gmt":"2025-01-15T06:26:04","slug":"cuvette-de-foyer-en-acier-corten","status":"publish","type":"product","link":"https:\/\/keweicorten.com\/fr\/cuvette-de-foyer-en-acier-corten\/","title":{"rendered":"cuvette de foyer en acier corten"},"content":{"rendered":"<table class=\"all magic-16\" style=\"height: 213px;\" width=\"675\">\n<tbody>\n<tr>\n<td colspan=\"1\" rowspan=\"1\">\n<div class=\"magic-17\" data-spm-anchor-id=\"a2700.details.0.i44.54803c56Fst1G1\">Nom du produit<\/div>\n<\/td>\n<td colspan=\"4\" rowspan=\"1\">\n<div class=\"magic-18\">D\u00e9coration de jardin Foyer portable sans fum\u00e9e Bol \u00e0 feu en acier Foyer ext\u00e9rieur en acier Corten Design<\/div>\n<\/td>\n<\/tr>\n<tr>\n<td colspan=\"1\" rowspan=\"1\">\n<div class=\"magic-17\">Mat\u00e9riau<\/div>\n<\/td>\n<td colspan=\"4\" rowspan=\"1\">\n<div class=\"magic-18\">Acier Corten\/r\u00e9sistant aux intemp\u00e9ries<\/div>\n<\/td>\n<\/tr>\n<tr>\n<td colspan=\"1\" rowspan=\"1\">\n<div class=\"magic-17\">Finition de la surface<\/div>\n<\/td>\n<td colspan=\"4\" rowspan=\"1\">\n<div class=\"magic-18\">Pr\u00e9-rouille, selon les besoins<\/div>\n<\/td>\n<\/tr>\n<tr>\n<td colspan=\"1\" rowspan=\"1\">\n<div class=\"magic-17\">Taille<\/div>\n<\/td>\n<td colspan=\"4\" rowspan=\"1\">\n<div class=\"magic-21\">Diam\u00e8tre : 800mm-1200mm<\/p>\n<div data-spm-anchor-id=\"a2700.pc-decorate.0.i14.1ac93333diqBDj\">\u00c9paisseur : 3mm, sur mesure<\/div>\n<\/div>\n<\/td>\n<\/tr>\n<tr>\n<td colspan=\"1\" rowspan=\"1\">\n<div class=\"magic-22\">Fonctionnalit\u00e9<\/div>\n<\/td>\n<td colspan=\"4\" rowspan=\"1\">\n<div class=\"magic-21\">Conception stable, facile \u00e0 assembler, r\u00e9sistant aux hautes temp\u00e9ratures<\/div>\n<\/td>\n<\/tr>\n<tr>\n<td colspan=\"1\" rowspan=\"1\">\n<div class=\"magic-22\">Service suppl\u00e9mentaire<\/div>\n<\/td>\n<td colspan=\"1\" rowspan=\"1\">\n<div class=\"magic-21\">Chaque bol de foyer peut \u00eatre fabriqu\u00e9 sur la base de la conception, du dessin, de l'\u00e9chantillon et des exigences d\u00e9taill\u00e9es du client.<\/div>\n<\/td>\n<\/tr>\n<\/tbody>\n<\/table>\n<h2>Cuvette de foyer en acier corten Caract\u00e9ristiques :<\/h2>\n<ol>\n<li>Effet chauffant : La vasque en acier corten peut g\u00e9n\u00e9rer efficacement de la chaleur et fournir de la chaleur pour les nuits froides.<\/li>\n<li>Mat\u00e9riau en acier r\u00e9sistant aux intemp\u00e9ries : Cet acier peut former une couche de rouille protectrice dans l'environnement ext\u00e9rieur, avec une durabilit\u00e9 et une r\u00e9sistance \u00e0 la corrosion \u00e9lev\u00e9es.<\/li>\n<li>Un design vari\u00e9 : Il existe une grande vari\u00e9t\u00e9 de formes et de styles, allant des styles modernes simples aux styles traditionnels, pour r\u00e9pondre aux diff\u00e9rents besoins esth\u00e9tiques.<\/li>\n<li>Aspect unique : Avec le passage du temps, l'acier patin\u00e9 par les intemp\u00e9ries prend une couleur rouille unique, qui lui conf\u00e8re une saveur naturelle.<\/li>\n<li>Peu d'entretien : Les fosses en acier r\u00e9sistant aux intemp\u00e9ries sont plus durables et n\u00e9cessitent moins d'entretien que les fosses en bois.<\/li>\n<li>Polyvalence : Peut \u00eatre utilis\u00e9 pour les f\u00eates, les barbecues ou comme d\u00e9coration ext\u00e9rieure.<\/li>\n<\/ol>\n<figure style=\"width: 681px\" class=\"wp-caption alignnone\"><a href=\"https:\/\/keweicorten.com\/fr\"><img fetchpriority=\"high\" decoding=\"async\" title=\"foyer en corten\" src=\"https:\/\/sc04.alicdn.com\/kf\/He4a60616fc3f4077b11865c42a940e80M\/252583075\/He4a60616fc3f4077b11865c42a940e80M.jpg\" alt=\"\" width=\"681\" height=\"681\" \/><\/a><figcaption class=\"wp-caption-text\">foyer<\/figcaption><\/figure>\n<p class=\"text-title\"><span data-spm-anchor-id=\"a2700.details.0.i48.54803c56Fst1G1\">Fonctionnalit\u00e9 :<\/span><\/p>\n<div class=\"text-content\" data-spm-anchor-id=\"a2700.details.0.i50.54803c56Fst1G1\">Divertir toute la soir\u00e9e<\/p>\n<div><\/div>\n<div><span class=\"magic-11\">Construction en acier Corten<\/span><\/div>\n<div><\/div>\n<div>Conception polyvalente<\/div>\n<div><\/div>\n<div>Conception stable, facile \u00e0 assembler, r\u00e9sistant aux hautes temp\u00e9ratures<\/div>\n<div>\n<figure style=\"width: 688px\" class=\"wp-caption alignnone\"><a href=\"https:\/\/keweicorten.com\/fr\/nous-contacter\/\"><img decoding=\"async\" title=\"Foyer en acier corten\" src=\"https:\/\/sc04.alicdn.com\/kf\/Hf3f21555e1104e5890549829f8f4f0e9w\/252583075\/Hf3f21555e1104e5890549829f8f4f0e9w.jpg\" alt=\"\" width=\"688\" height=\"688\" \/><\/a><figcaption class=\"wp-caption-text\">Foyer en acier corten<\/figcaption><\/figure>\n<div class=\"text-content\">Le mod\u00e8le Firepit se caract\u00e9rise par une cuvette sans soudure, tourn\u00e9e en douceur et fabriqu\u00e9e \u00e0 partir d'une seule pi\u00e8ce d'acier r\u00e9sistant aux intemp\u00e9ries,<span data-spm-anchor-id=\"a2700.details.0.i54.54803c56Fst1G1\"> \u00e9galement connu sous le nom d'acier corten, un acier sp\u00e9cial d\u00e9velopp\u00e9 \u00e0 l'origine pour la construction de ponts et de gratte-ciel en raison de son incroyable r\u00e9sistance.<\/span> Gr\u00e2ce \u00e0 la couche protectrice form\u00e9e par l'acier corten, l'eau n'endommage pas la cuvette et ne la corrode pas.<\/div>\n<div>\n<figure style=\"width: 709px\" class=\"wp-caption alignnone\"><a href=\"https:\/\/keweicorten.com\/fr\"><img decoding=\"async\" title=\"foyer \u00e0 bois en acier corten\" src=\"https:\/\/sc04.alicdn.com\/kf\/H75f4af517494456698484c6c3fdb8945C\/252583075\/H75f4af517494456698484c6c3fdb8945C.jpg\" alt=\"\" width=\"709\" height=\"516\" \/><\/a><figcaption class=\"wp-caption-text\">foyer \u00e0 bois en acier corten<\/figcaption><\/figure>\n<\/div>\n<\/div>\n<\/div>","protected":false},"excerpt":{"rendered":"<p>Ce tour Rusty Red <strong>Cuvette de foyer en acier Corten<\/strong>\u00a0est l'\u00e9l\u00e9ment de jardin parfait qui n\u00e9cessite peu d'entretien. Disponible dans des tailles allant de 60 \u00e0 150 cm, il convient \u00e0 tous les espaces et \u00e0 tous les budgets ! D'abord gris, l'acier Corten, d\u00e8s qu'il est expos\u00e9 aux \u00e9l\u00e9ments, s'alt\u00e8re naturellement et d\u00e9veloppe une finition riche et attrayante.<\/p>","protected":false},"featured_media":1282,"comment_status":"open","ping_status":"closed","template":"","meta":{"_eb_attr":"","_monsterinsights_skip_tracking":false,"_monsterinsights_sitenote_active":false,"_monsterinsights_sitenote_note":"","_monsterinsights_sitenote_category":0,"_uf_show_specific_survey":0,"_uf_disable_surveys":false},"product_brand":[],"product_cat":[54],"product_tag":[],"class_list":{"0":"post-1281","1":"product","2":"type-product","3":"status-publish","4":"has-post-thumbnail","6":"product_cat-wood-fire-pit","8":"first","9":"instock","10":"shipping-taxable","11":"product-type-simple"},"_links":{"self":[{"href":"https:\/\/keweicorten.com\/fr\/wp-json\/wp\/v2\/product\/1281"}],"collection":[{"href":"https:\/\/keweicorten.com\/fr\/wp-json\/wp\/v2\/product"}],"about":[{"href":"https:\/\/keweicorten.com\/fr\/wp-json\/wp\/v2\/types\/product"}],"replies":[{"embeddable":true,"href":"https:\/\/keweicorten.com\/fr\/wp-json\/wp\/v2\/comments?post=1281"}],"version-history":[{"count":1,"href":"https:\/\/keweicorten.com\/fr\/wp-json\/wp\/v2\/product\/1281\/revisions"}],"predecessor-version":[{"id":1283,"href":"https:\/\/keweicorten.com\/fr\/wp-json\/wp\/v2\/product\/1281\/revisions\/1283"}],"wp:featuredmedia":[{"embeddable":true,"href":"https:\/\/keweicorten.com\/fr\/wp-json\/wp\/v2\/media\/1282"}],"wp:attachment":[{"href":"https:\/\/keweicorten.com\/fr\/wp-json\/wp\/v2\/media?parent=1281"}],"wp:term":[{"taxonomy":"product_brand","embeddable":true,"href":"https:\/\/keweicorten.com\/fr\/wp-json\/wp\/v2\/product_brand?post=1281"},{"taxonomy":"product_cat","embeddable":true,"href":"https:\/\/keweicorten.com\/fr\/wp-json\/wp\/v2\/product_cat?post=1281"},{"taxonomy":"product_tag","embeddable":true,"href":"https:\/\/keweicorten.com\/fr\/wp-json\/wp\/v2\/product_tag?post=1281"}],"curies":[{"name":"wp","href":"https:\/\/api.w.org\/{rel}","templated":true}]}}