{"id":1284,"date":"2024-09-20T02:11:37","date_gmt":"2024-09-20T02:11:37","guid":{"rendered":"https:\/\/keweicorten.com\/?post_type=product&#038;p=1284"},"modified":"2025-01-15T06:25:41","modified_gmt":"2025-01-15T06:25:41","slug":"sphere-de-foyer","status":"publish","type":"product","link":"https:\/\/keweicorten.com\/fr\/sphere-de-foyer\/","title":{"rendered":"Sph\u00e8re de chemin\u00e9e"},"content":{"rendered":"<p>A <strong>sph\u00e8re de foyer<\/strong> est un foyer ext\u00e9rieur distinctif, souvent sculptural, qui a la forme d'une sph\u00e8re. Contrairement aux foyers traditionnels, le design sph\u00e9rique offre g\u00e9n\u00e9ralement une esth\u00e9tique plus artistique et moderne, avec une vue \u00e0 360 degr\u00e9s sur le feu. Ces foyers sont souvent fabriqu\u00e9s \u00e0 partir de mat\u00e9riaux tels que l'acier ou l'acier corten, qui se patinent au fil du temps pour une durabilit\u00e9 et un attrait visuel accrus.<\/p>\n<p>De nombreuses sph\u00e8res de foyer pr\u00e9sentent des motifs d\u00e9coup\u00e9s complexes (arbres, animaux ou motifs abstraits) qui cr\u00e9ent des effets de lumi\u00e8re et d'ombre hypnotiques lorsqu'elles sont allum\u00e9es. Elles servent non seulement de source de chaleur fonctionnelle, mais aussi de pi\u00e8ce ma\u00eetresse pour tout espace ext\u00e9rieur.<\/p>\n<p>Cr\u00e9\u00e9e sous la forme d'une sph\u00e8re sculpturale de foyer br\u00fblant du bois, cette sph\u00e8re est une belle addition \u00e0 votre espace ext\u00e9rieur, qu'elle soit allum\u00e9e ou non.<\/p>\n<figure style=\"width: 700px\" class=\"wp-caption alignnone\"><a href=\"https:\/\/keweicorten.com\/fr\"><img fetchpriority=\"high\" decoding=\"async\" title=\"sph\u00e8re de feu fosse de feu\" src=\"https:\/\/sc01.alicdn.com\/kf\/Hb2a7856a3afa4b8db18d6f1e8181c238P\/235950374\/Hb2a7856a3afa4b8db18d6f1e8181c238P.jpg\" alt=\"\" width=\"700\" height=\"350\" \/><\/a><figcaption class=\"wp-caption-text\">sph\u00e8re de feu fosse de feu<\/figcaption><\/figure>\n<p><span data-spm-anchor-id=\"a2700.details.0.i45.76a768b0FOvccY\">Il s'agit d'une sph\u00e8re de 1000 mm fabriqu\u00e9e en acier corten de 4 mm d'\u00e9paisseur, avec une finition patin\u00e9e par la rouille.<\/span><\/p>\n<div>Chaque bol \u00e0 feu est accompagn\u00e9 d'une plaque m\u00e9tallique num\u00e9rot\u00e9e, ce qui garantit que chaque foyer fabriqu\u00e9 \u00e0 la main est une \u0153uvre d'art unique.<\/div>\n<div><\/div>\n<div class=\"J_module\">\n<div class=\"ife-detail-decorate-table\">\n<table class=\"has-title hight-light-first-column all magic-14\">\n<tbody>\n<tr>\n<td colspan=\"2\" rowspan=\"1\">\n<div class=\"magic-15\" data-spm-anchor-id=\"a2700.details.0.i43.76a768b0FOvccY\"><b data-spm-anchor-id=\"a2700.custom-template.0.i150.25223333Ub4BuA\"><span style=\"color: #000000;\">Sp\u00e9cifications<\/span><\/b><\/div>\n<\/td>\n<\/tr>\n<tr>\n<td colspan=\"1\" rowspan=\"1\">\n<div class=\"magic-18\"><span style=\"color: #000000;\">Nom du produit<\/span><\/div>\n<\/td>\n<td colspan=\"1\" rowspan=\"1\">\n<div class=\"magic-19\"><span style=\"color: #000000;\">Foyer \u00e0 bois Acier Corten taill\u00e9 \u00e0 la main Sph\u00e8re Rouille Foyer Sph\u00e8re<\/span><\/div>\n<\/td>\n<\/tr>\n<tr>\n<td colspan=\"1\" rowspan=\"1\">\n<div class=\"magic-18\"><span style=\"color: #000000;\">Nom de la marque<\/span><\/div>\n<\/td>\n<td colspan=\"1\" rowspan=\"1\">\n<div class=\"magic-19\"><span style=\"color: #000000;\">shkw Gardening<\/span><\/div>\n<\/td>\n<\/tr>\n<tr>\n<td colspan=\"1\" rowspan=\"1\">\n<div class=\"magic-18\"><span style=\"color: #000000;\">Mat\u00e9riau<\/span><\/div>\n<\/td>\n<td colspan=\"1\" rowspan=\"1\">\n<div class=\"magic-19\"><span style=\"color: #000000;\">Acier Corten\/Acier r\u00e9sistant aux intemp\u00e9ries<\/span><\/div>\n<\/td>\n<\/tr>\n<tr>\n<td colspan=\"1\" rowspan=\"1\">\n<div class=\"magic-18\"><span style=\"color: #000000;\">Taille<\/span><\/div>\n<\/td>\n<td colspan=\"1\" rowspan=\"1\">\n<div class=\"magic-19\"><span style=\"color: #000000;\">Diam\u00e8tre : 1000mm, Epaisseur : 4mm<\/span><\/div>\n<\/td>\n<\/tr>\n<tr>\n<td colspan=\"1\" rowspan=\"1\">\n<div class=\"magic-18\"><span style=\"color: #000000;\">Poids<\/span><\/div>\n<\/td>\n<td colspan=\"1\" rowspan=\"1\">\n<div class=\"magic-19\"><span style=\"color: #000000;\">80 kg<\/span><\/div>\n<\/td>\n<\/tr>\n<tr>\n<td colspan=\"1\" rowspan=\"1\">\n<div class=\"magic-18\"><span style=\"color: #000000;\">Traitement de surface<\/span><\/div>\n<\/td>\n<td colspan=\"1\" rowspan=\"1\">\n<div class=\"magic-19\"><span style=\"color: #000000;\" data-spm-anchor-id=\"a2700.details.0.i44.76a768b0FOvccY\">Pr\u00e9-rouill\u00e9\/pr\u00e9-patin\u00e9, personnalisable<\/span><\/div>\n<\/td>\n<\/tr>\n<tr>\n<td colspan=\"1\" rowspan=\"1\">\n<div class=\"magic-18\"><span style=\"color: #000000;\">Emballage<\/span><\/div>\n<\/td>\n<td colspan=\"1\" rowspan=\"1\">\n<div class=\"magic-19\"><span style=\"color: #000000;\">Int\u00e9rieur : papier mousse anti-usure, Ext\u00e9rieur : bo\u00eete en carton<\/span><\/div>\n<\/td>\n<\/tr>\n<tr>\n<td colspan=\"1\" rowspan=\"1\">\n<div class=\"magic-18\"><span style=\"color: #000000;\">MOQ<\/span><\/div>\n<\/td>\n<td colspan=\"1\" rowspan=\"1\">\n<div class=\"magic-19\"><span style=\"color: #000000;\">1 pi\u00e8ce<\/span><\/div>\n<\/td>\n<\/tr>\n<tr>\n<td colspan=\"1\" rowspan=\"1\">\n<div class=\"magic-18\"><span style=\"color: #000000;\">OEM ET ODM<\/span><\/div>\n<\/td>\n<td colspan=\"1\" rowspan=\"1\">\n<div class=\"magic-19\"><span style=\"color: #000000;\">Disponible<\/span><\/div>\n<\/td>\n<\/tr>\n<\/tbody>\n<\/table>\n<\/div>\n<\/div>","protected":false},"excerpt":{"rendered":"<p>Round-Up pr\u00e9sente un ranch avec quatre sc\u00e8nes. Un cow-boy sur un cheval en train d'attraper un veau. Une autre sc\u00e8ne montre un petit gar\u00e7on debout sur une cl\u00f4ture, observant son grand-p\u00e8re \u00e0 ses c\u00f4t\u00e9s. Il y a aussi du b\u00e9tail et un taureau dans deux sc\u00e8nes distinctes.<\/p>","protected":false},"featured_media":1285,"comment_status":"open","ping_status":"closed","template":"","meta":{"_eb_attr":"","_monsterinsights_skip_tracking":false,"_monsterinsights_sitenote_active":false,"_monsterinsights_sitenote_note":"","_monsterinsights_sitenote_category":0,"_uf_show_specific_survey":0,"_uf_disable_surveys":false},"product_brand":[],"product_cat":[54],"product_tag":[],"class_list":{"0":"post-1284","1":"product","2":"type-product","3":"status-publish","4":"has-post-thumbnail","6":"product_cat-wood-fire-pit","8":"first","9":"instock","10":"shipping-taxable","11":"product-type-simple"},"_links":{"self":[{"href":"https:\/\/keweicorten.com\/fr\/wp-json\/wp\/v2\/product\/1284"}],"collection":[{"href":"https:\/\/keweicorten.com\/fr\/wp-json\/wp\/v2\/product"}],"about":[{"href":"https:\/\/keweicorten.com\/fr\/wp-json\/wp\/v2\/types\/product"}],"replies":[{"embeddable":true,"href":"https:\/\/keweicorten.com\/fr\/wp-json\/wp\/v2\/comments?post=1284"}],"version-history":[{"count":1,"href":"https:\/\/keweicorten.com\/fr\/wp-json\/wp\/v2\/product\/1284\/revisions"}],"predecessor-version":[{"id":1286,"href":"https:\/\/keweicorten.com\/fr\/wp-json\/wp\/v2\/product\/1284\/revisions\/1286"}],"wp:featuredmedia":[{"embeddable":true,"href":"https:\/\/keweicorten.com\/fr\/wp-json\/wp\/v2\/media\/1285"}],"wp:attachment":[{"href":"https:\/\/keweicorten.com\/fr\/wp-json\/wp\/v2\/media?parent=1284"}],"wp:term":[{"taxonomy":"product_brand","embeddable":true,"href":"https:\/\/keweicorten.com\/fr\/wp-json\/wp\/v2\/product_brand?post=1284"},{"taxonomy":"product_cat","embeddable":true,"href":"https:\/\/keweicorten.com\/fr\/wp-json\/wp\/v2\/product_cat?post=1284"},{"taxonomy":"product_tag","embeddable":true,"href":"https:\/\/keweicorten.com\/fr\/wp-json\/wp\/v2\/product_tag?post=1284"}],"curies":[{"name":"wp","href":"https:\/\/api.w.org\/{rel}","templated":true}]}}