{"id":1293,"date":"2024-09-20T03:24:33","date_gmt":"2024-09-20T03:24:33","guid":{"rendered":"https:\/\/keweicorten.com\/?post_type=product&#038;p=1293"},"modified":"2025-01-15T06:25:05","modified_gmt":"2025-01-15T06:25:05","slug":"fire-sphere","status":"publish","type":"product","link":"https:\/\/keweicorten.com\/fr\/fire-sphere\/","title":{"rendered":"Foyer en forme de boule"},"content":{"rendered":"<p>A garden ball shaped fire pit is an artistic outdoor fire pit, which is usually presented as a sphere with an elaborate cutout on the surface, such as trees, animals, geometric shapes, or natural landscapes. These hollow designs allow the light of the flame to pass through the sphere, creating a very unique visual effect that is both beautiful and practical. They are often used in courtyards, terraces or gardens, both as landscape decorations and to provide warmth and light for outdoor gatherings.<\/p>\n<p>In terms of material, the garden fireball is usually made of high temperature resistant materials such as Corten Steel or cast iron, which can be used for a long time under different climatic conditions, and over time, the weathering steel will form a natural layer of rust, further enhancing its beauty.<\/p>\n<ul>\n<li><strong>Wood Burning<\/strong>: This type of fire pit is designed for burning wood, offering an authentic outdoor fire experience. It provides warmth and ambiance, making it perfect for garden parties, outdoor gatherings, or just relaxing in your backyard.<\/li>\n<li><strong>Sphere Shape<\/strong>: The spherical design not only looks unique but also helps contain the fire, allowing for better air circulation to keep the fire burning efficiently.<\/li>\n<\/ul>\n<figure style=\"width: 600px\" class=\"wp-caption alignnone\"><a href=\"https:\/\/keweicorten.com\/fr\/nous-contacter\/\"><img fetchpriority=\"high\" decoding=\"async\" title=\"Foyer en forme de boule\" src=\"https:\/\/sc04.alicdn.com\/kf\/H346972e3a97f45569d86468b4be3ba7eE\/268101461\/H346972e3a97f45569d86468b4be3ba7eE.jpg\" alt=\"\" width=\"600\" height=\"600\" \/><\/a><figcaption class=\"wp-caption-text\">Foyer en forme de boule<\/figcaption><\/figure>\n<table class=\"is-zebra all magic-18\" style=\"height: 253px;\" width=\"666\">\n<tbody>\n<tr>\n<td colspan=\"1\" rowspan=\"1\">\n<div class=\"magic-19\" data-spm-anchor-id=\"a2700.details.0.i39.61a77bc0e2PXFi\"><b>Nom du produit<\/b><\/div>\n<\/td>\n<td colspan=\"1\" rowspan=\"1\">\n<div class=\"magic-20\">Laser Cut Metal Fire Pit Corten Steel Fire Sphere<\/div>\n<\/td>\n<\/tr>\n<tr>\n<td colspan=\"1\" rowspan=\"1\">\n<div class=\"magic-19\"><b>Type<\/b><\/div>\n<\/td>\n<td colspan=\"1\" rowspan=\"1\">\n<div class=\"magic-20\">Sphere Fire Pit<\/div>\n<\/td>\n<\/tr>\n<tr>\n<td colspan=\"1\" rowspan=\"1\">\n<div class=\"magic-19\"><b>Mat\u00e9riau<\/b><\/div>\n<\/td>\n<td colspan=\"1\" rowspan=\"1\">\n<div class=\"magic-20\">Acier corten, acier inoxydable<\/div>\n<\/td>\n<\/tr>\n<tr>\n<td colspan=\"1\" rowspan=\"1\">\n<div class=\"magic-19\"><b>Taille<\/b><\/div>\n<\/td>\n<td colspan=\"1\" rowspan=\"1\">\n<div class=\"magic-20\">Diameter:600mm,800mm,1000mm.\u00a0 \u00a0Thickness: 3mm<\/div>\n<\/td>\n<\/tr>\n<tr>\n<td colspan=\"1\" rowspan=\"1\">\n<div class=\"magic-19\"><b>Technologie<\/b><\/div>\n<\/td>\n<td colspan=\"1\" rowspan=\"1\">\n<div class=\"magic-20\">Proofing,Laser cut, bending, punching, welding,Rusting<\/div>\n<\/td>\n<\/tr>\n<tr>\n<td colspan=\"1\" rowspan=\"1\">\n<div class=\"magic-19\"><b>Traitement de surface<\/b><\/div>\n<\/td>\n<td colspan=\"1\" rowspan=\"1\">\n<div class=\"magic-20\">Pre-rusted, Black Painted,can be customized<\/div>\n<\/td>\n<\/tr>\n<tr>\n<td colspan=\"1\" rowspan=\"1\">\n<div class=\"magic-19\"><b>Paquet<\/b><\/div>\n<\/td>\n<td colspan=\"1\" rowspan=\"1\">\n<div class=\"magic-20\">Int\u00e9rieur : Papier mousse anti-usure, Ext\u00e9rieur : Bo\u00eete en carton<\/div>\n<\/td>\n<\/tr>\n<tr>\n<td colspan=\"1\" rowspan=\"1\">\n<div class=\"magic-19\"><b>MOQ<\/b><\/div>\n<\/td>\n<td colspan=\"1\" rowspan=\"1\">\n<div class=\"magic-20\">10 Piece<\/div>\n<\/td>\n<\/tr>\n<tr>\n<td colspan=\"1\" rowspan=\"1\">\n<div class=\"magic-19\"><b>OEM ET ODM<\/b><\/div>\n<\/td>\n<td colspan=\"1\" rowspan=\"1\">\n<div class=\"magic-20\">Customized service is available.<\/div>\n<\/td>\n<\/tr>\n<\/tbody>\n<\/table>\n<figure style=\"width: 750px\" class=\"wp-caption alignnone\"><a href=\"https:\/\/keweicorten.com\/fr\"><img decoding=\"async\" title=\"fire ball\" src=\"https:\/\/sc01.alicdn.com\/kf\/H7386550bb1674ba28c2ba45229edb1fe5\/235950374\/H7386550bb1674ba28c2ba45229edb1fe5.jpg\" alt=\"\" width=\"750\" height=\"558\" \/><\/a><figcaption class=\"wp-caption-text\">fire ball<\/figcaption><\/figure>","protected":false},"excerpt":{"rendered":"<p><span data-spm-anchor-id=\"a2700.details.0.i40.4b3768b038lsUz\">Il s'agit d'une sph\u00e8re de 1000 mm fabriqu\u00e9e en acier corten de 4 mm d'\u00e9paisseur, avec une finition patin\u00e9e par la rouille.<\/span><\/p>\n<div>Chaque bol \u00e0 feu est accompagn\u00e9 d'une plaque m\u00e9tallique num\u00e9rot\u00e9e, ce qui garantit que chaque foyer fabriqu\u00e9 \u00e0 la main est une \u0153uvre d'art unique.<\/div>","protected":false},"featured_media":1294,"comment_status":"open","ping_status":"closed","template":"","meta":{"_eb_attr":"","_monsterinsights_skip_tracking":false,"_monsterinsights_sitenote_active":false,"_monsterinsights_sitenote_note":"","_monsterinsights_sitenote_category":0,"_uf_show_specific_survey":0,"_uf_disable_surveys":false},"product_brand":[],"product_cat":[62,20],"product_tag":[],"class_list":{"0":"post-1293","1":"product","2":"type-product","3":"status-publish","4":"has-post-thumbnail","6":"product_cat-corten-sculpture","7":"product_cat-fire-pit","9":"first","10":"instock","11":"shipping-taxable","12":"product-type-simple"},"_links":{"self":[{"href":"https:\/\/keweicorten.com\/fr\/wp-json\/wp\/v2\/product\/1293"}],"collection":[{"href":"https:\/\/keweicorten.com\/fr\/wp-json\/wp\/v2\/product"}],"about":[{"href":"https:\/\/keweicorten.com\/fr\/wp-json\/wp\/v2\/types\/product"}],"replies":[{"embeddable":true,"href":"https:\/\/keweicorten.com\/fr\/wp-json\/wp\/v2\/comments?post=1293"}],"version-history":[{"count":1,"href":"https:\/\/keweicorten.com\/fr\/wp-json\/wp\/v2\/product\/1293\/revisions"}],"predecessor-version":[{"id":1295,"href":"https:\/\/keweicorten.com\/fr\/wp-json\/wp\/v2\/product\/1293\/revisions\/1295"}],"wp:featuredmedia":[{"embeddable":true,"href":"https:\/\/keweicorten.com\/fr\/wp-json\/wp\/v2\/media\/1294"}],"wp:attachment":[{"href":"https:\/\/keweicorten.com\/fr\/wp-json\/wp\/v2\/media?parent=1293"}],"wp:term":[{"taxonomy":"product_brand","embeddable":true,"href":"https:\/\/keweicorten.com\/fr\/wp-json\/wp\/v2\/product_brand?post=1293"},{"taxonomy":"product_cat","embeddable":true,"href":"https:\/\/keweicorten.com\/fr\/wp-json\/wp\/v2\/product_cat?post=1293"},{"taxonomy":"product_tag","embeddable":true,"href":"https:\/\/keweicorten.com\/fr\/wp-json\/wp\/v2\/product_tag?post=1293"}],"curies":[{"name":"wp","href":"https:\/\/api.w.org\/{rel}","templated":true}]}}