{"id":1296,"date":"2024-09-20T07:01:54","date_gmt":"2024-09-20T07:01:54","guid":{"rendered":"https:\/\/keweicorten.com\/?post_type=product&#038;p=1296"},"modified":"2025-01-15T06:24:54","modified_gmt":"2025-01-15T06:24:54","slug":"ecrans-de-jardin-en-corten","status":"publish","type":"product","link":"https:\/\/keweicorten.com\/fr\/ecrans-de-jardin-en-corten\/","title":{"rendered":"\u00e9crans de jardin en corten"},"content":{"rendered":"<h2>Caract\u00e9ristiques principales des \u00e9crans de jardin en corten :<\/h2>\n<ol>\n<li><strong>Mat\u00e9riau<\/strong>:\n<ul>\n<li><strong>Acier Corten<\/strong>: Connu pour ses propri\u00e9t\u00e9s de r\u00e9sistance aux intemp\u00e9ries, l'acier corten prend un aspect rouill\u00e9 stable apr\u00e8s avoir \u00e9t\u00e9 expos\u00e9 aux \u00e9l\u00e9ments. Cette patine prot\u00e8ge l'acier de la corrosion, ce qui le rend id\u00e9al pour une utilisation ext\u00e9rieure \u00e0 long terme.<\/li>\n<li><strong>Faible entretien<\/strong>: Une fois que la couche de rouille protectrice s'est form\u00e9e, les \u00e9crans n\u00e9cessitent tr\u00e8s peu d'entretien, car la patine prot\u00e8ge le m\u00e9tal sous-jacent contre toute d\u00e9gradation ult\u00e9rieure.<\/li>\n<\/ul>\n<\/li>\n<li><strong>Conception<\/strong>:\n<ul>\n<li><strong>D\u00e9coupes \u00e0 motifs<\/strong>: Les \u00e9crans de jardin en corten pr\u00e9sentent g\u00e9n\u00e9ralement des motifs complexes d\u00e9coup\u00e9s au laser ou \u00e0 la main, allant de motifs g\u00e9om\u00e9triques abstraits \u00e0 des motifs inspir\u00e9s de la nature tels que des feuilles, des arbres ou des fleurs. Ces d\u00e9coupes permettent \u00e0 la lumi\u00e8re de passer \u00e0 travers, cr\u00e9ant des ombres et des effets visuels \u00e9tonnants.<\/li>\n<li><strong>Personnalisable<\/strong>: De nombreux \u00e9crans en corten peuvent \u00eatre personnalis\u00e9s pour r\u00e9pondre aux pr\u00e9f\u00e9rences individuelles en mati\u00e8re de design, notamment en ce qui concerne la taille, le motif et la forme.<\/li>\n<\/ul>\n<\/li>\n<li><strong>Utilisations<\/strong>:\n<ul>\n<li><strong>\u00c9crans de protection de la vie priv\u00e9e<\/strong>: Les \u00e9crans en corten peuvent \u00eatre utilis\u00e9s pour cr\u00e9er des espaces ext\u00e9rieurs priv\u00e9s, en prot\u00e9geant certaines parties de votre jardin ou de votre terrasse des regards, tout en conservant une impression d'ouverture et d'a\u00e9ration gr\u00e2ce aux d\u00e9coupes.<\/li>\n<li><strong>S\u00e9parateurs de jardin<\/strong>: Ils peuvent \u00e9galement servir de s\u00e9parateurs, permettant de diviser les diff\u00e9rentes zones du jardin en fonction de leur utilisation (par exemple, pour les repas, la d\u00e9tente ou les zones de plantation).<\/li>\n<li><strong>\u00c9l\u00e9ments d\u00e9coratifs<\/strong>: Outre leurs applications pratiques, les \u00e9crans en corten sont souvent utilis\u00e9s \u00e0 des fins purement esth\u00e9tiques, ajoutant un \u00e9l\u00e9ment artistique \u00e0 votre espace ext\u00e9rieur.<\/li>\n<li><strong>Support pour plantes grimpantes<\/strong>: Les \u00e9crans en corten peuvent \u00e9galement servir de treillis pour les plantes grimpantes, ajoutant de la verdure \u00e0 leur aspect m\u00e9tallique.<\/li>\n<\/ul>\n<\/li>\n<li><strong>R\u00e9sistance aux intemp\u00e9ries<\/strong>:\n<ul>\n<li><strong>Durable dans toutes les conditions<\/strong>: Le processus d'alt\u00e9ration de l'acier corten est ce qui lui conf\u00e8re sa r\u00e9sistance. Les \u00e9crans corten peuvent donc r\u00e9sister \u00e0 la pluie, au vent et au soleil sans que leur structure ne se d\u00e9t\u00e9riore.<\/li>\n<\/ul>\n<\/li>\n<li><strong>Dimensions et installation<\/strong>:\n<ul>\n<li><strong>Polyvalence<\/strong>: Les \u00e9crans de jardin en Corten sont disponibles en diff\u00e9rentes tailles pour s'adapter aux diff\u00e9rents espaces et besoins.<\/li>\n<li><strong>Autoportante ou murale<\/strong>: Ils peuvent \u00eatre enfonc\u00e9s dans le sol en tant qu'\u00e9crans autonomes ou fix\u00e9s \u00e0 des structures existantes telles que des murs ou des cl\u00f4tures.<\/li>\n<\/ul>\n<\/li>\n<\/ol>\n<h2>Avantages des \u00e9crans de jardin en corten :<\/h2>\n<ul>\n<li><strong>L'attrait esth\u00e9tique<\/strong>: La finition rouille naturelle se marie bien avec une vari\u00e9t\u00e9 d'environnements ext\u00e9rieurs, offrant un ton chaud et terreux qui contraste magnifiquement avec la verdure.<\/li>\n<li><strong>Durabilit\u00e9<\/strong>: Con\u00e7us pour r\u00e9sister aux \u00e9l\u00e9ments ext\u00e9rieurs, les \u00e9crans de jardin en corten sont un ajout durable \u00e0 tout jardin.<\/li>\n<li><strong>Entretien minimal<\/strong>: Une fois la patine rouill\u00e9e form\u00e9e, les \u00e9crans ne n\u00e9cessitent pratiquement aucun entretien.<\/li>\n<\/ul>\n<table border=\"1\" data-spm-anchor-id=\"a2700.details.0.i38.253559f23mRDXW\">\n<tbody>\n<tr>\n<td>Nom du produit<\/td>\n<td>\u00a0Ecrans corten, protection de la vie priv\u00e9e Ecrans corten, fabricant d'\u00e9crans corten, \u00e9cran corten vide, \u00e9cran antirouille<\/td>\n<\/tr>\n<tr>\n<td>Mat\u00e9riau<\/td>\n<td>Acier cor-ten, acier au carbone, acier inoxydable<\/td>\n<\/tr>\n<tr>\n<td>Finition<\/td>\n<td>Rouille, Noir<\/td>\n<\/tr>\n<tr>\n<td>Taille normale<\/td>\n<td>38X15cm, 60X32cm, 48x24cm ou sur mesure<\/td>\n<\/tr>\n<tr>\n<td>Conception<\/td>\n<td>Acceptation des produits personnalis\u00e9s<\/td>\n<\/tr>\n<tr>\n<td>Application<\/td>\n<td>D\u00e9coration de la pelouse en ext\u00e9rieur<\/td>\n<\/tr>\n<\/tbody>\n<\/table>\n<figure style=\"width: 704px\" class=\"wp-caption alignnone\"><a href=\"https:\/\/keweicorten.com\/fr\"><img fetchpriority=\"high\" decoding=\"async\" title=\"\u00e9crans en corten\" src=\"https:\/\/sc04.alicdn.com\/kf\/H73a20dbdfcdc4f58a6724b94790c8cb8Z\/272909659\/H73a20dbdfcdc4f58a6724b94790c8cb8Z.jpg\" alt=\"\" width=\"704\" height=\"704\" \/><\/a><figcaption class=\"wp-caption-text\">\u00e9crans en corten<\/figcaption><\/figure>","protected":false},"excerpt":{"rendered":"<p>L'\u00e9cran en acier Corten que vous voyez ici cr\u00e9e un look frappant pour votre maison et votre jardin gr\u00e2ce \u00e0 son apparence organique. Lorsqu'il est rouill\u00e9, l'acier Corten d\u00e9veloppe une riche surface d'oxyde brun-rouge profond, il serait \u00e9tonnant d'ajouter une sculpture d\u00e9corative pour compl\u00e9ter votre jardin ou votre maison.<\/p>","protected":false},"featured_media":1297,"comment_status":"open","ping_status":"closed","template":"","meta":{"_eb_attr":"","_monsterinsights_skip_tracking":false,"_monsterinsights_sitenote_active":false,"_monsterinsights_sitenote_note":"","_monsterinsights_sitenote_category":0,"_uf_show_specific_survey":0,"_uf_disable_surveys":false},"product_brand":[],"product_cat":[57],"product_tag":[],"class_list":{"0":"post-1296","1":"product","2":"type-product","3":"status-publish","4":"has-post-thumbnail","6":"product_cat-screen-panel","8":"first","9":"instock","10":"shipping-taxable","11":"product-type-simple"},"_links":{"self":[{"href":"https:\/\/keweicorten.com\/fr\/wp-json\/wp\/v2\/product\/1296"}],"collection":[{"href":"https:\/\/keweicorten.com\/fr\/wp-json\/wp\/v2\/product"}],"about":[{"href":"https:\/\/keweicorten.com\/fr\/wp-json\/wp\/v2\/types\/product"}],"replies":[{"embeddable":true,"href":"https:\/\/keweicorten.com\/fr\/wp-json\/wp\/v2\/comments?post=1296"}],"version-history":[{"count":1,"href":"https:\/\/keweicorten.com\/fr\/wp-json\/wp\/v2\/product\/1296\/revisions"}],"predecessor-version":[{"id":1298,"href":"https:\/\/keweicorten.com\/fr\/wp-json\/wp\/v2\/product\/1296\/revisions\/1298"}],"wp:featuredmedia":[{"embeddable":true,"href":"https:\/\/keweicorten.com\/fr\/wp-json\/wp\/v2\/media\/1297"}],"wp:attachment":[{"href":"https:\/\/keweicorten.com\/fr\/wp-json\/wp\/v2\/media?parent=1296"}],"wp:term":[{"taxonomy":"product_brand","embeddable":true,"href":"https:\/\/keweicorten.com\/fr\/wp-json\/wp\/v2\/product_brand?post=1296"},{"taxonomy":"product_cat","embeddable":true,"href":"https:\/\/keweicorten.com\/fr\/wp-json\/wp\/v2\/product_cat?post=1296"},{"taxonomy":"product_tag","embeddable":true,"href":"https:\/\/keweicorten.com\/fr\/wp-json\/wp\/v2\/product_tag?post=1296"}],"curies":[{"name":"wp","href":"https:\/\/api.w.org\/{rel}","templated":true}]}}