{"id":1299,"date":"2024-09-20T07:17:42","date_gmt":"2024-09-20T07:17:42","guid":{"rendered":"https:\/\/keweicorten.com\/?post_type=product&#038;p=1299"},"modified":"2025-01-15T06:24:46","modified_gmt":"2025-01-15T06:24:46","slug":"panneaux-metalliques-de-protection-contre-les-regards-indiscrets","status":"publish","type":"product","link":"https:\/\/keweicorten.com\/fr\/panneaux-metalliques-de-protection-contre-les-regards-indiscrets\/","title":{"rendered":"panneaux m\u00e9talliques de protection contre les regards indiscrets"},"content":{"rendered":"<p>Les brise-vue m\u00e9talliques sont une solution \u00e9l\u00e9gante et durable pour ajouter de l'intimit\u00e9 et de la valeur esth\u00e9tique aux espaces ext\u00e9rieurs. Ces panneaux de brise-vue m\u00e9talliques sont g\u00e9n\u00e9ralement fabriqu\u00e9s \u00e0 partir de mat\u00e9riaux tels que l'acier corten, l'aluminium ou l'acier inoxydable et sont disponibles dans une vari\u00e9t\u00e9 de designs, y compris des motifs g\u00e9om\u00e9triques, des motifs inspir\u00e9s de la nature ou des formes abstraites.<\/p>\n<p>Parmi les types les plus courants, on peut citer<\/p>\n<ul>\n<li><strong>Panneaux en acier Corten<\/strong>: Avec le temps, ils prennent un aspect rouill\u00e9 naturel et s'int\u00e8grent bien dans les jardins et les environnements ext\u00e9rieurs.<\/li>\n<li><strong>Panneaux en aluminium<\/strong>: L\u00e9ger et r\u00e9sistant \u00e0 la rouille, disponible en diff\u00e9rentes finitions et couleurs.<\/li>\n<li><strong>Panneaux d\u00e9coup\u00e9s au laser<\/strong>: Ils pr\u00e9sentent des d\u00e9coupes d\u00e9coratives complexes qui laissent passer la lumi\u00e8re tout en pr\u00e9servant l'intimit\u00e9.<\/li>\n<\/ul>\n<table class=\"all magic-4\">\n<tbody>\n<tr>\n<td colspan=\"1\" rowspan=\"1\">\n<div class=\"magic-5\" data-spm-anchor-id=\"a2700.details.0.i37.3f646f66fyuP5C\">Nom du produit<\/div>\n<\/td>\n<td colspan=\"4\" rowspan=\"1\">\n<div class=\"magic-6\">Paravent graphique de style moderne pour l'ext\u00e9rieur Cl\u00f4ture en m\u00e9tal rouill\u00e9 Paravent de protection de la vie priv\u00e9e en acier<\/div>\n<\/td>\n<\/tr>\n<tr>\n<td colspan=\"1\" rowspan=\"1\">\n<div class=\"magic-5\">Mat\u00e9riau<\/div>\n<\/td>\n<td colspan=\"4\" rowspan=\"1\">\n<div class=\"magic-6\">Acier corten, acier inoxydable<\/div>\n<\/td>\n<\/tr>\n<tr>\n<td colspan=\"1\" rowspan=\"1\">\n<div class=\"magic-5\">Taille<\/div>\n<\/td>\n<td colspan=\"4\" rowspan=\"1\">\n<div class=\"magic-6\">1800*900mm, 2mm d'\u00e9paisseur ou sur mesure<\/div>\n<\/td>\n<\/tr>\n<tr>\n<td colspan=\"1\" rowspan=\"1\">\n<div class=\"magic-5\">Surface<\/div>\n<\/td>\n<td colspan=\"4\" rowspan=\"1\">\n<div class=\"magic-6\">\u00a0pr\u00e9-rouill\u00e9<\/div>\n<\/td>\n<\/tr>\n<tr>\n<td colspan=\"1\" rowspan=\"1\">\n<div class=\"magic-5\">Technologie<\/div>\n<\/td>\n<td colspan=\"4\" rowspan=\"1\">\n<div class=\"magic-6\">\u00a0D\u00e9coupe au laser, pliage, poin\u00e7onnage, soudage, vieillissement<\/div>\n<\/td>\n<\/tr>\n<tr>\n<td colspan=\"1\" rowspan=\"1\">\n<div class=\"magic-5\">Application<\/div>\n<\/td>\n<td colspan=\"4\" rowspan=\"1\">\n<div class=\"magic-9\">D\u00e9coration d'ext\u00e9rieur ou de cour<\/div>\n<\/td>\n<\/tr>\n<\/tbody>\n<\/table>\n<p><span data-spm-anchor-id=\"a2700.details.0.i37.5d654e69Sbz9JA\">Panneau d'\u00e9cran laser - design exclusif<\/span><br \/>\nPanneau d'\u00e9cran solide, d'une \u00e9paisseur de 2 \u00e0 3 mm<br \/>\nAvec rev\u00eatement en poudre, rev\u00eatement antirouille ou peinture<br \/>\nSuspendu au mur, fix\u00e9 \u00e0 la colonne avec des boulons ou fix\u00e9 au pied sur le sol dur<br \/>\nR\u00e9sistant \u00e0 l'usure, il peut \u00eatre entretenu pendant des ann\u00e9es et utilis\u00e9 sans probl\u00e8me.<br \/>\nIl peut \u00eatre utilis\u00e9 \u00e0 l'int\u00e9rieur ou \u00e0 l'ext\u00e9rieur.<br \/>\nTaille standard : 900x1800mm ou personnalis\u00e9e.<\/p>\n<figure style=\"width: 750px\" class=\"wp-caption alignnone\"><a href=\"https:\/\/keweicorten.com\/fr\/nous-contacter\/\"><img fetchpriority=\"high\" decoding=\"async\" title=\"panneau de s\u00e9paration pi\u00e8ce\" src=\"https:\/\/sc04.alicdn.com\/kf\/H64e3151244ed4b99824b11960bcb95b1N\/253038816\/H64e3151244ed4b99824b11960bcb95b1N.jpg\" alt=\"\" width=\"750\" height=\"542\" \/><\/a><figcaption class=\"wp-caption-text\">panneau de s\u00e9paration pi\u00e8ce<\/figcaption><\/figure>","protected":false},"excerpt":{"rendered":"<p>D\u00e9tails du mat\u00e9riau : Acier Corten, acier galvanis\u00e9 ou mat\u00e9riau personnalis\u00e9 Finition : Patine rouill\u00e9e, rev\u00eatement en poudre, peinture, etc.<\/p>\n<p>La patine prot\u00e8ge de la corrosion suppl\u00e9mentaire<\/p>\n<p>Peut \u00eatre utilis\u00e9 dans un cadre r\u00e9sidentiel ou commercial<\/p>","protected":false},"featured_media":1300,"comment_status":"open","ping_status":"closed","template":"","meta":{"_eb_attr":"","_monsterinsights_skip_tracking":false,"_monsterinsights_sitenote_active":false,"_monsterinsights_sitenote_note":"","_monsterinsights_sitenote_category":0,"_uf_show_specific_survey":0,"_uf_disable_surveys":false},"product_brand":[],"product_cat":[57],"product_tag":[],"class_list":{"0":"post-1299","1":"product","2":"type-product","3":"status-publish","4":"has-post-thumbnail","6":"product_cat-screen-panel","8":"first","9":"instock","10":"shipping-taxable","11":"product-type-simple"},"_links":{"self":[{"href":"https:\/\/keweicorten.com\/fr\/wp-json\/wp\/v2\/product\/1299"}],"collection":[{"href":"https:\/\/keweicorten.com\/fr\/wp-json\/wp\/v2\/product"}],"about":[{"href":"https:\/\/keweicorten.com\/fr\/wp-json\/wp\/v2\/types\/product"}],"replies":[{"embeddable":true,"href":"https:\/\/keweicorten.com\/fr\/wp-json\/wp\/v2\/comments?post=1299"}],"version-history":[{"count":1,"href":"https:\/\/keweicorten.com\/fr\/wp-json\/wp\/v2\/product\/1299\/revisions"}],"predecessor-version":[{"id":1301,"href":"https:\/\/keweicorten.com\/fr\/wp-json\/wp\/v2\/product\/1299\/revisions\/1301"}],"wp:featuredmedia":[{"embeddable":true,"href":"https:\/\/keweicorten.com\/fr\/wp-json\/wp\/v2\/media\/1300"}],"wp:attachment":[{"href":"https:\/\/keweicorten.com\/fr\/wp-json\/wp\/v2\/media?parent=1299"}],"wp:term":[{"taxonomy":"product_brand","embeddable":true,"href":"https:\/\/keweicorten.com\/fr\/wp-json\/wp\/v2\/product_brand?post=1299"},{"taxonomy":"product_cat","embeddable":true,"href":"https:\/\/keweicorten.com\/fr\/wp-json\/wp\/v2\/product_cat?post=1299"},{"taxonomy":"product_tag","embeddable":true,"href":"https:\/\/keweicorten.com\/fr\/wp-json\/wp\/v2\/product_tag?post=1299"}],"curies":[{"name":"wp","href":"https:\/\/api.w.org\/{rel}","templated":true}]}}