{"id":1308,"date":"2024-09-23T02:48:35","date_gmt":"2024-09-23T02:48:35","guid":{"rendered":"https:\/\/keweicorten.com\/?post_type=product&#038;p=1308"},"modified":"2025-01-15T06:24:20","modified_gmt":"2025-01-15T06:24:20","slug":"abreuvoir-en-acier-corten","status":"publish","type":"product","link":"https:\/\/keweicorten.com\/fr\/abreuvoir-en-acier-corten\/","title":{"rendered":"abreuvoir en acier corten"},"content":{"rendered":"<p>Les abreuvoirs en acier Corten sont tr\u00e8s appr\u00e9ci\u00e9s dans les jardins modernes et les espaces ext\u00e9rieurs en raison de leur aspect rustique et alt\u00e9r\u00e9 qui se d\u00e9veloppe au fil du temps. L'acier, \u00e9galement connu sous le nom d'acier d'alt\u00e9ration, prend un aspect rouill\u00e9 stable apr\u00e8s avoir \u00e9t\u00e9 expos\u00e9 aux \u00e9l\u00e9ments, ce qui lui conf\u00e8re une couleur orange-brun caract\u00e9ristique. Ces bols peuvent servir de points de mire, de pi\u00e8ces d'eau ou m\u00eame de bains d'oiseaux dans les jardins.<\/p>\n<h2>Les caract\u00e9ristiques des abreuvoirs en acier corten sont les suivantes :<\/h2>\n<ul>\n<li><strong>Durabilit\u00e9<\/strong>: L'acier Corten est tr\u00e8s r\u00e9sistant \u00e0 la corrosion, ce qui signifie qu'il durera de nombreuses ann\u00e9es \u00e0 l'ext\u00e9rieur.<\/li>\n<li><strong>L'attrait esth\u00e9tique<\/strong>: La surface qui s'oxyde naturellement cr\u00e9e une patine vibrante qui se marie bien avec la nature et les designs contemporains.<\/li>\n<li><strong>Vari\u00e9t\u00e9 de tailles<\/strong>: Les abreuvoirs sont disponibles dans toute une gamme de tailles, depuis les petits abreuvoirs d\u00e9coratifs jusqu'aux grands \u00e9l\u00e9ments qui peuvent faire partie d'un paysage de jardin plus vaste.<\/li>\n<li><strong>Polyvalence<\/strong>: Ces coupes d'eau en acier corten peuvent \u00eatre utilis\u00e9es comme \u00e9l\u00e9ments autonomes, faire partie d'un syst\u00e8me de fontaine d'eau ou \u00eatre plac\u00e9es avec des pierres d\u00e9coratives ou des plantes.<\/li>\n<\/ul>\n<div class=\"J_module\">\n<div class=\"detail-decorate-json-renderer-container\">\n<div class=\"magic-1\">\n<div class=\"magic-2\">\n<div class=\"magic-3\">\n<div class=\"magic-4\"><span class=\"magic-8\"><span class=\"magic-5\" style=\"font-family: Arial;\">Les bols d'eau en acier corten sont utilis\u00e9s pour les feux de camp ou les fontaines \u00e0 eau de pluie dans le jardin et l'arri\u00e8re-cour.<span data-spm-anchor-id=\"a2700.details.0.i42.1cc76ac413SX1S\"> L'acier Corten est un mat\u00e9riau rustique, solide et qui se couvre d'une couche de rouille protectrice au fil du temps.<\/span><\/span><\/span><\/div>\n<\/div>\n<\/div>\n<\/div>\n<\/div>\n<\/div>\n<div class=\"J_module\">\n<div class=\"icbu-pc-images magic-10\">\n<div>\n<div class=\"flex-layout-h\">\n<div class=\"flex-layout-v magic-11\">\n<table class=\"all magic-39\">\n<tbody>\n<tr>\n<td colspan=\"1\" rowspan=\"1\">\n<div class=\"magic-40\" data-spm-anchor-id=\"a2700.details.0.i43.1cc76ac413SX1S\"><b>Nom du produit\u00a0<\/b><\/div>\n<\/td>\n<td colspan=\"1\" rowspan=\"1\">\n<div class=\"magic-41\">Foyer en m\u00e9tal<\/div>\n<\/td>\n<\/tr>\n<tr>\n<td colspan=\"1\" rowspan=\"1\">\n<div class=\"magic-40\"><b>Mat\u00e9riau\u00a0<\/b><\/div>\n<\/td>\n<td colspan=\"1\" rowspan=\"1\">\n<div class=\"magic-41\">acier corten ,acier inoxydable ,aluminium et acier<\/div>\n<\/td>\n<\/tr>\n<tr>\n<td colspan=\"1\" rowspan=\"1\">\n<div class=\"magic-40\"><b>Taille<\/b><\/div>\n<\/td>\n<td colspan=\"1\" rowspan=\"1\">\n<div class=\"magic-41\">Diam\u00e8tre de 60cm, 70cm, 80cm, 90cm, 100cm, 120cm, 150cm, nous fournissons des dimensions personnalis\u00e9es selon vos besoins.<\/div>\n<\/td>\n<\/tr>\n<tr>\n<td colspan=\"1\" rowspan=\"1\">\n<div class=\"magic-40\"><b>\u00c9paisseur\u00a0<\/b><\/div>\n<\/td>\n<td colspan=\"1\" rowspan=\"1\">\n<div class=\"magic-41\">2mm, 3mm, 4mm<\/div>\n<\/td>\n<\/tr>\n<tr>\n<td colspan=\"1\" rowspan=\"1\">\n<div class=\"magic-40\"><b>Finition\u00a0<\/b><\/div>\n<\/td>\n<td colspan=\"1\" rowspan=\"1\">\n<div class=\"magic-41\">\u00a0Rouille naturelle \/ rev\u00eatement par poudre noir \u00e0 haute temp\u00e9rature<\/div>\n<\/td>\n<\/tr>\n<tr>\n<td colspan=\"1\" rowspan=\"1\">\n<div class=\"magic-40\"><b>Emballage<\/b><\/div>\n<\/td>\n<td colspan=\"1\" rowspan=\"1\">\n<div class=\"magic-41\">3K+ emballage en bo\u00eete brune rigide avec \u00e9tiquette couleur<\/div>\n<\/td>\n<\/tr>\n<tr>\n<td colspan=\"1\" rowspan=\"1\">\n<div class=\"magic-40\"><b>Utilisation<\/b><\/div>\n<\/td>\n<td colspan=\"1\" rowspan=\"1\">\n<div class=\"magic-41\">D\u00e9coration de la maison et du jardin<\/div>\n<\/td>\n<\/tr>\n<\/tbody>\n<\/table>\n<\/div>\n<\/div>\n<\/div>\n<\/div>\n<\/div>","protected":false},"excerpt":{"rendered":"<p class=\"magic-47\"><span class=\"magic-43\" style=\"color: #0f0202; font-family: Georgia;\">Notre avantage :<\/span><\/p>\n<p class=\"magic-47\"><span class=\"magic-43\" style=\"color: #0f0202; font-family: Georgia;\">A. Mod\u00e8les classiques et meilleure qualit\u00e9 \u00e0 des prix comp\u00e9titifs<\/span><\/p>\n<p class=\"magic-47\"><span class=\"magic-43\" style=\"color: #0f0202; font-family: Georgia;\">B. Des centaines de styles diff\u00e9rents pour un large choix<\/p>\n<p>C. couleurs traditionnelles ou imitation antique au choix<\/p>\n<p>D. Un service fiable avec une coop\u00e9ration rapide et \u00e9troite.<\/span><\/p>","protected":false},"featured_media":1309,"comment_status":"open","ping_status":"closed","template":"","meta":{"_eb_attr":"","_monsterinsights_skip_tracking":false,"_monsterinsights_sitenote_active":false,"_monsterinsights_sitenote_note":"","_monsterinsights_sitenote_category":0,"_uf_show_specific_survey":0,"_uf_disable_surveys":false},"product_brand":[],"product_cat":[54],"product_tag":[],"class_list":{"0":"post-1308","1":"product","2":"type-product","3":"status-publish","4":"has-post-thumbnail","6":"product_cat-wood-fire-pit","8":"first","9":"instock","10":"shipping-taxable","11":"product-type-simple"},"_links":{"self":[{"href":"https:\/\/keweicorten.com\/fr\/wp-json\/wp\/v2\/product\/1308"}],"collection":[{"href":"https:\/\/keweicorten.com\/fr\/wp-json\/wp\/v2\/product"}],"about":[{"href":"https:\/\/keweicorten.com\/fr\/wp-json\/wp\/v2\/types\/product"}],"replies":[{"embeddable":true,"href":"https:\/\/keweicorten.com\/fr\/wp-json\/wp\/v2\/comments?post=1308"}],"version-history":[{"count":1,"href":"https:\/\/keweicorten.com\/fr\/wp-json\/wp\/v2\/product\/1308\/revisions"}],"predecessor-version":[{"id":1310,"href":"https:\/\/keweicorten.com\/fr\/wp-json\/wp\/v2\/product\/1308\/revisions\/1310"}],"wp:featuredmedia":[{"embeddable":true,"href":"https:\/\/keweicorten.com\/fr\/wp-json\/wp\/v2\/media\/1309"}],"wp:attachment":[{"href":"https:\/\/keweicorten.com\/fr\/wp-json\/wp\/v2\/media?parent=1308"}],"wp:term":[{"taxonomy":"product_brand","embeddable":true,"href":"https:\/\/keweicorten.com\/fr\/wp-json\/wp\/v2\/product_brand?post=1308"},{"taxonomy":"product_cat","embeddable":true,"href":"https:\/\/keweicorten.com\/fr\/wp-json\/wp\/v2\/product_cat?post=1308"},{"taxonomy":"product_tag","embeddable":true,"href":"https:\/\/keweicorten.com\/fr\/wp-json\/wp\/v2\/product_tag?post=1308"}],"curies":[{"name":"wp","href":"https:\/\/api.w.org\/{rel}","templated":true}]}}