{"id":1338,"date":"2024-09-24T03:00:13","date_gmt":"2024-09-24T03:00:13","guid":{"rendered":"https:\/\/keweicorten.com\/?post_type=product&#038;p=1338"},"modified":"2025-01-15T06:23:24","modified_gmt":"2025-01-15T06:23:24","slug":"ecran-decoratif-en-acier-corten","status":"publish","type":"product","link":"https:\/\/keweicorten.com\/fr\/ecran-decoratif-en-acier-corten\/","title":{"rendered":"\u00c9cran d\u00e9coratif en acier corten"},"content":{"rendered":"<p>Les \u00e9crans d\u00e9coratifs en acier corten sont largement utilis\u00e9s dans l'architecture et l'am\u00e9nagement paysager pour leur aspect rouill\u00e9 naturel, leur durabilit\u00e9 et leur capacit\u00e9 \u00e0 se fondre dans les \u00e9l\u00e9ments ext\u00e9rieurs. Ces \u00e9crans d\u00e9coratifs en acier corten sont souvent d\u00e9coup\u00e9s au laser avec des motifs complexes, offrant \u00e0 la fois une fonctionnalit\u00e9 et un attrait visuel fort. Avec le temps, l'acier corten acquiert une patine protectrice et vieillie, ce qui lui conf\u00e8re un aspect terreux et organique qui met en valeur l'espace environnant.<\/p>\n<h2>Caract\u00e9ristiques des \u00e9crans d\u00e9coratifs en acier Corten :<\/h2>\n<p>1. R\u00e9sistance aux intemp\u00e9ries : L'acier Corten est con\u00e7u pour r\u00e9sister aux intemp\u00e9ries et vieillir admirablement, en formant une couche de rouille protectrice qui emp\u00eache une corrosion plus profonde.<br \/>\n2. Personnalisation : La technologie de la d\u00e9coupe au laser permet d'obtenir des motifs tr\u00e8s d\u00e9taill\u00e9s et complexes. Les motifs les plus courants sont les suivants :<br \/>\nFormes g\u00e9om\u00e9triques<br \/>\nMotifs botaniques (feuilles, fleurs)<br \/>\nArt abstrait<br \/>\nMotifs culturels ou traditionnels<br \/>\nFonctionnel et esth\u00e9tique : Ces \u00e9crans d\u00e9coratifs en acier corten peuvent servir \u00e0 la fois d'\u00e9l\u00e9ments d\u00e9coratifs et pratiques. Ils peuvent assurer l'intimit\u00e9, servir de brise-vent ou de toile de fond pour l'am\u00e9nagement paysager, tout en apportant une touche artistique.<br \/>\nPeu d'entretien : Une fois qu'il a acquis la patine souhait\u00e9e, l'acier corten n\u00e9cessite tr\u00e8s peu d'entretien, ce qui en fait une solution durable pour la d\u00e9coration ext\u00e9rieure.<br \/>\nDurabilit\u00e9 : L'acier Corten est respectueux de l'environnement car il est 100% recyclable, ce qui en fait un choix durable pour la construction et la conception.<\/p>\n<h2>\u00a0Applications :<\/h2>\n<p>S\u00e9parateurs de jardin : Ils permettent de s\u00e9parer les espaces de jardin ou de dissimuler les zones disgracieuses (comme les bo\u00eetes de service) tout en conservant une esth\u00e9tique organique.<br \/>\nPanneaux muraux : En tant que panneaux muraux ext\u00e9rieurs ou int\u00e9rieurs, ils apportent texture et profondeur \u00e0 tout projet architectural.<br \/>\nCl\u00f4tures : Ils peuvent cr\u00e9er des cl\u00f4tures \u00e9l\u00e9gantes pour les espaces r\u00e9sidentiels et commerciaux.<br \/>\nCaract\u00e9ristiques d'\u00e9clairage : Les d\u00e9coupes permettent \u00e0 la lumi\u00e8re de passer \u00e0 travers, ce qui projette des ombres int\u00e9ressantes et en fait un excellent choix pour les effets d'\u00e9clairage d'ambiance.<\/p>\n<figure style=\"width: 696px\" class=\"wp-caption alignnone\"><a href=\"https:\/\/keweicorten.com\/fr\/produits\/\"><img fetchpriority=\"high\" decoding=\"async\" title=\"Cloison murale \" src=\"https:\/\/sc04.alicdn.com\/kf\/H4df5cef3da1544f3880850cf79b606a88\/276435419\/H4df5cef3da1544f3880850cf79b606a88.jpg\" alt=\"\" width=\"696\" height=\"696\" \/><\/a><figcaption class=\"wp-caption-text\">Cloison murale<\/figcaption><\/figure>\n<figure style=\"width: 698px\" class=\"wp-caption alignnone\"><a href=\"https:\/\/keweicorten.com\/fr\/produit\/ecrans-de-jardin-en-corten\/\"><img decoding=\"async\" title=\"\u00e9cran m\u00e9tallique en acier corten\" src=\"https:\/\/sc02.alicdn.com\/kf\/HTB1vuNWXbYI8KJjy0Faq6zAiVXaA\/227652262\/HTB1vuNWXbYI8KJjy0Faq6zAiVXaA.jpg\" alt=\"\" width=\"698\" height=\"495\" \/><\/a><figcaption class=\"wp-caption-text\">\u00e9cran m\u00e9tallique en acier corten<\/figcaption><\/figure>","protected":false},"excerpt":{"rendered":"<table class=\"all magic-4\" style=\"height: 148px;\" width=\"392\">\n<tbody>\n<tr>\n<td colspan=\"1\" rowspan=\"1\">\n<div class=\"magic-5\" data-spm-anchor-id=\"a2700.details.0.i38.b14314aab64Y8q\">Nom du produit<\/div>\n<\/td>\n<td colspan=\"4\" rowspan=\"1\">\n<div class=\"magic-6\">Panneau mural ext\u00e9rieur en m\u00e9tal Panneaux d'\u00e9cran en acier Corten d\u00e9coup\u00e9s au laser<\/div>\n<\/td>\n<\/tr>\n<tr>\n<td colspan=\"1\" rowspan=\"1\">\n<div class=\"magic-5\">Mat\u00e9riau<\/div>\n<\/td>\n<td colspan=\"4\" rowspan=\"1\">\n<div class=\"magic-6\">Acier corten, acier inoxydable<\/div>\n<\/td>\n<\/tr>\n<tr>\n<td colspan=\"1\" rowspan=\"1\">\n<div class=\"magic-5\">Taille<\/div>\n<\/td>\n<td colspan=\"4\" rowspan=\"1\">\n<div class=\"magic-6\">1800*900mm, 2mm d'\u00e9paisseur ou sur mesure<\/div>\n<\/td>\n<\/tr>\n<tr>\n<td colspan=\"1\" rowspan=\"1\">\n<div class=\"magic-5\">Surface<\/div>\n<\/td>\n<td colspan=\"4\" rowspan=\"1\">\n<div class=\"magic-6\">\u00a0pr\u00e9-rouill\u00e9<\/div>\n<\/td>\n<\/tr>\n<tr>\n<td colspan=\"1\" rowspan=\"1\">\n<div class=\"magic-5\">Technologie<\/div>\n<\/td>\n<td colspan=\"4\" rowspan=\"1\">\n<div class=\"magic-6\">\u00a0D\u00e9coupe au laser, pliage, poin\u00e7onnage, soudage, vieillissement<\/div>\n<\/td>\n<\/tr>\n<tr>\n<td colspan=\"1\" rowspan=\"1\">\n<div class=\"magic-5\">Application<\/div>\n<\/td>\n<td colspan=\"4\" rowspan=\"1\">\n<div class=\"magic-9\">D\u00e9coration d'ext\u00e9rieur ou de cour<\/div>\n<\/td>\n<\/tr>\n<\/tbody>\n<\/table>","protected":false},"featured_media":1339,"comment_status":"open","ping_status":"closed","template":"","meta":{"_eb_attr":"","_monsterinsights_skip_tracking":false,"_monsterinsights_sitenote_active":false,"_monsterinsights_sitenote_note":"","_monsterinsights_sitenote_category":0,"_uf_show_specific_survey":0,"_uf_disable_surveys":false},"product_brand":[],"product_cat":[57],"product_tag":[],"class_list":{"0":"post-1338","1":"product","2":"type-product","3":"status-publish","4":"has-post-thumbnail","6":"product_cat-screen-panel","8":"first","9":"instock","10":"shipping-taxable","11":"product-type-simple"},"_links":{"self":[{"href":"https:\/\/keweicorten.com\/fr\/wp-json\/wp\/v2\/product\/1338"}],"collection":[{"href":"https:\/\/keweicorten.com\/fr\/wp-json\/wp\/v2\/product"}],"about":[{"href":"https:\/\/keweicorten.com\/fr\/wp-json\/wp\/v2\/types\/product"}],"replies":[{"embeddable":true,"href":"https:\/\/keweicorten.com\/fr\/wp-json\/wp\/v2\/comments?post=1338"}],"version-history":[{"count":1,"href":"https:\/\/keweicorten.com\/fr\/wp-json\/wp\/v2\/product\/1338\/revisions"}],"predecessor-version":[{"id":1340,"href":"https:\/\/keweicorten.com\/fr\/wp-json\/wp\/v2\/product\/1338\/revisions\/1340"}],"wp:featuredmedia":[{"embeddable":true,"href":"https:\/\/keweicorten.com\/fr\/wp-json\/wp\/v2\/media\/1339"}],"wp:attachment":[{"href":"https:\/\/keweicorten.com\/fr\/wp-json\/wp\/v2\/media?parent=1338"}],"wp:term":[{"taxonomy":"product_brand","embeddable":true,"href":"https:\/\/keweicorten.com\/fr\/wp-json\/wp\/v2\/product_brand?post=1338"},{"taxonomy":"product_cat","embeddable":true,"href":"https:\/\/keweicorten.com\/fr\/wp-json\/wp\/v2\/product_cat?post=1338"},{"taxonomy":"product_tag","embeddable":true,"href":"https:\/\/keweicorten.com\/fr\/wp-json\/wp\/v2\/product_tag?post=1338"}],"curies":[{"name":"wp","href":"https:\/\/api.w.org\/{rel}","templated":true}]}}