{"id":1347,"date":"2024-09-24T07:19:21","date_gmt":"2024-09-24T07:19:21","guid":{"rendered":"https:\/\/keweicorten.com\/?post_type=product&#038;p=1347"},"modified":"2025-01-15T06:23:06","modified_gmt":"2025-01-15T06:23:06","slug":"gril-bbq-exterieur-au-charbon-de-bois","status":"publish","type":"product","link":"https:\/\/keweicorten.com\/fr\/gril-bbq-exterieur-au-charbon-de-bois\/","title":{"rendered":"Gril BBQ au charbon de bois pour l'ext\u00e9rieur"},"content":{"rendered":"<h2>Application de l'acier Corten dans les barbecues \u00e0 charbon de bois pour l'ext\u00e9rieur<\/h2>\n<p>Durabilit\u00e9 \u00e0 long terme : La r\u00e9sistance aux intemp\u00e9ries de l'acier Corten en fait un mat\u00e9riau id\u00e9al pour les grils d'ext\u00e9rieur. Contrairement aux grils en acier traditionnels, l'acier Corten peut r\u00e9sister \u00e0 une utilisation ext\u00e9rieure de longue dur\u00e9e sans entretien fr\u00e9quent ni souci de rouille.<br \/>\nIl est particuli\u00e8rement adapt\u00e9 aux climats humides ou variables, car il ne se corrode pas rapidement sous l'effet de la pluie et de l'humidit\u00e9, contrairement \u00e0 l'acier ordinaire.<\/p>\n<p>Efficacit\u00e9 thermique et conductivit\u00e9 thermique : Bien que l'acier Corten soit principalement connu pour sa r\u00e9sistance aux intemp\u00e9ries, il poss\u00e8de \u00e9galement une bonne conductivit\u00e9 thermique. Cela signifie qu'il peut distribuer efficacement la chaleur de mani\u00e8re uniforme pendant le processus de grillade, de sorte que les aliments sont chauff\u00e9s de mani\u00e8re plus homog\u00e8ne, ce qui am\u00e9liore l'effet barbecue.<br \/>\nEn outre, l'\u00e9paisseur de l'acier Corten est g\u00e9n\u00e9ralement plus importante, ce qui signifie qu'il peut emmagasiner de la chaleur, et donc conserver la chaleur en continu tout en consommant moins de combustible.<\/p>\n<p>Fonctionnalit\u00e9 et diversit\u00e9 : les barbecues \u00e0 charbon de bois en corten sont souvent con\u00e7us comme des appareils multifonctionnels qui peuvent \u00eatre utilis\u00e9s comme gril ou comme brasero, ce qui augmente encore la vari\u00e9t\u00e9 des sc\u00e9narios dans lesquels ils peuvent \u00eatre utilis\u00e9s. Sa durabilit\u00e9 et sa r\u00e9sistance \u00e0 la corrosion lui permettent de supporter des temp\u00e9ratures \u00e9lev\u00e9es, tandis que son esth\u00e9tique en fait un point de mire pour les rassemblements en plein air.<\/p>\n<table class=\"all magic-17\" style=\"height: 250px;\" width=\"734\">\n<tbody>\n<tr>\n<td colspan=\"2\" rowspan=\"1\">\n<div class=\"magic-18\" data-spm-anchor-id=\"a2700.details.0.i39.133e3f8dQmxxUd\">Nom du produit<\/div>\n<\/td>\n<td colspan=\"3\" rowspan=\"1\">\n<div class=\"magic-21\">Garden Party Bois Charbon Corten m\u00e9tal BBQ Grill Foyer<\/div>\n<\/td>\n<\/tr>\n<tr>\n<td colspan=\"2\" rowspan=\"1\">\n<div class=\"magic-18\">Mati\u00e8res premi\u00e8res<\/div>\n<\/td>\n<td colspan=\"3\" rowspan=\"1\">\n<div class=\"magic-21\">T\u00f4le Corten, Acier inoxydable 304 de qualit\u00e9 alimentaire<\/div>\n<\/td>\n<\/tr>\n<tr>\n<td colspan=\"2\" rowspan=\"1\">\n<div class=\"magic-23\">Taille \u00e0 choisir<\/div>\n<\/td>\n<td colspan=\"3\" rowspan=\"1\">\n<div class=\"magic-25\">500*500*1000mm et type rond ,accepte \u00e9galement les OEM personnalis\u00e9s<\/div>\n<\/td>\n<\/tr>\n<tr>\n<td colspan=\"2\" rowspan=\"1\">\n<div class=\"magic-18\">Type de carburant<\/div>\n<\/td>\n<td colspan=\"3\" rowspan=\"1\">\n<div class=\"magic-21\">G\u00e9n\u00e9ralement, il s'agit de charbon de bois, mais il est \u00e9galement possible de changer de type de gaz ou de propane.<\/div>\n<\/td>\n<\/tr>\n<tr>\n<td colspan=\"2\" rowspan=\"1\">\n<div class=\"magic-23\">Certification<\/div>\n<\/td>\n<td colspan=\"3\" rowspan=\"1\">\n<div class=\"magic-25\">CE\/ 3C\/ CAS<\/div>\n<\/td>\n<\/tr>\n<tr>\n<td colspan=\"2\" rowspan=\"1\">\n<div class=\"magic-23\">Paquet<\/div>\n<\/td>\n<td colspan=\"3\" rowspan=\"1\">\n<div class=\"magic-25\">Emballage en carton avec palettes<\/div>\n<\/td>\n<\/tr>\n<tr>\n<td colspan=\"2\" rowspan=\"1\">\n<div class=\"magic-23\">MOQ<\/div>\n<\/td>\n<td colspan=\"3\" rowspan=\"1\">\n<div class=\"magic-25\">1pcs, et 80pcs pour un conteneur de 20GP<\/div>\n<\/td>\n<\/tr>\n<tr>\n<td colspan=\"2\" rowspan=\"1\">\n<div class=\"magic-23\">March\u00e9 principal<\/div>\n<\/td>\n<td colspan=\"3\" rowspan=\"1\">\n<div class=\"magic-25\">Europe\/ USA\/ Australie<\/div>\n<\/td>\n<\/tr>\n<\/tbody>\n<\/table>\n<figure style=\"width: 700px\" class=\"wp-caption alignnone\"><a href=\"https:\/\/keweicorten.com\/fr\"><img fetchpriority=\"high\" decoding=\"async\" title=\"Foyer\" src=\"https:\/\/sc04.alicdn.com\/kf\/H3251a163a5d842c7bd1860b59de2a48bk\/252624420\/H3251a163a5d842c7bd1860b59de2a48bk.jpg\" alt=\"\" width=\"700\" height=\"700\" \/><\/a><figcaption class=\"wp-caption-text\">Foyer<\/figcaption><\/figure>\n<figure style=\"width: 700px\" class=\"wp-caption alignnone\"><a href=\"https:\/\/keweicorten.com\/fr\/produits\/\"><img decoding=\"async\" title=\"Foyer BBQ Grill\" src=\"https:\/\/sc04.alicdn.com\/kf\/H10865e80ce434dcf8b929e7e39ebec96l\/252624420\/H10865e80ce434dcf8b929e7e39ebec96l.jpg\" alt=\"\" width=\"700\" height=\"700\" \/><\/a><figcaption class=\"wp-caption-text\">Foyer BBQ Grill<\/figcaption><\/figure>","protected":false},"excerpt":{"rendered":"<p class=\"magic-5\"><span class=\"magic-6\"><span data-spm-anchor-id=\"a2700.details.0.i44.133e3f8dQmxxUd\">Garden Party Bois Charbon Corten m\u00e9tal BBQ Grill Foyer<\/span><\/span><\/p>\n<p class=\"magic-5\"><span style=\"font-size: 16px;\">L'\u00e9coulement montre les d\u00e9tails de la taille et de l'\u00e9paisseur de la mati\u00e8re premi\u00e8re :<\/span><\/p>\n<div class=\"magic-7\">\n<div class=\"magic-8\">\n<div class=\"magic-9\">1. l'\u00e9chelle de feu ou la hauteur du c\u00f4ne est g\u00e9n\u00e9ralement de 27 cm, roul\u00e9e avec une feuille de m\u00e9tal corten de 2,0 mm.<\/p>\n<div>2. la plaque de cuisson : t\u00f4le d'acier de 10 mm lamin\u00e9e \u00e0 froid Diam\u00e8tre : 100 cm<br \/>\n3. la chambre de combustion utilisant de l'acier Corten d'une \u00e9paisseur de 2,0 mm<br \/>\n4.la tr\u00e9mie \u00e0 cendres : 2 mm d'acier Corten<br \/>\n5.corps du bas :acier Corten \u00e9paisseur :2 mm Taille :700*500*500 mm<\/div>\n<\/div>\n<\/div>\n<\/div>","protected":false},"featured_media":1348,"comment_status":"open","ping_status":"closed","template":"","meta":{"_eb_attr":"","_monsterinsights_skip_tracking":false,"_monsterinsights_sitenote_active":false,"_monsterinsights_sitenote_note":"","_monsterinsights_sitenote_category":0,"_uf_show_specific_survey":0,"_uf_disable_surveys":false},"product_brand":[],"product_cat":[63],"product_tag":[],"class_list":{"0":"post-1347","1":"product","2":"type-product","3":"status-publish","4":"has-post-thumbnail","6":"product_cat-steel-bbq-grill","8":"first","9":"instock","10":"shipping-taxable","11":"product-type-simple"},"_links":{"self":[{"href":"https:\/\/keweicorten.com\/fr\/wp-json\/wp\/v2\/product\/1347"}],"collection":[{"href":"https:\/\/keweicorten.com\/fr\/wp-json\/wp\/v2\/product"}],"about":[{"href":"https:\/\/keweicorten.com\/fr\/wp-json\/wp\/v2\/types\/product"}],"replies":[{"embeddable":true,"href":"https:\/\/keweicorten.com\/fr\/wp-json\/wp\/v2\/comments?post=1347"}],"version-history":[{"count":1,"href":"https:\/\/keweicorten.com\/fr\/wp-json\/wp\/v2\/product\/1347\/revisions"}],"predecessor-version":[{"id":1352,"href":"https:\/\/keweicorten.com\/fr\/wp-json\/wp\/v2\/product\/1347\/revisions\/1352"}],"wp:featuredmedia":[{"embeddable":true,"href":"https:\/\/keweicorten.com\/fr\/wp-json\/wp\/v2\/media\/1348"}],"wp:attachment":[{"href":"https:\/\/keweicorten.com\/fr\/wp-json\/wp\/v2\/media?parent=1347"}],"wp:term":[{"taxonomy":"product_brand","embeddable":true,"href":"https:\/\/keweicorten.com\/fr\/wp-json\/wp\/v2\/product_brand?post=1347"},{"taxonomy":"product_cat","embeddable":true,"href":"https:\/\/keweicorten.com\/fr\/wp-json\/wp\/v2\/product_cat?post=1347"},{"taxonomy":"product_tag","embeddable":true,"href":"https:\/\/keweicorten.com\/fr\/wp-json\/wp\/v2\/product_tag?post=1347"}],"curies":[{"name":"wp","href":"https:\/\/api.w.org\/{rel}","templated":true}]}}