{"id":1359,"date":"2024-09-24T07:49:55","date_gmt":"2024-09-24T07:49:55","guid":{"rendered":"https:\/\/keweicorten.com\/?post_type=product&#038;p=1359"},"modified":"2024-09-24T07:49:55","modified_gmt":"2024-09-24T07:49:55","slug":"a588-plaque-dacier-corten-contre-les-intemperies","status":"publish","type":"product","link":"https:\/\/keweicorten.com\/fr\/a588-plaque-dacier-corten-contre-les-intemperies\/","title":{"rendered":"Plaque d'acier r\u00e9sistant aux intemp\u00e9ries A588 CORTEN"},"content":{"rendered":"<h2>Caract\u00e9ristiques de la t\u00f4le d'acier r\u00e9sistant aux intemp\u00e9ries A588 CORTEN <span style=\"font-size: 16px;\">:<\/span><\/h2>\n<ol>\n<li><strong>R\u00e9sistance accrue \u00e0 la corrosion<\/strong>: Comme A242, A588 forme une couche d'oxyde protectrice lorsqu'il est expos\u00e9 aux intemp\u00e9ries, ce qui minimise la corrosion.<\/li>\n<li><strong>Haute r\u00e9sistance<\/strong>: Offre une excellente r\u00e9sistance structurelle et peut supporter des conditions environnementales difficiles.<\/li>\n<li><strong>Soudabilit\u00e9<\/strong>: L'acier A588 peut \u00eatre facilement soud\u00e9, ce qui le rend adapt\u00e9 \u00e0 divers projets structurels.<\/li>\n<li><strong>Durabilit\u00e9<\/strong>: R\u00e9sistant \u00e0 des temp\u00e9ratures extr\u00eames, il est id\u00e9al pour une utilisation en ext\u00e9rieur et des installations de longue dur\u00e9e.<\/li>\n<\/ol>\n<h3>Composition :<\/h3>\n<p>L'acier A588 contient g\u00e9n\u00e9ralement de petites quantit\u00e9s de cuivre, de chrome, de nickel et de phosphore, qui contribuent \u00e0 ses caract\u00e9ristiques de vieillissement.<\/p>\n<p>La t\u00f4le d'acier Corten A588 pr\u00e9sente plusieurs avantages qui lui permettent d'\u00eatre utilis\u00e9e pour des applications industrielles dans le monde entier. Les avantages de la t\u00f4le d'acier Corten A588 sont les suivants :<\/p>\n<ul>\n<li>Peu d'entretien<\/li>\n<li>\u00c9conomies de co\u00fbts<\/li>\n<li>Vitesse de construction<\/li>\n<li>S\u00fbr<\/li>\n<li>Respect de l'environnement<\/li>\n<li>Esth\u00e9tiquement attrayante<\/li>\n<\/ul>\n<p>La sp\u00e9cification A588 CORTEN Weathering Steel Plate est principalement destin\u00e9e \u00e0 \u00eatre utilis\u00e9e dans des applications non peintes, lorsque des \u00e9conomies de poids ou une durabilit\u00e9 accrue sont importantes, ainsi qu'un cycle de vie plus long en raison de ses propri\u00e9t\u00e9s de r\u00e9sistance \u00e0 la corrosion et\/ou pour obtenir un aspect esth\u00e9tique agr\u00e9able.<\/p>\n<figure style=\"width: 650px\" class=\"wp-caption alignnone\"><a href=\"https:\/\/keweicorten.com\/fr\/produits\/\"><img fetchpriority=\"high\" decoding=\"async\" title=\"Plaque d&#039;acier r\u00e9sistant aux intemp\u00e9ries A588 CORTEN \" src=\"https:\/\/www.csteelindia.com\/images\/astm-a242-corten-plates.jpg\" alt=\"Acier Corten Plaque d&#039;acier Corten Acier r\u00e9sistant aux intemp\u00e9ries - vrogue.co\" width=\"650\" height=\"366\" \/><\/a><figcaption class=\"wp-caption-text\">Plaque d'acier r\u00e9sistant aux intemp\u00e9ries A588 CORTEN<\/figcaption><\/figure>\n<figure style=\"width: 650px\" class=\"wp-caption alignnone\"><a href=\"https:\/\/keweicorten.com\/fr\/nous-contacter\/\"><img decoding=\"async\" title=\"feuilles de corten\" src=\"https:\/\/www.cortensteels.com\/uploads\/202130314\/weathering-corten-steel-plate-a58823590722739.jpg\" alt=\"Plaque d&#039;acier Corten r\u00e9sistante aux intemp\u00e9ries A588 Fabricants, Fournisseurs ...\" width=\"650\" height=\"650\" \/><\/a><figcaption class=\"wp-caption-text\">feuilles de corten<\/figcaption><\/figure>\n<figure style=\"width: 650px\" class=\"wp-caption alignnone\"><a href=\"https:\/\/keweicorten.com\/fr\/produits\/\"><img decoding=\"async\" title=\"t\u00f4le d&#039;acier corten\" src=\"https:\/\/th.bing.com\/th\/id\/R.40d0e63328c61babd24d04e063856bdb?rik=NpoNYTQbDSmrgQ&amp;riu=http%3a%2f%2fwww.gescosteel.com%2fphoto%2fpt32409668-a387_gr_5_steel_plate_a387_pressure_vessel_plates_a387_hot_rolled_steel_sheet_10_mm_thickness_a387_11_alloy_steel_plate.jpg&amp;ehk=B1K4358OD3RHH2%2fZ8nb4DSuUIux5ccqh8DKyh0EV76Y%3d&amp;risl=&amp;pid=ImgRaw&amp;r=0\" alt=\"Plaque d&#039;acier A387 Gr.5 Plaques pour appareils \u00e0 pression A387 Plaques d&#039;acier lamin\u00e9 \u00e0 chaud ...\" width=\"650\" height=\"463\" \/><\/a><figcaption class=\"wp-caption-text\">t\u00f4le d'acier corten<\/figcaption><\/figure>","protected":false},"excerpt":{"rendered":"<p>La t\u00f4le d'acier Corten A588 est un autre type d'acier de construction \u00e0 haute r\u00e9sistance, faiblement alli\u00e9, offrant une meilleure r\u00e9sistance \u00e0 la corrosion atmosph\u00e9rique. Elle est souvent appel\u00e9e \"acier r\u00e9sistant aux intemp\u00e9ries\" et est largement utilis\u00e9e dans les applications ext\u00e9rieures en raison de sa capacit\u00e9 \u00e0 former une couche de rouille protectrice, similaire \u00e0 celle de l'ASTM A242.<\/p>","protected":false},"featured_media":1360,"comment_status":"open","ping_status":"closed","template":"","meta":{"_eb_attr":"","_monsterinsights_skip_tracking":false,"_monsterinsights_sitenote_active":false,"_monsterinsights_sitenote_note":"","_monsterinsights_sitenote_category":0,"_uf_show_specific_survey":0,"_uf_disable_surveys":false},"product_brand":[],"product_cat":[21],"product_tag":[],"class_list":{"0":"post-1359","1":"product","2":"type-product","3":"status-publish","4":"has-post-thumbnail","6":"product_cat-weather-resistant-steel-plate","8":"first","9":"instock","10":"shipping-taxable","11":"product-type-simple"},"_links":{"self":[{"href":"https:\/\/keweicorten.com\/fr\/wp-json\/wp\/v2\/product\/1359"}],"collection":[{"href":"https:\/\/keweicorten.com\/fr\/wp-json\/wp\/v2\/product"}],"about":[{"href":"https:\/\/keweicorten.com\/fr\/wp-json\/wp\/v2\/types\/product"}],"replies":[{"embeddable":true,"href":"https:\/\/keweicorten.com\/fr\/wp-json\/wp\/v2\/comments?post=1359"}],"version-history":[{"count":1,"href":"https:\/\/keweicorten.com\/fr\/wp-json\/wp\/v2\/product\/1359\/revisions"}],"predecessor-version":[{"id":1361,"href":"https:\/\/keweicorten.com\/fr\/wp-json\/wp\/v2\/product\/1359\/revisions\/1361"}],"wp:featuredmedia":[{"embeddable":true,"href":"https:\/\/keweicorten.com\/fr\/wp-json\/wp\/v2\/media\/1360"}],"wp:attachment":[{"href":"https:\/\/keweicorten.com\/fr\/wp-json\/wp\/v2\/media?parent=1359"}],"wp:term":[{"taxonomy":"product_brand","embeddable":true,"href":"https:\/\/keweicorten.com\/fr\/wp-json\/wp\/v2\/product_brand?post=1359"},{"taxonomy":"product_cat","embeddable":true,"href":"https:\/\/keweicorten.com\/fr\/wp-json\/wp\/v2\/product_cat?post=1359"},{"taxonomy":"product_tag","embeddable":true,"href":"https:\/\/keweicorten.com\/fr\/wp-json\/wp\/v2\/product_tag?post=1359"}],"curies":[{"name":"wp","href":"https:\/\/api.w.org\/{rel}","templated":true}]}}