{"id":1392,"date":"2024-09-25T07:11:51","date_gmt":"2024-09-25T07:11:51","guid":{"rendered":"https:\/\/keweicorten.com\/?post_type=product&#038;p=1392"},"modified":"2024-09-25T08:52:00","modified_gmt":"2024-09-25T08:52:00","slug":"acier-resistant-aux-intemperies-spa-h","status":"publish","type":"product","link":"https:\/\/keweicorten.com\/fr\/acier-resistant-aux-intemperies-spa-h\/","title":{"rendered":"Acier r\u00e9sistant aux intemp\u00e9ries SPA-H"},"content":{"rendered":"<div>\n<p>L'acier r\u00e9sistant aux intemp\u00e9ries SPA-H est un type d'acier r\u00e9sistant aux intemp\u00e9ries connu pour sa durabilit\u00e9 et sa r\u00e9sistance \u00e0 la corrosion. Il d\u00e9veloppe une couche de rouille protectrice lorsqu'il est expos\u00e9 aux \u00e9l\u00e9ments, ce qui aide \u00e0 pr\u00e9venir la corrosion et \u00e0 maintenir l'int\u00e9grit\u00e9 structurelle. Il est donc id\u00e9al pour les applications ext\u00e9rieures, telles que le mobilier, les sculptures et les \u00e9l\u00e9ments architecturaux. Cet acier SPA-H r\u00e9sistant aux intemp\u00e9ries pr\u00e9sente une excellente r\u00e9sistance \u00e0 la corrosion, peut conserver un aspect stable et une grande solidit\u00e9 pendant longtemps dans l'environnement ext\u00e9rieur, et convient parfaitement aux meubles d'ext\u00e9rieur, aux foyers et \u00e0 d'autres produits.<\/p>\n<\/div>\n<div class=\"pro_det_b_tabs_item_tt\">Donn\u00e9es techniques<\/div>\n<div class=\"pro_det_b_tabs_item_con\">\n<p><strong>SPA-H Composition chimique de l'acier r\u00e9sistant aux intemp\u00e9ries<\/strong><\/p>\n<div class=\"pro_page_table\">\n<table>\n<tbody>\n<tr>\n<td>Grade<\/td>\n<td>C \u2264<\/td>\n<td>Si<\/td>\n<td>Mn<\/td>\n<td>P<\/td>\n<td>S \u2264<\/td>\n<td>Cu<\/td>\n<td>Cr<\/td>\n<td>Ni \u2264<\/td>\n<\/tr>\n<tr>\n<td>SPA-H<\/td>\n<td>0.12<\/td>\n<td>0.25~0.75<\/td>\n<td>0.20~0.50<\/td>\n<td>0.070~0.150<\/td>\n<td>0.040<\/td>\n<td>0.25~0.60<\/td>\n<td>0.30~1.25<\/td>\n<td>0.65<\/td>\n<\/tr>\n<\/tbody>\n<\/table>\n<\/div>\n<p><strong>SPA-H Acier r\u00e9sistant aux intemp\u00e9ries - demande de propri\u00e9t\u00e9s de traction<\/strong><\/p>\n<div class=\"pro_page_table\">\n<table>\n<tbody>\n<tr>\n<td>Grade<\/td>\n<td>\u00c9paisseur de la plaque<\/td>\n<td>Limite d'\u00e9lasticit\u00e9<\/td>\n<td>R\u00e9sistance \u00e0 la traction<\/td>\n<td>\u00e9longation<\/td>\n<\/tr>\n<tr>\n<td>SPA-H<\/td>\n<td>\u2264 6.0mm<\/td>\n<td>\u2265 345 MPa<\/td>\n<td>\u2265 480 MPa<\/td>\n<td>\u2265 22<\/td>\n<\/tr>\n<tr>\n<td><\/td>\n<td>&gt; 6,0 mm<\/td>\n<td>\u2265 335 MPa<\/td>\n<td>\u2265 490 MPa<\/td>\n<td>\u2265 15<\/td>\n<\/tr>\n<\/tbody>\n<\/table>\n<\/div>\n<p>L'acier SPA-H peut \u00eatre livr\u00e9 lamin\u00e9 \u00e0 chaud, lamin\u00e9 \u00e0 froid, AR\/CR\/N\/TMCP\/T\/QT selon la demande du client.<\/p>\n<p><strong>Type d'acier apparent\u00e9<\/strong><\/p>\n<div class=\"pro_page_table\">\n<table>\n<tbody>\n<tr>\n<td>Type d'acier<\/td>\n<td>Standard<\/td>\n<td>Code pays<\/td>\n<td>C(%)<\/td>\n<td>Si(%)<\/td>\n<td>Mn(%)<\/td>\n<td>P(%)<\/td>\n<td>S(%)<\/td>\n<td>Cr(%)<\/td>\n<td>Cu(%)<\/td>\n<\/tr>\n<tr>\n<td>SPA-H<\/td>\n<td>4620<\/td>\n<td>CNS<\/td>\n<td>\u22660.12<\/td>\n<td>0.25-0.75<\/td>\n<td>0.20-0.50<\/td>\n<td>0.07-0.15<\/td>\n<td>\u22660.04<\/td>\n<td>0.30-1.25<\/td>\n<td>0.25-0.60<\/td>\n<\/tr>\n<tr>\n<td>SPA-H<\/td>\n<td>G3125<\/td>\n<td>JIS<\/td>\n<td>\u22660.12<\/td>\n<td>0.25-0.75<\/td>\n<td>0.20-0.50<\/td>\n<td>0.07-0.15<\/td>\n<td>\u22660.04<\/td>\n<td>0.30-1.25<\/td>\n<td>0.25-0.60<\/td>\n<\/tr>\n<tr>\n<td>Type1<\/td>\n<td>A242<\/td>\n<td>ASTM<\/td>\n<td>\u22660.15<\/td>\n<td><\/td>\n<td>\u22661.00<\/td>\n<td>\u22660.15<\/td>\n<td>\u22660.05<\/td>\n<td><\/td>\n<td>\u22670.20<\/td>\n<\/tr>\n<\/tbody>\n<\/table>\n<\/div>\n<div class=\"pro_page_table\">\n<table>\n<tbody>\n<tr>\n<td>Type d'acier<\/td>\n<td>Limite d'\u00e9lasticit\u00e9 (Mpa)<\/td>\n<td>Contrainte de traction (Mpa)<\/td>\n<td>\u00c9longation (%)<\/td>\n<td>\u00c9paisseur (mm)<\/td>\n<\/tr>\n<tr>\n<td>SPA-H<\/td>\n<td>\u2267345<\/td>\n<td>\u2267480<\/td>\n<td>\u226722<\/td>\n<td>\u22666.0<\/td>\n<\/tr>\n<tr>\n<td>SPA-H<\/td>\n<td>\u2267345<\/td>\n<td>\u2267480<\/td>\n<td>\u226722<\/td>\n<td>\u22666.0<\/td>\n<\/tr>\n<tr>\n<td>Type1<\/td>\n<td>\u2267345<\/td>\n<td>\u2267480<\/td>\n<td>\u226721<\/td>\n<td>\u226620.0<\/td>\n<\/tr>\n<\/tbody>\n<\/table>\n<p><a href=\"https:\/\/keweicorten.com\/fr\"><img fetchpriority=\"high\" decoding=\"async\" class=\"alignnone\" title=\"Acier r\u00e9sistant aux intemp\u00e9ries SPA-H \" src=\"https:\/\/www.gneesteels.com\/uploads\/201914713\/spa-h-hot-rolled-weather-resistant-steel26300479860.jpg\" alt=\"Acier r\u00e9sistant aux intemp\u00e9ries SPA-H Fournisseurs et fabricants - China Factory -shkw\" width=\"660\" height=\"660\" \/><\/a><\/p>\n<p><a href=\"https:\/\/keweicorten.com\/fr\/produits\/\"><img decoding=\"async\" class=\"alignnone\" title=\"Acier r\u00e9sistant aux intemp\u00e9ries SPA-H\" src=\"https:\/\/image.made-in-china.com\/2f0j00pefWQnNhnOrc\/SPA-H-S355j2wp-Weather-Resistant-Metal-Sheet-Corten-Hot-Rolled-Steel-Plate.jpg\" alt=\"Acier r\u00e9sistant aux intemp\u00e9ries SPA-H Fournisseurs et fabricants - China Factory\" width=\"660\" height=\"767\" \/><\/a><\/p>\n<\/div>\n<\/div>","protected":false},"excerpt":{"rendered":"<p>JIS G3125 SPA-H Acier corten,T\u00f4le d'acier SPA-H. Acier SPA-H faiblement alli\u00e9 \u00e0 haute r\u00e9sistance \u00e0 la corrosion atmosph\u00e9rique.<\/p>","protected":false},"featured_media":1393,"comment_status":"open","ping_status":"closed","template":"","meta":{"_eb_attr":"","_monsterinsights_skip_tracking":false,"_monsterinsights_sitenote_active":false,"_monsterinsights_sitenote_note":"","_monsterinsights_sitenote_category":0,"_uf_show_specific_survey":0,"_uf_disable_surveys":false},"product_brand":[],"product_cat":[21],"product_tag":[],"class_list":{"0":"post-1392","1":"product","2":"type-product","3":"status-publish","4":"has-post-thumbnail","6":"product_cat-weather-resistant-steel-plate","8":"first","9":"instock","10":"shipping-taxable","11":"product-type-simple"},"_links":{"self":[{"href":"https:\/\/keweicorten.com\/fr\/wp-json\/wp\/v2\/product\/1392"}],"collection":[{"href":"https:\/\/keweicorten.com\/fr\/wp-json\/wp\/v2\/product"}],"about":[{"href":"https:\/\/keweicorten.com\/fr\/wp-json\/wp\/v2\/types\/product"}],"replies":[{"embeddable":true,"href":"https:\/\/keweicorten.com\/fr\/wp-json\/wp\/v2\/comments?post=1392"}],"version-history":[{"count":2,"href":"https:\/\/keweicorten.com\/fr\/wp-json\/wp\/v2\/product\/1392\/revisions"}],"predecessor-version":[{"id":1395,"href":"https:\/\/keweicorten.com\/fr\/wp-json\/wp\/v2\/product\/1392\/revisions\/1395"}],"wp:featuredmedia":[{"embeddable":true,"href":"https:\/\/keweicorten.com\/fr\/wp-json\/wp\/v2\/media\/1393"}],"wp:attachment":[{"href":"https:\/\/keweicorten.com\/fr\/wp-json\/wp\/v2\/media?parent=1392"}],"wp:term":[{"taxonomy":"product_brand","embeddable":true,"href":"https:\/\/keweicorten.com\/fr\/wp-json\/wp\/v2\/product_brand?post=1392"},{"taxonomy":"product_cat","embeddable":true,"href":"https:\/\/keweicorten.com\/fr\/wp-json\/wp\/v2\/product_cat?post=1392"},{"taxonomy":"product_tag","embeddable":true,"href":"https:\/\/keweicorten.com\/fr\/wp-json\/wp\/v2\/product_tag?post=1392"}],"curies":[{"name":"wp","href":"https:\/\/api.w.org\/{rel}","templated":true}]}}