{"id":1396,"date":"2024-09-25T08:14:45","date_gmt":"2024-09-25T08:14:45","guid":{"rendered":"https:\/\/keweicorten.com\/?post_type=product&#038;p=1396"},"modified":"2024-09-25T08:51:21","modified_gmt":"2024-09-25T08:51:21","slug":"acier-a-haute-teneur-en-q450nqr1","status":"publish","type":"product","link":"https:\/\/keweicorten.com\/fr\/acier-a-haute-teneur-en-q450nqr1\/","title":{"rendered":"acier \u00e0 haute teneur en q450nqr1"},"content":{"rendered":"<p>L'acier High q450nqr1 est un type d'acier r\u00e9sistant aux intemp\u00e9ries con\u00e7u pour \u00eatre utilis\u00e9 dans les structures ext\u00e9rieures. Il offre une bonne r\u00e9sistance \u00e0 la corrosion gr\u00e2ce \u00e0 sa capacit\u00e9 \u00e0 former une couche de rouille protectrice lorsqu'il est expos\u00e9 aux conditions atmosph\u00e9riques, ce qui contribue \u00e0 prolonger sa dur\u00e9e de vie. Cet acier est souvent utilis\u00e9 dans des applications telles que les ponts, les b\u00e2timents et les sculptures ext\u00e9rieures.<\/p>\n<p style=\"font-weight: 400;\">Caract\u00e9ristiques techniques des T\u00d4LES D'ACIER TB\/T 1979 Q450NQR1<\/p>\n<table style=\"font-weight: 400;\">\n<tbody>\n<tr>\n<td colspan=\"4\">Propri\u00e9t\u00e9s m\u00e9caniques de la plaque d'acier Q450NQR1<\/td>\n<\/tr>\n<tr>\n<td>\u00c9paisseur (mm)<\/td>\n<td>Limite d'\u00e9lasticit\u00e9 (\u2265Mpa)<\/td>\n<td>R\u00e9sistance \u00e0 la traction (Mpa)<\/td>\n<td>\u00c9longation % \u2265<\/td>\n<\/tr>\n<tr>\n<td>T\u22646<\/td>\n<td rowspan=\"3\">450<\/td>\n<td rowspan=\"3\">550<\/td>\n<td>22<\/td>\n<\/tr>\n<tr>\n<td>6&lt;T\u226414<\/td>\n<td>20<\/td>\n<\/tr>\n<tr>\n<td>14&lt;T\u226420<\/td>\n<td>19<\/td>\n<\/tr>\n<\/tbody>\n<\/table>\n<p>appliquer<br \/>\n1) Centrale thermique<br \/>\n2) D\u00e9p\u00f4t de charbon.<br \/>\n3) Cimenterie<br \/>\n4) Machines de chargement<br \/>\n5) Machines d'exploitation mini\u00e8re<br \/>\n6) Machines de construction<br \/>\n7) Machines m\u00e9tallurgiques<\/p>\n<table>\n<tbody>\n<tr>\n<td><b>Qualit\u00e9 de l'acier :<\/b><\/td>\n<td>09CuPCrNi-A, Q450NQR1, SPA-H B480GNQR, Q345NQR2, Q355GNHD, Q355NH , 09CuP,S355J2WP<br \/>\nMonel 600\/625\/718\/725<\/td>\n<\/tr>\n<tr>\n<td><b>Standard :<\/b><\/td>\n<td>GB,ASME,ASTM,JIS,BS<\/td>\n<\/tr>\n<tr>\n<td><b>\u00c9paisseur :<\/b><\/td>\n<td>1.0-300mm<\/td>\n<\/tr>\n<tr>\n<td><b>Largeur :<\/b><\/td>\n<td>100-4500mm, ou selon la demande sp\u00e9ciale du client<\/td>\n<\/tr>\n<tr>\n<td><b>Longueur :<\/b><\/td>\n<td>1-20 m\u00e8tres, ou selon la demande sp\u00e9ciale du client<\/td>\n<\/tr>\n<tr>\n<td><b>Paquet :<\/b><\/td>\n<td>Paquet standard pour l'exportation<\/td>\n<\/tr>\n<tr>\n<td><b>Application :<\/b><\/td>\n<td>1. les industries des machines et des appareils \u00e0 pression.<br \/>\n2. construction navale, construction m\u00e9canique.<br \/>\n3. automobile, ponts, b\u00e2timents.<br \/>\n4. fabrication m\u00e9canique, dalles de chauss\u00e9e, etc.<\/td>\n<\/tr>\n<tr>\n<td><b>Moulin MTC :<\/b><\/td>\n<td>Fourni avant l'exp\u00e9dition<\/td>\n<\/tr>\n<tr>\n<td><b>Inspection :<\/b><\/td>\n<td>L'inspection par une tierce partie peut \u00eatre accept\u00e9e, SGS, BV, TUV.<\/td>\n<\/tr>\n<tr>\n<td><b>Port de montage :<\/b><\/td>\n<td>Tout port en Chine<\/td>\n<\/tr>\n<tr>\n<td><b>Terme du commerce :<\/b><\/td>\n<td>FOB, CIF, CFR, EXW, etc.<\/td>\n<\/tr>\n<tr>\n<td><b>Dur\u00e9e du prix :<\/b><\/td>\n<td>TT ou LC \u00e0 vue<\/td>\n<\/tr>\n<tr>\n<td><b>Nos services :<\/b><\/td>\n<td>Nous pouvons couper et plier les t\u00f4les d'acier selon la demande ou le dessin du client, l'emballage selon la demande du client.<\/td>\n<\/tr>\n<\/tbody>\n<\/table>\n<p><img fetchpriority=\"high\" decoding=\"async\" class=\"\" src=\"https:\/\/th.bing.com\/th\/id\/OIP.cuuVN_PKBjrQa4SYwoQCpwHaHa?rs=1&amp;pid=ImgDetMain\" alt=\"Plaque d&#039;acier r\u00e9sistant aux intemp\u00e9ries Q450NQR1 - Shandong Kuaima Steel Co.\" width=\"522\" height=\"522\" \/><\/p>\n<p><img decoding=\"async\" src=\"https:\/\/www.researchgate.net\/publication\/378755215\/figure\/tbl1\/AS:11431281227659895@1709733620825\/Chemical-composition-of-Q450NQR1-high-strength-weathering-steel-and-HTW-55.png\" alt=\"Composition chimique de l&#039;acier \u00e0 haute r\u00e9sistance aux intemp\u00e9ries Q450NQR1 et HTW-55.\" \/><\/p>\n<div class=\"nova-legacy-o-stack nova-legacy-o-stack--gutter-s nova-legacy-o-stack--spacing-none nova-legacy-o-stack--no-gutter-outside figure-details-image\">\n<div class=\"nova-legacy-o-stack__item\">\n<p class=\"nova-legacy-e-text nova-legacy-e-text--size-m nova-legacy-e-text--family-display nova-legacy-e-text--spacing-none nova-legacy-e-text--color-inherit\">Composition chimique de l'acier \u00e0 haute r\u00e9sistance aux intemp\u00e9ries Q450NQR1 et HTW-55.<\/p>\n<p><img decoding=\"async\" class=\"\" src=\"https:\/\/sc02.alicdn.com\/kf\/Hb877ac80a07643c090166781b8ac95cbB\/228156491\/Hb877ac80a07643c090166781b8ac95cbB.jpg\" width=\"522\" height=\"522\" \/><\/p>\n<\/div>\n<\/div>","protected":false},"excerpt":{"rendered":"<p>La plaque d'acier r\u00e9sistant \u00e0 l'usure est compos\u00e9e de deux parties : la plaque d'acier \u00e0 faible teneur en carbone et la couche d'alliage r\u00e9sistant \u00e0 l'usure. La couche d'alliage r\u00e9sistant \u00e0 l'usure repr\u00e9sente g\u00e9n\u00e9ralement 1 \/ 3~1 \/ 2 de l'\u00e9paisseur totale. Lors du travail, la matrice fournit les performances globales telles que la r\u00e9sistance, la t\u00e9nacit\u00e9 et la plasticit\u00e9, et la couche d'alliage r\u00e9sistant \u00e0 l'usure fournit la r\u00e9sistance \u00e0 l'usure pour r\u00e9pondre aux exigences des conditions de travail sp\u00e9cifi\u00e9es.<\/p>","protected":false},"featured_media":1397,"comment_status":"open","ping_status":"closed","template":"","meta":{"_eb_attr":"","_monsterinsights_skip_tracking":false,"_monsterinsights_sitenote_active":false,"_monsterinsights_sitenote_note":"","_monsterinsights_sitenote_category":0,"_uf_show_specific_survey":0,"_uf_disable_surveys":false},"product_brand":[],"product_cat":[21],"product_tag":[],"class_list":{"0":"post-1396","1":"product","2":"type-product","3":"status-publish","4":"has-post-thumbnail","6":"product_cat-weather-resistant-steel-plate","8":"first","9":"instock","10":"shipping-taxable","11":"product-type-simple"},"_links":{"self":[{"href":"https:\/\/keweicorten.com\/fr\/wp-json\/wp\/v2\/product\/1396"}],"collection":[{"href":"https:\/\/keweicorten.com\/fr\/wp-json\/wp\/v2\/product"}],"about":[{"href":"https:\/\/keweicorten.com\/fr\/wp-json\/wp\/v2\/types\/product"}],"replies":[{"embeddable":true,"href":"https:\/\/keweicorten.com\/fr\/wp-json\/wp\/v2\/comments?post=1396"}],"version-history":[{"count":1,"href":"https:\/\/keweicorten.com\/fr\/wp-json\/wp\/v2\/product\/1396\/revisions"}],"predecessor-version":[{"id":1398,"href":"https:\/\/keweicorten.com\/fr\/wp-json\/wp\/v2\/product\/1396\/revisions\/1398"}],"wp:featuredmedia":[{"embeddable":true,"href":"https:\/\/keweicorten.com\/fr\/wp-json\/wp\/v2\/media\/1397"}],"wp:attachment":[{"href":"https:\/\/keweicorten.com\/fr\/wp-json\/wp\/v2\/media?parent=1396"}],"wp:term":[{"taxonomy":"product_brand","embeddable":true,"href":"https:\/\/keweicorten.com\/fr\/wp-json\/wp\/v2\/product_brand?post=1396"},{"taxonomy":"product_cat","embeddable":true,"href":"https:\/\/keweicorten.com\/fr\/wp-json\/wp\/v2\/product_cat?post=1396"},{"taxonomy":"product_tag","embeddable":true,"href":"https:\/\/keweicorten.com\/fr\/wp-json\/wp\/v2\/product_tag?post=1396"}],"curies":[{"name":"wp","href":"https:\/\/api.w.org\/{rel}","templated":true}]}}