{"id":1430,"date":"2024-09-25T09:03:21","date_gmt":"2024-09-25T09:03:21","guid":{"rendered":"https:\/\/keweicorten.com\/?post_type=product&#038;p=1430"},"modified":"2024-09-25T09:03:21","modified_gmt":"2024-09-25T09:03:21","slug":"tole-dacier-corten-laminee-a-froid-3mm-astm-a242-a588","status":"publish","type":"product","link":"https:\/\/keweicorten.com\/fr\/tole-dacier-corten-laminee-a-froid-3mm-astm-a242-a588\/","title":{"rendered":"T\u00f4le d'acier corten lamin\u00e9e \u00e0 froid 3mm ASTM A242 A588"},"content":{"rendered":"<p>Les t\u00f4les d'acier Corten lamin\u00e9es \u00e0 froid 3mm ASTM A242 A588, comme celles fabriqu\u00e9es \u00e0 partir de l'ASTM A242 ou A588, sont connues pour leurs propri\u00e9t\u00e9s de r\u00e9sistance aux intemp\u00e9ries, qui leur permettent de d\u00e9velopper une patine de rouille protectrice au fil du temps. Elles conviennent donc aux applications ext\u00e9rieures, telles que les fa\u00e7ades architecturales, les sculptures et les \u00e9l\u00e9ments de jardin.<\/p>\n<p>Lorsque vous recherchez des t\u00f4les d'acier corten lamin\u00e9es \u00e0 froid de 3 mm ASTM A242 A588, tenez compte des \u00e9l\u00e9ments suivants :<\/p>\n<ol>\n<li><strong>\u00c9paisseur<\/strong>: Assurez-vous que l'\u00e9paisseur de 3 mm r\u00e9pond aux exigences de votre projet.<\/li>\n<li><strong>Finition<\/strong>: Les t\u00f4les lamin\u00e9es \u00e0 froid ont g\u00e9n\u00e9ralement une finition lisse, mais v\u00e9rifiez si vous avez besoin d'un traitement de surface sp\u00e9cifique.<\/li>\n<li><strong>Fournisseur<\/strong>: S'approvisionner aupr\u00e8s de fournisseurs r\u00e9put\u00e9s qui peuvent certifier la qualit\u00e9 du mat\u00e9riau.<\/li>\n<li><strong>Fabrication<\/strong>: Si vous avez besoin de formes ou de tailles personnalis\u00e9es, v\u00e9rifiez que le fournisseur peut r\u00e9pondre \u00e0 vos besoins de fabrication.<\/li>\n<\/ol>\n<div class=\"list-item\"><span class=\"column\">Grade: :<\/span>\u00a0<span class=\"value\">A588, Q235NH,Q335GNH,SPA-H,09CuPCrNi-A<\/span><\/div>\n<div class=\"list-item\"><span class=\"column\">Type: :<\/span>\u00a0<span class=\"value\">T\u00f4le d'acier<\/span><\/div>\n<div class=\"list-item\"><span class=\"column\">Service de traitement: :<\/span>\u00a0<span class=\"value\">Pliage, soudage, d\u00e9cochage, d\u00e9coupage, poin\u00e7onnage<\/span><\/div>\n<div class=\"list-item\"><span class=\"column\">Couleur: :<\/span>\u00a0<span class=\"value\">Clients \u00c9chantillons Couleur<\/span><\/div>\n<div class=\"list-item\"><span class=\"column\">Nom: :<\/span>\u00a0<span class=\"value\">T\u00f4le d'acier r\u00e9sistant aux intemp\u00e9ries<\/span><\/div>\n<div>\n<table border=\"1\" cellspacing=\"0\" cellpadding=\"0\">\n<tbody>\n<tr>\n<td colspan=\"2\"><strong>Sp\u00e9cification des plaques d'acier Corten<\/strong><\/td>\n<\/tr>\n<tr>\n<td>\n<p>Standard<\/p>\n<p>Grade<\/td>\n<td>ASTM : Corten A ; Corten B ; A588Gr.A\/Gr.B\/Gr.C\/ Gr.K ; A242 ; A606 Type 4 ; A709 Gr 50W ;<br \/>\nEN10025 : S235J0W ; S235J2W ; S355J0W ; S355J2W ; S355K2W ; S355J0WP ; S355J2WP ; S355J2G1W ; S355J2G2W ; S355K2G1W, S355K2G2W ;<br \/>\nJIS G3114 : SMA400AW ; SMA400BW ; SMA400CW ; SMA490AW ; SMA490BW ; SMA490CW ; SMA570W ; SMA570P ;<br \/>\nJIS G3125 : SPA-H ; SPA-C ;<br \/>\nGB\/T 4171 : Q235NH ; Q265GNH ; Q310GNH ; Q295NH ; Q295GNH ; Q355NH ; Q355GNH ; Q415NH ; Q460NH ; 1500NH ; Q550NH ;<br \/>\nTB\/T 1979 : 09CuPCrNi-A ; 09CuCrNi-B ; 05CuPCrNi ;<br \/>\nQ\/BQB 340 : B460NQR ; B490NQR ; B480GNQR ; B600GNQR ;<\/td>\n<\/tr>\n<tr>\n<td>\u00c9paisseur<\/td>\n<td>Laminage \u00e0 froid 0,5-2 mm Laminage \u00e0 chaud 2-300 mm (2-100 mm g\u00e9n\u00e9ralement utilis\u00e9s)<\/td>\n<\/tr>\n<tr>\n<td>Largeur<\/td>\n<td>1000-3000mm (1000-2200mm g\u00e9n\u00e9ralement utilis\u00e9s)<\/td>\n<\/tr>\n<tr>\n<td>Longueur<\/td>\n<td>1000-12000mm ou selon votre demande<\/td>\n<\/tr>\n<tr>\n<td>Surface<\/td>\n<td>Nettoyage, finition, sablage et peinture selon les exigences du client<\/td>\n<\/tr>\n<tr>\n<td>Livraison<br \/>\n\u00c9tats<\/td>\n<td>Laminage \u00e0 chaud, laminage contr\u00f4l\u00e9, normalisation, recuit, trempe,<br \/>\nLes \u00e9tats de trempe, N+T, Q+T et autres \u00e9tats de livraison sont disponibles selon les besoins.<\/td>\n<\/tr>\n<tr>\n<td>Certificat<\/td>\n<td>API, ISO, SGS, BV, CE, etc.<\/td>\n<\/tr>\n<tr>\n<td>Qualit\u00e9<\/td>\n<td>Le MTC sera fourni avec les marchandises, l'inspection par une tierce partie est acceptable, par exemple : BV, SGS.<\/td>\n<\/tr>\n<tr>\n<td>Paquet<\/td>\n<td>Emballage maritime d'exportation standard, adapt\u00e9 \u00e0 tous les types de transport, ou selon les besoins.<\/td>\n<\/tr>\n<tr>\n<td rowspan=\"2\">Conteneur<br \/>\nTaille<\/td>\n<td>20ft GP:5898mm(Length)x2352mm(Width)x2393mm(High)<\/td>\n<\/tr>\n<tr>\n<td>40ft GP:12032mm(Length)x2352mm(Width)x2393mm(High)<\/td>\n<\/tr>\n<tr>\n<td>Terme du commerce<\/td>\n<td>Ex-Work, FOB, CNF, CFR, CIF, etc.<\/td>\n<\/tr>\n<\/tbody>\n<\/table>\n<figure style=\"width: 700px\" class=\"wp-caption alignnone\"><a href=\"https:\/\/keweicorten.com\/fr\/nous-contacter\/\"><img fetchpriority=\"high\" decoding=\"async\" title=\"personnalis\u00e9, en gros, bon march\u00e9, \u00e0 vendre\" src=\"https:\/\/image.made-in-china.com\/2f0j00NtIbWYrKqUzp\/Hot-Rolling-Cold-Rolling-A588-JIS-ASTM-Weathering-Steel-Corten-High-Carbon-Wear-Steel-Plate-Sheet-Garden-Screen-Art-Corten-Steel-M2-Weather-Resistant.jpg\" alt=\"T\u00f4le d&#039;acier corten lamin\u00e9e \u00e0 froid 3mm ASTM A242 A588\/personnalis\u00e9e, grossiste, bon march\u00e9, \u00e0 vendre\" width=\"700\" height=\"700\" \/><\/a><figcaption class=\"wp-caption-text\">personnalis\u00e9, en gros, bon march\u00e9, \u00e0 vendre<\/figcaption><\/figure>\n<p><a href=\"https:\/\/keweicorten.com\/fr\"><img decoding=\"async\" class=\"alignnone\" title=\"T\u00f4le d&#039;acier Corten r\u00e9sistante aux intemp\u00e9ries lamin\u00e9e \u00e0 froid 3mm ASTM A242 A588\" src=\"https:\/\/img.diytrade.com\/smimg\/2946788\/49611397-11931654-0\/astm_a242_a588_alloy_steel_sheet_astm_a242_corten_steel_plate\/e1e0.jpg\" alt=\"T\u00f4le d&#039;acier Corten r\u00e9sistante aux intemp\u00e9ries lamin\u00e9e \u00e0 froid 3mm ASTM A242 A588 sur mesure, en gros, bon march\u00e9, \u00e0 vendre\" width=\"699\" height=\"699\" \/><\/a><\/p>\n<\/div>","protected":false},"excerpt":{"rendered":"<div class=\"list-item\"><span class=\"column\">Technique: :<\/span>\u00a0<span class=\"value\">Lamin\u00e9s \u00e0 chaud<\/span><\/div>\n<div class=\"list-item\"><span class=\"column\">Traitement de surface: :<\/span>\u00a0<span class=\"value\">Nettoyage ou selon les besoins<\/span><\/div>\n<div class=\"list-item\"><span class=\"column\">Application: :<\/span>\u00a0<span class=\"value\">D\u00e9coration ext\u00e9rieure, chemin de fer, tour<\/span><\/div>\n<div class=\"list-item\"><span class=\"column\">Largeur: :<\/span>\u00a0<span class=\"value\">0,6-3m ou selon les besoins<\/span><\/div>\n<div class=\"list-item\"><span class=\"column\">Longueur: :<\/span>\u00a0<span class=\"value\">1-12m ou selon les besoins<\/span><\/div>\n<div class=\"list-item\"><span class=\"column\">Tol\u00e9rance: :<\/span>\u00a0<span class=\"value\">\u00b11%<\/span><\/div>\n<div>\n<div class=\"list-item\"><span class=\"column\">Lieu d'origine: :<\/span>\u00a0<span class=\"value\">Chine<\/span><\/div>\n<div class=\"list-item\"><\/div>\n<\/div>","protected":false},"featured_media":1431,"comment_status":"open","ping_status":"closed","template":"","meta":{"_eb_attr":"","_monsterinsights_skip_tracking":false,"_monsterinsights_sitenote_active":false,"_monsterinsights_sitenote_note":"","_monsterinsights_sitenote_category":0,"_uf_show_specific_survey":0,"_uf_disable_surveys":false},"product_brand":[],"product_cat":[21],"product_tag":[],"class_list":{"0":"post-1430","1":"product","2":"type-product","3":"status-publish","4":"has-post-thumbnail","6":"product_cat-weather-resistant-steel-plate","8":"first","9":"instock","10":"shipping-taxable","11":"product-type-simple"},"_links":{"self":[{"href":"https:\/\/keweicorten.com\/fr\/wp-json\/wp\/v2\/product\/1430"}],"collection":[{"href":"https:\/\/keweicorten.com\/fr\/wp-json\/wp\/v2\/product"}],"about":[{"href":"https:\/\/keweicorten.com\/fr\/wp-json\/wp\/v2\/types\/product"}],"replies":[{"embeddable":true,"href":"https:\/\/keweicorten.com\/fr\/wp-json\/wp\/v2\/comments?post=1430"}],"version-history":[{"count":1,"href":"https:\/\/keweicorten.com\/fr\/wp-json\/wp\/v2\/product\/1430\/revisions"}],"predecessor-version":[{"id":1432,"href":"https:\/\/keweicorten.com\/fr\/wp-json\/wp\/v2\/product\/1430\/revisions\/1432"}],"wp:featuredmedia":[{"embeddable":true,"href":"https:\/\/keweicorten.com\/fr\/wp-json\/wp\/v2\/media\/1431"}],"wp:attachment":[{"href":"https:\/\/keweicorten.com\/fr\/wp-json\/wp\/v2\/media?parent=1430"}],"wp:term":[{"taxonomy":"product_brand","embeddable":true,"href":"https:\/\/keweicorten.com\/fr\/wp-json\/wp\/v2\/product_brand?post=1430"},{"taxonomy":"product_cat","embeddable":true,"href":"https:\/\/keweicorten.com\/fr\/wp-json\/wp\/v2\/product_cat?post=1430"},{"taxonomy":"product_tag","embeddable":true,"href":"https:\/\/keweicorten.com\/fr\/wp-json\/wp\/v2\/product_tag?post=1430"}],"curies":[{"name":"wp","href":"https:\/\/api.w.org\/{rel}","templated":true}]}}