{"id":1444,"date":"2024-09-26T02:26:55","date_gmt":"2024-09-26T02:26:55","guid":{"rendered":"https:\/\/keweicorten.com\/?post_type=product&#038;p=1444"},"modified":"2024-09-26T02:26:55","modified_gmt":"2024-09-26T02:26:55","slug":"exterieur-tri-des-dechets-poubelles","status":"publish","type":"product","link":"https:\/\/keweicorten.com\/fr\/exterieur-tri-des-dechets-poubelles\/","title":{"rendered":"Ext\u00e9rieur Tri des d\u00e9chets Poubelles"},"content":{"rendered":"<p>La poubelle de tri des d\u00e9chets en ext\u00e9rieur est un \u00e9quipement d'\u00e9limination des d\u00e9chets sp\u00e9cialement con\u00e7u pour l'environnement ext\u00e9rieur, qui vise \u00e0 promouvoir le tri et le recyclage des d\u00e9chets, \u00e0 r\u00e9duire la pollution de l'environnement et \u00e0 am\u00e9liorer l'environnement \u00e9cologique urbain. Voici quelques applications et avantages des poubelles de tri ext\u00e9rieur :<\/p>\n<h2>\u00a0Champ d'application :<\/h2>\n<ul>\n<li>Parcs et sites pittoresques : des seaux de tri des d\u00e9chets sont install\u00e9s dans des lieux publics tels que les parcs et les sites pittoresques afin d'aider les touristes \u00e0 d\u00e9poser leurs d\u00e9chets et d'am\u00e9liorer la sensibilisation \u00e0 la classification des d\u00e9chets.<\/li>\n<li>Rues urbaines : situ\u00e9es dans des zones dens\u00e9ment peupl\u00e9es, telles que les rues principales et les quartiers commerciaux de la ville, afin de faciliter le tri des d\u00e9chets par les citoyens et de maintenir la propret\u00e9 de la ville.<\/li>\n<li>Campus : Installer des poubelles dans l'\u00e9cole afin d'\u00e9duquer les \u00e9l\u00e8ves \u00e0 prendre l'habitude de classer les d\u00e9chets d\u00e8s l'enfance.<\/li>\n<li>Communaut\u00e9 : mise en place dans les zones r\u00e9sidentielles pour encourager les habitants \u00e0 participer \u00e0 la classification des d\u00e9chets et am\u00e9liorer la sant\u00e9 environnementale de la communaut\u00e9.<\/li>\n<li>Stations de transport public : Install\u00e9es dans les gares routi\u00e8res, les stations de m\u00e9tro et d'autres centres de transport, elles permettent aux passagers de classer et d'\u00e9liminer leurs d\u00e9chets.<\/li>\n<\/ul>\n<h2>Avantages des poubelles ext\u00e9rieures pour le tri des d\u00e9chets<\/h2>\n<ul>\n<li>Protection de l'environnement et d\u00e9veloppement durable : Promouvoir le recyclage et la r\u00e9utilisation des articles recyclables en les classant afin de r\u00e9duire la pression sur l'environnement.<\/li>\n<li>\u00a0Sensibilisation du public : sensibiliser le public \u00e0 l'importance de la classification des d\u00e9chets et le sensibiliser \u00e0 la protection de l'environnement.<\/li>\n<li>Embellir l'environnement : Les poubelles class\u00e9es ont g\u00e9n\u00e9ralement un beau design, ce qui peut am\u00e9liorer l'aspect de la ville et r\u00e9duire l'impact des d\u00e9chets sur l'environnement.<\/li>\n<li>R\u00e9duire les co\u00fbts de gestion : une classification efficace des d\u00e9chets peut r\u00e9duire le co\u00fbt de l'\u00e9limination des d\u00e9chets et am\u00e9liorer l'efficacit\u00e9 de la classification et de l'\u00e9limination des d\u00e9chets.<\/li>\n<li>Conception diversifi\u00e9e : les bennes \u00e0 ordures modernes pr\u00e9sentent souvent une vari\u00e9t\u00e9 de couleurs et de logos afin de permettre au public d'identifier plus facilement les diff\u00e9rentes cat\u00e9gories d'ordures.<\/li>\n<\/ul>\n<table class=\"table\" border=\"1\" cellspacing=\"1\" cellpadding=\"1\">\n<tbody>\n<tr>\n<td colspan=\"1\" rowspan=\"1\">\n<div class=\"magic-5\"><strong>Nom du produit<\/strong><\/div>\n<\/td>\n<td colspan=\"1\" rowspan=\"1\">\n<div class=\"magic-7\">Poubelle d'ext\u00e9rieur publique et commerciale en acier Corten pour le tri des d\u00e9chets, le recyclage et la liti\u00e8re en m\u00e9tal<\/div>\n<\/td>\n<\/tr>\n<tr>\n<td colspan=\"1\" rowspan=\"1\">\n<div class=\"magic-5\"><strong>Mat\u00e9riau<\/strong><\/div>\n<\/td>\n<td colspan=\"1\" rowspan=\"1\">\n<div class=\"magic-7\">Acier corten<\/div>\n<\/td>\n<\/tr>\n<tr>\n<td colspan=\"1\" rowspan=\"1\">\n<div class=\"magic-5\"><strong>Taille<\/strong><\/div>\n<\/td>\n<td colspan=\"1\" rowspan=\"1\">\n<div class=\"magic-7\">Soutien personnalis\u00e9<\/div>\n<\/td>\n<\/tr>\n<tr>\n<td colspan=\"1\" rowspan=\"1\">\n<div class=\"magic-5\"><strong>\u00c9paisseur<\/strong><\/div>\n<\/td>\n<td colspan=\"1\" rowspan=\"1\">\n<div class=\"magic-7\">2-10mm<\/div>\n<\/td>\n<\/tr>\n<tr>\n<td colspan=\"1\" rowspan=\"1\">\n<div class=\"magic-5\"><strong>Finition<\/strong><\/div>\n<\/td>\n<td colspan=\"1\" rowspan=\"1\">\n<div class=\"magic-7\">Traitement contre la corrosion, traitement de durcissement<\/div>\n<\/td>\n<\/tr>\n<tr>\n<td colspan=\"1\" rowspan=\"1\">\n<div class=\"magic-5\"><strong>Caract\u00e9ristiques<\/strong><\/div>\n<\/td>\n<td colspan=\"1\" rowspan=\"1\">\n<div class=\"magic-7\">Antirouille, \u00e9tanche<\/div>\n<\/td>\n<\/tr>\n<tr>\n<td colspan=\"1\" rowspan=\"1\">\n<div class=\"magic-5\"><strong>Utilisation<\/strong><\/div>\n<\/td>\n<td colspan=\"1\" rowspan=\"1\">\n<div class=\"magic-7\">Rue\/parc\/jardin\/ext\u00e9rieur\/commercial\/espace public<\/div>\n<\/td>\n<\/tr>\n<tr>\n<td colspan=\"1\" rowspan=\"1\">\n<div class=\"magic-5\"><strong>D\u00e9lai de paiement<\/strong><\/div>\n<\/td>\n<td colspan=\"1\" rowspan=\"1\">\n<div class=\"magic-7\">T\/T, L\/C, Western Union, Money gram<\/div>\n<\/td>\n<\/tr>\n<\/tbody>\n<\/table>\n<figure style=\"width: 579px\" class=\"wp-caption alignnone\"><a href=\"https:\/\/keweicorten.com\/fr\"><img fetchpriority=\"high\" decoding=\"async\" title=\"Ext\u00e9rieur Tri des d\u00e9chets Poubelles\" src=\"https:\/\/www.keweistove.com\/uploads\/39684\/products\/20240412101431acc66.png?size=523x0\" alt=\"Poubelles pour le tri des d\u00e9chets en ext\u00e9rieur - usine, Chine, prix, fabricants, fournisseurs, sur mesure, grossiste, pas cher, en vente, en stock.\" width=\"579\" height=\"581\" \/><\/a><figcaption class=\"wp-caption-text\">Ext\u00e9rieur Tri des d\u00e9chets Poubelles<\/figcaption><\/figure>","protected":false},"excerpt":{"rendered":"<p>Les poubelles ext\u00e9rieures jouent un r\u00f4le important dans la gestion urbaine, la protection de l'environnement et l'\u00e9ducation du public. Gr\u00e2ce \u00e0 une mise en place et \u00e0 une utilisation raisonnables, elles am\u00e9liorent non seulement l'efficacit\u00e9 de la classification des d\u00e9chets, mais deviennent \u00e9galement un symbole important de la civilisation urbaine et de la protection de l'environnement.<\/p>","protected":false},"featured_media":1445,"comment_status":"open","ping_status":"closed","template":"","meta":{"_eb_attr":"","_monsterinsights_skip_tracking":false,"_monsterinsights_sitenote_active":false,"_monsterinsights_sitenote_note":"","_monsterinsights_sitenote_category":0,"_uf_show_specific_survey":0,"_uf_disable_surveys":false},"product_brand":[],"product_cat":[23],"product_tag":[],"class_list":{"0":"post-1444","1":"product","2":"type-product","3":"status-publish","4":"has-post-thumbnail","6":"product_cat-patio-furniture","8":"first","9":"instock","10":"shipping-taxable","11":"product-type-simple"},"_links":{"self":[{"href":"https:\/\/keweicorten.com\/fr\/wp-json\/wp\/v2\/product\/1444"}],"collection":[{"href":"https:\/\/keweicorten.com\/fr\/wp-json\/wp\/v2\/product"}],"about":[{"href":"https:\/\/keweicorten.com\/fr\/wp-json\/wp\/v2\/types\/product"}],"replies":[{"embeddable":true,"href":"https:\/\/keweicorten.com\/fr\/wp-json\/wp\/v2\/comments?post=1444"}],"version-history":[{"count":1,"href":"https:\/\/keweicorten.com\/fr\/wp-json\/wp\/v2\/product\/1444\/revisions"}],"predecessor-version":[{"id":1449,"href":"https:\/\/keweicorten.com\/fr\/wp-json\/wp\/v2\/product\/1444\/revisions\/1449"}],"wp:featuredmedia":[{"embeddable":true,"href":"https:\/\/keweicorten.com\/fr\/wp-json\/wp\/v2\/media\/1445"}],"wp:attachment":[{"href":"https:\/\/keweicorten.com\/fr\/wp-json\/wp\/v2\/media?parent=1444"}],"wp:term":[{"taxonomy":"product_brand","embeddable":true,"href":"https:\/\/keweicorten.com\/fr\/wp-json\/wp\/v2\/product_brand?post=1444"},{"taxonomy":"product_cat","embeddable":true,"href":"https:\/\/keweicorten.com\/fr\/wp-json\/wp\/v2\/product_cat?post=1444"},{"taxonomy":"product_tag","embeddable":true,"href":"https:\/\/keweicorten.com\/fr\/wp-json\/wp\/v2\/product_tag?post=1444"}],"curies":[{"name":"wp","href":"https:\/\/api.w.org\/{rel}","templated":true}]}}