{"id":1450,"date":"2024-09-26T02:48:17","date_gmt":"2024-09-26T02:48:17","guid":{"rendered":"https:\/\/keweicorten.com\/?post_type=product&#038;p=1450"},"modified":"2025-01-15T06:22:41","modified_gmt":"2025-01-15T06:22:41","slug":"poubelles-en-acier-corten","status":"publish","type":"product","link":"https:\/\/keweicorten.com\/fr\/poubelles-en-acier-corten\/","title":{"rendered":"Poubelles en acier corten"},"content":{"rendered":"<p>Durabilit\u00e9 : L'acier r\u00e9sistant aux intemp\u00e9ries pr\u00e9sente une excellente r\u00e9sistance \u00e0 la corrosion et \u00e0 l'usure, ce qui lui permet de r\u00e9sister \u00e0 diverses intemp\u00e9ries et de prolonger sa dur\u00e9e de vie.<\/p>\n<p>Esth\u00e9tique : La couleur rouille et la texture uniques de l'acier r\u00e9sistant aux intemp\u00e9ries s'int\u00e8grent harmonieusement \u00e0 l'environnement naturel pour en rehausser la beaut\u00e9.<\/p>\n<p>Entretien simple : L'acier patinable est plus facile \u00e0 nettoyer que d'autres mat\u00e9riaux, ce qui r\u00e9duit les co\u00fbts d'entretien.<\/p>\n<p>Protection de l'environnement : L'acier r\u00e9sistant aux intemp\u00e9ries peut \u00eatre recycl\u00e9, conform\u00e9ment aux exigences du d\u00e9veloppement durable.<\/p>\n<p>Stabilit\u00e9 : La nature lourde de l'acier r\u00e9sistant aux intemp\u00e9ries fait que la poubelle ne peut pas \u00eatre facilement d\u00e9plac\u00e9e en cas de vents violents ou de mauvaises conditions m\u00e9t\u00e9orologiques.<\/p>\n<p>R\u00e9sistance au feu : L'acier r\u00e9sistant aux intemp\u00e9ries a une bonne r\u00e9sistance au feu et convient \u00e0 une vari\u00e9t\u00e9 d'environnements.<\/p>\n<p>Les poubelles en acier Corten sont des produits durables et de haute qualit\u00e9, largement utilis\u00e9s dans les lieux publics et \u00e0 domicile. Elle poss\u00e8de d'excellentes propri\u00e9t\u00e9s telles que la pr\u00e9vention de la rouille, la pr\u00e9vention de la corrosion, la protection contre le vent et la protection solaire, ce qui lui permet de r\u00e9sister efficacement \u00e0 l'\u00e9rosion de divers facteurs externes et de conserver son apparence et son effet d'utilisation pendant longtemps. En outre, cette poubelle a une grande capacit\u00e9, elle est facile \u00e0 utiliser et son installation est simple.<\/p>\n<table class=\"hight-light-first-column all magic-4\">\n<tbody>\n<tr>\n<td colspan=\"1\" rowspan=\"1\">\n<div class=\"magic-5\"><span class=\"magic-6\">Nom du produit<\/span><\/div>\n<\/td>\n<td colspan=\"1\" rowspan=\"1\">\n<div class=\"magic-7\" data-spm-anchor-id=\"a2700.details.0.i40.36d855992VT0SR\"><span class=\"magic-8\">Poubelle d'ext\u00e9rieur publique et commerciale en acier Corten pour le tri des d\u00e9chets, le recyclage et la liti\u00e8re en m\u00e9tal<\/span><\/div>\n<\/td>\n<\/tr>\n<tr>\n<td colspan=\"1\" rowspan=\"1\">\n<div class=\"magic-5\"><span class=\"magic-6\">Mat\u00e9riau<\/span><\/div>\n<\/td>\n<td colspan=\"1\" rowspan=\"1\">\n<div class=\"magic-7\"><span class=\"magic-8\">Acier corten<\/span><\/div>\n<\/td>\n<\/tr>\n<tr>\n<td colspan=\"1\" rowspan=\"1\">\n<div class=\"magic-5\"><span class=\"magic-6\">Taille<\/span><\/div>\n<\/td>\n<td colspan=\"1\" rowspan=\"1\">\n<div class=\"magic-7\"><span class=\"magic-8\">Soutien personnalis\u00e9<\/span><\/div>\n<\/td>\n<\/tr>\n<tr>\n<td colspan=\"1\" rowspan=\"1\">\n<div class=\"magic-5\"><span class=\"magic-6\">\u00c9paisseur<\/span><\/div>\n<\/td>\n<td colspan=\"1\" rowspan=\"1\">\n<div class=\"magic-7\"><span class=\"magic-8\">2-10mm<\/span><\/div>\n<\/td>\n<\/tr>\n<tr>\n<td colspan=\"1\" rowspan=\"1\">\n<div class=\"magic-5\"><span class=\"magic-6\">Finition<\/span><\/div>\n<\/td>\n<td colspan=\"1\" rowspan=\"1\">\n<div class=\"magic-7\" data-spm-anchor-id=\"a2700.details.0.i39.36d855992VT0SR\"><span class=\"magic-8\">Traitement contre la corrosion, traitement de durcissement<\/span><\/div>\n<\/td>\n<\/tr>\n<tr>\n<td colspan=\"1\" rowspan=\"1\">\n<div class=\"magic-5\"><span class=\"magic-6\">Caract\u00e9ristiques<\/span><\/div>\n<\/td>\n<td colspan=\"1\" rowspan=\"1\">\n<div class=\"magic-7\"><span class=\"magic-8\">Antirouille, \u00e9tanche<\/span><\/div>\n<\/td>\n<\/tr>\n<tr>\n<td colspan=\"1\" rowspan=\"1\">\n<div class=\"magic-5\"><span class=\"magic-6\">Certificat<\/span><\/div>\n<\/td>\n<td colspan=\"1\" rowspan=\"1\">\n<div class=\"magic-7\"><span class=\"magic-8\">SGS\/TUV Rheinland\/ISO9001\/ISO14001\/OHSAS18001<\/span><\/div>\n<\/td>\n<\/tr>\n<tr>\n<td colspan=\"1\" rowspan=\"1\">\n<div class=\"magic-5\"><span class=\"magic-6\">Utilisation<\/span><\/div>\n<\/td>\n<td colspan=\"1\" rowspan=\"1\">\n<div class=\"magic-7\"><span class=\"magic-8\">Rue\/parc\/jardin\/ext\u00e9rieur\/commercial\/espace public<\/span><\/div>\n<\/td>\n<\/tr>\n<tr>\n<td colspan=\"1\" rowspan=\"1\">\n<div class=\"magic-5\"><span class=\"magic-6\">D\u00e9lai de paiement<\/span><\/div>\n<\/td>\n<td colspan=\"1\" rowspan=\"1\">\n<div class=\"magic-7\"><span class=\"magic-8\">T\/T, L\/C, Western Union, Money gram<\/span><\/div>\n<\/td>\n<\/tr>\n<\/tbody>\n<\/table>\n<div><\/div>\n<div>Installations publiques : Utilis\u00e9s dans les lieux publics tels que les parcs, les places et les rues pi\u00e9tonnes, ils permettent une collecte pratique des d\u00e9chets.<br \/>\nEspace commercial : Espaces ext\u00e9rieurs des restaurants, caf\u00e9s et autres lieux qui sont \u00e0 la fois pratiques et qui am\u00e9liorent l'atmosph\u00e8re.<br \/>\nZone r\u00e9sidentielle : Un espace commun ou un jardin dans une zone r\u00e9sidentielle qui est \u00e0 la fois beau et pratique pour les r\u00e9sidents.<\/div>\n<figure style=\"width: 700px\" class=\"wp-caption alignnone\"><a href=\"https:\/\/keweicorten.com\/fr\"><img fetchpriority=\"high\" decoding=\"async\" title=\"Corbeilles \u00e0 papier en acier Corten\" src=\"https:\/\/sc04.alicdn.com\/kf\/H1e127c663dd74393b4f53f9ea41248ebz\/230822811\/H1e127c663dd74393b4f53f9ea41248ebz.jpg\" alt=\" Bacs \u00e0 d\u00e9chets m\u00e9talliques en acier Corten - fabricants, fournisseurs, personnalis\u00e9s, grossistes, bon march\u00e9, en vente, en stock.\" width=\"700\" height=\"700\" \/><\/a><figcaption class=\"wp-caption-text\">Corbeilles \u00e0 papier en acier Corten<\/figcaption><\/figure>\n<figure style=\"width: 698px\" class=\"wp-caption alignnone\"><a href=\"https:\/\/keweicorten.com\/fr\/produits\/\"><img decoding=\"async\" title=\" Acier Corten Rubbish\" src=\"https:\/\/sc04.alicdn.com\/kf\/Hea8fb4330e9346b19fb3e3f3067b143ee\/230822811\/Hea8fb4330e9346b19fb3e3f3067b143ee.jpg\" alt=\" Corten Steel Rubbish manufacturers, suppliers, customized, wholesale, cheap, for sale, in stock.-shkw\" width=\"698\" height=\"698\" \/><\/a><figcaption class=\"wp-caption-text\">Acier Corten Rubbish<\/figcaption><\/figure>\n<p>La corbeille de propret\u00e9 Corten se distingue par son design rectangulaire distinctif. Son cadre ext\u00e9rieur en COR-TEN de 6 mm lui conf\u00e8re une esth\u00e9tique unique et son bac int\u00e9rieur en acier galvanis\u00e9 peut contenir jusqu'\u00e0 110 litres de d\u00e9chets.<\/p>","protected":false},"excerpt":{"rendered":"<p>La poubelle de haute qualit\u00e9 avec cendrier int\u00e9gr\u00e9 se caract\u00e9rise par sa grande fonctionnalit\u00e9 et sa facilit\u00e9 d'utilisation. Le vidage du cendrier est simple et rapide : il suffit d'ouvrir la trappe situ\u00e9e sous le cendrier pour que les cendres tombent directement dans la poubelle.<\/p>","protected":false},"featured_media":1452,"comment_status":"open","ping_status":"closed","template":"","meta":{"_eb_attr":"","_monsterinsights_skip_tracking":false,"_monsterinsights_sitenote_active":false,"_monsterinsights_sitenote_note":"","_monsterinsights_sitenote_category":0,"_uf_show_specific_survey":0,"_uf_disable_surveys":false},"product_brand":[],"product_cat":[23],"product_tag":[],"class_list":{"0":"post-1450","1":"product","2":"type-product","3":"status-publish","4":"has-post-thumbnail","6":"product_cat-patio-furniture","8":"first","9":"instock","10":"shipping-taxable","11":"product-type-simple"},"_links":{"self":[{"href":"https:\/\/keweicorten.com\/fr\/wp-json\/wp\/v2\/product\/1450"}],"collection":[{"href":"https:\/\/keweicorten.com\/fr\/wp-json\/wp\/v2\/product"}],"about":[{"href":"https:\/\/keweicorten.com\/fr\/wp-json\/wp\/v2\/types\/product"}],"replies":[{"embeddable":true,"href":"https:\/\/keweicorten.com\/fr\/wp-json\/wp\/v2\/comments?post=1450"}],"version-history":[{"count":1,"href":"https:\/\/keweicorten.com\/fr\/wp-json\/wp\/v2\/product\/1450\/revisions"}],"predecessor-version":[{"id":1453,"href":"https:\/\/keweicorten.com\/fr\/wp-json\/wp\/v2\/product\/1450\/revisions\/1453"}],"wp:featuredmedia":[{"embeddable":true,"href":"https:\/\/keweicorten.com\/fr\/wp-json\/wp\/v2\/media\/1452"}],"wp:attachment":[{"href":"https:\/\/keweicorten.com\/fr\/wp-json\/wp\/v2\/media?parent=1450"}],"wp:term":[{"taxonomy":"product_brand","embeddable":true,"href":"https:\/\/keweicorten.com\/fr\/wp-json\/wp\/v2\/product_brand?post=1450"},{"taxonomy":"product_cat","embeddable":true,"href":"https:\/\/keweicorten.com\/fr\/wp-json\/wp\/v2\/product_cat?post=1450"},{"taxonomy":"product_tag","embeddable":true,"href":"https:\/\/keweicorten.com\/fr\/wp-json\/wp\/v2\/product_tag?post=1450"}],"curies":[{"name":"wp","href":"https:\/\/api.w.org\/{rel}","templated":true}]}}