{"id":1495,"date":"2024-09-26T06:37:55","date_gmt":"2024-09-26T06:37:55","guid":{"rendered":"https:\/\/keweicorten.com\/?post_type=product&#038;p=1495"},"modified":"2025-01-15T06:22:32","modified_gmt":"2025-01-15T06:22:32","slug":"set-bbq-en-acier-inoxydable","status":"publish","type":"product","link":"https:\/\/keweicorten.com\/fr\/set-bbq-en-acier-inoxydable\/","title":{"rendered":"Set BBQ en acier inoxydable"},"content":{"rendered":"<p>Un ensemble de barbecue en acier inoxydable est indispensable \u00e0 tout ma\u00eetre du gril. Il est r\u00e9sistant, durable et facile \u00e0 nettoyer. Vous n'avez pas \u00e0 vous soucier de la rouille ou de la corrosion, ce qui signifie que vos outils seront toujours comme neufs, m\u00eame apr\u00e8s de nombreuses utilisations.<\/p>\n<p>Cet ensemble de barbecue en acier inoxydable comprend tous les outils dont vous avez besoin pour faire de votre barbecue une exp\u00e9rience r\u00e9ussie. Vous disposerez d'une spatule, de pinces, d'une fourchette, d'une brosse \u00e0 badigeonner, d'une brosse \u00e0 griller et bien plus encore, tous fabriqu\u00e9s en acier inoxydable de haute qualit\u00e9.<\/p>\n<p>Ces outils sont con\u00e7us pour rendre vos grillades plus fluides et plus efficaces. Avec les bons outils, vous pouvez retourner les hamburgers, les saucisses et les marinades avec facilit\u00e9. De plus, les poign\u00e9es r\u00e9sistantes \u00e0 la chaleur vous \u00e9vitent de vous br\u00fbler lorsque vous travaillez sur le gril.<\/p>\n<table border=\"0\">\n<tbody>\n<tr>\n<td colspan=\"2\">pince bbq, fourchette bbq, pince \u00e0 griller, pince \u00e0 barbecue, grattoirs pour grillades<\/td>\n<\/tr>\n<tr>\n<td>\u00a0<a href=\"https:\/\/keweicorten.com\/fr\/produits\/\"><img fetchpriority=\"high\" decoding=\"async\" class=\"alignnone\" title=\"gril bbq\" src=\"https:\/\/sc04.alicdn.com\/kf\/H7855c4c7327146229cdf50da73b79143i\/206073447\/H7855c4c7327146229cdf50da73b79143i.jpg\" alt=\"Accessoires pour grillades Factory,china,price\" width=\"400\" height=\"400\" data-src=\"\/\/sc04.alicdn.com\/kf\/H7855c4c7327146229cdf50da73b79143i\/206073447\/H7855c4c7327146229cdf50da73b79143i.jpg\" data-width=\"400\" data-height=\"400\" \/><\/a><\/td>\n<td>\n<table border=\"1\">\n<tbody>\n<tr>\n<td>\u00a0Mat\u00e9riau<\/td>\n<td>\u00a0Poign\u00e9e SS420 + SS410<\/td>\n<\/tr>\n<tr>\n<td>\u00a0Taille<\/td>\n<td>\u00a040*15*5cm<\/td>\n<\/tr>\n<tr>\n<td>\u00a0Finition<\/td>\n<td>\u00a0Brosse\/polissage\/vernissage\/personnalis\u00e9<\/td>\n<\/tr>\n<tr>\n<td>\u00a0Fonction<\/td>\n<td>\u00a0Outils pour barbecue avec sac en tissu oxford<\/td>\n<\/tr>\n<tr>\n<td>\u00a0Logo<\/td>\n<td>\u00a0BMA \/ none \/ Logo du client<\/td>\n<\/tr>\n<tr>\n<td>\u00a0Exp\u00e9dition<\/td>\n<td>\u00a0DHL, TNT, UPS, FEDEX, EMS<\/td>\n<\/tr>\n<tr>\n<td>\u00a0Livraison<\/td>\n<td>\u00a07-30 jours en fonction de la quantit\u00e9<\/td>\n<\/tr>\n<\/tbody>\n<\/table>\n<\/td>\n<\/tr>\n<\/tbody>\n<\/table>\n<p><a href=\"https:\/\/keweicorten.com\/fr\/nous-contacter\/\"><img decoding=\"async\" class=\"alignnone\" title=\"Accessoires pour grillades \" src=\"https:\/\/s.alicdn.com\/@sc04\/kf\/Haadfa9ae644e49dba1d39883ab9aa4eeZ.jpg_720x720q50.jpg\" alt=\"Accessoires pour grillades en gros, pas cher, en vente, en stock.\" width=\"599\" height=\"599\" \/><\/a><\/p>\n<p><a href=\"https:\/\/keweicorten.com\/fr\/nous-contacter\/\"><img decoding=\"async\" class=\"alignnone\" title=\"Accessoires pour grillades \" src=\"https:\/\/sc04.alicdn.com\/kf\/H5aab0d25d3ea485eb5379bf84249bef0t\/22449\/H5aab0d25d3ea485eb5379bf84249bef0t.jpg\" alt=\"Accessoires de gril Factory,china,prix,fabricants, fournisseurs, personnalis\u00e9, grossiste, pas cher, \u00e0 vendre, en stock.\" width=\"600\" height=\"495\" \/><\/a><\/p>","protected":false},"excerpt":{"rendered":"<p>Un ensemble de barbecue en acier inoxydable est un excellent investissement pour tout amateur de barbecue. Non seulement il facilitera vos grillades, mais il vous durera des ann\u00e9es. Alors, si vous voulez faire passer votre jeu de barbecue au niveau sup\u00e9rieur, pensez \u00e0 vous procurer un ensemble de barbecue en acier inoxydable d\u00e8s aujourd'hui !<\/p>","protected":false},"featured_media":1496,"comment_status":"open","ping_status":"closed","template":"","meta":{"_eb_attr":"","_monsterinsights_skip_tracking":false,"_monsterinsights_sitenote_active":false,"_monsterinsights_sitenote_note":"","_monsterinsights_sitenote_category":0,"_uf_show_specific_survey":0,"_uf_disable_surveys":false},"product_brand":[],"product_cat":[49],"product_tag":[],"class_list":{"0":"post-1495","1":"product","2":"type-product","3":"status-publish","4":"has-post-thumbnail","6":"product_cat-bbq-accessories","8":"first","9":"instock","10":"shipping-taxable","11":"product-type-simple"},"_links":{"self":[{"href":"https:\/\/keweicorten.com\/fr\/wp-json\/wp\/v2\/product\/1495"}],"collection":[{"href":"https:\/\/keweicorten.com\/fr\/wp-json\/wp\/v2\/product"}],"about":[{"href":"https:\/\/keweicorten.com\/fr\/wp-json\/wp\/v2\/types\/product"}],"replies":[{"embeddable":true,"href":"https:\/\/keweicorten.com\/fr\/wp-json\/wp\/v2\/comments?post=1495"}],"version-history":[{"count":1,"href":"https:\/\/keweicorten.com\/fr\/wp-json\/wp\/v2\/product\/1495\/revisions"}],"predecessor-version":[{"id":1497,"href":"https:\/\/keweicorten.com\/fr\/wp-json\/wp\/v2\/product\/1495\/revisions\/1497"}],"wp:featuredmedia":[{"embeddable":true,"href":"https:\/\/keweicorten.com\/fr\/wp-json\/wp\/v2\/media\/1496"}],"wp:attachment":[{"href":"https:\/\/keweicorten.com\/fr\/wp-json\/wp\/v2\/media?parent=1495"}],"wp:term":[{"taxonomy":"product_brand","embeddable":true,"href":"https:\/\/keweicorten.com\/fr\/wp-json\/wp\/v2\/product_brand?post=1495"},{"taxonomy":"product_cat","embeddable":true,"href":"https:\/\/keweicorten.com\/fr\/wp-json\/wp\/v2\/product_cat?post=1495"},{"taxonomy":"product_tag","embeddable":true,"href":"https:\/\/keweicorten.com\/fr\/wp-json\/wp\/v2\/product_tag?post=1495"}],"curies":[{"name":"wp","href":"https:\/\/api.w.org\/{rel}","templated":true}]}}