{"id":1498,"date":"2024-09-26T06:43:43","date_gmt":"2024-09-26T06:43:43","guid":{"rendered":"https:\/\/keweicorten.com\/?post_type=product&#038;p=1498"},"modified":"2025-01-15T06:22:26","modified_gmt":"2025-01-15T06:22:26","slug":"set-doutils-pour-grillades-bbq","status":"publish","type":"product","link":"https:\/\/keweicorten.com\/fr\/set-doutils-pour-grillades-bbq\/","title":{"rendered":"Set d'outils pour grillades"},"content":{"rendered":"<p>Un ensemble d'outils pour barbecue est essentiel pour tout amateur de grillades, car il fournit les outils n\u00e9cessaires pour pr\u00e9parer, cuire et servir de d\u00e9licieux repas grill\u00e9s. Voici une liste d'articles courants que l'on peut trouver dans un ensemble d'outils pour barbecue, ainsi que leurs fonctions :<\/p>\n<p>\u00c9l\u00e9ments courants d'un ensemble d'outils pour barbecue<\/p>\n<p>Spatule \u00e0 griller :<br \/>\n- Long manche pour atteindre les grilles chaudes.<br \/>\n- Surface plate pour retourner facilement les hamburgers, le poisson et les l\u00e9gumes.<\/p>\n<p>Pince \u00e0 griller :<br \/>\n- Pince longue et solide avec une bonne prise en main pour retourner la viande et les l\u00e9gumes sans les percer.<br \/>\n- Ils sont souvent con\u00e7us pour supporter une chaleur \u00e9lev\u00e9e.<\/p>\n<p>Fourchette \u00e0 barbecue :<br \/>\n- Utilis\u00e9 pour percer les viandes afin de v\u00e9rifier leur cuisson.<br \/>\n- Id\u00e9al pour manipuler les grosses pi\u00e8ces de viande.<\/p>\n<p>Pinceau \u00e0 badigeonner :<br \/>\n- Pour appliquer des marinades, des sauces ou des huiles sur les viandes ou les l\u00e9gumes pendant la cuisson.<br \/>\n- Il peut s'agir de silicone ou de poils naturels.<\/p>\n<p>Brosse \u00e0 griller :<br \/>\n- Pour nettoyer les grilles avant et apr\u00e8s la cuisson.<br \/>\n- Aide \u00e0 \u00e9liminer les r\u00e9sidus et \u00e0 pr\u00e9venir l'adh\u00e9rence.<\/p>\n<p>Thermom\u00e8tre \u00e0 viande :<br \/>\n- Veille \u00e0 ce que les aliments soient cuits \u00e0 la bonne temp\u00e9rature interne.<br \/>\n- Ils peuvent \u00eatre num\u00e9riques ou analogiques, certains ayant des capacit\u00e9s de lecture instantan\u00e9e.<\/p>\n<p>Tapis de gril :<br \/>\n- Prot\u00e8ge la surface du gril et facilite le nettoyage.<br \/>\n- Certains tapis sont con\u00e7us pour r\u00e9sister \u00e0 des temp\u00e9ratures \u00e9lev\u00e9es.<\/p>\n<p>Brochettes :<br \/>\n- B\u00e2tons en m\u00e9tal ou en bambou pour pr\u00e9parer des brochettes et griller de petits morceaux d'aliments.<br \/>\n- Pour une cuisson uniforme et un retournement facile.<\/p>\n<p>Gants pour grillades :<br \/>\n- Gants r\u00e9sistants \u00e0 la chaleur pour prot\u00e9ger les mains lors de la manipulation des pi\u00e8ces chaudes du gril ou des aliments.<br \/>\n- Adh\u00e9rence et flexibilit\u00e9 accrues pour une meilleure maniabilit\u00e9.<\/p>\n<p>Porte-\u00e9pis de ma\u00efs :<br \/>\n- Petites fourchettes pour tenir le ma\u00efs pendant la cuisson ou le repas.<br \/>\n- Assure la stabilit\u00e9 et la s\u00e9curit\u00e9.<\/p>\n<p><a href=\"https:\/\/keweicorten.com\/fr\/produits\/\"><img fetchpriority=\"high\" decoding=\"async\" class=\"alignnone\" title=\"Kit d&#039;accessoires pour barbecue\" src=\"https:\/\/s.alicdn.com\/@sc04\/kf\/Hdadd98b9612e497293d68a0e6860200aK.jpg_720x720q50.jpg\" alt=\"Kit d&#039;accessoires pour barbecue wholesale, cheap, for sale, in stock\" width=\"700\" height=\"700\" \/><\/a><\/p>\n<p><a href=\"https:\/\/keweicorten.com\/fr\"><img decoding=\"async\" class=\"alignleft\" title=\"Kit d&#039;accessoires pour barbecue\" src=\"https:\/\/sc04.alicdn.com\/kf\/H4683041e81aa425396b354a4ed5ed920M\/276398393\/H4683041e81aa425396b354a4ed5ed920M.jpg\" alt=\"Kit d&#039;accessoires pour barbecue Factory,china,prix,fabricants,fournisseurs\" width=\"700\" height=\"1206\" \/><\/a><\/p>","protected":false},"excerpt":{"rendered":"<p>Que vous soyez d\u00e9butant ou exp\u00e9riment\u00e9, le fait d'avoir les bons outils peut consid\u00e9rablement am\u00e9liorer votre exp\u00e9rience en mati\u00e8re de grillades.<\/p>","protected":false},"featured_media":1499,"comment_status":"open","ping_status":"closed","template":"","meta":{"_eb_attr":"","_monsterinsights_skip_tracking":false,"_monsterinsights_sitenote_active":false,"_monsterinsights_sitenote_note":"","_monsterinsights_sitenote_category":0,"_uf_show_specific_survey":0,"_uf_disable_surveys":false},"product_brand":[],"product_cat":[49],"product_tag":[],"class_list":{"0":"post-1498","1":"product","2":"type-product","3":"status-publish","4":"has-post-thumbnail","6":"product_cat-bbq-accessories","8":"first","9":"instock","10":"shipping-taxable","11":"product-type-simple"},"_links":{"self":[{"href":"https:\/\/keweicorten.com\/fr\/wp-json\/wp\/v2\/product\/1498"}],"collection":[{"href":"https:\/\/keweicorten.com\/fr\/wp-json\/wp\/v2\/product"}],"about":[{"href":"https:\/\/keweicorten.com\/fr\/wp-json\/wp\/v2\/types\/product"}],"replies":[{"embeddable":true,"href":"https:\/\/keweicorten.com\/fr\/wp-json\/wp\/v2\/comments?post=1498"}],"version-history":[{"count":2,"href":"https:\/\/keweicorten.com\/fr\/wp-json\/wp\/v2\/product\/1498\/revisions"}],"predecessor-version":[{"id":1501,"href":"https:\/\/keweicorten.com\/fr\/wp-json\/wp\/v2\/product\/1498\/revisions\/1501"}],"wp:featuredmedia":[{"embeddable":true,"href":"https:\/\/keweicorten.com\/fr\/wp-json\/wp\/v2\/media\/1499"}],"wp:attachment":[{"href":"https:\/\/keweicorten.com\/fr\/wp-json\/wp\/v2\/media?parent=1498"}],"wp:term":[{"taxonomy":"product_brand","embeddable":true,"href":"https:\/\/keweicorten.com\/fr\/wp-json\/wp\/v2\/product_brand?post=1498"},{"taxonomy":"product_cat","embeddable":true,"href":"https:\/\/keweicorten.com\/fr\/wp-json\/wp\/v2\/product_cat?post=1498"},{"taxonomy":"product_tag","embeddable":true,"href":"https:\/\/keweicorten.com\/fr\/wp-json\/wp\/v2\/product_tag?post=1498"}],"curies":[{"name":"wp","href":"https:\/\/api.w.org\/{rel}","templated":true}]}}