{"id":1502,"date":"2024-09-26T06:55:57","date_gmt":"2024-09-26T06:55:57","guid":{"rendered":"https:\/\/keweicorten.com\/?post_type=product&#038;p=1502"},"modified":"2025-01-15T06:22:19","modified_gmt":"2025-01-15T06:22:19","slug":"barbecue-grill-tools-bbq-accessories","status":"publish","type":"product","link":"https:\/\/keweicorten.com\/fr\/barbecue-grill-tools-bbq-accessories\/","title":{"rendered":"Barbecue Grill Tools BBQ Accessories"},"content":{"rendered":"<p>Les accessoires de barbecue sont un \u00e9quipement essentiel pour tous ceux qui aiment griller de d\u00e9licieux plats en plein air. Si vous pr\u00e9voyez d'organiser une grande f\u00eate barbecue avec vos amis et votre famille, vous devez avoir le bon ensemble d'outils pour grillades qui vous aidera \u00e0 cuisiner et \u00e0 servir vos plats avec facilit\u00e9.<\/p>\n<p>Accessoires en option<\/p>\n<ul>\n<li>Panier \u00e0 grillades : Id\u00e9al pour griller les petits l\u00e9gumes ou les aliments fragiles comme le poisson.<\/li>\n<li>Pierre \u00e0 pizza : Pour griller les pizzas afin d'obtenir une cro\u00fbte croustillante.<\/li>\n<li>Injecteur alimentaire : Pour mariner les viandes en injectant des ar\u00f4mes directement dans la viande.<\/li>\n<li>Porte-\u00e9pices\/condiments : Permet de ranger les sauces, les \u00e9pices et les marinades pour un acc\u00e8s facile pendant les grillades.<\/li>\n<\/ul>\n<p>Points \u00e0 prendre en consid\u00e9ration lors de l'achat d'un ensemble d'outils pour barbecue<\/p>\n<ul>\n<li>Mat\u00e9riau : Recherchez l'acier inoxydable pour sa durabilit\u00e9 et sa r\u00e9sistance \u00e0 la chaleur. Les poign\u00e9es en bois offrent \u00e9galement une bonne prise en main, mais n\u00e9cessitent davantage de soins.<\/li>\n<li>Rangement : Certains ensembles sont livr\u00e9s avec une mallette de transport pour faciliter le transport et le stockage.<\/li>\n<li>Ergonomie : Des poign\u00e9es confortables et des outils bien con\u00e7us peuvent faire la diff\u00e9rence lors de longues s\u00e9ances de grillades.<\/li>\n<li>Nombre de pi\u00e8ces : En fonction de vos habitudes en mati\u00e8re de grillades, r\u00e9fl\u00e9chissez au nombre d'outils dont vous avez besoin.<\/li>\n<\/ul>\n<table class=\"all magic-3\">\n<tbody>\n<tr>\n<td colspan=\"1\" rowspan=\"1\">\n<div class=\"magic-4\" data-spm-anchor-id=\"a2700.details.0.i37.6b594a004vlN25\">Marque<\/div>\n<\/td>\n<td colspan=\"1\" rowspan=\"1\">\n<div class=\"magic-5\">SHKW<\/div>\n<\/td>\n<td colspan=\"1\" rowspan=\"1\">\n<div class=\"magic-4\">Certification<\/div>\n<\/td>\n<td colspan=\"1\" rowspan=\"1\">\n<div class=\"magic-6\">LFGB, CE, SGS, BSCI,ISO9001:2015<\/div>\n<\/td>\n<\/tr>\n<tr>\n<td colspan=\"1\" rowspan=\"1\">\n<div class=\"magic-4\">OEM<\/div>\n<\/td>\n<td colspan=\"1\" rowspan=\"1\">\n<div class=\"magic-5\">Disponible<\/div>\n<\/td>\n<td colspan=\"1\" rowspan=\"1\">\n<div class=\"magic-4\">Paquet<\/div>\n<\/td>\n<td colspan=\"1\" rowspan=\"1\">\n<div class=\"magic-6\">comme vous l'avez demand\u00e9<\/div>\n<\/td>\n<\/tr>\n<tr>\n<td colspan=\"1\" rowspan=\"1\">\n<div class=\"magic-4\">ODM<\/div>\n<\/td>\n<td colspan=\"1\" rowspan=\"1\">\n<div class=\"magic-5\">Disponible<\/div>\n<\/td>\n<td colspan=\"1\" rowspan=\"1\">\n<div class=\"magic-4\">Exemple de service<\/div>\n<\/td>\n<td colspan=\"1\" rowspan=\"1\">\n<div class=\"magic-6\">Disponible en 5 jours<\/div>\n<\/td>\n<\/tr>\n<tr>\n<td colspan=\"1\" rowspan=\"1\">\n<div class=\"magic-4\">MOQ<\/div>\n<\/td>\n<td colspan=\"1\" rowspan=\"1\">\n<div class=\"magic-5\">500 ensembles<\/div>\n<\/td>\n<td colspan=\"1\" rowspan=\"1\">\n<div class=\"magic-4\">Logo<\/div>\n<\/td>\n<td colspan=\"1\" rowspan=\"1\">\n<div class=\"magic-6\">Gravure laser personnalis\u00e9e<\/div>\n<\/td>\n<\/tr>\n<tr>\n<td colspan=\"1\" rowspan=\"1\">\n<div class=\"magic-4\">Mode de paiement<\/div>\n<\/td>\n<td colspan=\"1\" rowspan=\"1\">\n<div class=\"magic-5\">Assurance commerciale, T\/T, PayPal, L\/C<\/div>\n<\/td>\n<td colspan=\"1\" rowspan=\"1\">\n<div class=\"magic-4\">D\u00e9lai de livraison<\/div>\n<\/td>\n<td colspan=\"1\" rowspan=\"1\">\n<div class=\"magic-6\">30-40 jours pour la production en s\u00e9rie<\/div>\n<\/td>\n<\/tr>\n<\/tbody>\n<\/table>\n<p>&nbsp;<\/p>\n<p><a href=\"https:\/\/keweicorten.com\/fr\/nous-contacter\/\"><img fetchpriority=\"high\" decoding=\"async\" class=\"alignnone\" title=\"Outil pour barbecue\" src=\"https:\/\/sc04.alicdn.com\/kf\/H9b17e89c59f247e6beb1bcc143827a07d\/272223269\/H9b17e89c59f247e6beb1bcc143827a07d.jpg\" alt=\"Barbecue Tool wholesale, cheap, for sale, in stock.\" width=\"700\" height=\"700\" \/><\/a><\/p>\n<p><img decoding=\"async\" class=\"alignnone\" title=\"Outil pour barbecue\" src=\"https:\/\/s.alicdn.com\/@sc04\/kf\/H1dcdec7f57db4c42a12201a3b50f443fd.jpg_720x720q50.jpg\" alt=\"Barbecue Tool wholesale, cheap, for sale, in stock.\" width=\"700\" height=\"761\" \/><\/p>","protected":false},"excerpt":{"rendered":"<p>Un bon set d'outils pour grillades comprend tous les outils n\u00e9cessaires pour griller, notamment une spatule, une pince, une brosse \u00e0 grillades, une fourchette et bien d'autres encore. Ces outils sont fabriqu\u00e9s dans des mat\u00e9riaux de haute qualit\u00e9, durables, faciles \u00e0 nettoyer et capables de r\u00e9sister \u00e0 des temp\u00e9ratures \u00e9lev\u00e9es. Avec les bons outils, vous pouvez facilement retourner et servir vos aliments sans aucun probl\u00e8me.<\/p>","protected":false},"featured_media":1503,"comment_status":"open","ping_status":"closed","template":"","meta":{"_eb_attr":"","_monsterinsights_skip_tracking":false,"_monsterinsights_sitenote_active":false,"_monsterinsights_sitenote_note":"","_monsterinsights_sitenote_category":0,"_uf_show_specific_survey":0,"_uf_disable_surveys":false},"product_brand":[],"product_cat":[49],"product_tag":[],"class_list":{"0":"post-1502","1":"product","2":"type-product","3":"status-publish","4":"has-post-thumbnail","6":"product_cat-bbq-accessories","8":"first","9":"instock","10":"shipping-taxable","11":"product-type-simple"},"_links":{"self":[{"href":"https:\/\/keweicorten.com\/fr\/wp-json\/wp\/v2\/product\/1502"}],"collection":[{"href":"https:\/\/keweicorten.com\/fr\/wp-json\/wp\/v2\/product"}],"about":[{"href":"https:\/\/keweicorten.com\/fr\/wp-json\/wp\/v2\/types\/product"}],"replies":[{"embeddable":true,"href":"https:\/\/keweicorten.com\/fr\/wp-json\/wp\/v2\/comments?post=1502"}],"version-history":[{"count":1,"href":"https:\/\/keweicorten.com\/fr\/wp-json\/wp\/v2\/product\/1502\/revisions"}],"predecessor-version":[{"id":1504,"href":"https:\/\/keweicorten.com\/fr\/wp-json\/wp\/v2\/product\/1502\/revisions\/1504"}],"wp:featuredmedia":[{"embeddable":true,"href":"https:\/\/keweicorten.com\/fr\/wp-json\/wp\/v2\/media\/1503"}],"wp:attachment":[{"href":"https:\/\/keweicorten.com\/fr\/wp-json\/wp\/v2\/media?parent=1502"}],"wp:term":[{"taxonomy":"product_brand","embeddable":true,"href":"https:\/\/keweicorten.com\/fr\/wp-json\/wp\/v2\/product_brand?post=1502"},{"taxonomy":"product_cat","embeddable":true,"href":"https:\/\/keweicorten.com\/fr\/wp-json\/wp\/v2\/product_cat?post=1502"},{"taxonomy":"product_tag","embeddable":true,"href":"https:\/\/keweicorten.com\/fr\/wp-json\/wp\/v2\/product_tag?post=1502"}],"curies":[{"name":"wp","href":"https:\/\/api.w.org\/{rel}","templated":true}]}}