{"id":1543,"date":"2024-09-26T09:05:52","date_gmt":"2024-09-26T09:05:52","guid":{"rendered":"https:\/\/keweicorten.com\/?post_type=product&#038;p=1543"},"modified":"2025-01-15T06:22:01","modified_gmt":"2025-01-15T06:22:01","slug":"corten-light-2","status":"publish","type":"product","link":"https:\/\/keweicorten.com\/fr\/corten-light-2\/","title":{"rendered":"lumi\u00e8re corten"},"content":{"rendered":"<p>Les luminaires en acier Corten (ou luminaires en acier Corten) allient la durabilit\u00e9 et les propri\u00e9t\u00e9s de r\u00e9sistance aux intemp\u00e9ries de l'acier Corten \u00e0 la fonctionnalit\u00e9 de l'\u00e9clairage ext\u00e9rieur et d\u00e9coratif. L'acier Corten, connu pour sa capacit\u00e9 \u00e0 former une couche de rouille protectrice, apporte une esth\u00e9tique unique aux conceptions d'\u00e9clairage, ce qui le rend populaire dans l'architecture paysag\u00e8re, le design urbain et la d\u00e9coration int\u00e9rieure moderne.<\/p>\n<h3><strong>Caract\u00e9ristiques principales des lampes en acier Corten :<\/strong><\/h3>\n<ol>\n<li><strong>R\u00e9sistance aux intemp\u00e9ries<\/strong>:\n<ul>\n<li>La couche de rouille qui se forme naturellement sur les lampes en acier Corten prot\u00e8ge le mat\u00e9riau contre toute corrosion suppl\u00e9mentaire, ce qui les rend extr\u00eamement durables pour une utilisation en ext\u00e9rieur dans diverses conditions m\u00e9t\u00e9orologiques.<\/li>\n<\/ul>\n<\/li>\n<li><strong>Une esth\u00e9tique unique<\/strong>:\n<ul>\n<li>La patine riche et chaude de l'acier Corten cr\u00e9e un aspect rustique et industriel, ce qui le rend id\u00e9al pour les projets de design contemporains et traditionnels. Les tons rouill\u00e9s et terreux se marient harmonieusement avec des \u00e9l\u00e9ments naturels tels que la pierre, le bois et la verdure.<\/li>\n<\/ul>\n<\/li>\n<li><strong>Faible entretien<\/strong>:\n<ul>\n<li>Contrairement \u00e0 d'autres mat\u00e9riaux qui peuvent n\u00e9cessiter une peinture ou un traitement, les luminaires en acier Corten se prot\u00e8gent eux-m\u00eames. Une fois la patine form\u00e9e, le luminaire ne n\u00e9cessite qu'un entretien minimal.<\/li>\n<\/ul>\n<\/li>\n<li><strong>Personnalisation<\/strong>:\n<ul>\n<li>Les luminaires en acier Corten se pr\u00e9sentent sous diff\u00e9rentes formes, notamment des bornes, des lampes de chemin, des appliques murales et des lampes suspendues. Elles peuvent \u00eatre d\u00e9coup\u00e9es au laser avec des motifs complexes, cr\u00e9ant ainsi des effets d'ombre et de lumi\u00e8re int\u00e9ressants.<\/li>\n<\/ul>\n<\/li>\n<\/ol>\n<table style=\"height: 194px;\" border=\"1\" width=\"627\">\n<tbody>\n<tr>\n<td><span data-spm-anchor-id=\"a2700.details.0.i39.11b8133fdmfbId\">Nom du produit\u00a0\u00a0<\/span><\/td>\n<td>\u00a0H\u00f4tels Luminaires d'ext\u00e9rieur en acier Corten<\/td>\n<\/tr>\n<tr>\n<td>Paquet<\/td>\n<td>\u00a0Contreplaqu\u00e9<\/td>\n<\/tr>\n<tr>\n<td>Num\u00e9ro de mod\u00e8le<\/td>\n<td>SHKW-CL-01<\/td>\n<\/tr>\n<tr>\n<td>Mat\u00e9riau<\/td>\n<td>\u00a0Acier Corten<\/td>\n<\/tr>\n<tr>\n<td>Taille<\/td>\n<td>\u00a0120*120*450mm\/120*120*120*600mm\/120*120*750mm<\/td>\n<\/tr>\n<\/tbody>\n<\/table>\n<p><a href=\"https:\/\/keweicorten.com\/fr\"><img fetchpriority=\"high\" decoding=\"async\" class=\"alignnone\" title=\"lumi\u00e8re\" src=\"https:\/\/sc04.alicdn.com\/kf\/Hbfd36546659b40b8b1012ec41b13121bi\/235950374\/Hbfd36546659b40b8b1012ec41b13121bi.jpg\" alt=\" corten color bollard light corten garden lights corten outdoor wall lights\" width=\"696\" height=\"348\" \/><\/a><\/p>\n<p><a href=\"https:\/\/keweicorten.com\/fr\/produits\/\"><img decoding=\"async\" class=\"alignnone\" title=\"lumi\u00e8re\" src=\"https:\/\/sc04.alicdn.com\/kf\/Ha485a993273c4a1abf4c34b1993865875\/235950374\/Ha485a993273c4a1abf4c34b1993865875.jpg\" alt=\"Luminaires de jardin en corten corten c&#039;est l&#039;environnement - Luminaires muraux ext\u00e9rieurs en corten\" width=\"700\" height=\"350\" \/><\/a><\/p>","protected":false},"excerpt":{"rendered":"<p>La lumi\u00e8re Corten est un type d'\u00e9clairage incroyablement beau et polyvalent qui devient de plus en plus populaire dans le design moderne. L'acier Corten, \u00e9galement connu sous le nom d'acier patinable, a un aspect unique et rustique qui n'est \u00e9gal\u00e9 par aucun autre type de mat\u00e9riau.<\/p>","protected":false},"featured_media":1544,"comment_status":"open","ping_status":"closed","template":"","meta":{"_eb_attr":"","_monsterinsights_skip_tracking":false,"_monsterinsights_sitenote_active":false,"_monsterinsights_sitenote_note":"","_monsterinsights_sitenote_category":0,"_uf_show_specific_survey":0,"_uf_disable_surveys":false},"product_brand":[],"product_cat":[61],"product_tag":[],"class_list":{"0":"post-1543","1":"product","2":"type-product","3":"status-publish","4":"has-post-thumbnail","6":"product_cat-light-post","8":"first","9":"instock","10":"shipping-taxable","11":"product-type-simple"},"_links":{"self":[{"href":"https:\/\/keweicorten.com\/fr\/wp-json\/wp\/v2\/product\/1543"}],"collection":[{"href":"https:\/\/keweicorten.com\/fr\/wp-json\/wp\/v2\/product"}],"about":[{"href":"https:\/\/keweicorten.com\/fr\/wp-json\/wp\/v2\/types\/product"}],"replies":[{"embeddable":true,"href":"https:\/\/keweicorten.com\/fr\/wp-json\/wp\/v2\/comments?post=1543"}],"version-history":[{"count":1,"href":"https:\/\/keweicorten.com\/fr\/wp-json\/wp\/v2\/product\/1543\/revisions"}],"predecessor-version":[{"id":1548,"href":"https:\/\/keweicorten.com\/fr\/wp-json\/wp\/v2\/product\/1543\/revisions\/1548"}],"wp:featuredmedia":[{"embeddable":true,"href":"https:\/\/keweicorten.com\/fr\/wp-json\/wp\/v2\/media\/1544"}],"wp:attachment":[{"href":"https:\/\/keweicorten.com\/fr\/wp-json\/wp\/v2\/media?parent=1543"}],"wp:term":[{"taxonomy":"product_brand","embeddable":true,"href":"https:\/\/keweicorten.com\/fr\/wp-json\/wp\/v2\/product_brand?post=1543"},{"taxonomy":"product_cat","embeddable":true,"href":"https:\/\/keweicorten.com\/fr\/wp-json\/wp\/v2\/product_cat?post=1543"},{"taxonomy":"product_tag","embeddable":true,"href":"https:\/\/keweicorten.com\/fr\/wp-json\/wp\/v2\/product_tag?post=1543"}],"curies":[{"name":"wp","href":"https:\/\/api.w.org\/{rel}","templated":true}]}}