{"id":1556,"date":"2024-09-27T02:43:16","date_gmt":"2024-09-27T02:43:16","guid":{"rendered":"https:\/\/keweicorten.com\/?post_type=product&#038;p=1556"},"modified":"2024-09-27T02:45:40","modified_gmt":"2024-09-27T02:45:40","slug":"a588-acier-resistant-aux-intemperies","status":"publish","type":"product","link":"https:\/\/keweicorten.com\/fr\/a588-acier-resistant-aux-intemperies\/","title":{"rendered":"a588 acier r\u00e9sistant aux intemp\u00e9ries"},"content":{"rendered":"<div class=\"layui-field-box\">\n<p>L'acier m\u00e9t\u00e9orique A588 est un type d'acier tr\u00e8s populaire et largement utilis\u00e9 dans diverses industries en raison de ses propri\u00e9t\u00e9s de haute r\u00e9sistance, de durabilit\u00e9 et de r\u00e9sistance \u00e0 la corrosion. Il s'agit d'un acier faiblement alli\u00e9 qui contient du cuivre, du chrome, du nickel et d'autres \u00e9l\u00e9ments qui lui conf\u00e8rent une excellente r\u00e9sistance aux intemp\u00e9ries. Cet acier est souvent utilis\u00e9 dans les applications de construction ext\u00e9rieure telles que les ponts, les b\u00e2timents et d'autres structures.<\/p>\n<table class=\"all magic-1\" style=\"height: 234px;\" width=\"989\">\n<tbody>\n<tr>\n<td colspan=\"1\" rowspan=\"1\">\n<div class=\"magic-2\" data-spm-anchor-id=\"a2700.details.0.i41.6deeb7e3IgOhEQ\"><span style=\"font-family: Times New Roman, Times; font-size: large;\">Objet<\/span><\/div>\n<\/td>\n<td colspan=\"3\" rowspan=\"1\">\n<div class=\"magic-3\"><span style=\"font-family: Times New Roman, Times; font-size: large;\">Plaque d'acier r\u00e9sistant aux intemp\u00e9ries A588 garde<\/span><\/div>\n<\/td>\n<\/tr>\n<tr>\n<td colspan=\"1\" rowspan=\"1\">\n<div class=\"magic-2\"><span style=\"font-family: Times New Roman, Times; font-size: large;\">Grade<\/span><\/div>\n<\/td>\n<td colspan=\"3\" rowspan=\"1\">\n<div class=\"magic-3\"><span style=\"font-family: Times New Roman, Times; font-size: large;\">09CuPCrNi-A,09CuP, 09CuPCrNiA, 09CrCuSb Q355NH,Q460NH,Q345GNHL,Q355GNH,Q345GNH,Q295NH,Q310GNH,Q345NH,Q235NH,Q500NH,Q235GNH,Q550NH<br \/>\n<\/span><\/div>\n<div class=\"magic-3\"><span style=\"font-family: Times New Roman, Times; font-size: large;\">,Q265GNH,Q295GNH,Q450NQR1A,S355J0W,S355J2WP,S355J2W,S235J0W,SPA-H<br \/>\nB480GNQR<\/span><\/p>\n<div><span style=\"font-family: Times New Roman, Times; font-size: large;\">CortenA, CortenB<\/span><\/div>\n<\/div>\n<\/td>\n<\/tr>\n<tr>\n<td colspan=\"1\" rowspan=\"1\">\n<div class=\"magic-2\"><span style=\"font-family: Times New Roman, Times; font-size: large;\">Application<\/span><\/div>\n<\/td>\n<td colspan=\"3\" rowspan=\"1\">\n<div class=\"magic-3\"><span style=\"font-family: Times New Roman, Times; font-size: large;\">Il peut \u00eatre utilis\u00e9 dans les planchers, les conteneurs, les chemin\u00e9es de centrales \u00e9lectriques, le g\u00e9nie ferroviaire et d'autres aciers d'ext\u00e9rieur, tels que les grandes sculptures d'ext\u00e9rieur en acier.<\/span><\/div>\n<\/td>\n<\/tr>\n<tr>\n<td colspan=\"1\" rowspan=\"1\">\n<div class=\"magic-2\"><span style=\"font-family: Times New Roman, Times; font-size: large;\">\u00c9chantillon<\/span><\/div>\n<\/td>\n<td colspan=\"3\" rowspan=\"1\">\n<div class=\"magic-5\"><span style=\"font-family: Times New Roman, Times; font-size: large;\">Un \u00e9chantillon est disponible<\/span><\/div>\n<\/td>\n<\/tr>\n<\/tbody>\n<\/table>\n<h2>Plaque d'acier r\u00e9sistant aux intemp\u00e9ries A588 Avantages<\/h2>\n<p>La t\u00f4le d'acier Corten A588 pr\u00e9sente plusieurs avantages qui lui permettent d'\u00eatre utilis\u00e9e pour des applications industrielles dans le monde entier. Les avantages de la t\u00f4le d'acier Corten A588 sont les suivants :<\/p>\n<ul>\n<li>Peu d'entretien<\/li>\n<li>\u00c9conomies de co\u00fbts<\/li>\n<li>Vitesse de construction<\/li>\n<li>S\u00fbr<\/li>\n<li>Respect de l'environnement<\/li>\n<li>Esth\u00e9tiquement attrayante<\/li>\n<\/ul>\n<table style=\"font-weight: 400;\">\n<tbody>\n<tr>\n<td style=\"font-weight: 400;\" colspan=\"1\" rowspan=\"1\">\n<p data-spm-anchor-id=\"a2700.pc-decorate.0.i44.8e343333yaYbbo\">Nom du produit<\/p>\n<\/td>\n<td style=\"font-weight: 400;\" colspan=\"1\" rowspan=\"1\">T\u00f4le d'acier r\u00e9sistant aux intemp\u00e9ries<\/td>\n<\/tr>\n<tr>\n<td style=\"font-weight: 400;\" colspan=\"1\" rowspan=\"3\">\n<p data-spm-anchor-id=\"a2700.pc-decorate.0.i26.8e343333yaYbbo\">Sp\u00e9cifications<\/p>\n<\/td>\n<td style=\"font-weight: 400;\" colspan=\"1\" rowspan=\"1\">\n<p data-spm-anchor-id=\"0.0.0.i10.3e8c4f05UxthN7\">\u00c9paisseur : 1mm-100mm<\/p>\n<\/td>\n<\/tr>\n<tr>\n<td style=\"font-weight: 400;\" colspan=\"1\" rowspan=\"1\">Largeur : \u22643000mm<\/td>\n<\/tr>\n<tr>\n<td style=\"font-weight: 400;\" colspan=\"1\" rowspan=\"1\">Longueur : \u226412000mm<\/td>\n<\/tr>\n<tr>\n<td style=\"font-weight: 400;\" colspan=\"1\" rowspan=\"1\">\n<p data-spm-anchor-id=\"0.0.0.i16.3e8c4f05UxthN7\">Technique<\/p>\n<\/td>\n<td style=\"font-weight: 400;\" colspan=\"1\" rowspan=\"1\">Lamin\u00e9s \u00e0 chaud<\/td>\n<\/tr>\n<tr>\n<td style=\"font-weight: 400;\" colspan=\"1\" rowspan=\"1\">Surface<\/td>\n<td style=\"font-weight: 400;\" colspan=\"1\" rowspan=\"1\">Traitement de la rouille, nettoyage, sablage ou selon les exigences du client<\/td>\n<\/tr>\n<\/tbody>\n<\/table>\n<p><a href=\"https:\/\/keweicorten.com\/fr\/produits\/\"><img fetchpriority=\"high\" decoding=\"async\" class=\"alignnone\" title=\"Sur mesure ASTM A588 \" src=\"https:\/\/www.shipbuilding-plate.com\/uploads\/202230316\/astm-a588-steel-plate33020225533.jpg\" alt=\"Fournisseurs de plaques d&#039;acier ASTM A588 personnalis\u00e9es - Prix de gros -keweicorten\" width=\"650\" height=\"650\" \/><\/a><\/p>\n<p><img decoding=\"async\" class=\"alignnone\" title=\"Plaque d&#039;acier r\u00e9sistant aux intemp\u00e9ries A588 garde\" src=\"https:\/\/sc04.alicdn.com\/kf\/H9a942ed341824d248078e5b222d679c6J\/267682295\/H9a942ed341824d248078e5b222d679c6J.jpg\" alt=\"A588 garde Plaque d&#039;acier r\u00e9sistant aux intemp\u00e9ries prix, fabricants, fournisseurs, personnalis\u00e9-keweicorten\" width=\"650\" height=\"390\" \/><\/p>\n<\/div>","protected":false},"excerpt":{"rendered":"<p>L'acier A588 est un mat\u00e9riau fiable et durable qui offre une excellente solidit\u00e9 et une r\u00e9sistance aux facteurs environnementaux. C'est un mat\u00e9riau polyvalent qui peut \u00eatre utilis\u00e9 dans une grande vari\u00e9t\u00e9 d'applications et qui offre des avantages durables \u00e0 ceux qui l'utilisent. C'est donc un excellent choix pour tous ceux qui recherchent un mat\u00e9riau fiable et rentable pour leurs projets de construction.<\/p>","protected":false},"featured_media":1557,"comment_status":"open","ping_status":"closed","template":"","meta":{"_eb_attr":"","_monsterinsights_skip_tracking":false,"_monsterinsights_sitenote_active":false,"_monsterinsights_sitenote_note":"","_monsterinsights_sitenote_category":0,"_uf_show_specific_survey":0,"_uf_disable_surveys":false},"product_brand":[],"product_cat":[21],"product_tag":[],"class_list":{"0":"post-1556","1":"product","2":"type-product","3":"status-publish","4":"has-post-thumbnail","6":"product_cat-weather-resistant-steel-plate","8":"first","9":"instock","10":"shipping-taxable","11":"product-type-simple"},"_links":{"self":[{"href":"https:\/\/keweicorten.com\/fr\/wp-json\/wp\/v2\/product\/1556"}],"collection":[{"href":"https:\/\/keweicorten.com\/fr\/wp-json\/wp\/v2\/product"}],"about":[{"href":"https:\/\/keweicorten.com\/fr\/wp-json\/wp\/v2\/types\/product"}],"replies":[{"embeddable":true,"href":"https:\/\/keweicorten.com\/fr\/wp-json\/wp\/v2\/comments?post=1556"}],"version-history":[{"count":2,"href":"https:\/\/keweicorten.com\/fr\/wp-json\/wp\/v2\/product\/1556\/revisions"}],"predecessor-version":[{"id":1559,"href":"https:\/\/keweicorten.com\/fr\/wp-json\/wp\/v2\/product\/1556\/revisions\/1559"}],"wp:featuredmedia":[{"embeddable":true,"href":"https:\/\/keweicorten.com\/fr\/wp-json\/wp\/v2\/media\/1557"}],"wp:attachment":[{"href":"https:\/\/keweicorten.com\/fr\/wp-json\/wp\/v2\/media?parent=1556"}],"wp:term":[{"taxonomy":"product_brand","embeddable":true,"href":"https:\/\/keweicorten.com\/fr\/wp-json\/wp\/v2\/product_brand?post=1556"},{"taxonomy":"product_cat","embeddable":true,"href":"https:\/\/keweicorten.com\/fr\/wp-json\/wp\/v2\/product_cat?post=1556"},{"taxonomy":"product_tag","embeddable":true,"href":"https:\/\/keweicorten.com\/fr\/wp-json\/wp\/v2\/product_tag?post=1556"}],"curies":[{"name":"wp","href":"https:\/\/api.w.org\/{rel}","templated":true}]}}