{"id":1744,"date":"2024-10-18T02:15:15","date_gmt":"2024-10-18T02:15:15","guid":{"rendered":"https:\/\/keweicorten.com\/?post_type=product&#038;p=1744"},"modified":"2025-01-15T06:19:50","modified_gmt":"2025-01-15T06:19:50","slug":"lampadaire-en-acier-resistant-aux-intemperies","status":"publish","type":"product","link":"https:\/\/keweicorten.com\/fr\/lampadaire-en-acier-resistant-aux-intemperies\/","title":{"rendered":"Lampadaire en acier r\u00e9sistant aux intemp\u00e9ries"},"content":{"rendered":"<p>Caisson lumineux en acier Corten - durable, personnalis\u00e9, peu d'entretien id\u00e9al<\/p>\n<p>Dans le domaine de l'\u00e9clairage ext\u00e9rieur, il est essentiel de choisir un caisson lumineux qui soit \u00e0 la fois beau et durable. Gr\u00e2ce \u00e0 ses excellentes caract\u00e9ristiques, le caisson lumineux en acier Corten ** r\u00e9sout les probl\u00e8mes courants des caissons lumineux traditionnels et devient le premier choix pour votre projet.<\/p>\n<p>1. Pas facile \u00e0 corroder, durable<br \/>\nLe principal avantage de l'acier Corten est sa r\u00e9sistance sup\u00e9rieure \u00e0 la corrosion. Lorsqu'il est expos\u00e9 \u00e0 l'air et \u00e0 l'eau, l'acier Corten forme une couche protectrice d'oxydation unique qui emp\u00eache efficacement la poursuite de la corrosion. Qu'il soit expos\u00e9 \u00e0 la pluie, \u00e0 la neige, \u00e0 l'humidit\u00e9 ou au soleil, il peut conserver une structure et un aspect stables. Ce ton de rouille naturellement form\u00e9 ne met pas seulement en valeur la beaut\u00e9 du caisson lumineux, mais lui conf\u00e8re \u00e9galement une r\u00e9sistance \u00e0 la corrosion \u00e0 long terme, \u00e9liminant ainsi la n\u00e9cessit\u00e9 d'un remplacement fr\u00e9quent.<\/p>\n<p>2. Diff\u00e9rents styles, personnalisation possible<br \/>\nNous fournissons une vari\u00e9t\u00e9 de styles de lampadaires en acier r\u00e9sistant aux intemp\u00e9ries, et nous offrons la possibilit\u00e9 d'une personnalisation **. Que vous ayez besoin d'un design simple et moderne, ou d'un motif complexe ou de la gravure de l'identit\u00e9 de la marque, les bo\u00eetes \u00e0 lumi\u00e8re en acier Corten peuvent r\u00e9pondre \u00e0 vos exigences. Sa conception flexible et son processus de production lui permettent de cr\u00e9er un caisson lumineux unique pour vous en fonction de diff\u00e9rentes sc\u00e8nes et besoins, aidant \u00e0 am\u00e9liorer l'image de marque ou \u00e0 cr\u00e9er une atmosph\u00e8re d'espace unique.<\/p>\n<p>3. Faible co\u00fbt d'entretien<br \/>\nLes co\u00fbts d'entretien des lampadaires en acier inoxydable sont extr\u00eamement faibles. Ce mat\u00e9riau ne n\u00e9cessite pas de peinture ou de traitement protecteur suppl\u00e9mentaire, et la couche d'oxyde elle-m\u00eame constitue sa meilleure barri\u00e8re protectrice. Il suffit d'un simple nettoyage quotidien pour pr\u00e9server la fonction et la beaut\u00e9 du lampadaire, ce qui permet de r\u00e9duire consid\u00e9rablement les co\u00fbts d'entretien par la suite.<\/p>\n<p>4 Longue dur\u00e9e de vie<br \/>\nGr\u00e2ce \u00e0 sa grande durabilit\u00e9, la dur\u00e9e de vie des lampadaires en acier Corten est beaucoup plus longue que celle des mat\u00e9riaux ordinaires. La robustesse de l'acier Corten et sa r\u00e9sistance aux intemp\u00e9ries en font une propri\u00e9t\u00e9 stable dans les environnements ext\u00e9rieurs pendant longtemps, ce qui en fait un investissement \u00e0 long terme qui n'est pas seulement beau et pratique, mais qui continuera \u00e0 vous servir pendant de nombreuses ann\u00e9es.<\/p>\n<p><a href=\"https:\/\/keweicorten.com\/fr\"><img fetchpriority=\"high\" decoding=\"async\" class=\"alignnone\" title=\"lumi\u00e8re corten\" src=\"https:\/\/sc04.alicdn.com\/kf\/Hbfd36546659b40b8b1012ec41b13121bi\/235950374\/Hbfd36546659b40b8b1012ec41b13121bi.jpg\" alt=\"Luminaires de jardin en corten corten c&#039;est l&#039;environnement - Luminaires muraux ext\u00e9rieurs en corten\" width=\"650\" height=\"325\" \/><\/a><\/p>\n<p>&nbsp;<\/p>","protected":false},"excerpt":{"rendered":"<p>Si vous recherchez un caisson lumineux ext\u00e9rieur durable, personnalis\u00e9, n\u00e9cessitant peu d'entretien et ayant une longue dur\u00e9e de vie, le caisson lumineux en acier Corten est sans aucun doute le choix id\u00e9al. Ses performances sup\u00e9rieures et son design \u00e9l\u00e9gant apporteront une beaut\u00e9 et une fonctionnalit\u00e9 durables \u00e0 votre projet.<\/p>","protected":false},"featured_media":1745,"comment_status":"open","ping_status":"closed","template":"","meta":{"_eb_attr":"","_monsterinsights_skip_tracking":false,"_monsterinsights_sitenote_active":false,"_monsterinsights_sitenote_note":"","_monsterinsights_sitenote_category":0,"_uf_show_specific_survey":0,"_uf_disable_surveys":false},"product_brand":[],"product_cat":[61],"product_tag":[],"class_list":{"0":"post-1744","1":"product","2":"type-product","3":"status-publish","4":"has-post-thumbnail","6":"product_cat-light-post","8":"first","9":"instock","10":"shipping-taxable","11":"product-type-simple"},"_links":{"self":[{"href":"https:\/\/keweicorten.com\/fr\/wp-json\/wp\/v2\/product\/1744"}],"collection":[{"href":"https:\/\/keweicorten.com\/fr\/wp-json\/wp\/v2\/product"}],"about":[{"href":"https:\/\/keweicorten.com\/fr\/wp-json\/wp\/v2\/types\/product"}],"replies":[{"embeddable":true,"href":"https:\/\/keweicorten.com\/fr\/wp-json\/wp\/v2\/comments?post=1744"}],"version-history":[{"count":1,"href":"https:\/\/keweicorten.com\/fr\/wp-json\/wp\/v2\/product\/1744\/revisions"}],"predecessor-version":[{"id":1746,"href":"https:\/\/keweicorten.com\/fr\/wp-json\/wp\/v2\/product\/1744\/revisions\/1746"}],"wp:featuredmedia":[{"embeddable":true,"href":"https:\/\/keweicorten.com\/fr\/wp-json\/wp\/v2\/media\/1745"}],"wp:attachment":[{"href":"https:\/\/keweicorten.com\/fr\/wp-json\/wp\/v2\/media?parent=1744"}],"wp:term":[{"taxonomy":"product_brand","embeddable":true,"href":"https:\/\/keweicorten.com\/fr\/wp-json\/wp\/v2\/product_brand?post=1744"},{"taxonomy":"product_cat","embeddable":true,"href":"https:\/\/keweicorten.com\/fr\/wp-json\/wp\/v2\/product_cat?post=1744"},{"taxonomy":"product_tag","embeddable":true,"href":"https:\/\/keweicorten.com\/fr\/wp-json\/wp\/v2\/product_tag?post=1744"}],"curies":[{"name":"wp","href":"https:\/\/api.w.org\/{rel}","templated":true}]}}