{"id":1747,"date":"2024-10-18T07:48:03","date_gmt":"2024-10-18T07:48:03","guid":{"rendered":"https:\/\/keweicorten.com\/?post_type=product&#038;p=1747"},"modified":"2025-01-15T06:20:00","modified_gmt":"2025-01-15T06:20:00","slug":"gril-bbq-en-acier-corten-de-haute-qualite","status":"publish","type":"product","link":"https:\/\/keweicorten.com\/fr\/gril-bbq-en-acier-corten-de-haute-qualite\/","title":{"rendered":"Gril BBQ en acier Corten de haute qualit\u00e9"},"content":{"rendered":"<div style=\"width: 800px;\" class=\"wp-video\"><!--[if lt IE 9]><script>document.createElement('video');<\/script><![endif]-->\n<video class=\"wp-video-shortcode\" id=\"video-1747-1\" width=\"800\" height=\"450\" loop=\"1\" preload=\"metadata\" controls=\"controls\"><source type=\"video\/mp4\" src=\"https:\/\/keweicorten.com\/wp-content\/uploads\/2024\/10\/corten-steel-BBQ-grill.mp4?_=1\" \/><a href=\"https:\/\/keweicorten.com\/wp-content\/uploads\/2024\/10\/corten-steel-BBQ-grill.mp4\">https:\/\/keweicorten.com\/wp-content\/uploads\/2024\/10\/corten-steel-BBQ-grill.mp4<\/a><\/video><\/div>\n<p>Dans la recherche d'une qualit\u00e9 de vie \u00e9lev\u00e9e, l'utilisation d'un barbecue en acier corten de haute qualit\u00e9, durable et facile \u00e0 entretenir, est devenue le premier choix de nombreuses familles. Nos barbecues en acier Corten offrent une exp\u00e9rience de grillade in\u00e9gal\u00e9e gr\u00e2ce \u00e0 leur excellente r\u00e9sistance \u00e0 la corrosion, leur conception facile \u00e0 nettoyer et leur facilit\u00e9 d'installation.<\/p>\n<ol>\n<li>Caract\u00e9ristiques du produit<br \/>\nAcier r\u00e9sistant aux intemp\u00e9ries, solide et durable<br \/>\nL'utilisation d'un mat\u00e9riau en acier de haute qualit\u00e9, r\u00e9sistant aux intemp\u00e9ries et dot\u00e9 d'une excellente r\u00e9sistance \u00e0 la corrosion, permet de pr\u00e9server l'aspect et la fonction de l'appareil, m\u00eame dans des conditions m\u00e9t\u00e9orologiques d\u00e9favorables. Qu'il s'agisse d'un barbecue en plein air ou d'une utilisation \u00e0 l'int\u00e9rieur, il r\u00e9sistera \u00e0 l'\u00e9preuve du temps.<\/li>\n<li>Facile \u00e0 nettoyer, permet d'\u00e9conomiser du temps et des efforts<br \/>\nSa conception unique facilite grandement le nettoyage. Vous pouvez nettoyer votre gril en quelques minutes seulement, dire adieu au processus de nettoyage fastidieux et vous donner plus de temps pour savourer vos plats.<\/li>\n<li>Facile \u00e0 installer, pratique et rapide<br \/>\nL'installation est facile pour toute personne ne disposant pas d'outils complexes ou d'expertise. Les \u00e9tapes de montage simples vous permettent de commencer \u00e0 griller et de d\u00e9guster de d\u00e9licieux repas dans les plus brefs d\u00e9lais.<\/li>\n<\/ol>\n<p>Pourquoi nous choisir ?<br \/>\nMat\u00e9riau de haute qualit\u00e9 : l'acier r\u00e9sistant aux intemp\u00e9ries assure une longue dur\u00e9e de vie au produit.<br \/>\nConception facile \u00e0 nettoyer : Permet de savourer la nourriture en m\u00eame temps, r\u00e9duit les probl\u00e8mes de nettoyage.<br \/>\nInstallation facile : Assemblage rapide pour un plaisir imm\u00e9diat au barbecue.<\/p>\n<p><a href=\"https:\/\/keweicorten.com\/fr\"><img fetchpriority=\"high\" decoding=\"async\" class=\"alignnone\" title=\"gril bbq en acier corten\" src=\"https:\/\/sc04.alicdn.com\/kf\/H4a94e032d1814121892c0ee8ba904035Y\/230328874\/H4a94e032d1814121892c0ee8ba904035Y.jpg\" alt=\"gril bbq en acier corten personnalis\u00e9, en gros, pas cher, \u00e0 vendre keweicorten\" width=\"650\" height=\"433\" \/><\/a><\/p>\n<p><a href=\"https:\/\/keweicorten.com\/fr\/produit\/ecrans-de-jardin-en-corten\/\"><img decoding=\"async\" class=\"alignnone\" src=\"https:\/\/sc04.alicdn.com\/kf\/Hb286da351b8f4b9b9b3970b3a8a63625w\/230328874\/Hb286da351b8f4b9b9b3970b3a8a63625w.jpg\" alt=\"gril bbq en acier corten personnalis\u00e9, en gros, pas cher, \u00e0 vendre\" width=\"650\" height=\"650\" \/><\/a><\/p>\n<p>Le barbecue Fire est fabriqu\u00e9 en acier Corten (ou acier r\u00e9sistant aux intemp\u00e9ries), un alliage qui forme naturellement une couche de rouille au cours des neuf premiers mois environ de son exposition aux intemp\u00e9ries. Il est int\u00e9ressant de noter qu'en raison de la composition de cet alliage sp\u00e9cial, cette couche de rouille forme une couche protectrice qui emp\u00eache la rouille de se poursuivre. L'acier sous-jacent reste intact car la couche ext\u00e9rieure continue \u00e0 le prot\u00e9ger et \u00e0 se r\u00e9g\u00e9n\u00e9rer lorsqu'il est expos\u00e9 \u00e0 l'eau et \u00e0 l'oxyg\u00e8ne.<\/p>\n<p><a href=\"https:\/\/keweicorten.com\/fr\"><img decoding=\"async\" class=\"alignnone\" title=\"gril bbq corten\" src=\"https:\/\/sc04.alicdn.com\/kf\/Hf12500ad95134ae791d1dd097784240aV\/230328874\/Hf12500ad95134ae791d1dd097784240aV.jpg\" alt=\"corten bbq grill Factory,china,prix,fabricants keweicorten\" width=\"650\" height=\"487\" \/><\/a><\/p>\n<p class=\"magic-28\" data-spm-anchor-id=\"a2700.details.0.i45.9c387fd44v8MUV\"><b><span class=\"magic-29\"><br \/>\nPourquoi nous choisir pour coop\u00e9rer ?<\/span><\/b><b><\/b><\/p>\n<p class=\"magic-28\"><span class=\"magic-31\"><span class=\"magic-19\" style=\"color: #48916c;\">1. Combien de dessins et mod\u00e8les avez-vous ?<\/span><\/span><\/p>\n<div class=\"magic-28\">\n<p><span class=\"magic-31\"><span class=\"magic-19\">Actuellement, nous avons plus de dix styles de grilles de barbecue en acier corten. Si vous avez besoin, il y a <\/span><\/span><span class=\"magic-19\">Il n'y a aucun probl\u00e8me pour personnaliser les foyers en fonction de vos besoins.<\/span><\/p>\n<p class=\"magic-30\"><span class=\"magic-31\"><span style=\"color: #48916c;\">2. Depuis combien d'ann\u00e9es fabriquez-vous des foyers ? <\/span><\/span><\/p>\n<p class=\"magic-30\"><span class=\"magic-31\">Les foyers sont produits depuis plus de 4 ans.<\/span><\/p>\n<p class=\"magic-30\"><span style=\"color: #48916c;\"><span class=\"magic-31\">3. Pouvez-vous faire la conception <\/span>pour nous ?<\/span><\/p>\n<p class=\"magic-30\"><span class=\"magic-31\">Oui, bien s\u00fbr. Nous disposons d'une \u00e9quipe professionnelle dot\u00e9e d'une riche exp\u00e9rience en mati\u00e8re de conception et de fabrication. Il suffit de nous envoyer les <span style=\"color: #000000;\">les dessins de <\/span><\/span><span style=\"color: #000000;\">les foyers dont vous avez besoin ou les photos avec la taille.<\/span><\/p>\n<p class=\"magic-30\"><span class=\"magic-31\"><span style=\"color: #48916c;\">4. Quel est l'emballage des foyers ?<\/span><\/span><\/p>\n<p class=\"magic-30\"><span class=\"magic-31\">Caisse en contreplaqu\u00e9, palette en fer, palette en contreplaqu\u00e9 et selon les exigences du client.<\/span><\/p>\n<\/div>","protected":false},"excerpt":{"rendered":"<p>En choisissant nos grils en acier r\u00e9sistant aux intemp\u00e9ries, vous choisissez non seulement une qualit\u00e9 de vie \u00e9lev\u00e9e, mais aussi la combinaison parfaite de la commodit\u00e9 et de la durabilit\u00e9. Achetez maintenant et commencez votre voyage culinaire !<\/p>","protected":false},"featured_media":1748,"comment_status":"open","ping_status":"closed","template":"","meta":{"_eb_attr":"","_monsterinsights_skip_tracking":false,"_monsterinsights_sitenote_active":false,"_monsterinsights_sitenote_note":"","_monsterinsights_sitenote_category":0,"_uf_show_specific_survey":0,"_uf_disable_surveys":false},"product_brand":[],"product_cat":[63],"product_tag":[],"class_list":{"0":"post-1747","1":"product","2":"type-product","3":"status-publish","4":"has-post-thumbnail","6":"product_cat-steel-bbq-grill","8":"first","9":"instock","10":"shipping-taxable","11":"product-type-simple"},"_links":{"self":[{"href":"https:\/\/keweicorten.com\/fr\/wp-json\/wp\/v2\/product\/1747"}],"collection":[{"href":"https:\/\/keweicorten.com\/fr\/wp-json\/wp\/v2\/product"}],"about":[{"href":"https:\/\/keweicorten.com\/fr\/wp-json\/wp\/v2\/types\/product"}],"replies":[{"embeddable":true,"href":"https:\/\/keweicorten.com\/fr\/wp-json\/wp\/v2\/comments?post=1747"}],"version-history":[{"count":2,"href":"https:\/\/keweicorten.com\/fr\/wp-json\/wp\/v2\/product\/1747\/revisions"}],"predecessor-version":[{"id":1756,"href":"https:\/\/keweicorten.com\/fr\/wp-json\/wp\/v2\/product\/1747\/revisions\/1756"}],"wp:featuredmedia":[{"embeddable":true,"href":"https:\/\/keweicorten.com\/fr\/wp-json\/wp\/v2\/media\/1748"}],"wp:attachment":[{"href":"https:\/\/keweicorten.com\/fr\/wp-json\/wp\/v2\/media?parent=1747"}],"wp:term":[{"taxonomy":"product_brand","embeddable":true,"href":"https:\/\/keweicorten.com\/fr\/wp-json\/wp\/v2\/product_brand?post=1747"},{"taxonomy":"product_cat","embeddable":true,"href":"https:\/\/keweicorten.com\/fr\/wp-json\/wp\/v2\/product_cat?post=1747"},{"taxonomy":"product_tag","embeddable":true,"href":"https:\/\/keweicorten.com\/fr\/wp-json\/wp\/v2\/product_tag?post=1747"}],"curies":[{"name":"wp","href":"https:\/\/api.w.org\/{rel}","templated":true}]}}