{"id":1817,"date":"2024-10-25T06:37:18","date_gmt":"2024-10-25T06:37:18","guid":{"rendered":"https:\/\/keweicorten.com\/?post_type=product&#038;p=1817"},"modified":"2025-01-15T06:20:14","modified_gmt":"2025-01-15T06:20:14","slug":"jardiniere-en-corten","status":"publish","type":"product","link":"https:\/\/keweicorten.com\/fr\/jardiniere-en-corten\/","title":{"rendered":"pot de fleurs en corten"},"content":{"rendered":"<div data-elementor-type=\"product-post\" data-elementor-id=\"1817\" class=\"elementor elementor-1817\" data-elementor-post-type=\"product\">\n\t\t\t\t<div class=\"elementor-element elementor-element-458aff07 e-flex e-con-boxed e-con e-parent\" data-id=\"458aff07\" data-element_type=\"container\">\n\t\t\t\t\t<div class=\"e-con-inner\">\n\t\t\t\t<div class=\"elementor-element elementor-element-7189a10 elementor-widget__width-initial elementor-widget elementor-widget-video\" data-id=\"7189a10\" data-element_type=\"widget\" data-settings=\"{&quot;youtube_url&quot;:&quot;https:\\\/\\\/www.youtube.com\\\/watch?v=XHOmBV4js_E&quot;,&quot;video_type&quot;:&quot;youtube&quot;,&quot;controls&quot;:&quot;yes&quot;}\" data-widget_type=\"video.default\">\n\t\t\t\t<div class=\"elementor-widget-container\">\n\t\t\t\t\t\t\t<div class=\"elementor-wrapper elementor-open-inline\">\n\t\t\t<div class=\"elementor-video\"><\/div>\t\t<\/div>\n\t\t\t\t\t\t<\/div>\n\t\t\t\t<\/div>\n\t\t\t\t<div class=\"elementor-element elementor-element-adaf943 elementor-widget elementor-widget-video\" data-id=\"adaf943\" data-element_type=\"widget\" data-settings=\"{&quot;youtube_url&quot;:&quot;https:\\\/\\\/www.youtube.com\\\/watch?v=of5nKoMGgLE&quot;,&quot;autoplay&quot;:&quot;yes&quot;,&quot;play_on_mobile&quot;:&quot;yes&quot;,&quot;loop&quot;:&quot;yes&quot;,&quot;video_type&quot;:&quot;youtube&quot;,&quot;controls&quot;:&quot;yes&quot;}\" data-widget_type=\"video.default\">\n\t\t\t\t<div class=\"elementor-widget-container\">\n\t\t\t\t\t\t\t<div class=\"elementor-wrapper elementor-open-inline\">\n\t\t\t<div class=\"elementor-video\"><\/div>\t\t<\/div>\n\t\t\t\t\t\t<\/div>\n\t\t\t\t<\/div>\n\t\t\t\t<div class=\"elementor-element elementor-element-2a730689 elementor-widget elementor-widget-text-editor\" data-id=\"2a730689\" data-element_type=\"widget\" data-widget_type=\"text-editor.default\">\n\t\t\t\t<div class=\"elementor-widget-container\">\n\t\t\t\t\t\t\t\t\t<h2 style=\"text-align: center;\">Corten Plant Box Large Modern Rectangular Steel Planter Box<\/h2><div>\u00a0<\/div><p style=\"text-align: center;\"><a href=\"https:\/\/keweicorten.com\/fr\"><img fetchpriority=\"high\" decoding=\"async\" class=\"alignnone\" title=\"jardini\u00e8re en corten\" src=\"https:\/\/sc04.alicdn.com\/kf\/H86a52c3fadb744d0affd725582820c2fO\/235950374\/H86a52c3fadb744d0affd725582820c2fO.jpg\" alt=\"jardini\u00e8re en corten grossiste, pas cher, en vente, en stock keweicorten\" width=\"750\" height=\"384\" \/><\/a><\/p><p style=\"text-align: center;\">R\u00e9sistance aux intemp\u00e9ries : les pots de fleurs en corten ont une excellente r\u00e9sistance \u00e0 la corrosion et conviennent \u00e0 une utilisation dans divers environnements ext\u00e9rieurs.<\/p><p style=\"text-align: center;\">Aspect et couleur : La surface du pot de fleurs est d'une couleur rouge rouille naturelle, ce qui lui conf\u00e8re une beaut\u00e9 unique.<\/p><p style=\"text-align: center;\">\u00c9paisseur et poids : Le pot de fleurs est fabriqu\u00e9 en t\u00f4le d'acier r\u00e9sistante aux intemp\u00e9ries d'une \u00e9paisseur appropri\u00e9e, ce qui le rend \u00e0 la fois solide et facile \u00e0 manipuler et \u00e0 utiliser.<\/p><p style=\"text-align: center;\">Le prix : Le prix d'un pot de fleurs en corten est relativement \u00e9lev\u00e9, mais sa durabilit\u00e9 et son esth\u00e9tique en font un investissement \u00e0 long terme.<\/p><p style=\"text-align: center;\">Tailles et formes : les pots de fleurs en corten sont disponibles dans une vari\u00e9t\u00e9 de tailles et de formes pour s'adapter aux diff\u00e9rentes plantes et aux besoins d\u00e9coratifs.<\/p><p style=\"text-align: center;\">Traitement de surface : La surface du pot de fleurs est sp\u00e9cialement trait\u00e9e pour former une couche d'oxyde protectrice, ce qui am\u00e9liore sa r\u00e9sistance aux intemp\u00e9ries et son esth\u00e9tique.<\/p><p style=\"text-align: center;\">\u00a0<\/p><p style=\"text-align: center;\">\u00a0<\/p><p style=\"text-align: left;\">\u00a0<\/p>\t\t\t\t\t\t\t\t<\/div>\n\t\t\t\t<\/div>\n\t\t<div class=\"elementor-element elementor-element-ab532f1 e-con-full e-flex e-con e-child\" data-id=\"ab532f1\" data-element_type=\"container\">\n\t\t\t\t<div class=\"elementor-element elementor-element-9769c36 elementor-widget__width-initial elementor-widget elementor-widget-text-editor\" data-id=\"9769c36\" data-element_type=\"widget\" data-widget_type=\"text-editor.default\">\n\t\t\t\t<div class=\"elementor-widget-container\">\n\t\t\t\t\t\t\t\t\t<div>Un design simple et \u00e9pur\u00e9.<\/div><div>\u00a0<\/div><div>\u00a0<\/div><div><span style=\"color: #000000;\">Fabriqu\u00e9 en Cor- 12 GA<\/span><span style=\"color: #000000;\">Dix Acier.<\/span><\/div><div>\u00a0<\/div><div>\u00a0<\/div><div><span style=\"color: #000000;\">Disponible avec ou sans trous d'\u00e9vacuation.<\/span><\/div><div>\u00a0<\/div><div>\u00a0<\/div><div><span style=\"color: #000000;\">Excellente durabilit\u00e9 \u00e0 l'ext\u00e9rieur.<\/span><\/div><div><span style=\"color: #000000;\"> Livr\u00e9 en l'\u00e9tat.<\/span><\/div><div>\u00a0<\/div><div>\u00a0<\/div><div><span style=\"color: #000000;\">Des tailles personnalis\u00e9es sont disponibles.<\/span><\/div>\t\t\t\t\t\t\t\t<\/div>\n\t\t\t\t<\/div>\n\t\t\t\t<div class=\"elementor-element elementor-element-87b57e3 elementor-widget elementor-widget-image\" data-id=\"87b57e3\" data-element_type=\"widget\" data-widget_type=\"image.default\">\n\t\t\t\t<div class=\"elementor-widget-container\">\n\t\t\t\t\t\t\t\t\t\t\t\t\t\t\t<img decoding=\"async\" width=\"750\" height=\"750\" src=\"https:\/\/keweicorten.com\/wp-content\/uploads\/2024\/10\/\u5fae\u4fe1\u56fe\u7247_20230707153408.jpg\" class=\"attachment-large size-large wp-image-1822\" alt=\"\" srcset=\"https:\/\/keweicorten.com\/wp-content\/uploads\/2024\/10\/\u5fae\u4fe1\u56fe\u7247_20230707153408.jpg 750w, https:\/\/keweicorten.com\/wp-content\/uploads\/2024\/10\/\u5fae\u4fe1\u56fe\u7247_20230707153408-300x300.jpg 300w, https:\/\/keweicorten.com\/wp-content\/uploads\/2024\/10\/\u5fae\u4fe1\u56fe\u7247_20230707153408-150x150.jpg 150w, https:\/\/keweicorten.com\/wp-content\/uploads\/2024\/10\/\u5fae\u4fe1\u56fe\u7247_20230707153408-12x12.jpg 12w, https:\/\/keweicorten.com\/wp-content\/uploads\/2024\/10\/\u5fae\u4fe1\u56fe\u7247_20230707153408-600x600.jpg 600w, https:\/\/keweicorten.com\/wp-content\/uploads\/2024\/10\/\u5fae\u4fe1\u56fe\u7247_20230707153408-100x100.jpg 100w\" sizes=\"(max-width: 750px) 100vw, 750px\" \/>\t\t\t\t\t\t\t\t\t\t\t\t\t\t\t<\/div>\n\t\t\t\t<\/div>\n\t\t\t\t<\/div>\n\t\t<div class=\"elementor-element elementor-element-bb75c07 e-con-full e-flex e-con e-child\" data-id=\"bb75c07\" data-element_type=\"container\">\n\t\t\t\t<div class=\"elementor-element elementor-element-e8f5e39 elementor-widget__width-initial elementor-widget elementor-widget-image\" data-id=\"e8f5e39\" data-element_type=\"widget\" data-widget_type=\"image.default\">\n\t\t\t\t<div class=\"elementor-widget-container\">\n\t\t\t\t\t\t\t\t\t\t\t\t<figure class=\"wp-caption\">\n\t\t\t\t\t\t\t\t\t\t<img decoding=\"async\" width=\"564\" height=\"564\" src=\"https:\/\/keweicorten.com\/wp-content\/uploads\/2024\/10\/a2df.jpg\" class=\"attachment-large size-large wp-image-1821\" alt=\"\" srcset=\"https:\/\/keweicorten.com\/wp-content\/uploads\/2024\/10\/a2df.jpg 564w, https:\/\/keweicorten.com\/wp-content\/uploads\/2024\/10\/a2df-300x300.jpg 300w, https:\/\/keweicorten.com\/wp-content\/uploads\/2024\/10\/a2df-150x150.jpg 150w, https:\/\/keweicorten.com\/wp-content\/uploads\/2024\/10\/a2df-12x12.jpg 12w, https:\/\/keweicorten.com\/wp-content\/uploads\/2024\/10\/a2df-100x100.jpg 100w\" sizes=\"(max-width: 564px) 100vw, 564px\" \/>\t\t\t\t\t\t\t\t\t\t\t<figcaption class=\"widget-image-caption wp-caption-text\"><\/figcaption>\n\t\t\t\t\t\t\t\t\t\t<\/figure>\n\t\t\t\t\t\t\t\t\t<\/div>\n\t\t\t\t<\/div>\n\t\t\t\t<div class=\"elementor-element elementor-element-0c0063a elementor-widget__width-initial elementor-widget elementor-widget-text-editor\" data-id=\"0c0063a\" data-element_type=\"widget\" data-widget_type=\"text-editor.default\">\n\t\t\t\t<div class=\"elementor-widget-container\">\n\t\t\t\t\t\t\t\t\t<p><b data-spm-anchor-id=\"a2700.details.0.i41.5cc33fd8mJPIfQ\">Garantie de 5 ans des fabricants<\/b> - La tranquillit\u00e9 d'esprit<\/p><p>\u00a0<\/p><p><b>Tr\u00e8s r\u00e9sistant \u00e0 la corrosion<\/b> - L'acier Corten r\u00e9siste \u00e0 toutes les conditions climatiques sans entretien. Une fois qu'il a pris sa couleur brun-orange, cette fine couche d'oxydation prot\u00e8ge l'acier contre toute corrosion ult\u00e9rieure.<\/p><p>\u00a0<\/p><p><b>Application<\/b> - Id\u00e9al pour un usage r\u00e9sidentiel et commercial<\/p>\t\t\t\t\t\t\t\t<\/div>\n\t\t\t\t<\/div>\n\t\t\t\t<\/div>\n\t\t\t\t\t<\/div>\n\t\t\t\t<\/div>\n\t\t\t\t<\/div>","protected":false},"excerpt":{"rendered":"<p>Les pots de fleurs en acier corten, au design moderne et au style naturel, durables et beaux, sont id\u00e9aux pour am\u00e9liorer votre environnement ext\u00e9rieur.<\/p>","protected":false},"featured_media":1816,"comment_status":"open","ping_status":"closed","template":"","meta":{"_eb_attr":"","_monsterinsights_skip_tracking":false,"_monsterinsights_sitenote_active":false,"_monsterinsights_sitenote_note":"","_monsterinsights_sitenote_category":0,"_uf_show_specific_survey":0,"_uf_disable_surveys":false},"product_brand":[],"product_cat":[59],"product_tag":[],"class_list":{"0":"post-1817","1":"product","2":"type-product","3":"status-publish","4":"has-post-thumbnail","6":"product_cat-flower-pot","8":"first","9":"instock","10":"shipping-taxable","11":"product-type-simple"},"_links":{"self":[{"href":"https:\/\/keweicorten.com\/fr\/wp-json\/wp\/v2\/product\/1817"}],"collection":[{"href":"https:\/\/keweicorten.com\/fr\/wp-json\/wp\/v2\/product"}],"about":[{"href":"https:\/\/keweicorten.com\/fr\/wp-json\/wp\/v2\/types\/product"}],"replies":[{"embeddable":true,"href":"https:\/\/keweicorten.com\/fr\/wp-json\/wp\/v2\/comments?post=1817"}],"version-history":[{"count":9,"href":"https:\/\/keweicorten.com\/fr\/wp-json\/wp\/v2\/product\/1817\/revisions"}],"predecessor-version":[{"id":1866,"href":"https:\/\/keweicorten.com\/fr\/wp-json\/wp\/v2\/product\/1817\/revisions\/1866"}],"wp:featuredmedia":[{"embeddable":true,"href":"https:\/\/keweicorten.com\/fr\/wp-json\/wp\/v2\/media\/1816"}],"wp:attachment":[{"href":"https:\/\/keweicorten.com\/fr\/wp-json\/wp\/v2\/media?parent=1817"}],"wp:term":[{"taxonomy":"product_brand","embeddable":true,"href":"https:\/\/keweicorten.com\/fr\/wp-json\/wp\/v2\/product_brand?post=1817"},{"taxonomy":"product_cat","embeddable":true,"href":"https:\/\/keweicorten.com\/fr\/wp-json\/wp\/v2\/product_cat?post=1817"},{"taxonomy":"product_tag","embeddable":true,"href":"https:\/\/keweicorten.com\/fr\/wp-json\/wp\/v2\/product_tag?post=1817"}],"curies":[{"name":"wp","href":"https:\/\/api.w.org\/{rel}","templated":true}]}}