{"id":1867,"date":"2024-10-29T02:29:39","date_gmt":"2024-10-29T02:29:39","guid":{"rendered":"https:\/\/keweicorten.com\/?post_type=product&#038;p=1867"},"modified":"2024-10-29T02:31:51","modified_gmt":"2024-10-29T02:31:51","slug":"astm-a606-a588-plaque-dacier-corten-a-resistant-aux-intemperies","status":"publish","type":"product","link":"https:\/\/keweicorten.com\/fr\/astm-a606-a588-plaque-dacier-corten-a-resistant-aux-intemperies\/","title":{"rendered":"Plaque d'acier ASTM A606 A588 Corten a r\u00e9sistant aux intemp\u00e9ries"},"content":{"rendered":"<table>\n<thead>\n<tr>\n<th><strong>Propri\u00e9t\u00e9<\/strong><\/th>\n<th><strong>ASTM A606<\/strong><\/th>\n<th><strong>ASTM A588 (Corten A)<\/strong><\/th>\n<\/tr>\n<\/thead>\n<tbody>\n<tr>\n<td><strong>Standard<\/strong><\/td>\n<td>ASTM A606-4<\/td>\n<td>ASTM A588 Grade A<\/td>\n<\/tr>\n<tr>\n<td><strong>Type<\/strong><\/td>\n<td>Acier faiblement alli\u00e9 \u00e0 haute r\u00e9sistance<\/td>\n<td>Acier r\u00e9sistant aux intemp\u00e9ries<\/td>\n<\/tr>\n<tr>\n<td><strong>R\u00e9sistance \u00e0 la corrosion<\/strong><\/td>\n<td>Bon<\/td>\n<td>Excellent ; r\u00e9sistant \u00e0 la corrosion atmosph\u00e9rique<\/td>\n<\/tr>\n<tr>\n<td><strong>R\u00e9sistance \u00e0 la traction<\/strong><\/td>\n<td>Min 70 ksi (485 MPa)<\/td>\n<td>Min 70 ksi (485 MPa)<\/td>\n<\/tr>\n<tr>\n<td><strong>Limite d'\u00e9lasticit\u00e9<\/strong><\/td>\n<td>Min 50 ksi (345 MPa)<\/td>\n<td>Min 50 ksi (345 MPa)<\/td>\n<\/tr>\n<tr>\n<td><strong>\u00c9longation<\/strong><\/td>\n<td>Varie en fonction de l'\u00e9paisseur<\/td>\n<td>Varie en fonction de l'\u00e9paisseur<\/td>\n<\/tr>\n<tr>\n<td><strong>Gamme d'\u00e9paisseur<\/strong><\/td>\n<td>G\u00e9n\u00e9ralement jusqu'\u00e0 2 pouces (50 mm)<\/td>\n<td>G\u00e9n\u00e9ralement jusqu'\u00e0 2 pouces (50 mm)<\/td>\n<\/tr>\n<tr>\n<td><strong>Formabilit\u00e9<\/strong><\/td>\n<td>Bon<\/td>\n<td>Bon<\/td>\n<\/tr>\n<tr>\n<td><strong>Soudabilit\u00e9<\/strong><\/td>\n<td>Bon avec les pr\u00e9cautions n\u00e9cessaires<\/td>\n<td>Bon avec les pr\u00e9cautions n\u00e9cessaires<\/td>\n<\/tr>\n<tr>\n<td><strong>Applications<\/strong><\/td>\n<td>Construction, ponts, supports structurels<\/td>\n<td>Ponts, construction, applications marines<\/td>\n<\/tr>\n<tr>\n<td><strong>Finition de la surface<\/strong><\/td>\n<td>Finition en usine ou selon les sp\u00e9cifications<\/td>\n<td>Finition en usine ou selon les sp\u00e9cifications<\/td>\n<\/tr>\n<tr>\n<td><strong>Composition chimique<\/strong><\/td>\n<td>varie l\u00e9g\u00e8rement en fonction des besoins sp\u00e9cifiques<\/td>\n<td>Contient des \u00e9l\u00e9ments tels que le cuivre pour une meilleure r\u00e9sistance aux intemp\u00e9ries.<\/td>\n<\/tr>\n<\/tbody>\n<\/table>\n<p><a href=\"https:\/\/keweicorten.com\/fr\"><img fetchpriority=\"high\" decoding=\"async\" class=\"alignnone\" title=\"Plaque d&#039;acier ASTM A588 \" src=\"https:\/\/i.ytimg.com\/vi\/5OTJne5mkO0\/maxresdefault.jpg\" alt=\"Plaque d&#039;acier ASTM A588 \" width=\"556\" height=\"313\" \/><\/a><\/p>\n<p><a href=\"https:\/\/keweicorten.com\/fr\"><img decoding=\"async\" class=\"alignnone\" title=\"Plaque d&#039;acier corten ASTM A588 ASTM A606 4 \" src=\"https:\/\/image.made-in-china.com\/2f0j00rkpiaVFIheYJ\/ASTM-A588-ASTM-A606-4-Corten-Steel-Plate-Gr-a-Gr-B-Corrosion-Resistance-Weathering-Steel-Sheet-for-Outdoor-Metal-Sheet.jpg\" alt=\"Plaque d&#039;acier corten ASTM A588 ASTM A606 4 \" width=\"556\" height=\"556\" \/><\/a><\/p>\n<p><a href=\"https:\/\/keweicorten.com\/fr\"><img decoding=\"async\" class=\"alignnone\" title=\"Plaques d&#039;acier Corten ASTM A588 Gr.B \" src=\"https:\/\/www.csteelindia.com\/images\/astm-588-type2-steel-plates.jpg\" alt=\"Plaques d&#039;acier Corten ASTM A588 Gr.B prix Chine | keweicorten\" width=\"559\" height=\"315\" \/><\/a><\/p>","protected":false},"excerpt":{"rendered":"<p>Une bonne compr\u00e9hension des caract\u00e9ristiques cl\u00e9s et des sc\u00e9narios d'application des t\u00f4les d'acier chinoises ASTM A606 et A588 contre les intemp\u00e9ries permet de s\u00e9lectionner le mat\u00e9riau ad\u00e9quat pour vos besoins d'ing\u00e9nierie sp\u00e9cifiques.<\/p>","protected":false},"featured_media":1868,"comment_status":"open","ping_status":"closed","template":"","meta":{"_eb_attr":"","_monsterinsights_skip_tracking":false,"_monsterinsights_sitenote_active":false,"_monsterinsights_sitenote_note":"","_monsterinsights_sitenote_category":0,"_uf_show_specific_survey":0,"_uf_disable_surveys":false},"product_brand":[],"product_cat":[21],"product_tag":[],"class_list":{"0":"post-1867","1":"product","2":"type-product","3":"status-publish","4":"has-post-thumbnail","6":"product_cat-weather-resistant-steel-plate","8":"first","9":"instock","10":"shipping-taxable","11":"product-type-simple"},"_links":{"self":[{"href":"https:\/\/keweicorten.com\/fr\/wp-json\/wp\/v2\/product\/1867"}],"collection":[{"href":"https:\/\/keweicorten.com\/fr\/wp-json\/wp\/v2\/product"}],"about":[{"href":"https:\/\/keweicorten.com\/fr\/wp-json\/wp\/v2\/types\/product"}],"replies":[{"embeddable":true,"href":"https:\/\/keweicorten.com\/fr\/wp-json\/wp\/v2\/comments?post=1867"}],"version-history":[{"count":2,"href":"https:\/\/keweicorten.com\/fr\/wp-json\/wp\/v2\/product\/1867\/revisions"}],"predecessor-version":[{"id":1870,"href":"https:\/\/keweicorten.com\/fr\/wp-json\/wp\/v2\/product\/1867\/revisions\/1870"}],"wp:featuredmedia":[{"embeddable":true,"href":"https:\/\/keweicorten.com\/fr\/wp-json\/wp\/v2\/media\/1868"}],"wp:attachment":[{"href":"https:\/\/keweicorten.com\/fr\/wp-json\/wp\/v2\/media?parent=1867"}],"wp:term":[{"taxonomy":"product_brand","embeddable":true,"href":"https:\/\/keweicorten.com\/fr\/wp-json\/wp\/v2\/product_brand?post=1867"},{"taxonomy":"product_cat","embeddable":true,"href":"https:\/\/keweicorten.com\/fr\/wp-json\/wp\/v2\/product_cat?post=1867"},{"taxonomy":"product_tag","embeddable":true,"href":"https:\/\/keweicorten.com\/fr\/wp-json\/wp\/v2\/product_tag?post=1867"}],"curies":[{"name":"wp","href":"https:\/\/api.w.org\/{rel}","templated":true}]}}