{"id":1910,"date":"2024-11-05T07:46:19","date_gmt":"2024-11-05T07:46:19","guid":{"rendered":"https:\/\/keweicorten.com\/?post_type=product&#038;p=1910"},"modified":"2025-01-15T06:20:40","modified_gmt":"2025-01-15T06:20:40","slug":"grill-exterieur-corten-bbq","status":"publish","type":"product","link":"https:\/\/keweicorten.com\/fr\/grill-exterieur-corten-bbq\/","title":{"rendered":"Gril d'ext\u00e9rieur Corten BBQ"},"content":{"rendered":"<p>Le Outdoor Grill Corten BBQ a une table de cuisson de 10 mm d'\u00e9paisseur et peut avoir un diam\u00e8tre de 1000 mm ou de 850 mm. Chauffez la planche \u00e0 environ 300\u02daC gr\u00e2ce \u00e0 un feu de bois dans la marmite chaude (le charbon est \u00e9galement possible, mais moins int\u00e9ressant car il ne donne pas la flamme et ne sent pas la fum\u00e9e). Commencer la planche avec de l'huile et la cuisson. Grande surface de cuisson.<\/p>\n<table>\n<tbody>\n<tr>\n<td>Marque d\u00e9pos\u00e9e<\/td>\n<td>Jardin SHKW<\/td>\n<td>Application<\/td>\n<td>Bol de table pour foyer ext\u00e9rieur<\/td>\n<\/tr>\n<tr>\n<td>Capacit\u00e9 de production<\/td>\n<td>10000 Set par \/mois<\/td>\n<td>Mots cl\u00e9s<\/td>\n<td>Barbecue au charbon de bois<\/td>\n<\/tr>\n<tr>\n<td>Origine<\/td>\n<td>Chine<\/td>\n<td>Type de gril<\/td>\n<td>Grils au charbon de bois<\/td>\n<\/tr>\n<tr>\n<td>Nom du produit<\/td>\n<td>Gril d'ext\u00e9rieur Corten BBQ<\/td>\n<td>Dispositif de s\u00e9curit\u00e9<\/td>\n<td>Dispositif de s\u00e9curit\u00e9 contre les flammes<\/td>\n<\/tr>\n<tr>\n<td>Type de m\u00e9tal<\/td>\n<td>Acier<\/td>\n<td>Mat\u00e9riau<\/td>\n<td>Corten<\/td>\n<\/tr>\n<tr>\n<td>Fonctionnalit\u00e9<\/td>\n<td>Facile \u00e0 assembler, facile \u00e0 nettoyer, chariot<\/td>\n<td>Utilisation<\/td>\n<td>Cuisine Cuisson\\NCuisson\\NBBQ<\/td>\n<\/tr>\n<tr>\n<td>Carburant<\/td>\n<td>Bois Fusain<\/td>\n<td>Description<\/td>\n<td>Gril barbecue Gril barbecue au charbon de bois<\/td>\n<\/tr>\n<\/tbody>\n<\/table>\n<p><a href=\"https:\/\/keweicorten.com\/fr\/categorie-de-produits\/foyer\/\"><img fetchpriority=\"high\" decoding=\"async\" class=\"alignnone\" title=\"Gril d&#039;ext\u00e9rieur Corten BBQ\" src=\"https:\/\/sc04.alicdn.com\/kf\/Habd862920bd5488eab74e502cd481a56f\/276463663\/Habd862920bd5488eab74e502cd481a56f.jpg\" alt=\"Grill ext\u00e9rieur Corten BBQ personnalis\u00e9, grossiste, pas cher-keweicorten\" width=\"517\" height=\"517\" \/><\/a><\/p>\n<p>Un gril avec des l\u00e9gumes frais, entour\u00e9 de gravier, offre une belle sc\u00e8ne pour un barbecue en plein air.<\/p>\n<div class=\"sr-txt-title\">\n<p class=\"sr-txt-h2\">Emballage et livraison<\/p>\n<\/div>\n<div class=\"sr-layout-content\">\n<div class=\"basic-info-list\">\n<div class=\"bsc-item full cf\">\n<div class=\"bac-item-label fl\">Taille de l'emballage\uff1a100.00cm * 100.00cm * 100.00cm<\/div>\n<\/div>\n<div class=\"bsc-item full cf\">\n<div class=\"bac-item-label fl\">Poids brut de l'emballage\uff1a50.000kg<\/div>\n<div><a href=\"https:\/\/keweicorten.com\/fr\/categorie-de-produits\/foyer\/\"><img decoding=\"async\" class=\"alignnone wp-image-1914 size-full\" title=\" gril bbq corten\" src=\"https:\/\/keweicorten.com\/wp-content\/uploads\/2024\/11\/\u5fae\u4fe1\u56fe\u7247_20241105154209.jpg\" alt=\" Grille de barbecue en corten grossiste, pas cher, en vente, en stock.\" width=\"700\" height=\"300\" srcset=\"https:\/\/keweicorten.com\/wp-content\/uploads\/2024\/11\/\u5fae\u4fe1\u56fe\u7247_20241105154209.jpg 700w, https:\/\/keweicorten.com\/wp-content\/uploads\/2024\/11\/\u5fae\u4fe1\u56fe\u7247_20241105154209-300x129.jpg 300w, https:\/\/keweicorten.com\/wp-content\/uploads\/2024\/11\/\u5fae\u4fe1\u56fe\u7247_20241105154209-18x8.jpg 18w, https:\/\/keweicorten.com\/wp-content\/uploads\/2024\/11\/\u5fae\u4fe1\u56fe\u7247_20241105154209-600x257.jpg 600w\" sizes=\"(max-width: 700px) 100vw, 700px\" \/><\/a><\/div>\n<p><strong>Gril ext\u00e9rieur Corten BBQ Caract\u00e9ristiques principales :<\/strong><\/p>\n<p>Acier r\u00e9sistant aux intemp\u00e9ries<br \/>\nConception portative<br \/>\nStructure compacte<br \/>\nFacile \u00e0 nettoyer<br \/>\nS\u00e9curit\u00e9 \u00e9lev\u00e9e<br \/>\nForte durabilit\u00e9<br \/>\nFaible co\u00fbt d'entretien<br \/>\nProtection de l'environnement et \u00e9conomie d'\u00e9nergie<br \/>\nUtilisation multifonctionnelle<\/p>\n<p><a href=\"https:\/\/keweicorten.com\/fr\/categorie-de-produits\/foyer\/\"><img decoding=\"async\" class=\"alignnone wp-image-1915 size-full\" title=\"Gril d&#039;ext\u00e9rieur Corten BBQ\" src=\"https:\/\/keweicorten.com\/wp-content\/uploads\/2024\/11\/\u5fae\u4fe1\u56fe\u7247_20241105154214.jpg\" alt=\" Grill ext\u00e9rieur Corten BBQ grossiste, pas cher, en vente, en stock -keweicorten\" width=\"700\" height=\"300\" srcset=\"https:\/\/keweicorten.com\/wp-content\/uploads\/2024\/11\/\u5fae\u4fe1\u56fe\u7247_20241105154214.jpg 700w, https:\/\/keweicorten.com\/wp-content\/uploads\/2024\/11\/\u5fae\u4fe1\u56fe\u7247_20241105154214-300x129.jpg 300w, https:\/\/keweicorten.com\/wp-content\/uploads\/2024\/11\/\u5fae\u4fe1\u56fe\u7247_20241105154214-18x8.jpg 18w, https:\/\/keweicorten.com\/wp-content\/uploads\/2024\/11\/\u5fae\u4fe1\u56fe\u7247_20241105154214-600x257.jpg 600w\" sizes=\"(max-width: 700px) 100vw, 700px\" \/><\/a><\/p>\n<\/div>\n<\/div>\n<\/div>","protected":false},"excerpt":{"rendered":"<p>Gril d'ext\u00e9rieur portable Le barbecue en corten est un appareil de barbecue con\u00e7u pour une utilisation en ext\u00e9rieur. L'acier Corten est largement utilis\u00e9 dans la fabrication d'\u00e9quipements d'ext\u00e9rieur en raison de sa r\u00e9sistance \u00e0 la corrosion et aux intemp\u00e9ries.<\/p>","protected":false},"featured_media":1912,"comment_status":"open","ping_status":"closed","template":"","meta":{"_eb_attr":"","_monsterinsights_skip_tracking":false,"_monsterinsights_sitenote_active":false,"_monsterinsights_sitenote_note":"","_monsterinsights_sitenote_category":0,"_uf_show_specific_survey":0,"_uf_disable_surveys":false},"product_brand":[],"product_cat":[63],"product_tag":[],"class_list":{"0":"post-1910","1":"product","2":"type-product","3":"status-publish","4":"has-post-thumbnail","6":"product_cat-steel-bbq-grill","8":"first","9":"instock","10":"shipping-taxable","11":"product-type-simple"},"_links":{"self":[{"href":"https:\/\/keweicorten.com\/fr\/wp-json\/wp\/v2\/product\/1910"}],"collection":[{"href":"https:\/\/keweicorten.com\/fr\/wp-json\/wp\/v2\/product"}],"about":[{"href":"https:\/\/keweicorten.com\/fr\/wp-json\/wp\/v2\/types\/product"}],"replies":[{"embeddable":true,"href":"https:\/\/keweicorten.com\/fr\/wp-json\/wp\/v2\/comments?post=1910"}],"version-history":[{"count":1,"href":"https:\/\/keweicorten.com\/fr\/wp-json\/wp\/v2\/product\/1910\/revisions"}],"predecessor-version":[{"id":1916,"href":"https:\/\/keweicorten.com\/fr\/wp-json\/wp\/v2\/product\/1910\/revisions\/1916"}],"wp:featuredmedia":[{"embeddable":true,"href":"https:\/\/keweicorten.com\/fr\/wp-json\/wp\/v2\/media\/1912"}],"wp:attachment":[{"href":"https:\/\/keweicorten.com\/fr\/wp-json\/wp\/v2\/media?parent=1910"}],"wp:term":[{"taxonomy":"product_brand","embeddable":true,"href":"https:\/\/keweicorten.com\/fr\/wp-json\/wp\/v2\/product_brand?post=1910"},{"taxonomy":"product_cat","embeddable":true,"href":"https:\/\/keweicorten.com\/fr\/wp-json\/wp\/v2\/product_cat?post=1910"},{"taxonomy":"product_tag","embeddable":true,"href":"https:\/\/keweicorten.com\/fr\/wp-json\/wp\/v2\/product_tag?post=1910"}],"curies":[{"name":"wp","href":"https:\/\/api.w.org\/{rel}","templated":true}]}}