{"id":2644,"date":"2024-12-02T02:50:12","date_gmt":"2024-12-02T02:50:12","guid":{"rendered":"https:\/\/keweicorten.com\/?post_type=product&#038;p=2644"},"modified":"2025-01-15T06:14:19","modified_gmt":"2025-01-15T06:14:19","slug":"pellet-tourch","status":"publish","type":"product","link":"https:\/\/keweicorten.com\/fr\/pellet-tourch\/","title":{"rendered":"pellet tourch"},"content":{"rendered":"<p>Les po\u00eales \u00e0 pellets Rocket sont des appareils de combustion efficaces et respectueux de l'environnement, couramment utilis\u00e9s pour le chauffage domestique et l'ext\u00e9rieur. Il combine l'efficacit\u00e9 de combustion d'un four \u00e0 fus\u00e9e avec l'\u00e9conomie et la durabilit\u00e9 des granul\u00e9s de bois.<\/p>\n<h2>Quelles sont les caract\u00e9ristiques d'un four \u00e0 pellets\uff1f ?<\/h2>\n<ul>\n<li>Combustion efficace :<br \/>\nGr\u00e2ce \u00e0 la conception du four \u00e0 fus\u00e9e, la chambre de combustion peut produire des temp\u00e9ratures extr\u00eamement \u00e9lev\u00e9es, de sorte que le combustible est enti\u00e8rement br\u00fbl\u00e9 et que les \u00e9missions de gaz de combustion sont r\u00e9duites.<\/li>\n<li>Utilisation de granul\u00e9s de bois :<br \/>\nLes combustibles renouvelables de la biomasse tels que les granul\u00e9s de bois et de c\u00e9r\u00e9ales peuvent \u00eatre br\u00fbl\u00e9s, ce qui est \u00e9conomique et respectueux de l'environnement.<\/li>\n<li>Faibles \u00e9missions :<br \/>\nR\u00e9duire les \u00e9missions de dioxyde de carbone et de substances nocives, ce qui convient parfaitement aux zones soumises \u00e0 des exigences \u00e9lev\u00e9es en mati\u00e8re de protection de l'environnement.<\/li>\n<li>Portabilit\u00e9 :<br \/>\nCertains mod\u00e8les sont petits, faciles \u00e0 transporter et \u00e0 installer, et conviennent pour le camping en plein air et l'utilisation en cas d'urgence.<\/li>\n<li>Polyvalent :<br \/>\nIl peut \u00eatre utilis\u00e9 pour chauffer, cuisiner, faire bouillir de l'eau, etc.<\/li>\n<\/ul>\n<p><a href=\"https:\/\/keweicorten.com\/fr\/nous-contacter\/\"><img fetchpriority=\"high\" decoding=\"async\" class=\"alignnone wp-image-2645\" title=\"pellet tourch\" src=\"https:\/\/keweicorten.com\/wp-content\/uploads\/2024\/12\/Pellet-torch-.jpg\" alt=\"pellet tourch Factory,china,price,manufacturers,suppliers,customized,wholesale,cheap,for sale,in stock.-keweicorten \" width=\"678\" height=\"678\" srcset=\"https:\/\/keweicorten.com\/wp-content\/uploads\/2024\/12\/Pellet-torch-.jpg 899w, https:\/\/keweicorten.com\/wp-content\/uploads\/2024\/12\/Pellet-torch--300x300.jpg 300w, https:\/\/keweicorten.com\/wp-content\/uploads\/2024\/12\/Pellet-torch--150x150.jpg 150w, https:\/\/keweicorten.com\/wp-content\/uploads\/2024\/12\/Pellet-torch--768x768.jpg 768w, https:\/\/keweicorten.com\/wp-content\/uploads\/2024\/12\/Pellet-torch--12x12.jpg 12w, https:\/\/keweicorten.com\/wp-content\/uploads\/2024\/12\/Pellet-torch--600x600.jpg 600w, https:\/\/keweicorten.com\/wp-content\/uploads\/2024\/12\/Pellet-torch--100x100.jpg 100w\" sizes=\"(max-width: 678px) 100vw, 678px\" \/><\/a><\/p>\n<p>Sc\u00e9nario d'application<br \/>\nChauffage domestique : Convient aux petites maisons, aux maisons en bois ou aux garages pendant la saison froide.<br \/>\nActivit\u00e9s de plein air : camping, barbecue, etc.<\/p>\n<p>Suggestion d'achat<br \/>\nCompatibilit\u00e9 avec les combustibles : S\u00e9lectionnez le mod\u00e8le adapt\u00e9 aux combustibles de biomasse locaux.<br \/>\nMat\u00e9riau du four : l'acier r\u00e9sistant aux hautes temp\u00e9ratures ou l'acier inoxydable de haute qualit\u00e9 est plus durable.<br \/>\nUne utilisation s\u00fbre : V\u00e9rifier la filtration des fum\u00e9es et le contr\u00f4le des flammes.<br \/>\nMarque et service apr\u00e8s-vente : Choisissez un fabricant ou un fournisseur r\u00e9put\u00e9.<\/p>\n<p><a href=\"https:\/\/keweicorten.com\/fr\/nous-contacter\/\"><img decoding=\"async\" class=\"alignnone wp-image-2646 size-full\" title=\"chauffage \u00e0 granul\u00e9s de bois\" src=\"https:\/\/keweicorten.com\/wp-content\/uploads\/2024\/12\/s-l500.jpg\" alt=\"Prix des po\u00eales \u00e0 granul\u00e9s de bois, fabricants, fournisseurs, sur mesure, en gros, pas cher, en vente, en stock -keweicorten\" width=\"375\" height=\"500\" srcset=\"https:\/\/keweicorten.com\/wp-content\/uploads\/2024\/12\/s-l500.jpg 375w, https:\/\/keweicorten.com\/wp-content\/uploads\/2024\/12\/s-l500-225x300.jpg 225w, https:\/\/keweicorten.com\/wp-content\/uploads\/2024\/12\/s-l500-9x12.jpg 9w\" sizes=\"(max-width: 375px) 100vw, 375px\" \/><\/a><\/p>","protected":false},"excerpt":{"rendered":"<p>Les po\u00eales \u00e0 granul\u00e9s sont des appareils de combustion modernes qui utilisent des granul\u00e9s de biomasse (tels que les granul\u00e9s de bois) et sont largement utilis\u00e9s pour le chauffage domestique et dans les locaux commerciaux.<\/p>","protected":false},"featured_media":2647,"comment_status":"open","ping_status":"closed","template":"","meta":{"_eb_attr":"","_monsterinsights_skip_tracking":false,"_monsterinsights_sitenote_active":false,"_monsterinsights_sitenote_note":"","_monsterinsights_sitenote_category":0,"_uf_show_specific_survey":0,"_uf_disable_surveys":false},"product_brand":[],"product_cat":[52],"product_tag":[],"class_list":{"0":"post-2644","1":"product","2":"type-product","3":"status-publish","4":"has-post-thumbnail","6":"product_cat-wood-pellet-tourch","8":"first","9":"instock","10":"shipping-taxable","11":"product-type-simple"},"_links":{"self":[{"href":"https:\/\/keweicorten.com\/fr\/wp-json\/wp\/v2\/product\/2644"}],"collection":[{"href":"https:\/\/keweicorten.com\/fr\/wp-json\/wp\/v2\/product"}],"about":[{"href":"https:\/\/keweicorten.com\/fr\/wp-json\/wp\/v2\/types\/product"}],"replies":[{"embeddable":true,"href":"https:\/\/keweicorten.com\/fr\/wp-json\/wp\/v2\/comments?post=2644"}],"version-history":[{"count":1,"href":"https:\/\/keweicorten.com\/fr\/wp-json\/wp\/v2\/product\/2644\/revisions"}],"predecessor-version":[{"id":2650,"href":"https:\/\/keweicorten.com\/fr\/wp-json\/wp\/v2\/product\/2644\/revisions\/2650"}],"wp:featuredmedia":[{"embeddable":true,"href":"https:\/\/keweicorten.com\/fr\/wp-json\/wp\/v2\/media\/2647"}],"wp:attachment":[{"href":"https:\/\/keweicorten.com\/fr\/wp-json\/wp\/v2\/media?parent=2644"}],"wp:term":[{"taxonomy":"product_brand","embeddable":true,"href":"https:\/\/keweicorten.com\/fr\/wp-json\/wp\/v2\/product_brand?post=2644"},{"taxonomy":"product_cat","embeddable":true,"href":"https:\/\/keweicorten.com\/fr\/wp-json\/wp\/v2\/product_cat?post=2644"},{"taxonomy":"product_tag","embeddable":true,"href":"https:\/\/keweicorten.com\/fr\/wp-json\/wp\/v2\/product_tag?post=2644"}],"curies":[{"name":"wp","href":"https:\/\/api.w.org\/{rel}","templated":true}]}}