{"id":2972,"date":"2024-12-19T01:47:45","date_gmt":"2024-12-19T01:47:45","guid":{"rendered":"https:\/\/keweicorten.com\/?post_type=product&#038;p=2972"},"modified":"2025-01-15T06:12:58","modified_gmt":"2025-01-15T06:12:58","slug":"grille-de-cheminee-en-acier-corten","status":"publish","type":"product","link":"https:\/\/keweicorten.com\/fr\/grille-de-cheminee-en-acier-corten\/","title":{"rendered":"grille de chemin\u00e9e en acier corten"},"content":{"rendered":"<h2 data-pm-slice=\"1 1 []\">Grille de chemin\u00e9e en acier Corten : L'ajout parfait \u00e0 votre espace de vie ext\u00e9rieur<\/h2>\n<p>Lorsqu'il s'agit d'am\u00e9liorer votre espace de vie ext\u00e9rieur, peu d'\u00e9l\u00e9ments sont aussi polyvalents et visuellement frappants qu'un gril-chemin\u00e9e en acier corten. Combinant la chaleur d'un foyer et la fonctionnalit\u00e9 d'un gril, cet \u00e9l\u00e9ment innovant rehausse vos rassemblements dans l'arri\u00e8re-cour tout en ajoutant une touche de charme rustique moderne.<\/p>\n<h3>Qu'est-ce qu'un gril de chemin\u00e9e en acier Corten ?<\/h3>\n<p>Un gril de chemin\u00e9e en acier corten est un \u00e9l\u00e9ment ext\u00e9rieur \u00e0 double usage fabriqu\u00e9 \u00e0 partir d'acier r\u00e9sistant aux intemp\u00e9ries, connu sous le nom d'acier corten. Ce mat\u00e9riau acquiert au fil du temps une patine protectrice semblable \u00e0 la rouille, ce qui lui conf\u00e8re un aspect unique, en constante \u00e9volution, qui s'int\u00e8gre parfaitement \u00e0 l'environnement naturel. Con\u00e7us pour \u00eatre \u00e0 la fois esth\u00e9tiques et pratiques, les grils de chemin\u00e9e en acier corten sont durables, n\u00e9cessitent peu d'entretien et r\u00e9sistent aux conditions m\u00e9t\u00e9orologiques difficiles.<\/p>\n<p><a href=\"https:\/\/keweicorten.com\/fr\/nous-contacter\/\"><img fetchpriority=\"high\" decoding=\"async\" class=\"alignnone wp-image-2977 size-full\" title=\"foyer en corten bbq \" src=\"https:\/\/keweicorten.com\/wp-content\/uploads\/2024\/12\/\u5fae\u4fe1\u56fe\u7247_20241105151017.png\" alt=\"corten fire pit bbq Factory,china,price,manufacturers,suppliers,customized,wholesale,cheap,for sale,in stock.-keweicorten\" width=\"517\" height=\"517\" srcset=\"https:\/\/keweicorten.com\/wp-content\/uploads\/2024\/12\/\u5fae\u4fe1\u56fe\u7247_20241105151017.png 517w, https:\/\/keweicorten.com\/wp-content\/uploads\/2024\/12\/\u5fae\u4fe1\u56fe\u7247_20241105151017-300x300.png 300w, https:\/\/keweicorten.com\/wp-content\/uploads\/2024\/12\/\u5fae\u4fe1\u56fe\u7247_20241105151017-150x150.png 150w, https:\/\/keweicorten.com\/wp-content\/uploads\/2024\/12\/\u5fae\u4fe1\u56fe\u7247_20241105151017-12x12.png 12w, https:\/\/keweicorten.com\/wp-content\/uploads\/2024\/12\/\u5fae\u4fe1\u56fe\u7247_20241105151017-100x100.png 100w\" sizes=\"(max-width: 517px) 100vw, 517px\" \/><\/a><\/p>\n<h3>Caract\u00e9ristiques des grils de chemin\u00e9e en acier Corten<\/h3>\n<ol start=\"1\" data-spread=\"true\">\n<li><strong>Durabilit\u00e9 :<\/strong> L'acier Corten est r\u00e9put\u00e9 pour sa solidit\u00e9 et sa r\u00e9sistance \u00e0 la corrosion. Sa surface auto-cicatrisante garantit des performances durables, ce qui en fait un mat\u00e9riau id\u00e9al pour les applications ext\u00e9rieures.<\/li>\n<li><strong>Esth\u00e9tique rustique :<\/strong> La patine naturelle conf\u00e8re au gril un aspect terreux unique qui met en valeur tout environnement ext\u00e9rieur. La patine \u00e9volue \u00e9galement, ajoutant du caract\u00e8re et de l'individualit\u00e9.<\/li>\n<li><strong>Polyvalence :<\/strong> Il peut servir \u00e0 la fois de foyer pour la chaleur et l'ambiance et de gril pour la cuisson. Cette double fonctionnalit\u00e9 est id\u00e9ale pour organiser des f\u00eates en plein air et des r\u00e9unions de famille.<\/li>\n<li><strong>Peu d'entretien :<\/strong> Contrairement aux grils traditionnels, l'acier corten ne n\u00e9cessite qu'un minimum d'entretien. La patine protectrice \u00e9limine le besoin de peinture ou de scellement.<\/li>\n<\/ol>\n<p><a href=\"https:\/\/keweicorten.com\/fr\/nous-contacter\/\"><img decoding=\"async\" class=\"alignnone wp-image-2978\" title=\"corten firepit bbq \" src=\"https:\/\/keweicorten.com\/wp-content\/uploads\/2024\/12\/photobank-1.png\" alt=\"fosse \u00e0 feu bbq Factory,china,prix,fabricants,fournisseurs,sur mesure,grossiste,pas cher,en vente,en stock.-keweicorten\" width=\"463\" height=\"496\" srcset=\"https:\/\/keweicorten.com\/wp-content\/uploads\/2024\/12\/photobank-1.png 624w, https:\/\/keweicorten.com\/wp-content\/uploads\/2024\/12\/photobank-1-280x300.png 280w, https:\/\/keweicorten.com\/wp-content\/uploads\/2024\/12\/photobank-1-11x12.png 11w, https:\/\/keweicorten.com\/wp-content\/uploads\/2024\/12\/photobank-1-600x642.png 600w\" sizes=\"(max-width: 463px) 100vw, 463px\" \/><\/a><a href=\"https:\/\/keweicorten.com\/fr\/nous-contacter\/\"><img decoding=\"async\" class=\"alignnone wp-image-2980\" title=\"fosse de feu bbq\" src=\"https:\/\/keweicorten.com\/wp-content\/uploads\/2024\/12\/1.jpg\" alt=\"fosse \u00e0 feu bbq Factory,china,prix,fabricants,fournisseurs,sur mesure,grossiste,pas cher,en vente,en stock.-keweicorten\" width=\"472\" height=\"472\" srcset=\"https:\/\/keweicorten.com\/wp-content\/uploads\/2024\/12\/1.jpg 819w, https:\/\/keweicorten.com\/wp-content\/uploads\/2024\/12\/1-300x300.jpg 300w, https:\/\/keweicorten.com\/wp-content\/uploads\/2024\/12\/1-150x150.jpg 150w, https:\/\/keweicorten.com\/wp-content\/uploads\/2024\/12\/1-768x768.jpg 768w, https:\/\/keweicorten.com\/wp-content\/uploads\/2024\/12\/1-12x12.jpg 12w, https:\/\/keweicorten.com\/wp-content\/uploads\/2024\/12\/1-600x600.jpg 600w, https:\/\/keweicorten.com\/wp-content\/uploads\/2024\/12\/1-100x100.jpg 100w\" sizes=\"(max-width: 472px) 100vw, 472px\" \/><\/a><\/p>\n<h3>Avantages du choix d'un gril de chemin\u00e9e en acier Corten<\/h3>\n<h4>1. Am\u00e9lioration de l'exp\u00e9rience en plein air<\/h4>\n<p>Une chemin\u00e9e-gril en acier corten transforme votre jardin en un espace confortable et fonctionnel pour en profiter tout au long de l'ann\u00e9e. Que vous fassiez griller des marshmallows lors d'une soir\u00e9e froide ou des steaks lors d'un barbecue en \u00e9t\u00e9, il sert de point central pour des rassemblements m\u00e9morables.<\/p>\n<h4>2. Mat\u00e9riau \u00e9cologique<\/h4>\n<p>L'acier Corten est recyclable 100% et a une longue dur\u00e9e de vie, ce qui en fait un choix durable pour les propri\u00e9taires soucieux de l'environnement.<\/p>\n<h4>3. Mod\u00e8les personnalisables<\/h4>\n<p>Disponibles dans diff\u00e9rentes formes et tailles, les grilles de chemin\u00e9e en acier corten peuvent \u00eatre adapt\u00e9es \u00e0 votre d\u00e9cor ext\u00e9rieur. Des designs modernes et \u00e9l\u00e9gants aux styles plus traditionnels, il y en a pour tous les go\u00fbts.<\/p>\n<h4>4. R\u00e9sistance aux intemp\u00e9ries<\/h4>\n<p>Contrairement aux grilles standard qui peuvent rouiller ou se d\u00e9grader avec le temps, la patine de l'acier corten agit comme une couche protectrice, garantissant la durabilit\u00e9 m\u00eame dans les climats difficiles.<\/p>\n<p><a href=\"https:\/\/keweicorten.com\/fr\/produits\/\"><img loading=\"lazy\" decoding=\"async\" class=\"alignnone wp-image-2981 size-full\" title=\"acier corten feu bbq \" src=\"https:\/\/keweicorten.com\/wp-content\/uploads\/2024\/12\/\u672a\u547d\u540d.jpg\" alt=\"fosse \u00e0 feu bbq Factory,china,prix,fabricants,fournisseurs,sur mesure,grossiste,pas cher,en vente,en stock.-keweicorten\" width=\"750\" height=\"750\" srcset=\"https:\/\/keweicorten.com\/wp-content\/uploads\/2024\/12\/\u672a\u547d\u540d.jpg 750w, https:\/\/keweicorten.com\/wp-content\/uploads\/2024\/12\/\u672a\u547d\u540d-300x300.jpg 300w, https:\/\/keweicorten.com\/wp-content\/uploads\/2024\/12\/\u672a\u547d\u540d-150x150.jpg 150w, https:\/\/keweicorten.com\/wp-content\/uploads\/2024\/12\/\u672a\u547d\u540d-12x12.jpg 12w, https:\/\/keweicorten.com\/wp-content\/uploads\/2024\/12\/\u672a\u547d\u540d-600x600.jpg 600w, https:\/\/keweicorten.com\/wp-content\/uploads\/2024\/12\/\u672a\u547d\u540d-100x100.jpg 100w\" sizes=\"(max-width: 750px) 100vw, 750px\" \/><\/a><\/p>\n<h3>Conseils pour l'utilisation et l'entretien de votre gril en acier Corten<\/h3>\n<ul data-spread=\"false\">\n<li><strong>Configuration initiale :<\/strong> L'exposition du gril aux \u00e9l\u00e9ments ext\u00e9rieurs permet \u00e0 la patine de se d\u00e9velopper naturellement.<\/li>\n<li><strong>Nettoyage :<\/strong> Utilisez une brosse douce pour enlever les d\u00e9bris ou les cendres. \u00c9vitez les produits chimiques agressifs, car ils risquent de perturber le processus naturel de patine.<\/li>\n<li><strong>Cuisson Entretien de la surface :<\/strong> Nettoyez r\u00e9guli\u00e8rement la grille du gril pour maintenir l'hygi\u00e8ne et \u00e9viter l'accumulation de r\u00e9sidus alimentaires.<\/li>\n<\/ul>","protected":false},"excerpt":{"rendered":"<p>Un gril de chemin\u00e9e en acier corten est plus qu'un simple accessoire d'ext\u00e9rieur - c'est un investissement dans la cr\u00e9ation d'un espace chaleureux et invitant pour la famille et les amis.<\/p>","protected":false},"featured_media":2977,"comment_status":"open","ping_status":"closed","template":"","meta":{"_eb_attr":"","_monsterinsights_skip_tracking":false,"_monsterinsights_sitenote_active":false,"_monsterinsights_sitenote_note":"","_monsterinsights_sitenote_category":0,"_uf_show_specific_survey":0,"_uf_disable_surveys":false},"product_brand":[],"product_cat":[63],"product_tag":[],"class_list":{"0":"post-2972","1":"product","2":"type-product","3":"status-publish","4":"has-post-thumbnail","6":"product_cat-steel-bbq-grill","8":"first","9":"instock","10":"shipping-taxable","11":"product-type-simple"},"_links":{"self":[{"href":"https:\/\/keweicorten.com\/fr\/wp-json\/wp\/v2\/product\/2972"}],"collection":[{"href":"https:\/\/keweicorten.com\/fr\/wp-json\/wp\/v2\/product"}],"about":[{"href":"https:\/\/keweicorten.com\/fr\/wp-json\/wp\/v2\/types\/product"}],"replies":[{"embeddable":true,"href":"https:\/\/keweicorten.com\/fr\/wp-json\/wp\/v2\/comments?post=2972"}],"version-history":[{"count":1,"href":"https:\/\/keweicorten.com\/fr\/wp-json\/wp\/v2\/product\/2972\/revisions"}],"predecessor-version":[{"id":2982,"href":"https:\/\/keweicorten.com\/fr\/wp-json\/wp\/v2\/product\/2972\/revisions\/2982"}],"wp:featuredmedia":[{"embeddable":true,"href":"https:\/\/keweicorten.com\/fr\/wp-json\/wp\/v2\/media\/2977"}],"wp:attachment":[{"href":"https:\/\/keweicorten.com\/fr\/wp-json\/wp\/v2\/media?parent=2972"}],"wp:term":[{"taxonomy":"product_brand","embeddable":true,"href":"https:\/\/keweicorten.com\/fr\/wp-json\/wp\/v2\/product_brand?post=2972"},{"taxonomy":"product_cat","embeddable":true,"href":"https:\/\/keweicorten.com\/fr\/wp-json\/wp\/v2\/product_cat?post=2972"},{"taxonomy":"product_tag","embeddable":true,"href":"https:\/\/keweicorten.com\/fr\/wp-json\/wp\/v2\/product_tag?post=2972"}],"curies":[{"name":"wp","href":"https:\/\/api.w.org\/{rel}","templated":true}]}}