{"id":2999,"date":"2024-12-25T07:01:12","date_gmt":"2024-12-25T07:01:12","guid":{"rendered":"https:\/\/keweicorten.com\/?post_type=product&#038;p=2999"},"modified":"2025-01-15T06:12:44","modified_gmt":"2025-01-15T06:12:44","slug":"barbecue-corten-2","status":"publish","type":"product","link":"https:\/\/keweicorten.com\/fr\/barbecue-corten-2\/","title":{"rendered":"barbecue corten"},"content":{"rendered":"<h2 data-pm-slice=\"1 3 []\">Acier Corten pour barbecue : Le choix id\u00e9al pour les amateurs de cuisine en plein air<\/h2>\n<p>Si vous \u00eates passionn\u00e9 par la cuisine en plein air et que vous souhaitez am\u00e9liorer votre exp\u00e9rience du barbecue, un barbecue en acier corten changera la donne. Alliant fonctionnalit\u00e9, durabilit\u00e9 et esth\u00e9tique, les barbecues en acier corten sont de plus en plus populaires parmi les amateurs de cuisine en plein air. Ce mat\u00e9riau est un excellent choix pour votre prochain barbecue.<\/p>\n<h4>Qu'est-ce que l'acier Corten ?<\/h4>\n<p>L'acier Corten, \u00e9galement connu sous le nom d'acier r\u00e9sistant aux intemp\u00e9ries, est un type d'alliage d'acier con\u00e7u pour prendre un aspect rouill\u00e9 stable apr\u00e8s avoir \u00e9t\u00e9 expos\u00e9 aux intemp\u00e9ries. Cette propri\u00e9t\u00e9 unique le rend visuellement remarquable et tr\u00e8s r\u00e9sistant \u00e0 la corrosion. Contrairement \u00e0 l'acier traditionnel, l'acier corten d\u00e9veloppe une patine protectrice au fil du temps, qui prot\u00e8ge le mat\u00e9riau de tout dommage suppl\u00e9mentaire, garantissant ainsi des performances durables.<\/p>\n<h4>Avantages d'un barbecue en acier Corten<\/h4>\n<ol start=\"1\" data-spread=\"true\">\n<li><strong>Durabilit\u00e9 et long\u00e9vit\u00e9<\/strong> L'acier Corten est con\u00e7u pour r\u00e9sister aux conditions climatiques difficiles, ce qui le rend id\u00e9al pour une utilisation en ext\u00e9rieur. Gr\u00e2ce \u00e0 ses propri\u00e9t\u00e9s anticorrosion, votre barbecue restera fonctionnel et esth\u00e9tique pendant des ann\u00e9es.<\/li>\n<li><strong>Faible entretien<\/strong> La patine naturelle qui se forme sur l'acier corten \u00e9limine la n\u00e9cessit\u00e9 d'un entretien fr\u00e9quent. Contrairement \u00e0 d'autres mat\u00e9riaux qui doivent \u00eatre peints ou scell\u00e9s, les barbecues en acier corten ne posent pratiquement aucun probl\u00e8me.<\/li>\n<li><strong>L'attrait esth\u00e9tique<\/strong> Les tons riches et terreux de l'acier corten ajoutent une touche moderne et sophistiqu\u00e9e \u00e0 tout espace ext\u00e9rieur. Que vous pr\u00e9f\u00e9riez un design minimaliste ou un aspect plus rustique, l'acier corten s'accorde avec diff\u00e9rents styles d'ext\u00e9rieur.<\/li>\n<li><strong>R\u00e9tention et distribution de la chaleur<\/strong> L'acier corten est un excellent conducteur de chaleur, ce qui garantit des temp\u00e9ratures de cuisson homog\u00e8nes. Cette caract\u00e9ristique am\u00e9liore la qualit\u00e9 de vos grillades et permet d'obtenir des r\u00e9sultats parfaits \u00e0 chaque fois.<\/li>\n<\/ol>\n<p><a href=\"https:\/\/keweicorten.com\/fr\"><img fetchpriority=\"high\" decoding=\"async\" class=\"alignnone wp-image-3004 size-medium\" title=\"gril bbq corten\u00a0\" src=\"https:\/\/keweicorten.com\/wp-content\/uploads\/2024\/12\/IMG20220916175214-300x300.jpg\" alt=\"acheter discount corten bbq grill \u00e9chantillon gratuit -keweicorten\" width=\"300\" height=\"300\" srcset=\"https:\/\/keweicorten.com\/wp-content\/uploads\/2024\/12\/IMG20220916175214-300x300.jpg 300w, https:\/\/keweicorten.com\/wp-content\/uploads\/2024\/12\/IMG20220916175214-150x150.jpg 150w, https:\/\/keweicorten.com\/wp-content\/uploads\/2024\/12\/IMG20220916175214-12x12.jpg 12w, https:\/\/keweicorten.com\/wp-content\/uploads\/2024\/12\/IMG20220916175214-600x600.jpg 600w, https:\/\/keweicorten.com\/wp-content\/uploads\/2024\/12\/IMG20220916175214-100x100.jpg 100w, https:\/\/keweicorten.com\/wp-content\/uploads\/2024\/12\/IMG20220916175214.jpg 750w\" sizes=\"(max-width: 300px) 100vw, 300px\" \/><\/a><a href=\"https:\/\/keweicorten.com\/fr\/nous-contacter\/\"><img decoding=\"async\" class=\"alignnone wp-image-3001 size-medium\" title=\"gril bbq corten\u00a0\" src=\"https:\/\/keweicorten.com\/wp-content\/uploads\/2024\/12\/IMG20220916161902-300x300.jpg\" alt=\"acheter discount corten bbq grill \u00e9chantillon gratuit -keweicorten\" width=\"300\" height=\"300\" srcset=\"https:\/\/keweicorten.com\/wp-content\/uploads\/2024\/12\/IMG20220916161902-300x300.jpg 300w, https:\/\/keweicorten.com\/wp-content\/uploads\/2024\/12\/IMG20220916161902-150x150.jpg 150w, https:\/\/keweicorten.com\/wp-content\/uploads\/2024\/12\/IMG20220916161902-12x12.jpg 12w, https:\/\/keweicorten.com\/wp-content\/uploads\/2024\/12\/IMG20220916161902-600x600.jpg 600w, https:\/\/keweicorten.com\/wp-content\/uploads\/2024\/12\/IMG20220916161902-100x100.jpg 100w, https:\/\/keweicorten.com\/wp-content\/uploads\/2024\/12\/IMG20220916161902.jpg 750w\" sizes=\"(max-width: 300px) 100vw, 300px\" \/><\/a> <a href=\"https:\/\/keweicorten.com\/fr\/categorie-de-produits\/foyer\/\"><img decoding=\"async\" class=\"alignnone wp-image-3002 size-medium\" title=\"gril bbq corten\" src=\"https:\/\/keweicorten.com\/wp-content\/uploads\/2024\/12\/IMG20220916161905-300x300.jpg\" alt=\"acheter discount corten bbq grill \u00e9chantillon gratuit -keweicorten\" width=\"300\" height=\"300\" srcset=\"https:\/\/keweicorten.com\/wp-content\/uploads\/2024\/12\/IMG20220916161905-300x300.jpg 300w, https:\/\/keweicorten.com\/wp-content\/uploads\/2024\/12\/IMG20220916161905-150x150.jpg 150w, https:\/\/keweicorten.com\/wp-content\/uploads\/2024\/12\/IMG20220916161905-12x12.jpg 12w, https:\/\/keweicorten.com\/wp-content\/uploads\/2024\/12\/IMG20220916161905-600x600.jpg 600w, https:\/\/keweicorten.com\/wp-content\/uploads\/2024\/12\/IMG20220916161905-100x100.jpg 100w, https:\/\/keweicorten.com\/wp-content\/uploads\/2024\/12\/IMG20220916161905.jpg 750w\" sizes=\"(max-width: 300px) 100vw, 300px\" \/><\/a><\/p>\n<h4>Mod\u00e8les populaires de barbecues en acier Corten<\/h4>\n<ol start=\"1\" data-spread=\"true\">\n<li><strong>Barbecues autonomes<\/strong> Ils sont parfaits pour ceux qui recherchent une option polyvalente et portable. Ils existent en diff\u00e9rentes formes et tailles pour r\u00e9pondre aux diff\u00e9rents besoins de cuisson.<\/li>\n<li><strong>Foyers BBQ<\/strong> Combinant la fonctionnalit\u00e9 d'un barbecue et l'ambiance d'un foyer, ces mod\u00e8les sont parfaits pour recevoir des invit\u00e9s et cr\u00e9er une atmosph\u00e8re chaleureuse.<\/li>\n<li><strong>Stations de barbecue int\u00e9gr\u00e9es<\/strong> Pour une installation plus permanente, les barbecues encastr\u00e9s en acier corten sont un excellent choix. Ils peuvent \u00eatre personnalis\u00e9s pour s'int\u00e9grer parfaitement \u00e0 votre cuisine ext\u00e9rieure.<\/li>\n<\/ol>\n<p><a href=\"https:\/\/keweicorten.com\/fr\"><img loading=\"lazy\" decoding=\"async\" class=\"alignnone wp-image-2981 size-full\" title=\"barbecue corten\" src=\"https:\/\/keweicorten.com\/wp-content\/uploads\/2024\/12\/\u672a\u547d\u540d.jpg\" alt=\"acheter du corten barbecue discount \" width=\"750\" height=\"750\" srcset=\"https:\/\/keweicorten.com\/wp-content\/uploads\/2024\/12\/\u672a\u547d\u540d.jpg 750w, https:\/\/keweicorten.com\/wp-content\/uploads\/2024\/12\/\u672a\u547d\u540d-300x300.jpg 300w, https:\/\/keweicorten.com\/wp-content\/uploads\/2024\/12\/\u672a\u547d\u540d-150x150.jpg 150w, https:\/\/keweicorten.com\/wp-content\/uploads\/2024\/12\/\u672a\u547d\u540d-12x12.jpg 12w, https:\/\/keweicorten.com\/wp-content\/uploads\/2024\/12\/\u672a\u547d\u540d-600x600.jpg 600w, https:\/\/keweicorten.com\/wp-content\/uploads\/2024\/12\/\u672a\u547d\u540d-100x100.jpg 100w\" sizes=\"(max-width: 750px) 100vw, 750px\" \/><\/a><\/p>\n<h4>Pourquoi choisir l'acier Corten pour votre barbecue ?<\/h4>\n<ul data-spread=\"false\">\n<li><strong>Respectueux de l'environnement :<\/strong> L'acier Corten est recyclable, ce qui en fait un choix durable pour les consommateurs soucieux de l'environnement.<\/li>\n<li><strong>Un processus de vieillissement unique :<\/strong> Au fil du temps, l'aspect de l'acier s'am\u00e9liore et donne du caract\u00e8re \u00e0 votre espace ext\u00e9rieur.<\/li>\n<li><strong>R\u00e9sistance aux intemp\u00e9ries :<\/strong> Sa capacit\u00e9 \u00e0 r\u00e9sister \u00e0 des conditions extr\u00eames lui permet de rester fonctionnel et visuellement attrayant tout au long de l'ann\u00e9e.<\/li>\n<\/ul>\n<p><a href=\"https:\/\/keweicorten.com\/fr\"><img loading=\"lazy\" decoding=\"async\" class=\"alignnone wp-image-2979 size-full\" title=\"gril BBQ en acier corten \" src=\"https:\/\/keweicorten.com\/wp-content\/uploads\/2024\/12\/photobank-3.png\" alt=\"acheter barbecue en acier corten discount -keweicorten\" width=\"437\" height=\"195\" srcset=\"https:\/\/keweicorten.com\/wp-content\/uploads\/2024\/12\/photobank-3.png 437w, https:\/\/keweicorten.com\/wp-content\/uploads\/2024\/12\/photobank-3-300x134.png 300w, https:\/\/keweicorten.com\/wp-content\/uploads\/2024\/12\/photobank-3-18x8.png 18w\" sizes=\"(max-width: 437px) 100vw, 437px\" \/><\/a><\/p>\n<h4>Conseils pour l'entretien de votre barbecue en acier Corten<\/h4>\n<ul data-spread=\"false\">\n<li>\u00c9vitez de le placer dans des endroits o\u00f9 l'humidit\u00e9 est constante afin d'\u00e9viter qu'il ne rouille trop.<\/li>\n<li>Nettoyez r\u00e9guli\u00e8rement la surface du gril pour \u00e9liminer les r\u00e9sidus de nourriture.<\/li>\n<li>Utilisez une housse de protection si vous habitez dans une r\u00e9gion o\u00f9 il pleut ou neige beaucoup.<\/li>\n<\/ul>","protected":false},"excerpt":{"rendered":"<p data-pm-slice=\"1 1 []\">Le barbecue en acier Corten n'est pas seulement une question de fonctionnalit\u00e9 ; il s'agit d'am\u00e9liorer votre espace de vie ext\u00e9rieur avec une pi\u00e8ce ma\u00eetresse durable, n\u00e9cessitant peu d'entretien et visuellement \u00e9tonnante.<\/p>","protected":false},"featured_media":3005,"comment_status":"open","ping_status":"closed","template":"","meta":{"_eb_attr":"","_monsterinsights_skip_tracking":false,"_monsterinsights_sitenote_active":false,"_monsterinsights_sitenote_note":"","_monsterinsights_sitenote_category":0,"_uf_show_specific_survey":0,"_uf_disable_surveys":false},"product_brand":[],"product_cat":[63],"product_tag":[],"class_list":{"0":"post-2999","1":"product","2":"type-product","3":"status-publish","4":"has-post-thumbnail","6":"product_cat-steel-bbq-grill","8":"first","9":"instock","10":"shipping-taxable","11":"product-type-simple"},"_links":{"self":[{"href":"https:\/\/keweicorten.com\/fr\/wp-json\/wp\/v2\/product\/2999"}],"collection":[{"href":"https:\/\/keweicorten.com\/fr\/wp-json\/wp\/v2\/product"}],"about":[{"href":"https:\/\/keweicorten.com\/fr\/wp-json\/wp\/v2\/types\/product"}],"replies":[{"embeddable":true,"href":"https:\/\/keweicorten.com\/fr\/wp-json\/wp\/v2\/comments?post=2999"}],"version-history":[{"count":1,"href":"https:\/\/keweicorten.com\/fr\/wp-json\/wp\/v2\/product\/2999\/revisions"}],"predecessor-version":[{"id":3007,"href":"https:\/\/keweicorten.com\/fr\/wp-json\/wp\/v2\/product\/2999\/revisions\/3007"}],"wp:featuredmedia":[{"embeddable":true,"href":"https:\/\/keweicorten.com\/fr\/wp-json\/wp\/v2\/media\/3005"}],"wp:attachment":[{"href":"https:\/\/keweicorten.com\/fr\/wp-json\/wp\/v2\/media?parent=2999"}],"wp:term":[{"taxonomy":"product_brand","embeddable":true,"href":"https:\/\/keweicorten.com\/fr\/wp-json\/wp\/v2\/product_brand?post=2999"},{"taxonomy":"product_cat","embeddable":true,"href":"https:\/\/keweicorten.com\/fr\/wp-json\/wp\/v2\/product_cat?post=2999"},{"taxonomy":"product_tag","embeddable":true,"href":"https:\/\/keweicorten.com\/fr\/wp-json\/wp\/v2\/product_tag?post=2999"}],"curies":[{"name":"wp","href":"https:\/\/api.w.org\/{rel}","templated":true}]}}