{"id":3008,"date":"2024-12-25T07:15:21","date_gmt":"2024-12-25T07:15:21","guid":{"rendered":"https:\/\/keweicorten.com\/?post_type=product&#038;p=3008"},"modified":"2025-01-15T06:12:33","modified_gmt":"2025-01-15T06:12:33","slug":"gril-corten","status":"publish","type":"product","link":"https:\/\/keweicorten.com\/fr\/gril-corten\/","title":{"rendered":"gril corten"},"content":{"rendered":"<h2>Caract\u00e9ristiques des grilles en acier Corten :<\/h2>\n<ol>\n<li><strong>Durabilit\u00e9<\/strong>: R\u00e9sistants aux intemp\u00e9ries et aux temp\u00e9ratures \u00e9lev\u00e9es, ils sont id\u00e9aux pour une utilisation en ext\u00e9rieur.<\/li>\n<li><strong>L'attrait esth\u00e9tique<\/strong>: La finition rouille se marie bien avec les jardins naturels et modernes.<\/li>\n<li><strong>Faible entretien<\/strong>: La couche protectrice r\u00e9duit la n\u00e9cessit\u00e9 de peindre ou de sceller.<\/li>\n<li><strong>Polyvalence<\/strong>: De nombreux grils en acier corten font \u00e9galement office de foyers, combinant cuisson et ambiance.<\/li>\n<\/ol>\n<div style=\"width: 800px;\" class=\"wp-video\"><!--[if lt IE 9]><script>document.createElement('video');<\/script><![endif]-->\n<video class=\"wp-video-shortcode\" id=\"video-3008-1\" width=\"800\" height=\"450\" preload=\"metadata\" controls=\"controls\"><source type=\"video\/mp4\" src=\"https:\/\/keweicorten.com\/wp-content\/uploads\/2024\/12\/3.mp4?_=1\" \/><a href=\"https:\/\/keweicorten.com\/wp-content\/uploads\/2024\/12\/3.mp4\">https:\/\/keweicorten.com\/wp-content\/uploads\/2024\/12\/3.mp4<\/a><\/video><\/div>\n<h3>Types de grilles en acier corten :<\/h3>\n<ul>\n<li><strong>Bols \u00e0 feu pour grillades<\/strong>: Dessins circulaires avec un bord plat pour la cuisson.<\/li>\n<li><strong>Fumoirs BBQ<\/strong>: Grilles ferm\u00e9es pour la cuisson lente et le fumage de la viande.<\/li>\n<li><strong>Grils autonomes<\/strong>: Grils classiques de type barbecue avec grilles r\u00e9glables.<\/li>\n<li><strong>Unit\u00e9s multifonctionnelles<\/strong>: Grils int\u00e9gr\u00e9s avec r\u00e9serve de bois ou surfaces de cuisson suppl\u00e9mentaires.<\/li>\n<\/ul>\n<p><a href=\"https:\/\/keweicorten.com\/fr\/produits\/\"><img fetchpriority=\"high\" decoding=\"async\" class=\"alignnone wp-image-3010 size-medium\" title=\"meilleur gril bbq\" src=\"https:\/\/keweicorten.com\/wp-content\/uploads\/2024\/12\/\u5fae\u4fe1\u56fe\u7247_20240611173535-300x300.png\" alt=\"meilleur grill bbq \u00e0 stock-keweicorten\" width=\"300\" height=\"300\" srcset=\"https:\/\/keweicorten.com\/wp-content\/uploads\/2024\/12\/\u5fae\u4fe1\u56fe\u7247_20240611173535-300x300.png 300w, https:\/\/keweicorten.com\/wp-content\/uploads\/2024\/12\/\u5fae\u4fe1\u56fe\u7247_20240611173535-150x150.png 150w, https:\/\/keweicorten.com\/wp-content\/uploads\/2024\/12\/\u5fae\u4fe1\u56fe\u7247_20240611173535-12x12.png 12w, https:\/\/keweicorten.com\/wp-content\/uploads\/2024\/12\/\u5fae\u4fe1\u56fe\u7247_20240611173535-600x600.png 600w, https:\/\/keweicorten.com\/wp-content\/uploads\/2024\/12\/\u5fae\u4fe1\u56fe\u7247_20240611173535-100x100.png 100w, https:\/\/keweicorten.com\/wp-content\/uploads\/2024\/12\/\u5fae\u4fe1\u56fe\u7247_20240611173535.png 736w\" sizes=\"(max-width: 300px) 100vw, 300px\" \/><\/a> <a href=\"https:\/\/keweicorten.com\/fr\"><img decoding=\"async\" class=\"alignnone wp-image-3009\" title=\"gril bbq ext\u00e9rieur\" src=\"https:\/\/keweicorten.com\/wp-content\/uploads\/2024\/12\/\u5fae\u4fe1\u56fe\u7247_20230627150317-300x225.jpg\" alt=\"acheter gril bbq ext\u00e9rieur en stock-keweicorten\" width=\"396\" height=\"297\" srcset=\"https:\/\/keweicorten.com\/wp-content\/uploads\/2024\/12\/\u5fae\u4fe1\u56fe\u7247_20230627150317-300x225.jpg 300w, https:\/\/keweicorten.com\/wp-content\/uploads\/2024\/12\/\u5fae\u4fe1\u56fe\u7247_20230627150317-1024x768.jpg 1024w, https:\/\/keweicorten.com\/wp-content\/uploads\/2024\/12\/\u5fae\u4fe1\u56fe\u7247_20230627150317-768x576.jpg 768w, https:\/\/keweicorten.com\/wp-content\/uploads\/2024\/12\/\u5fae\u4fe1\u56fe\u7247_20230627150317-1536x1152.jpg 1536w, https:\/\/keweicorten.com\/wp-content\/uploads\/2024\/12\/\u5fae\u4fe1\u56fe\u7247_20230627150317-2048x1536.jpg 2048w, https:\/\/keweicorten.com\/wp-content\/uploads\/2024\/12\/\u5fae\u4fe1\u56fe\u7247_20230627150317-16x12.jpg 16w, https:\/\/keweicorten.com\/wp-content\/uploads\/2024\/12\/\u5fae\u4fe1\u56fe\u7247_20230627150317-600x450.jpg 600w\" sizes=\"(max-width: 396px) 100vw, 396px\" \/><\/a> <a href=\"https:\/\/keweicorten.com\/fr\/categorie-de-produits\/foyer\/\"><img decoding=\"async\" class=\"alignnone wp-image-3012 size-medium\" title=\"gril bbq ext\u00e9rieur \" src=\"https:\/\/keweicorten.com\/wp-content\/uploads\/2024\/12\/IMG20220630193533-300x300.jpg\" alt=\"acheter gril bbq ext\u00e9rieur en stock-keweicorten\" width=\"300\" height=\"300\" srcset=\"https:\/\/keweicorten.com\/wp-content\/uploads\/2024\/12\/IMG20220630193533-300x300.jpg 300w, https:\/\/keweicorten.com\/wp-content\/uploads\/2024\/12\/IMG20220630193533-1024x1024.jpg 1024w, https:\/\/keweicorten.com\/wp-content\/uploads\/2024\/12\/IMG20220630193533-150x150.jpg 150w, https:\/\/keweicorten.com\/wp-content\/uploads\/2024\/12\/IMG20220630193533-768x768.jpg 768w, https:\/\/keweicorten.com\/wp-content\/uploads\/2024\/12\/IMG20220630193533-1536x1536.jpg 1536w, https:\/\/keweicorten.com\/wp-content\/uploads\/2024\/12\/IMG20220630193533-2048x2048.jpg 2048w, https:\/\/keweicorten.com\/wp-content\/uploads\/2024\/12\/IMG20220630193533-12x12.jpg 12w, https:\/\/keweicorten.com\/wp-content\/uploads\/2024\/12\/IMG20220630193533-600x600.jpg 600w, https:\/\/keweicorten.com\/wp-content\/uploads\/2024\/12\/IMG20220630193533-100x100.jpg 100w\" sizes=\"(max-width: 300px) 100vw, 300px\" \/><\/a> <a href=\"https:\/\/keweicorten.com\/fr\/produits\/\"><img loading=\"lazy\" decoding=\"async\" class=\"alignnone wp-image-3013 size-medium\" title=\"barbecues au charbon de bois \" src=\"https:\/\/keweicorten.com\/wp-content\/uploads\/2024\/12\/IMG20220630193536-300x300.jpg\" alt=\"charbon de bois bbqs Factory,china,prix,fabricants,fournisseurs,sur mesure,grossiste,pas cher,\u00e0 vendre,en stock.-keweicorten\" width=\"300\" height=\"300\" srcset=\"https:\/\/keweicorten.com\/wp-content\/uploads\/2024\/12\/IMG20220630193536-300x300.jpg 300w, https:\/\/keweicorten.com\/wp-content\/uploads\/2024\/12\/IMG20220630193536-1024x1024.jpg 1024w, https:\/\/keweicorten.com\/wp-content\/uploads\/2024\/12\/IMG20220630193536-150x150.jpg 150w, https:\/\/keweicorten.com\/wp-content\/uploads\/2024\/12\/IMG20220630193536-768x768.jpg 768w, https:\/\/keweicorten.com\/wp-content\/uploads\/2024\/12\/IMG20220630193536-1536x1536.jpg 1536w, https:\/\/keweicorten.com\/wp-content\/uploads\/2024\/12\/IMG20220630193536-2048x2048.jpg 2048w, https:\/\/keweicorten.com\/wp-content\/uploads\/2024\/12\/IMG20220630193536-12x12.jpg 12w, https:\/\/keweicorten.com\/wp-content\/uploads\/2024\/12\/IMG20220630193536-600x600.jpg 600w, https:\/\/keweicorten.com\/wp-content\/uploads\/2024\/12\/IMG20220630193536-100x100.jpg 100w\" sizes=\"(max-width: 300px) 100vw, 300px\" \/><\/a><\/p>\n<p><img loading=\"lazy\" decoding=\"async\" class=\"alignnone size-medium wp-image-2506\" src=\"https:\/\/keweicorten.com\/wp-content\/uploads\/2024\/11\/BBQ19-300x300.jpg\" alt=\"\" width=\"300\" height=\"300\" srcset=\"https:\/\/keweicorten.com\/wp-content\/uploads\/2024\/11\/BBQ19-300x300.jpg 300w, https:\/\/keweicorten.com\/wp-content\/uploads\/2024\/11\/BBQ19-150x150.jpg 150w, https:\/\/keweicorten.com\/wp-content\/uploads\/2024\/11\/BBQ19-12x12.jpg 12w, https:\/\/keweicorten.com\/wp-content\/uploads\/2024\/11\/BBQ19-600x600.jpg 600w, https:\/\/keweicorten.com\/wp-content\/uploads\/2024\/11\/BBQ19-100x100.jpg 100w, https:\/\/keweicorten.com\/wp-content\/uploads\/2024\/11\/BBQ19.jpg 750w\" sizes=\"(max-width: 300px) 100vw, 300px\" \/> <img loading=\"lazy\" decoding=\"async\" class=\"alignnone size-medium wp-image-1733\" src=\"https:\/\/keweicorten.com\/wp-content\/uploads\/2024\/10\/BBQ73-300x300.jpg\" alt=\"\" width=\"300\" height=\"300\" srcset=\"https:\/\/keweicorten.com\/wp-content\/uploads\/2024\/10\/BBQ73-300x300.jpg 300w, https:\/\/keweicorten.com\/wp-content\/uploads\/2024\/10\/BBQ73-150x150.jpg 150w, https:\/\/keweicorten.com\/wp-content\/uploads\/2024\/10\/BBQ73-12x12.jpg 12w, https:\/\/keweicorten.com\/wp-content\/uploads\/2024\/10\/BBQ73-600x600.jpg 600w, https:\/\/keweicorten.com\/wp-content\/uploads\/2024\/10\/BBQ73-100x100.jpg 100w, https:\/\/keweicorten.com\/wp-content\/uploads\/2024\/10\/BBQ73.jpg 750w\" sizes=\"(max-width: 300px) 100vw, 300px\" \/><\/p>","protected":false},"excerpt":{"rendered":"<p>Les grils en acier corten sont un choix populaire pour la cuisine en plein air en raison de leur durabilit\u00e9, de leur r\u00e9sistance aux intemp\u00e9ries et de leur aspect rouill\u00e9. Ces grils sont g\u00e9n\u00e9ralement fabriqu\u00e9s en acier corten, qui d\u00e9veloppe une couche d'oxyde protectrice au fil du temps, emp\u00eachant toute corrosion suppl\u00e9mentaire et leur donnant une patine naturelle unique.<\/p>","protected":false},"featured_media":3012,"comment_status":"open","ping_status":"closed","template":"","meta":{"_eb_attr":"","_monsterinsights_skip_tracking":false,"_monsterinsights_sitenote_active":false,"_monsterinsights_sitenote_note":"","_monsterinsights_sitenote_category":0,"_uf_show_specific_survey":0,"_uf_disable_surveys":false},"product_brand":[],"product_cat":[63],"product_tag":[],"class_list":{"0":"post-3008","1":"product","2":"type-product","3":"status-publish","4":"has-post-thumbnail","6":"product_cat-steel-bbq-grill","8":"first","9":"instock","10":"shipping-taxable","11":"product-type-simple"},"_links":{"self":[{"href":"https:\/\/keweicorten.com\/fr\/wp-json\/wp\/v2\/product\/3008"}],"collection":[{"href":"https:\/\/keweicorten.com\/fr\/wp-json\/wp\/v2\/product"}],"about":[{"href":"https:\/\/keweicorten.com\/fr\/wp-json\/wp\/v2\/types\/product"}],"replies":[{"embeddable":true,"href":"https:\/\/keweicorten.com\/fr\/wp-json\/wp\/v2\/comments?post=3008"}],"version-history":[{"count":2,"href":"https:\/\/keweicorten.com\/fr\/wp-json\/wp\/v2\/product\/3008\/revisions"}],"predecessor-version":[{"id":3015,"href":"https:\/\/keweicorten.com\/fr\/wp-json\/wp\/v2\/product\/3008\/revisions\/3015"}],"wp:featuredmedia":[{"embeddable":true,"href":"https:\/\/keweicorten.com\/fr\/wp-json\/wp\/v2\/media\/3012"}],"wp:attachment":[{"href":"https:\/\/keweicorten.com\/fr\/wp-json\/wp\/v2\/media?parent=3008"}],"wp:term":[{"taxonomy":"product_brand","embeddable":true,"href":"https:\/\/keweicorten.com\/fr\/wp-json\/wp\/v2\/product_brand?post=3008"},{"taxonomy":"product_cat","embeddable":true,"href":"https:\/\/keweicorten.com\/fr\/wp-json\/wp\/v2\/product_cat?post=3008"},{"taxonomy":"product_tag","embeddable":true,"href":"https:\/\/keweicorten.com\/fr\/wp-json\/wp\/v2\/product_tag?post=3008"}],"curies":[{"name":"wp","href":"https:\/\/api.w.org\/{rel}","templated":true}]}}