{"id":3093,"date":"2025-01-07T07:43:43","date_gmt":"2025-01-07T07:43:43","guid":{"rendered":"https:\/\/keweicorten.com\/?post_type=product&#038;p=3093"},"modified":"2025-01-15T06:08:30","modified_gmt":"2025-01-15T06:08:30","slug":"piquet-de-bordures-paysageres-h-brun","status":"publish","type":"product","link":"https:\/\/keweicorten.com\/fr\/piquet-de-bordures-paysageres-h-brun\/","title":{"rendered":"Piquet de bordure paysag\u00e8re H Brown"},"content":{"rendered":"<p>Les <strong>Piquet de bordure paysag\u00e8re H Brown<\/strong> est couramment utilis\u00e9 pour fixer et stabiliser les bordures d'am\u00e9nagement paysager. Ces piquets sont g\u00e9n\u00e9ralement fabriqu\u00e9s dans des mat\u00e9riaux durables comme l'acier, con\u00e7us pour une utilisation ext\u00e9rieure de longue dur\u00e9e.<\/p>\n<h3>Caract\u00e9ristiques<\/h3>\n<ol>\n<li><strong>Mat\u00e9riau<\/strong>: G\u00e9n\u00e9ralement en acier avec un rev\u00eatement brun r\u00e9sistant aux intemp\u00e9ries pour \u00e9viter la rouille et se fondre dans le paysage.<\/li>\n<li><strong>Conception<\/strong>: Extr\u00e9mit\u00e9s coniques pour une insertion facile dans le sol.<\/li>\n<li><strong>Compatibilit\u00e9<\/strong>: Fonctionne avec la plupart des types de bordures d'am\u00e9nagement paysager, comme le plastique, le m\u00e9tal ou les mat\u00e9riaux composites.<\/li>\n<li><strong>Durabilit\u00e9<\/strong>: Suffisamment solide pour maintenir la bordure en toute s\u00e9curit\u00e9, m\u00eame dans les zones \u00e0 fort trafic pi\u00e9tonnier ou pour l'entretien de la pelouse.<\/li>\n<\/ol>\n<p><a href=\"https:\/\/keweicorten.com\/fr\"><img fetchpriority=\"high\" decoding=\"async\" class=\"alignnone\" title=\"Piquets en Corten Bordures de Paysage\" src=\"https:\/\/i.pinimg.com\/736x\/3b\/73\/b8\/3b73b8534444f9329565e210aaff22f0.jpg\" alt=\"Piquets Corten Bordure Paysage Factory,china,prix,fabricants,fournisseurs,sur mesure,en gros,pas cher,\u00e0 vendre,en stock.-keweicorten\" width=\"736\" height=\"736\" \/><\/a><\/p>\n<h3>Avantages<\/h3>\n<ul>\n<li><strong>Stabilit\u00e9<\/strong>: Emp\u00eache les bordures de se d\u00e9placer ou de se courber au fil du temps.<\/li>\n<li><strong>Esth\u00e9tique<\/strong>: Le rev\u00eatement brun se marie bien avec la terre, le paillis ou le gravier.<\/li>\n<li><strong>Facilit\u00e9 d'installation<\/strong>: Les extr\u00e9mit\u00e9s tranchantes et la construction robuste rendent l'installation rapide et efficace.<\/li>\n<\/ul>\n<h3>Applications<\/h3>\n<ul>\n<li>Bordures d'all\u00e9es ou de plates-bandes.<\/li>\n<li>Retenir le paillis, le gravier ou la terre.<\/li>\n<li>Bordures autour des arbres ou des parterres de fleurs.<\/li>\n<\/ul>\n<p><a href=\"https:\/\/keweicorten.com\/fr\"><img decoding=\"async\" class=\"alignnone\" title=\"Piquets en Corten Bordures de Paysage\" src=\"https:\/\/i.pinimg.com\/736x\/f1\/70\/ce\/f170cee0c26b90209595bb9fe110bbe3.jpg\" alt=\"Piquets Corten Bordure Paysage Factory,china,prix,fabricants,fournisseurs,sur mesure,en gros,pas cher,\u00e0 vendre,en stock.-keweicorten\" width=\"736\" height=\"736\" \/><\/a><\/p>","protected":false},"excerpt":{"rendered":"<p>Clous durables pour bordures d'am\u00e9nagement paysager, de couleur marron, pour s\u00e9curiser les bordures et garder l'am\u00e9nagement paysager propre et beau, convenant \u00e0 une vari\u00e9t\u00e9 de projets de cour et de jardin.<\/p>","protected":false},"featured_media":3094,"comment_status":"open","ping_status":"closed","template":"","meta":{"_eb_attr":"","_monsterinsights_skip_tracking":false,"_monsterinsights_sitenote_active":false,"_monsterinsights_sitenote_note":"","_monsterinsights_sitenote_category":0,"_uf_show_specific_survey":0,"_uf_disable_surveys":false},"product_brand":[],"product_cat":[58],"product_tag":[],"class_list":{"0":"post-3093","1":"product","2":"type-product","3":"status-publish","4":"has-post-thumbnail","6":"product_cat-garden-edging","8":"first","9":"instock","10":"shipping-taxable","11":"product-type-simple"},"_links":{"self":[{"href":"https:\/\/keweicorten.com\/fr\/wp-json\/wp\/v2\/product\/3093"}],"collection":[{"href":"https:\/\/keweicorten.com\/fr\/wp-json\/wp\/v2\/product"}],"about":[{"href":"https:\/\/keweicorten.com\/fr\/wp-json\/wp\/v2\/types\/product"}],"replies":[{"embeddable":true,"href":"https:\/\/keweicorten.com\/fr\/wp-json\/wp\/v2\/comments?post=3093"}],"version-history":[{"count":1,"href":"https:\/\/keweicorten.com\/fr\/wp-json\/wp\/v2\/product\/3093\/revisions"}],"predecessor-version":[{"id":3095,"href":"https:\/\/keweicorten.com\/fr\/wp-json\/wp\/v2\/product\/3093\/revisions\/3095"}],"wp:featuredmedia":[{"embeddable":true,"href":"https:\/\/keweicorten.com\/fr\/wp-json\/wp\/v2\/media\/3094"}],"wp:attachment":[{"href":"https:\/\/keweicorten.com\/fr\/wp-json\/wp\/v2\/media?parent=3093"}],"wp:term":[{"taxonomy":"product_brand","embeddable":true,"href":"https:\/\/keweicorten.com\/fr\/wp-json\/wp\/v2\/product_brand?post=3093"},{"taxonomy":"product_cat","embeddable":true,"href":"https:\/\/keweicorten.com\/fr\/wp-json\/wp\/v2\/product_cat?post=3093"},{"taxonomy":"product_tag","embeddable":true,"href":"https:\/\/keweicorten.com\/fr\/wp-json\/wp\/v2\/product_tag?post=3093"}],"curies":[{"name":"wp","href":"https:\/\/api.w.org\/{rel}","templated":true}]}}