{"id":3586,"date":"2025-02-18T01:42:40","date_gmt":"2025-02-18T01:42:40","guid":{"rendered":"https:\/\/keweicorten.com\/?post_type=product&#038;p=3586"},"modified":"2025-02-18T01:42:41","modified_gmt":"2025-02-18T01:42:41","slug":"kit-de-cheminee-a-gaz","status":"publish","type":"product","link":"https:\/\/keweicorten.com\/fr\/kit-de-cheminee-a-gaz\/","title":{"rendered":"kit de chemin\u00e9e \u00e0 gaz"},"content":{"rendered":"<p data-start=\"72\" data-end=\"132\"><strong data-start=\"72\" data-end=\"132\">Kit de chemin\u00e9e \u00e0 gaz : Le meilleur choix pour votre espace ext\u00e9rieur<\/strong><\/p>\n<p data-start=\"134\" data-end=\"296\">A <strong data-start=\"136\" data-end=\"156\">Kit de chemin\u00e9e \u00e0 gaz<\/strong> est id\u00e9al pour les espaces ext\u00e9rieurs. Il est facile \u00e0 utiliser. Il apporte chaleur et lumi\u00e8re. Les foyers \u00e0 gaz sont meilleurs que les foyers \u00e0 bois. Ils sont propres et s\u00fbrs.<\/p>\n<h3 data-start=\"298\" data-end=\"332\">Pourquoi choisir un kit de chemin\u00e9e \u00e0 gaz ?<\/h3>\n<ol data-start=\"334\" data-end=\"671\">\n<li data-start=\"334\" data-end=\"421\"><strong data-start=\"337\" data-end=\"357\">Facile \u00e0 installer :<\/strong> Le kit est livr\u00e9 avec tout ce dont vous avez besoin. Il est facile \u00e0 installer.<\/li>\n<li data-start=\"422\" data-end=\"490\"><strong data-start=\"425\" data-end=\"442\">Feu instantan\u00e9 :<\/strong> Allumez le feu \u00e0 l'aide d'un bouton - plus besoin de bois.<\/li>\n<li data-start=\"491\" data-end=\"546\"><strong data-start=\"494\" data-end=\"515\">Contr\u00f4ler la chaleur :<\/strong> Vous pouvez modifier la taille de la flamme.<\/li>\n<li data-start=\"547\" data-end=\"602\"><strong data-start=\"550\" data-end=\"563\">Pas de fum\u00e9e :<\/strong> Les foyers \u00e0 gaz ne produisent pas de fum\u00e9e ni de cendres.<\/li>\n<li data-start=\"603\" data-end=\"671\"><strong data-start=\"606\" data-end=\"625\">Design \u00e9l\u00e9gant :<\/strong> Les foyers \u00e0 gaz s'int\u00e8grent parfaitement dans n'importe quel jardin ou patio.<\/li>\n<\/ol>\n<p><a href=\"https:\/\/keweicorten.com\/fr\/produits\/\"><img fetchpriority=\"high\" decoding=\"async\" class=\"alignnone wp-image-3542 size-medium\" title=\"kit de foyer \u00e0 gaz\" src=\"https:\/\/keweicorten.com\/wp-content\/uploads\/2025\/02\/IMG20220722160621-300x300.jpg\" alt=\"kit foyer \u00e0 gaz Factory,china,price,manufacturers,suppliers,customized,wholesale,cheap,for sale,in stock.\" width=\"300\" height=\"300\" srcset=\"https:\/\/keweicorten.com\/wp-content\/uploads\/2025\/02\/IMG20220722160621-300x300.jpg 300w, https:\/\/keweicorten.com\/wp-content\/uploads\/2025\/02\/IMG20220722160621-1024x1024.jpg 1024w, https:\/\/keweicorten.com\/wp-content\/uploads\/2025\/02\/IMG20220722160621-150x150.jpg 150w, https:\/\/keweicorten.com\/wp-content\/uploads\/2025\/02\/IMG20220722160621-768x768.jpg 768w, https:\/\/keweicorten.com\/wp-content\/uploads\/2025\/02\/IMG20220722160621-1536x1536.jpg 1536w, https:\/\/keweicorten.com\/wp-content\/uploads\/2025\/02\/IMG20220722160621-2048x2048.jpg 2048w, https:\/\/keweicorten.com\/wp-content\/uploads\/2025\/02\/IMG20220722160621-12x12.jpg 12w, https:\/\/keweicorten.com\/wp-content\/uploads\/2025\/02\/IMG20220722160621-600x600.jpg 600w, https:\/\/keweicorten.com\/wp-content\/uploads\/2025\/02\/IMG20220722160621-100x100.jpg 100w\" sizes=\"(max-width: 300px) 100vw, 300px\" \/><\/a> <a href=\"https:\/\/keweicorten.com\/fr\"><img decoding=\"async\" class=\"alignnone wp-image-3537 size-medium\" title=\"po\u00eale \u00e0 gaz\" src=\"https:\/\/keweicorten.com\/wp-content\/uploads\/2025\/02\/Remote-Gas-burner-2-300x300.jpg\" alt=\"bac \u00e0 feu \u00e0 gaz Factory,china,price,manufacturers,suppliers,customized,wholesale,cheap,for sale,in stock.\" width=\"300\" height=\"300\" srcset=\"https:\/\/keweicorten.com\/wp-content\/uploads\/2025\/02\/Remote-Gas-burner-2-300x300.jpg 300w, https:\/\/keweicorten.com\/wp-content\/uploads\/2025\/02\/Remote-Gas-burner-2-1024x1020.jpg 1024w, https:\/\/keweicorten.com\/wp-content\/uploads\/2025\/02\/Remote-Gas-burner-2-150x150.jpg 150w, https:\/\/keweicorten.com\/wp-content\/uploads\/2025\/02\/Remote-Gas-burner-2-768x765.jpg 768w, https:\/\/keweicorten.com\/wp-content\/uploads\/2025\/02\/Remote-Gas-burner-2-12x12.jpg 12w, https:\/\/keweicorten.com\/wp-content\/uploads\/2025\/02\/Remote-Gas-burner-2-600x598.jpg 600w, https:\/\/keweicorten.com\/wp-content\/uploads\/2025\/02\/Remote-Gas-burner-2-100x100.jpg 100w, https:\/\/keweicorten.com\/wp-content\/uploads\/2025\/02\/Remote-Gas-burner-2.jpg 1500w\" sizes=\"(max-width: 300px) 100vw, 300px\" \/><\/a><\/p>\n<h3 data-start=\"673\" data-end=\"730\">Ce \u00e0 quoi il faut penser lors du choix d'un kit de chemin\u00e9e \u00e0 gaz :<\/h3>\n<ul data-start=\"732\" data-end=\"968\">\n<li data-start=\"732\" data-end=\"793\"><strong data-start=\"734\" data-end=\"747\">Type de gaz :<\/strong> Assurez-vous que le kit est compatible avec votre alimentation en gaz.<\/li>\n<li data-start=\"794\" data-end=\"843\"><strong data-start=\"796\" data-end=\"805\">Taille :<\/strong> Choisissez la bonne taille pour votre espace.<\/li>\n<li data-start=\"844\" data-end=\"902\"><strong data-start=\"846\" data-end=\"857\">La s\u00e9curit\u00e9 :<\/strong> Choisissez un foyer qui r\u00e9pond aux normes de s\u00e9curit\u00e9.<\/li>\n<li data-start=\"903\" data-end=\"968\"><strong data-start=\"905\" data-end=\"918\">Mat\u00e9riau :<\/strong> L'acier inoxydable et l'acier r\u00e9sistant aux intemp\u00e9ries sont durables.<\/li>\n<\/ul>\n<p><a href=\"https:\/\/keweicorten.com\/fr\"><img decoding=\"async\" class=\"alignnone wp-image-3535 size-medium\" title=\"kit foyer gaz pan\" src=\"https:\/\/keweicorten.com\/wp-content\/uploads\/2025\/02\/Remote-Gas-burner-3-300x300.jpg\" alt=\"kit de chemin\u00e9e \u00e0 gaz Factory,china,price,manufacturers,suppliers,customized,wholesale,cheap,for sale,in stock.\" width=\"300\" height=\"300\" srcset=\"https:\/\/keweicorten.com\/wp-content\/uploads\/2025\/02\/Remote-Gas-burner-3-300x300.jpg 300w, https:\/\/keweicorten.com\/wp-content\/uploads\/2025\/02\/Remote-Gas-burner-3-1024x1024.jpg 1024w, https:\/\/keweicorten.com\/wp-content\/uploads\/2025\/02\/Remote-Gas-burner-3-150x150.jpg 150w, https:\/\/keweicorten.com\/wp-content\/uploads\/2025\/02\/Remote-Gas-burner-3-768x768.jpg 768w, https:\/\/keweicorten.com\/wp-content\/uploads\/2025\/02\/Remote-Gas-burner-3-12x12.jpg 12w, https:\/\/keweicorten.com\/wp-content\/uploads\/2025\/02\/Remote-Gas-burner-3-600x600.jpg 600w, https:\/\/keweicorten.com\/wp-content\/uploads\/2025\/02\/Remote-Gas-burner-3-100x100.jpg 100w, https:\/\/keweicorten.com\/wp-content\/uploads\/2025\/02\/Remote-Gas-burner-3.jpg 1500w\" sizes=\"(max-width: 300px) 100vw, 300px\" \/><\/a> <a href=\"https:\/\/keweicorten.com\/fr\"><img loading=\"lazy\" decoding=\"async\" class=\"alignnone wp-image-3534 size-medium\" title=\"foyer \u00e0 distance\" src=\"https:\/\/keweicorten.com\/wp-content\/uploads\/2025\/02\/gas-firepit-kit-pan-300x300.jpg\" alt=\"foyer \u00e0 distance Factory,china,price,manufacturers,suppliers,customized,wholesale,cheap,for sale,in stock.\" width=\"300\" height=\"300\" srcset=\"https:\/\/keweicorten.com\/wp-content\/uploads\/2025\/02\/gas-firepit-kit-pan-300x300.jpg 300w, https:\/\/keweicorten.com\/wp-content\/uploads\/2025\/02\/gas-firepit-kit-pan-150x150.jpg 150w, https:\/\/keweicorten.com\/wp-content\/uploads\/2025\/02\/gas-firepit-kit-pan-12x12.jpg 12w, https:\/\/keweicorten.com\/wp-content\/uploads\/2025\/02\/gas-firepit-kit-pan-600x600.jpg 600w, https:\/\/keweicorten.com\/wp-content\/uploads\/2025\/02\/gas-firepit-kit-pan-100x100.jpg 100w, https:\/\/keweicorten.com\/wp-content\/uploads\/2025\/02\/gas-firepit-kit-pan.jpg 750w\" sizes=\"(max-width: 300px) 100vw, 300px\" \/><\/a><\/p>\n<h3 data-start=\"970\" data-end=\"978\">FAQ<\/h3>\n<p data-start=\"980\" data-end=\"1101\"><strong data-start=\"980\" data-end=\"1023\">1. Comment installer un kit de chemin\u00e9e \u00e0 gaz ?<\/strong><br data-start=\"1023\" data-end=\"1026\" \/>C'est tr\u00e8s simple. Suivez les instructions. Vous pouvez le faire vous-m\u00eame ou faire appel \u00e0 quelqu'un.<\/p>\n<p data-start=\"1103\" data-end=\"1184\"><strong data-start=\"1103\" data-end=\"1144\">2. Quelle est la dur\u00e9e de vie d'un foyer \u00e0 gaz ?<\/strong><br data-start=\"1144\" data-end=\"1147\" \/>Un bon foyer \u00e0 gaz dure de nombreuses ann\u00e9es.<\/p>\n<p data-start=\"1186\" data-end=\"1295\"><strong data-start=\"1186\" data-end=\"1231\">3. Dois-je entretenir mon foyer \u00e0 gaz ?<\/strong><br data-start=\"1231\" data-end=\"1234\" \/>Oui, nettoyez-le r\u00e9guli\u00e8rement. V\u00e9rifiez les conduites de gaz pour qu'elles soient s\u00fbres.<\/p>","protected":false},"excerpt":{"rendered":"<p data-start=\"96\" data-end=\"303\">D\u00e9couvrez le kit de chemin\u00e9e \u00e0 gaz id\u00e9al pour votre espace ext\u00e9rieur. Facile \u00e0 installer, sans fum\u00e9e ni cendres, avec des designs \u00e9l\u00e9gants qui apportent chaleur et confort \u00e0 votre patio ou votre jardin. Acheter maintenant !<\/p>","protected":false},"featured_media":3535,"comment_status":"open","ping_status":"closed","template":"","meta":{"_eb_attr":"","_monsterinsights_skip_tracking":false,"_monsterinsights_sitenote_active":false,"_monsterinsights_sitenote_note":"","_monsterinsights_sitenote_category":0,"_uf_show_specific_survey":0,"_uf_disable_surveys":false},"product_brand":[],"product_cat":[55],"product_tag":[],"class_list":{"0":"post-3586","1":"product","2":"type-product","3":"status-publish","4":"has-post-thumbnail","6":"product_cat-gas-fire-pit","8":"first","9":"instock","10":"shipping-taxable","11":"product-type-simple"},"_links":{"self":[{"href":"https:\/\/keweicorten.com\/fr\/wp-json\/wp\/v2\/product\/3586"}],"collection":[{"href":"https:\/\/keweicorten.com\/fr\/wp-json\/wp\/v2\/product"}],"about":[{"href":"https:\/\/keweicorten.com\/fr\/wp-json\/wp\/v2\/types\/product"}],"replies":[{"embeddable":true,"href":"https:\/\/keweicorten.com\/fr\/wp-json\/wp\/v2\/comments?post=3586"}],"version-history":[{"count":1,"href":"https:\/\/keweicorten.com\/fr\/wp-json\/wp\/v2\/product\/3586\/revisions"}],"predecessor-version":[{"id":3587,"href":"https:\/\/keweicorten.com\/fr\/wp-json\/wp\/v2\/product\/3586\/revisions\/3587"}],"wp:featuredmedia":[{"embeddable":true,"href":"https:\/\/keweicorten.com\/fr\/wp-json\/wp\/v2\/media\/3535"}],"wp:attachment":[{"href":"https:\/\/keweicorten.com\/fr\/wp-json\/wp\/v2\/media?parent=3586"}],"wp:term":[{"taxonomy":"product_brand","embeddable":true,"href":"https:\/\/keweicorten.com\/fr\/wp-json\/wp\/v2\/product_brand?post=3586"},{"taxonomy":"product_cat","embeddable":true,"href":"https:\/\/keweicorten.com\/fr\/wp-json\/wp\/v2\/product_cat?post=3586"},{"taxonomy":"product_tag","embeddable":true,"href":"https:\/\/keweicorten.com\/fr\/wp-json\/wp\/v2\/product_tag?post=3586"}],"curies":[{"name":"wp","href":"https:\/\/api.w.org\/{rel}","templated":true}]}}