{"id":3845,"date":"2025-03-03T07:28:51","date_gmt":"2025-03-03T07:28:51","guid":{"rendered":"https:\/\/keweicorten.com\/?post_type=product&#038;p=3845"},"modified":"2025-03-03T07:28:51","modified_gmt":"2025-03-03T07:28:51","slug":"bruleur-de-cheminee-a-gaz","status":"publish","type":"product","link":"https:\/\/keweicorten.com\/fr\/bruleur-de-cheminee-a-gaz\/","title":{"rendered":"br\u00fbleur de chemin\u00e9e \u00e0 gaz"},"content":{"rendered":"<h2 data-pm-slice=\"1 1 []\">Qu'est-ce qu'un kit de chemin\u00e9e \u00e0 gaz ?<\/h2>\n<p>Un kit de chemin\u00e9e \u00e0 gaz est une solution de chauffage ext\u00e9rieur efficace, s\u00fbre et facile \u00e0 installer. Il utilise le gaz naturel ou le propane liquide comme combustible pour ajouter de la chaleur et de l'ambiance \u00e0 votre patio, votre terrasse ou votre jardin.<\/p>\n<h2>Pourquoi choisir un kit de chemin\u00e9e \u00e0 gaz ?<\/h2>\n<h3>1. Propre et \u00e9cologique<\/h3>\n<p>Contrairement aux foyers traditionnels \u00e0 bois, les foyers \u00e0 gaz ne produisent ni fum\u00e9e, ni cendres, ni odeurs d\u00e9sagr\u00e9ables, ce qui en fait une option \u00e9cologique et plus s\u00fbre.<\/p>\n<h3>2. Facilit\u00e9 d'utilisation<\/h3>\n<p>Pas besoin de processus d'allumage compliqu\u00e9s : il suffit d'appuyer sur un bouton. Certains kits sont m\u00eame dot\u00e9s de fonctions d'allumage automatique et de contr\u00f4le de la temp\u00e9rature.<\/p>\n<h3>3. Convient \u00e0 divers environnements ext\u00e9rieurs<\/h3>\n<p>Un kit de chemin\u00e9e \u00e0 gaz am\u00e9liore l'esth\u00e9tique et la fonctionnalit\u00e9 de l'espace, qu'il s'agisse de l'arri\u00e8re-cour d'une maison, d'un patio, d'un jardin d'h\u00f4tel ou de l'espace ext\u00e9rieur d'un restaurant.<\/p>\n<table style=\"height: 225px;\" border=\"2\" width=\"751\">\n<tbody>\n<tr>\n<td data-spm-anchor-id=\"a2700.details.0.i69.a1316c55K69Hkr\">Nom<\/td>\n<td>Kit d'assemblage de br\u00fbleur de po\u00eale \u00e0 frire Diy<\/td>\n<\/tr>\n<tr>\n<td>Marterial<\/td>\n<td>Acier<\/td>\n<\/tr>\n<tr>\n<td>Utilisation<\/td>\n<td>Utilisation dans les foyers ext\u00e9rieurs<\/td>\n<\/tr>\n<tr>\n<td>Syst\u00e8me d'allumage<\/td>\n<td data-spm-anchor-id=\"a2700.details.0.i70.a1316c55K69Hkr\">Utilisation d'un syst\u00e8me d'allumage m\u00e9canique ou \u00e9lectronique pour le foyer<\/td>\n<\/tr>\n<tr>\n<td>Assembler<\/td>\n<td>\u00a0Assembl\u00e9<\/td>\n<\/tr>\n<tr>\n<td>Garantie<\/td>\n<td>5 ans<\/td>\n<\/tr>\n<tr>\n<td>Types appropri\u00e9s<\/td>\n<td>N'importe quel gril<\/td>\n<\/tr>\n<\/tbody>\n<\/table>\n<p><a href=\"https:\/\/keweicorten.com\/fr\/kit-de-bruleur-pour-foyer-a-gaz\/\"><img fetchpriority=\"high\" decoding=\"async\" class=\"alignnone wp-image-3846 size-full\" title=\"anneau de feu \u00e0 gaz\" src=\"https:\/\/keweicorten.com\/wp-content\/uploads\/2025\/03\/gas-firepit-kit-pan.jpg\" alt=\"anneau de chemin\u00e9e \u00e0 gaz Factory,china,price,manufacturers,suppliers,customized,wholesale,cheap,for sale,in stock.\" width=\"750\" height=\"750\" srcset=\"https:\/\/keweicorten.com\/wp-content\/uploads\/2025\/03\/gas-firepit-kit-pan.jpg 750w, https:\/\/keweicorten.com\/wp-content\/uploads\/2025\/03\/gas-firepit-kit-pan-300x300.jpg 300w, https:\/\/keweicorten.com\/wp-content\/uploads\/2025\/03\/gas-firepit-kit-pan-150x150.jpg 150w, https:\/\/keweicorten.com\/wp-content\/uploads\/2025\/03\/gas-firepit-kit-pan-12x12.jpg 12w, https:\/\/keweicorten.com\/wp-content\/uploads\/2025\/03\/gas-firepit-kit-pan-600x600.jpg 600w, https:\/\/keweicorten.com\/wp-content\/uploads\/2025\/03\/gas-firepit-kit-pan-100x100.jpg 100w\" sizes=\"(max-width: 750px) 100vw, 750px\" \/><\/a><\/p>\n<p><a href=\"https:\/\/keweicorten.com\/fr\/kit-de-bruleur-pour-foyer-a-gaz\/\"><img decoding=\"async\" class=\"alignnone wp-image-3847\" title=\"br\u00fbleur de chemin\u00e9e \u00e0 gaz \" src=\"https:\/\/keweicorten.com\/wp-content\/uploads\/2025\/03\/Gas-fire-pit-pan-9-\u526f\u672c-scaled.jpg\" alt=\"br\u00fbleur de chemin\u00e9e \u00e0 gaz Factory,china,price,manufacturers,suppliers,customized,wholesale,cheap,for sale,in stock.\" width=\"751\" height=\"563\" srcset=\"https:\/\/keweicorten.com\/wp-content\/uploads\/2025\/03\/Gas-fire-pit-pan-9-\u526f\u672c-scaled.jpg 2560w, https:\/\/keweicorten.com\/wp-content\/uploads\/2025\/03\/Gas-fire-pit-pan-9-\u526f\u672c-300x225.jpg 300w, https:\/\/keweicorten.com\/wp-content\/uploads\/2025\/03\/Gas-fire-pit-pan-9-\u526f\u672c-1024x768.jpg 1024w, https:\/\/keweicorten.com\/wp-content\/uploads\/2025\/03\/Gas-fire-pit-pan-9-\u526f\u672c-768x576.jpg 768w, https:\/\/keweicorten.com\/wp-content\/uploads\/2025\/03\/Gas-fire-pit-pan-9-\u526f\u672c-1536x1152.jpg 1536w, https:\/\/keweicorten.com\/wp-content\/uploads\/2025\/03\/Gas-fire-pit-pan-9-\u526f\u672c-2048x1536.jpg 2048w, https:\/\/keweicorten.com\/wp-content\/uploads\/2025\/03\/Gas-fire-pit-pan-9-\u526f\u672c-16x12.jpg 16w, https:\/\/keweicorten.com\/wp-content\/uploads\/2025\/03\/Gas-fire-pit-pan-9-\u526f\u672c-600x450.jpg 600w\" sizes=\"(max-width: 751px) 100vw, 751px\" \/><\/a><\/p>\n<h2>Comment choisir le bon kit de chemin\u00e9e \u00e0 gaz<\/h2>\n<h3>1. Type de combustible : Gaz naturel ou propane liquide<\/h3>\n<ul data-spread=\"false\">\n<li><strong>Gaz naturel<\/strong>: N\u00e9cessite une installation fixe, id\u00e9ale pour une utilisation \u00e0 long terme.<\/li>\n<li><strong>Propane liquide<\/strong>: Portable et flexible, il peut \u00eatre plac\u00e9 \u00e0 diff\u00e9rents endroits.<\/li>\n<\/ul>\n<h3>2. Taille et forme<\/h3>\n<p>Les kits de foyers \u00e0 gaz sont disponibles en diff\u00e9rentes tailles et formes, notamment <strong>rondes, carr\u00e9es, rectangulaires et lin\u00e9aires<\/strong>-Choisissez un mod\u00e8le en fonction des dimensions de votre espace ext\u00e9rieur.<\/p>\n<h3>3. S\u00e9lection des mat\u00e9riaux<\/h3>\n<ul data-spread=\"false\">\n<li><strong>Acier inoxydable<\/strong>: R\u00e9sistant \u00e0 la corrosion et durable.<\/li>\n<li><strong>Acier Corten<\/strong>: D\u00e9veloppe une patine naturelle de rouille au fil du temps, id\u00e9ale pour les designs modernes ou de style industriel.<\/li>\n<li><strong>C\u00e9ramique ou fibre de verre<\/strong>: L\u00e9ger et esth\u00e9tiquement unique.<\/li>\n<\/ul>\n<p><a href=\"https:\/\/keweicorten.com\/fr\/kit-de-bruleur-pour-foyer-a-gaz\/\"><img decoding=\"async\" class=\"alignnone wp-image-3848\" title=\"br\u00fbleur de chemin\u00e9e \u00e0 gaz\" src=\"https:\/\/keweicorten.com\/wp-content\/uploads\/2025\/03\/\u5fae\u4fe1\u56fe\u7247_20240105111424.jpg\" alt=\"br\u00fbleur de chemin\u00e9e \u00e0 gaz Factory,china,price,manufacturers,suppliers,customized,wholesale,cheap,for sale,in stock.\" width=\"751\" height=\"751\" srcset=\"https:\/\/keweicorten.com\/wp-content\/uploads\/2025\/03\/\u5fae\u4fe1\u56fe\u7247_20240105111424.jpg 1600w, https:\/\/keweicorten.com\/wp-content\/uploads\/2025\/03\/\u5fae\u4fe1\u56fe\u7247_20240105111424-300x300.jpg 300w, https:\/\/keweicorten.com\/wp-content\/uploads\/2025\/03\/\u5fae\u4fe1\u56fe\u7247_20240105111424-1024x1024.jpg 1024w, https:\/\/keweicorten.com\/wp-content\/uploads\/2025\/03\/\u5fae\u4fe1\u56fe\u7247_20240105111424-150x150.jpg 150w, https:\/\/keweicorten.com\/wp-content\/uploads\/2025\/03\/\u5fae\u4fe1\u56fe\u7247_20240105111424-768x768.jpg 768w, https:\/\/keweicorten.com\/wp-content\/uploads\/2025\/03\/\u5fae\u4fe1\u56fe\u7247_20240105111424-1536x1536.jpg 1536w, https:\/\/keweicorten.com\/wp-content\/uploads\/2025\/03\/\u5fae\u4fe1\u56fe\u7247_20240105111424-12x12.jpg 12w, https:\/\/keweicorten.com\/wp-content\/uploads\/2025\/03\/\u5fae\u4fe1\u56fe\u7247_20240105111424-600x600.jpg 600w, https:\/\/keweicorten.com\/wp-content\/uploads\/2025\/03\/\u5fae\u4fe1\u56fe\u7247_20240105111424-100x100.jpg 100w\" sizes=\"(max-width: 751px) 100vw, 751px\" \/><\/a><\/p>\n<h2>Comment installer un kit de chemin\u00e9e \u00e0 gaz<\/h2>\n<h3>1. Choisir le lieu d'installation<\/h3>\n<p>Choisissez un endroit bien ventil\u00e9, \u00e0 l'\u00e9cart des mat\u00e9riaux inflammables, pour garantir la s\u00e9curit\u00e9.<\/p>\n<h3>2. Raccordement de la conduite de gaz<\/h3>\n<p>Suivez les instructions du fabricant pour raccorder correctement la conduite de gaz et effectuer un test d'\u00e9tanch\u00e9it\u00e9.<\/p>\n<h3>3. Ajouter Fire Media<\/h3>\n<p>Am\u00e9liorer l'apparence en utilisant <strong>roches de lave, verre \u00e0 feu ou b\u00fbches en c\u00e9ramique<\/strong>.<\/p>\n<h3>4. Test et ajustement<\/h3>\n<p>Allumez le foyer, r\u00e9glez la hauteur des flammes et assurez-vous qu'il fonctionne correctement.<\/p>\n<p><a href=\"https:\/\/keweicorten.com\/fr\/kit-de-bruleur-pour-foyer-a-gaz\/\"><img loading=\"lazy\" decoding=\"async\" class=\"alignnone wp-image-3539\" title=\"feu de bois diy\" src=\"https:\/\/keweicorten.com\/wp-content\/uploads\/2025\/02\/Gas-fire-pit-pan-11.jpg\" alt=\"Foyer de chemin\u00e9e diy lp \\Factory,china,price,manufacturers,suppliers,customized,wholesale,cheap,for sale,in stock.\" width=\"751\" height=\"751\" srcset=\"https:\/\/keweicorten.com\/wp-content\/uploads\/2025\/02\/Gas-fire-pit-pan-11.jpg 960w, https:\/\/keweicorten.com\/wp-content\/uploads\/2025\/02\/Gas-fire-pit-pan-11-300x300.jpg 300w, https:\/\/keweicorten.com\/wp-content\/uploads\/2025\/02\/Gas-fire-pit-pan-11-150x150.jpg 150w, https:\/\/keweicorten.com\/wp-content\/uploads\/2025\/02\/Gas-fire-pit-pan-11-768x768.jpg 768w, https:\/\/keweicorten.com\/wp-content\/uploads\/2025\/02\/Gas-fire-pit-pan-11-12x12.jpg 12w, https:\/\/keweicorten.com\/wp-content\/uploads\/2025\/02\/Gas-fire-pit-pan-11-600x600.jpg 600w, https:\/\/keweicorten.com\/wp-content\/uploads\/2025\/02\/Gas-fire-pit-pan-11-100x100.jpg 100w\" sizes=\"(max-width: 751px) 100vw, 751px\" \/><\/a><\/p>\n<h2>Maintenance et entretien<\/h2>\n<h3>1. Nettoyer r\u00e9guli\u00e8rement le br\u00fbleur<\/h3>\n<p>Emp\u00eachez la poussi\u00e8re ou les d\u00e9bris d'obstruer les trous du br\u00fbleur pour maintenir l'efficacit\u00e9.<\/p>\n<h3>2. Prot\u00e9ger des intemp\u00e9ries<\/h3>\n<p>Utiliser un <strong>couverture \u00e9tanche<\/strong> lorsqu'il n'est pas utilis\u00e9 afin de prolonger la dur\u00e9e de vie du foyer.<\/p>\n<h3>3. V\u00e9rifier les raccordements de gaz<\/h3>\n<p>Inspecter p\u00e9riodiquement les conduites de gaz et les vannes pour \u00e9viter les fuites.<\/p>","protected":false},"excerpt":{"rendered":"<p>A <strong data-start=\"265\" data-end=\"285\">Kit de chemin\u00e9e \u00e0 gaz<\/strong> ajoute de la chaleur, du style et de la commodit\u00e9 \u00e0 tout espace ext\u00e9rieur. Choisissez parmi diff\u00e9rentes tailles et mat\u00e9riaux pour un ajustement parfait. Facile \u00e0 installer et \u00e0 entretenir - id\u00e9al pour les particuliers et les entreprises !<\/p>","protected":false},"featured_media":3849,"comment_status":"open","ping_status":"closed","template":"","meta":{"_eb_attr":"","_monsterinsights_skip_tracking":false,"_monsterinsights_sitenote_active":false,"_monsterinsights_sitenote_note":"","_monsterinsights_sitenote_category":0,"_uf_show_specific_survey":0,"_uf_disable_surveys":false},"product_brand":[],"product_cat":[53],"product_tag":[],"class_list":{"0":"post-3845","1":"product","2":"type-product","3":"status-publish","4":"has-post-thumbnail","6":"product_cat-gas-fire-pit-burner","8":"first","9":"instock","10":"shipping-taxable","11":"product-type-simple"},"_links":{"self":[{"href":"https:\/\/keweicorten.com\/fr\/wp-json\/wp\/v2\/product\/3845"}],"collection":[{"href":"https:\/\/keweicorten.com\/fr\/wp-json\/wp\/v2\/product"}],"about":[{"href":"https:\/\/keweicorten.com\/fr\/wp-json\/wp\/v2\/types\/product"}],"replies":[{"embeddable":true,"href":"https:\/\/keweicorten.com\/fr\/wp-json\/wp\/v2\/comments?post=3845"}],"version-history":[{"count":1,"href":"https:\/\/keweicorten.com\/fr\/wp-json\/wp\/v2\/product\/3845\/revisions"}],"predecessor-version":[{"id":3853,"href":"https:\/\/keweicorten.com\/fr\/wp-json\/wp\/v2\/product\/3845\/revisions\/3853"}],"wp:featuredmedia":[{"embeddable":true,"href":"https:\/\/keweicorten.com\/fr\/wp-json\/wp\/v2\/media\/3849"}],"wp:attachment":[{"href":"https:\/\/keweicorten.com\/fr\/wp-json\/wp\/v2\/media?parent=3845"}],"wp:term":[{"taxonomy":"product_brand","embeddable":true,"href":"https:\/\/keweicorten.com\/fr\/wp-json\/wp\/v2\/product_brand?post=3845"},{"taxonomy":"product_cat","embeddable":true,"href":"https:\/\/keweicorten.com\/fr\/wp-json\/wp\/v2\/product_cat?post=3845"},{"taxonomy":"product_tag","embeddable":true,"href":"https:\/\/keweicorten.com\/fr\/wp-json\/wp\/v2\/product_tag?post=3845"}],"curies":[{"name":"wp","href":"https:\/\/api.w.org\/{rel}","templated":true}]}}