{"id":4529,"date":"2025-04-14T06:46:30","date_gmt":"2025-04-14T06:46:30","guid":{"rendered":"https:\/\/keweicorten.com\/?post_type=product&#038;p=4529"},"modified":"2025-04-14T06:46:30","modified_gmt":"2025-04-14T06:46:30","slug":"lawn-metal-landscape-edging","status":"publish","type":"product","link":"https:\/\/keweicorten.com\/fr\/lawn-metal-landscape-edging\/","title":{"rendered":"Lawn Metal Landscape Edging"},"content":{"rendered":"<h2 class=\"\" data-start=\"114\" data-end=\"198\">The Benefits of Lawn Metal Landscape Edging for a Clean and Durable Garden Design<\/h2>\n<p class=\"\" data-start=\"200\" data-end=\"683\">When it comes to creating a beautiful and organized outdoor space, details matter. One of the most practical yet often overlooked elements of a well-maintained garden is the edging. <strong data-start=\"382\" data-end=\"413\">Lawn metal landscape edging<\/strong> has quickly become a popular choice among homeowners, landscapers, and garden designers because of its durability, clean lines, and long-lasting performance. In this article, we\u2019ll explore what makes metal edging a smart investment for your garden and outdoor projects.<\/p>\n<h3 class=\"\" data-start=\"685\" data-end=\"725\"><a href=\"https:\/\/keweicorten.com\/fr\/bordures-de-jardin\/\">What Is Lawn Metal Landscape Edging?<\/a><\/h3>\n<p class=\"\" data-start=\"727\" data-end=\"1075\"><strong data-start=\"727\" data-end=\"758\">Lawn metal landscape edging<\/strong> is a type of border made from various metals such as corten steel, galvanized steel, aluminum, or stainless steel. It is designed to create a clear separation between different areas of your garden \u2014 such as lawns, flowerbeds, gravel paths, or driveways \u2014 while adding a neat and modern appearance to your landscape.<\/p>\n<table class=\"all magic-11\">\n<tbody>\n<tr>\n<td colspan=\"1\" rowspan=\"1\">\n<div class=\"magic-12\">\u00a0Nom du produit<\/div>\n<\/td>\n<td colspan=\"4\" rowspan=\"1\">\n<div class=\"magic-13\">Landscape Edge Metal Steel Retaining Plate Garden Fence Flower Bed Lawn Edging Corten Garden Edging Border<\/div>\n<\/td>\n<\/tr>\n<tr>\n<td colspan=\"1\" rowspan=\"1\">\n<div class=\"magic-12\">Mat\u00e9riau<\/div>\n<\/td>\n<td colspan=\"4\" rowspan=\"1\">\n<div class=\"magic-13\">Acier Corten\/r\u00e9sistant aux intemp\u00e9ries<\/div>\n<\/td>\n<\/tr>\n<tr>\n<td colspan=\"1\" rowspan=\"1\">\n<div class=\"magic-12\">Surface\u00a0 Treatment<\/div>\n<\/td>\n<td colspan=\"4\" rowspan=\"1\">\n<div class=\"magic-13\">Pr\u00e9-rouill\u00e9, peut \u00eatre personnalis\u00e9<\/div>\n<\/td>\n<\/tr>\n<tr>\n<td colspan=\"1\" rowspan=\"1\">\n<div class=\"magic-12\">Taille<\/div>\n<\/td>\n<td colspan=\"4\" rowspan=\"1\">\n<div class=\"magic-16\">\n<div data-spm-anchor-id=\"a2700.pc-decorate.0.i6.326f3333fnxkS9\">Length:800-1500mm,custom<\/div>\n<div data-spm-anchor-id=\"a2700.pc-decorate.0.i12.3d733333QGI57K\">Thickness:1.5mm,customized<\/div>\n<\/div>\n<\/td>\n<\/tr>\n<tr>\n<td colspan=\"1\" rowspan=\"1\">\n<div class=\"magic-17\">Forme<\/div>\n<\/td>\n<td colspan=\"4\" rowspan=\"1\">\n<div class=\"magic-16\">Straight &amp; Curved &amp; custom<\/div>\n<\/td>\n<\/tr>\n<tr>\n<td colspan=\"1\" rowspan=\"1\">\n<div class=\"magic-17\">Manufacturing Process<\/div>\n<\/td>\n<td colspan=\"4\" rowspan=\"1\">\n<div class=\"magic-16\">Bending, Stamping, Welding,Laser Cutting,Assembled Components and Packaging<\/div>\n<\/td>\n<\/tr>\n<tr>\n<td colspan=\"1\" rowspan=\"1\">\n<div class=\"magic-17\">Service suppl\u00e9mentaire<\/div>\n<\/td>\n<td colspan=\"4\" rowspan=\"1\">\n<div class=\"magic-16\">Every Lawn Edges Can Be Manufactured Base On Customers&#8217; Design, Drawing, Sample And Detailed Requirements.<\/div>\n<\/td>\n<\/tr>\n<\/tbody>\n<\/table>\n<h3 data-start=\"1077\" data-end=\"1123\"><a href=\"https:\/\/keweicorten.com\/fr\/produits\/\"><img fetchpriority=\"high\" decoding=\"async\" class=\"alignnone wp-image-4536 size-medium\" title=\"Corten Steel Rustic Garden Edging Metal Edging for Landscaping Paver Border Lawn Edge\" src=\"https:\/\/keweicorten.com\/wp-content\/uploads\/2025\/04\/IMG_0949-300x300.jpg\" alt=\"Corten Steel Rustic Garden Edging Metal Edging for Landscaping Paver Border Lawn Edge\" width=\"300\" height=\"300\" srcset=\"https:\/\/keweicorten.com\/wp-content\/uploads\/2025\/04\/IMG_0949-300x300.jpg 300w, https:\/\/keweicorten.com\/wp-content\/uploads\/2025\/04\/IMG_0949-150x150.jpg 150w, https:\/\/keweicorten.com\/wp-content\/uploads\/2025\/04\/IMG_0949-12x12.jpg 12w, https:\/\/keweicorten.com\/wp-content\/uploads\/2025\/04\/IMG_0949-600x600.jpg 600w, https:\/\/keweicorten.com\/wp-content\/uploads\/2025\/04\/IMG_0949-100x100.jpg 100w, https:\/\/keweicorten.com\/wp-content\/uploads\/2025\/04\/IMG_0949.jpg 750w\" sizes=\"(max-width: 300px) 100vw, 300px\" \/><\/a> <a href=\"https:\/\/keweicorten.com\/fr\/nous-contacter\/\"><img decoding=\"async\" class=\"alignnone wp-image-4537 size-medium\" title=\"100mm Flexible Corten Steel Raised Garden Border Bed Garden Edge Lawn Border Landscape Retaining Wall\" src=\"https:\/\/keweicorten.com\/wp-content\/uploads\/2025\/04\/IMG_1030-300x300.jpg\" alt=\"100mm Flexible Corten Steel Raised Garden Border Bed Garden Edge Lawn Border Landscape Retaining Wall\" width=\"300\" height=\"300\" srcset=\"https:\/\/keweicorten.com\/wp-content\/uploads\/2025\/04\/IMG_1030-300x300.jpg 300w, https:\/\/keweicorten.com\/wp-content\/uploads\/2025\/04\/IMG_1030-150x150.jpg 150w, https:\/\/keweicorten.com\/wp-content\/uploads\/2025\/04\/IMG_1030-12x12.jpg 12w, https:\/\/keweicorten.com\/wp-content\/uploads\/2025\/04\/IMG_1030-600x600.jpg 600w, https:\/\/keweicorten.com\/wp-content\/uploads\/2025\/04\/IMG_1030-100x100.jpg 100w, https:\/\/keweicorten.com\/wp-content\/uploads\/2025\/04\/IMG_1030.jpg 750w\" sizes=\"(max-width: 300px) 100vw, 300px\" \/><\/a><\/h3>\n<h3 class=\"\" data-start=\"1077\" data-end=\"1123\"><a href=\"https:\/\/keweicorten.com\/fr\/garden-landscape-metal-edging\/\">Advantages of Using Metal Landscape Edging<\/a><\/h3>\n<p class=\"\" data-start=\"1125\" data-end=\"1384\"><strong data-start=\"1125\" data-end=\"1154\">1. Exceptional Durability<\/strong><br data-start=\"1154\" data-end=\"1157\" \/>Unlike plastic or wood edging, metal edging offers superior strength and resistance to harsh weather conditions. Whether it\u2019s heavy rain, intense sunlight, or frost, metal edging remains stable and does not warp, crack, or rot.<\/p>\n<p class=\"\" data-start=\"1386\" data-end=\"1595\"><strong data-start=\"1386\" data-end=\"1418\">2. Clean and Minimalist Look<\/strong><br data-start=\"1418\" data-end=\"1421\" \/>Modern landscaping often values simplicity and elegance. Metal edging creates crisp, straight lines or smooth curves that give your garden a polished and professional finish.<\/p>\n<p class=\"\" data-start=\"1597\" data-end=\"1843\"><strong data-start=\"1597\" data-end=\"1619\">3. Low Maintenance<\/strong><br data-start=\"1619\" data-end=\"1622\" \/>Once installed, <strong data-start=\"1638\" data-end=\"1664\">metal landscape edging<\/strong> requires very little upkeep. It resists corrosion, especially when made from corten steel or galvanized steel, developing a natural patina over time that enhances its appearance.<\/p>\n<p class=\"\" data-start=\"1845\" data-end=\"2070\"><strong data-start=\"1845\" data-end=\"1869\">4. Easy Installation<\/strong><br data-start=\"1869\" data-end=\"1872\" \/>Most metal edging products come in flexible strips or pre-formed sections that can be easily installed with minimal tools. It\u2019s an ideal choice for both DIY enthusiasts and professional landscapers.<\/p>\n<p class=\"\" data-start=\"2072\" data-end=\"2349\"><strong data-start=\"2072\" data-end=\"2101\">5. Versatile Applications<\/strong><br data-start=\"2101\" data-end=\"2104\" \/>From residential gardens to commercial landscapes and public parks, <strong data-start=\"2172\" data-end=\"2203\">lawn metal landscape edging<\/strong> can be used in various outdoor settings. It\u2019s suitable for edging lawns, pathways, patios, flowerbeds, water features, and even playground areas.<\/p>\n<div class=\"J_module\">\n<div class=\"detail-decorate-json-renderer-container\">\n<div class=\"magic-4\">\n<div class=\"magic-5\">\n<div class=\"magic-6\">\n<div class=\"magic-7\">\n<div><span data-spm-anchor-id=\"a2700.details-description.0.i0.5b3bJ7g4J7g42E\">nstall.The only tools you&#8217;ll need are a block timber and mallet.<\/span><\/div>\n<\/div>\n<\/div>\n<\/div>\n<\/div>\n<\/div>\n<\/div>\n<div class=\"J_module\">\n<div class=\"icbu-pc-images magic-0\">\n<div class=\"flex-layout-v\">\n<div class=\"flex-layout-h magic-0\">\n<p><a href=\"https:\/\/keweicorten.com\/fr\/nous-contacter\/\"><img decoding=\"async\" class=\"alignnone wp-image-4531 size-medium\" title=\"Corten Steel Rustic Garden Edging Metal Edging for Landscaping Paver Border Lawn Edge\" src=\"https:\/\/keweicorten.com\/wp-content\/uploads\/2025\/04\/photobank-1-300x300.jpg\" alt=\"Corten Steel Rustic Garden Edging Metal Edging for Landscaping Paver Border Lawn Edge\" width=\"300\" height=\"300\" srcset=\"https:\/\/keweicorten.com\/wp-content\/uploads\/2025\/04\/photobank-1-300x300.jpg 300w, https:\/\/keweicorten.com\/wp-content\/uploads\/2025\/04\/photobank-1-150x150.jpg 150w, https:\/\/keweicorten.com\/wp-content\/uploads\/2025\/04\/photobank-1-12x12.jpg 12w, https:\/\/keweicorten.com\/wp-content\/uploads\/2025\/04\/photobank-1-600x600.jpg 600w, https:\/\/keweicorten.com\/wp-content\/uploads\/2025\/04\/photobank-1-100x100.jpg 100w, https:\/\/keweicorten.com\/wp-content\/uploads\/2025\/04\/photobank-1.jpg 750w\" sizes=\"(max-width: 300px) 100vw, 300px\" \/><\/a><a href=\"https:\/\/keweicorten.com\/fr\/produits\/\"><img loading=\"lazy\" decoding=\"async\" class=\"alignnone wp-image-4532 size-medium\" title=\"Corten Edging for Landscaping\" src=\"https:\/\/keweicorten.com\/wp-content\/uploads\/2025\/04\/photobank-13-300x300.jpg\" alt=\"Corten Edging for Landscaping\" width=\"300\" height=\"300\" srcset=\"https:\/\/keweicorten.com\/wp-content\/uploads\/2025\/04\/photobank-13-300x300.jpg 300w, https:\/\/keweicorten.com\/wp-content\/uploads\/2025\/04\/photobank-13-150x150.jpg 150w, https:\/\/keweicorten.com\/wp-content\/uploads\/2025\/04\/photobank-13-12x12.jpg 12w, https:\/\/keweicorten.com\/wp-content\/uploads\/2025\/04\/photobank-13-600x600.jpg 600w, https:\/\/keweicorten.com\/wp-content\/uploads\/2025\/04\/photobank-13-100x100.jpg 100w, https:\/\/keweicorten.com\/wp-content\/uploads\/2025\/04\/photobank-13.jpg 750w\" sizes=\"(max-width: 300px) 100vw, 300px\" \/><\/a><a href=\"https:\/\/keweicorten.com\/fr\/nous-contacter\/\"><img loading=\"lazy\" decoding=\"async\" class=\"alignnone wp-image-4530 size-medium\" title=\"Flexible Metal Garden Edging Border Corten Flower Beds Landscape Edging Steel Raised Edge Metal Decor Outdoor OEM ODM\" src=\"https:\/\/keweicorten.com\/wp-content\/uploads\/2025\/04\/photobank-3-300x300.jpg\" alt=\"Flexible Metal Garden Edging Border Corten Flower Beds Landscape Edging Steel Raised Edge Metal Decor Outdoor OEM ODM\" width=\"300\" height=\"300\" srcset=\"https:\/\/keweicorten.com\/wp-content\/uploads\/2025\/04\/photobank-3-300x300.jpg 300w, https:\/\/keweicorten.com\/wp-content\/uploads\/2025\/04\/photobank-3-150x150.jpg 150w, https:\/\/keweicorten.com\/wp-content\/uploads\/2025\/04\/photobank-3-12x12.jpg 12w, https:\/\/keweicorten.com\/wp-content\/uploads\/2025\/04\/photobank-3-600x600.jpg 600w, https:\/\/keweicorten.com\/wp-content\/uploads\/2025\/04\/photobank-3-100x100.jpg 100w, https:\/\/keweicorten.com\/wp-content\/uploads\/2025\/04\/photobank-3.jpg 750w\" sizes=\"(max-width: 300px) 100vw, 300px\" \/><\/a><\/p>\n<\/div>\n<\/div>\n<\/div>\n<\/div>\n<h3 class=\"\" data-start=\"2351\" data-end=\"2394\">Popular Types of Metal Edging Materials<\/h3>\n<ul data-start=\"2396\" data-end=\"2906\">\n<li class=\"\" data-start=\"2396\" data-end=\"2567\">\n<p class=\"\" data-start=\"2398\" data-end=\"2567\"><strong data-start=\"2398\" data-end=\"2421\">Corten Steel Edging<\/strong>: Known for its rust-like appearance and excellent weather resistance, corten steel edging adds a contemporary industrial touch to outdoor spaces.<\/p>\n<\/li>\n<li class=\"\" data-start=\"2568\" data-end=\"2695\">\n<p class=\"\" data-start=\"2570\" data-end=\"2695\"><strong data-start=\"2570\" data-end=\"2597\">Galvanized Steel Edging<\/strong>: Coated with a layer of zinc for protection, this edging is affordable, strong, and rust-resistant.<\/p>\n<\/li>\n<li class=\"\" data-start=\"2696\" data-end=\"2805\">\n<p class=\"\" data-start=\"2698\" data-end=\"2805\"><strong data-start=\"2698\" data-end=\"2717\">Aluminum Edging<\/strong>: Lightweight, flexible, and corrosion-resistant, perfect for creating intricate curves.<\/p>\n<\/li>\n<li class=\"\" data-start=\"2806\" data-end=\"2906\">\n<p class=\"\" data-start=\"2808\" data-end=\"2906\"><strong data-start=\"2808\" data-end=\"2834\">Stainless Steel Edging<\/strong>: Offers a sleek, polished look with outstanding strength and longevity.<\/p>\n<\/li>\n<\/ul>\n<p><a href=\"https:\/\/keweicorten.com\/fr\/produits\/\"><img loading=\"lazy\" decoding=\"async\" class=\"alignnone wp-image-4534 size-medium\" title=\"A36 Lawn Edges for Metal Garden Edging\" src=\"https:\/\/keweicorten.com\/wp-content\/uploads\/2025\/04\/IMG_0963-300x300.jpg\" alt=\"A36 Lawn Edges for Metal Garden Edging of Steel Anti-corrosion Corten Steel on Sale\" width=\"300\" height=\"300\" srcset=\"https:\/\/keweicorten.com\/wp-content\/uploads\/2025\/04\/IMG_0963-300x300.jpg 300w, https:\/\/keweicorten.com\/wp-content\/uploads\/2025\/04\/IMG_0963-150x150.jpg 150w, https:\/\/keweicorten.com\/wp-content\/uploads\/2025\/04\/IMG_0963-12x12.jpg 12w, https:\/\/keweicorten.com\/wp-content\/uploads\/2025\/04\/IMG_0963-600x600.jpg 600w, https:\/\/keweicorten.com\/wp-content\/uploads\/2025\/04\/IMG_0963-100x100.jpg 100w, https:\/\/keweicorten.com\/wp-content\/uploads\/2025\/04\/IMG_0963.jpg 750w\" sizes=\"(max-width: 300px) 100vw, 300px\" \/><\/a> <a href=\"https:\/\/keweicorten.com\/fr\/produits\/\"><img loading=\"lazy\" decoding=\"async\" class=\"alignnone wp-image-4535 size-medium\" title=\"Garden Steel Flexible Edge Lawn Edging Corten Steel Edging for Outdoor\" src=\"https:\/\/keweicorten.com\/wp-content\/uploads\/2025\/04\/IMG_0998-300x300.jpg\" alt=\"Garden Steel Flexible Edge Lawn Edging Corten Steel Edging for Outdoor\" width=\"300\" height=\"300\" srcset=\"https:\/\/keweicorten.com\/wp-content\/uploads\/2025\/04\/IMG_0998-300x300.jpg 300w, https:\/\/keweicorten.com\/wp-content\/uploads\/2025\/04\/IMG_0998-150x150.jpg 150w, https:\/\/keweicorten.com\/wp-content\/uploads\/2025\/04\/IMG_0998-12x12.jpg 12w, https:\/\/keweicorten.com\/wp-content\/uploads\/2025\/04\/IMG_0998-600x600.jpg 600w, https:\/\/keweicorten.com\/wp-content\/uploads\/2025\/04\/IMG_0998-100x100.jpg 100w, https:\/\/keweicorten.com\/wp-content\/uploads\/2025\/04\/IMG_0998.jpg 750w\" sizes=\"(max-width: 300px) 100vw, 300px\" \/><\/a><\/p>\n<h3 class=\"\" data-start=\"2908\" data-end=\"2966\"><a href=\"https:\/\/keweicorten.com\/fr\/piquet-de-bordures-paysageres-h-brun\/\">Why Choose Metal Edging for Your Landscaping Projects?<\/a><\/h3>\n<p class=\"\" data-start=\"2968\" data-end=\"3246\">If you\u2019re looking for a long-term solution to keep your lawn and garden areas neat and organized, <strong data-start=\"3066\" data-end=\"3097\">lawn metal landscape edging<\/strong> is one of the best choices on the market. It adds structure, enhances the aesthetic appeal of your outdoor space, and saves you time on maintenance.<\/p>\n<div class=\"J_module\">\n<h3 id=\"ali-anchor-AliMagic-m6l0zp\" class=\"magic-9\" data-section=\"AliMagic-m6l0zp\" data-section-title=\"Packaging and delivery\" data-spm-anchor-id=\"a2700.details-description.0.i0.227cLz6iLz6iCP\">Emballage et livraison<\/h3>\n<\/div>\n<div class=\"J_module\">\n<div class=\"icbu-pc-images magic-4\">\n<div class=\"flex-layout-v\">\n<div class=\"flex-layout-h magic-4\">\n<div class=\"magic-27\"><a href=\"https:\/\/keweicorten.com\/fr\"><img loading=\"lazy\" decoding=\"async\" class=\"magic-28 alignnone\" title=\"Garden Landscape Edging Rust Corten Garden Edge Circle Garden Edge Metal\" src=\"https:\/\/sc04.alicdn.com\/kf\/H0719377aa4554be39f555645d3db7424k\/268101461\/H0719377aa4554be39f555645d3db7424k.jpg\" alt=\"Garden Landscape Edging Rust Corten Garden Edge Circle Garden Edge Metal\" width=\"359\" height=\"368\" data-src=\"\/\/sc04.alicdn.com\/kf\/H0719377aa4554be39f555645d3db7424k\/268101461\/H0719377aa4554be39f555645d3db7424k.jpg\" \/><\/a><a href=\"https:\/\/keweicorten.com\/fr\/produits\/\"><img loading=\"lazy\" decoding=\"async\" class=\"alignnone\" title=\"Corten Steel Garden Lawn Edging Weather-Resistant Flexible Metal Landscape Strips for Home Walls Yards Plant Decor Pre-Rusted\" src=\"https:\/\/sc04.alicdn.com\/kf\/H7fb94ed14bb042b2b7cf3bb8cd8be92cS\/268101461\/H7fb94ed14bb042b2b7cf3bb8cd8be92cS.jpg\" alt=\"Corten Steel Garden Lawn Edging Weather-Resistant Flexible Metal Landscape Strips for Home Walls Yards Plant Decor Pre-Rusted\" width=\"367\" height=\"367\" data-src=\"\/\/sc04.alicdn.com\/kf\/H7fb94ed14bb042b2b7cf3bb8cd8be92cS\/268101461\/H7fb94ed14bb042b2b7cf3bb8cd8be92cS.jpg\" data-spm-anchor-id=\"a2700.details-description.0.i1.227cLz6iLz6iCP\" \/><\/a><\/div>\n<div class=\"magic-29\"><\/div>\n<\/div>\n<\/div>\n<\/div>\n<\/div>","protected":false},"excerpt":{"rendered":"<p>Durable lawn metal landscape edging designed to create clean, modern borders for gardens, paths, and driveways. Available in corten, galvanized, and stainless steel.<\/p>","protected":false},"featured_media":4539,"comment_status":"open","ping_status":"closed","template":"","meta":{"_eb_attr":"","_monsterinsights_skip_tracking":false,"_monsterinsights_sitenote_active":false,"_monsterinsights_sitenote_note":"","_monsterinsights_sitenote_category":0,"_uf_show_specific_survey":0,"_uf_disable_surveys":false},"product_brand":[],"product_cat":[58],"product_tag":[],"class_list":{"0":"post-4529","1":"product","2":"type-product","3":"status-publish","4":"has-post-thumbnail","6":"product_cat-garden-edging","8":"first","9":"instock","10":"shipping-taxable","11":"product-type-simple"},"_links":{"self":[{"href":"https:\/\/keweicorten.com\/fr\/wp-json\/wp\/v2\/product\/4529"}],"collection":[{"href":"https:\/\/keweicorten.com\/fr\/wp-json\/wp\/v2\/product"}],"about":[{"href":"https:\/\/keweicorten.com\/fr\/wp-json\/wp\/v2\/types\/product"}],"replies":[{"embeddable":true,"href":"https:\/\/keweicorten.com\/fr\/wp-json\/wp\/v2\/comments?post=4529"}],"version-history":[{"count":1,"href":"https:\/\/keweicorten.com\/fr\/wp-json\/wp\/v2\/product\/4529\/revisions"}],"predecessor-version":[{"id":4543,"href":"https:\/\/keweicorten.com\/fr\/wp-json\/wp\/v2\/product\/4529\/revisions\/4543"}],"wp:featuredmedia":[{"embeddable":true,"href":"https:\/\/keweicorten.com\/fr\/wp-json\/wp\/v2\/media\/4539"}],"wp:attachment":[{"href":"https:\/\/keweicorten.com\/fr\/wp-json\/wp\/v2\/media?parent=4529"}],"wp:term":[{"taxonomy":"product_brand","embeddable":true,"href":"https:\/\/keweicorten.com\/fr\/wp-json\/wp\/v2\/product_brand?post=4529"},{"taxonomy":"product_cat","embeddable":true,"href":"https:\/\/keweicorten.com\/fr\/wp-json\/wp\/v2\/product_cat?post=4529"},{"taxonomy":"product_tag","embeddable":true,"href":"https:\/\/keweicorten.com\/fr\/wp-json\/wp\/v2\/product_tag?post=4529"}],"curies":[{"name":"wp","href":"https:\/\/api.w.org\/{rel}","templated":true}]}}