{"id":491,"date":"2024-07-15T02:29:11","date_gmt":"2024-07-15T02:29:11","guid":{"rendered":"https:\/\/keweicorten.com\/?post_type=product&#038;p=491"},"modified":"2025-01-15T06:29:12","modified_gmt":"2025-01-15T06:29:12","slug":"gril-en-acier-corten","status":"publish","type":"product","link":"https:\/\/keweicorten.com\/fr\/gril-en-acier-corten\/","title":{"rendered":"gril en acier corten"},"content":{"rendered":"<h2>Quelles sont les caract\u00e9ristiques du gril bbq\uff1f ?<\/h2>\n<ul>\n<li><strong>Durabilit\u00e9 :<\/strong> Un gril en acier corten de haute qualit\u00e9, fabriqu\u00e9 \u00e0 partir de mat\u00e9riaux robustes tels que l'acier inoxydable ou la fonte, peut attirer les personnes \u00e0 la recherche d'un investissement durable, capable de r\u00e9sister \u00e0 une utilisation fr\u00e9quente et \u00e0 diverses conditions m\u00e9t\u00e9orologiques.<\/li>\n<li><strong>Polyvalence :<\/strong>\u00a0Les barbecues qui offrent diff\u00e9rentes options de cuisson, telles que le grillage, le fumage ou m\u00eame les fonctions de r\u00f4tisserie, peuvent plaire \u00e0 ceux qui aiment exp\u00e9rimenter diff\u00e9rentes techniques de cuisson et diff\u00e9rentes saveurs.<\/li>\n<li><strong>Facile \u00e0 utiliser :<\/strong> Une conception intuitive et conviviale, ainsi que des caract\u00e9ristiques telles que des syst\u00e8mes d'allumage faciles, des r\u00e9glages de chaleur et des m\u00e9canismes de nettoyage pratiques, peuvent rendre un gril en acier corten plus attrayant pour les personnes qui recherchent une exp\u00e9rience de grillade sans tracas.<\/li>\n<li><strong>Taille et surface de cuisson :<\/strong>\u00a0Les barbecues dot\u00e9s d'un grand espace de cuisson, de plusieurs br\u00fbleurs et de caract\u00e9ristiques suppl\u00e9mentaires telles que des tables d'appoint ou des compartiments de rangement peuvent s\u00e9duire ceux qui aiment organiser des r\u00e9unions ou cuisiner pour un grand nombre de personnes.<\/li>\n<\/ul>\n<p><strong>Esth\u00e9tique :<\/strong> La conception et l'apparence d'un gril en acier corten, y compris les finitions \u00e9l\u00e9gantes, les styles modernes ou classiques et les options de couleur, peuvent jouer un r\u00f4le important pour attirer les acheteurs qui accordent de l'importance \u00e0 l'attrait visuel de leur \u00e9quipement de cuisson en plein air.<\/p>\n<h2>Utilisation du gril en acier Corten :<\/h2>\n<ul>\n<li>Utilisation saisonni\u00e8re : Les grils en acier Corten sont id\u00e9aux pour une utilisation en ext\u00e9rieur en raison de la surface rouill\u00e9e unique qui se forme sous l'effet des conditions m\u00e9t\u00e9orologiques. Lorsque le gril n'est pas utilis\u00e9, il est recommand\u00e9 de le ranger dans un endroit sec et ventil\u00e9.<\/li>\n<li>Pr\u00e9paration du gril : Avant toute utilisation, nettoyez et pr\u00e9chauffez le gril afin d'\u00e9liminer tout r\u00e9sidu ou salet\u00e9 et assurez-vous que la surface du gril est s\u00e8che.<\/li>\n<li>Aliments cuits au barbecue : Pendant la cuisson, r\u00e9glez la chaleur et la zone de chauffe en fonction des ingr\u00e9dients et des besoins de cuisson. \u00c9vitez de rayer le gril avec des outils m\u00e9talliques pour ne pas endommager la surface.<\/li>\n<li>Nettoyage et entretien : Apr\u00e8s avoir grill\u00e9, nettoyez le gril \u00e0 l'aide d'outils de nettoyage appropri\u00e9s pour vous assurer que la surface est propre et conserve son aspect. Un entretien r\u00e9gulier peut prolonger la dur\u00e9e de vie de votre gril.<\/li>\n<\/ul>\n<p>&nbsp;<\/p>","protected":false},"excerpt":{"rendered":"<p>Un gril en acier Corten est une option durable et visuellement attrayante pour la cuisine en plein air, car le processus d'alt\u00e9ration ajoute \u00e0 son attrait esth\u00e9tique. Toutefois, il est important de noter que l'acier Corten peut rouiller et tacher les surfaces environnantes, il est donc recommand\u00e9 de le placer dans des endroits o\u00f9 cela n'est pas un probl\u00e8me.<\/p>","protected":false},"featured_media":492,"comment_status":"open","ping_status":"closed","template":"","meta":{"_eb_attr":"","_monsterinsights_skip_tracking":false,"_monsterinsights_sitenote_active":false,"_monsterinsights_sitenote_note":"","_monsterinsights_sitenote_category":0,"_uf_show_specific_survey":0,"_uf_disable_surveys":false},"product_brand":[],"product_cat":[63],"product_tag":[],"class_list":{"0":"post-491","1":"product","2":"type-product","3":"status-publish","4":"has-post-thumbnail","6":"product_cat-steel-bbq-grill","8":"first","9":"instock","10":"featured","11":"shipping-taxable","12":"product-type-simple"},"_links":{"self":[{"href":"https:\/\/keweicorten.com\/fr\/wp-json\/wp\/v2\/product\/491"}],"collection":[{"href":"https:\/\/keweicorten.com\/fr\/wp-json\/wp\/v2\/product"}],"about":[{"href":"https:\/\/keweicorten.com\/fr\/wp-json\/wp\/v2\/types\/product"}],"replies":[{"embeddable":true,"href":"https:\/\/keweicorten.com\/fr\/wp-json\/wp\/v2\/comments?post=491"}],"version-history":[{"count":1,"href":"https:\/\/keweicorten.com\/fr\/wp-json\/wp\/v2\/product\/491\/revisions"}],"predecessor-version":[{"id":3238,"href":"https:\/\/keweicorten.com\/fr\/wp-json\/wp\/v2\/product\/491\/revisions\/3238"}],"wp:featuredmedia":[{"embeddable":true,"href":"https:\/\/keweicorten.com\/fr\/wp-json\/wp\/v2\/media\/492"}],"wp:attachment":[{"href":"https:\/\/keweicorten.com\/fr\/wp-json\/wp\/v2\/media?parent=491"}],"wp:term":[{"taxonomy":"product_brand","embeddable":true,"href":"https:\/\/keweicorten.com\/fr\/wp-json\/wp\/v2\/product_brand?post=491"},{"taxonomy":"product_cat","embeddable":true,"href":"https:\/\/keweicorten.com\/fr\/wp-json\/wp\/v2\/product_cat?post=491"},{"taxonomy":"product_tag","embeddable":true,"href":"https:\/\/keweicorten.com\/fr\/wp-json\/wp\/v2\/product_tag?post=491"}],"curies":[{"name":"wp","href":"https:\/\/api.w.org\/{rel}","templated":true}]}}