{"id":847,"date":"2024-07-19T02:28:12","date_gmt":"2024-07-19T02:28:12","guid":{"rendered":"https:\/\/keweicorten.com\/?post_type=product&#038;p=847"},"modified":"2025-01-15T06:28:40","modified_gmt":"2025-01-15T06:28:40","slug":"bordures-de-pelouse-en-acier-galvanise","status":"publish","type":"product","link":"https:\/\/keweicorten.com\/fr\/bordures-de-pelouse-en-acier-galvanise\/","title":{"rendered":"bordures de pelouse en acier galvanis\u00e9"},"content":{"rendered":"<h2>Les \u00e9tapes de l'installation des bordures de jardin en acier galvanis\u00e9 sont les suivantes :<\/h2>\n<p>1. Pr\u00e9parez la zone d'installation en enlevant les mauvaises herbes, la salet\u00e9 et les d\u00e9bris.<br \/>\n2. Marquer la position du bord en fonction des besoins de la conception horticole.<br \/>\n3. Installez la bordure de jardin en la pla\u00e7ant le long de la ligne marqu\u00e9e ou de la position de la bordure et en la tapotant \u00e0 l'aide d'une pelle.<br \/>\n4. Bord fixe : Utilisez les pi\u00e8ces fixes attach\u00e9es au bord ou les clous de sol pour fixer fermement le bord au sol afin d'assurer qu'il ne se d\u00e9tache pas.<\/p>\n<h2>Entretenir les bords en acier galvanis\u00e9 comme suit :<\/h2>\n<p>1. Nettoyer r\u00e9guli\u00e8rement : Utilisez un chiffon doux ou une brosse pour nettoyer la surface du bord de jardin afin d'\u00e9viter l'accumulation de poussi\u00e8re et de salet\u00e9.<br \/>\n2. \u00c9viter les chocs : \u00c9vitez d'utiliser des objets durs pour heurter le bord du jardin, afin de ne pas le rayer ou le d\u00e9former, ce qui en affecterait l'apparence.<br \/>\n3. V\u00e9rifiez qu'il n'y a pas de rouille : V\u00e9rifiez r\u00e9guli\u00e8rement que la surface de la bordure de jardin n'est pas rouill\u00e9e. Si n\u00e9cessaire, vous pouvez utiliser une peinture d'entretien \u00e0 pulv\u00e9riser.<br \/>\n4. Traiter les fuites d'eau : si vous constatez des fuites d'eau en bordure du jardin, r\u00e9parez-les ou remplacez-les \u00e0 temps afin de pr\u00e9server le r\u00f4le et la beaut\u00e9 de la bordure.<\/p>\n<h2>Le bord en acier galvanis\u00e9 pr\u00e9sente les avantages et les m\u00e9thodes d'utilisation suivants :<\/h2>\n<p>Avantages :<br \/>\n1. Grande durabilit\u00e9 : L'acier galvanis\u00e9 est r\u00e9sistant \u00e0 la rouille et \u00e0 la corrosion, a une longue dur\u00e9e de vie et peut supporter des conditions ext\u00e9rieures difficiles.<br \/>\n2. Haute r\u00e9sistance : L'acier est suffisamment solide pour prot\u00e9ger efficacement les bords du jardin tout en r\u00e9sistant \u00e0 la pression et aux collisions.<br \/>\n3. attrayant et pratique : Les bordures de jardin en acier galvanis\u00e9 ont une apparence attrayante et une vari\u00e9t\u00e9 de motifs, ce qui peut am\u00e9liorer efficacement la beaut\u00e9 g\u00e9n\u00e9rale du jardin tout en s\u00e9parant l'espace et en fixant le sol.<\/p>\n<h2>Comment l'utiliser ?<\/h2>\n<p>1. M\u00e9thode d'installation : Suivez les \u00e9tapes d'installation mentionn\u00e9es ci-dessus pour vous assurer que la bordure de jardinage est fermement install\u00e9e et qu'elle r\u00e9pond aux exigences de conception.<br \/>\n2. Sc\u00e9nario d'application : Convient \u00e0 toutes sortes de jardins, cours, paysages et autres endroits, peut \u00eatre utilis\u00e9 pour fixer le bord du jardin, la bordure de la pelouse, les parterres de fleurs et les plates-bandes et autres endroits.<br \/>\n3. M\u00e9thode d'entretien : Le nettoyage, l'inspection et le traitement r\u00e9guliers selon la m\u00e9thode d'entretien mentionn\u00e9e ci-dessus garantissent que le bord de jardinage reste en bon \u00e9tat pendant longtemps.<\/p>\n<div style=\"width: 800px;\" class=\"wp-video\"><!--[if lt IE 9]><script>document.createElement('video');<\/script><![endif]-->\n<video class=\"wp-video-shortcode\" id=\"video-847-1\" width=\"800\" height=\"450\" poster=\"https:\/\/keweicorten.com\/wp-content\/uploads\/2024\/07\/IMG20211202155822-scaled.jpg\" preload=\"metadata\" controls=\"controls\"><source type=\"video\/mp4\" src=\"https:\/\/keweicorten.com\/wp-content\/uploads\/2024\/07\/DJI_20211202_160445_497_video.mp4?_=1\" \/><a href=\"https:\/\/keweicorten.com\/wp-content\/uploads\/2024\/07\/DJI_20211202_160445_497_video.mp4\">https:\/\/keweicorten.com\/wp-content\/uploads\/2024\/07\/DJI_20211202_160445_497_video.mp4<\/a><\/video><\/div>","protected":false},"excerpt":{"rendered":"<p>Choisissez le bord du jardin en Corten pour cr\u00e9er un espace ext\u00e9rieur personnalis\u00e9 avec un go\u00fbt et un style uniques.<br \/>\nLes bordures de jardin en acier r\u00e9sistant aux intemp\u00e9ries ajoutent une valeur moderne et esth\u00e9tique \u00e0 votre terrasse ou \u00e0 votre jardin.<\/p>","protected":false},"featured_media":849,"comment_status":"open","ping_status":"closed","template":"","meta":{"_eb_attr":"","_monsterinsights_skip_tracking":false,"_monsterinsights_sitenote_active":false,"_monsterinsights_sitenote_note":"","_monsterinsights_sitenote_category":0,"_uf_show_specific_survey":0,"_uf_disable_surveys":false},"product_brand":[],"product_cat":[58],"product_tag":[],"class_list":{"0":"post-847","1":"product","2":"type-product","3":"status-publish","4":"has-post-thumbnail","6":"product_cat-garden-edging","8":"first","9":"instock","10":"shipping-taxable","11":"product-type-simple"},"_links":{"self":[{"href":"https:\/\/keweicorten.com\/fr\/wp-json\/wp\/v2\/product\/847"}],"collection":[{"href":"https:\/\/keweicorten.com\/fr\/wp-json\/wp\/v2\/product"}],"about":[{"href":"https:\/\/keweicorten.com\/fr\/wp-json\/wp\/v2\/types\/product"}],"replies":[{"embeddable":true,"href":"https:\/\/keweicorten.com\/fr\/wp-json\/wp\/v2\/comments?post=847"}],"version-history":[{"count":1,"href":"https:\/\/keweicorten.com\/fr\/wp-json\/wp\/v2\/product\/847\/revisions"}],"predecessor-version":[{"id":3235,"href":"https:\/\/keweicorten.com\/fr\/wp-json\/wp\/v2\/product\/847\/revisions\/3235"}],"wp:featuredmedia":[{"embeddable":true,"href":"https:\/\/keweicorten.com\/fr\/wp-json\/wp\/v2\/media\/849"}],"wp:attachment":[{"href":"https:\/\/keweicorten.com\/fr\/wp-json\/wp\/v2\/media?parent=847"}],"wp:term":[{"taxonomy":"product_brand","embeddable":true,"href":"https:\/\/keweicorten.com\/fr\/wp-json\/wp\/v2\/product_brand?post=847"},{"taxonomy":"product_cat","embeddable":true,"href":"https:\/\/keweicorten.com\/fr\/wp-json\/wp\/v2\/product_cat?post=847"},{"taxonomy":"product_tag","embeddable":true,"href":"https:\/\/keweicorten.com\/fr\/wp-json\/wp\/v2\/product_tag?post=847"}],"curies":[{"name":"wp","href":"https:\/\/api.w.org\/{rel}","templated":true}]}}