{"id":958,"date":"2024-09-09T09:07:24","date_gmt":"2024-09-09T09:07:24","guid":{"rendered":"https:\/\/keweicorten.com\/?post_type=product&#038;p=958"},"modified":"2024-09-09T09:07:24","modified_gmt":"2024-09-09T09:07:24","slug":"prix-de-la-tole-corten","status":"publish","type":"product","link":"https:\/\/keweicorten.com\/fr\/prix-de-la-tole-corten\/","title":{"rendered":"prix de la t\u00f4le corten"},"content":{"rendered":"<h2>Utilisation de la t\u00f4le corten<\/h2>\n<p>La t\u00f4le Corten est principalement utilis\u00e9e dans les chemins de fer, les v\u00e9hicules, les ponts, les tours, les installations photovolta\u00efques, les installations \u00e0 grande vitesse et d'autres structures d'acier expos\u00e9es \u00e0 long terme \u00e0 l'atmosph\u00e8re. Elle peut \u00e9galement \u00eatre utilis\u00e9e dans la fabrication de conteneurs, de v\u00e9hicules ferroviaires, de derricks p\u00e9troliers, de b\u00e2timents portuaires, de plates-formes p\u00e9troli\u00e8res et de conteneurs de produits corrosifs contenant du soufre dans les \u00e9quipements chimiques et p\u00e9troliers. En outre, en raison de son aspect unique, la t\u00f4le corten est souvent utilis\u00e9e dans l'art public, la sculpture en plein air et la d\u00e9coration des murs ext\u00e9rieurs des b\u00e2timents.<\/p>\n<p>Mat\u00e9riau : Q235\/ Q255\/ Q275\/ SS400\/ A36\/ SA283Gr\/ S235JR\/ S235J2<br \/>\n\u00c9paisseur : 0,2-500 mm<br \/>\nLargeur : 1000-4000mm<br \/>\nLongueur : 2000\/ 2438\/ 3000\/ 3500\/ 6000\/ 12000mm<br \/>\nNorme : ASTM\/ AISI\/ JIS\/ GB\/ DIN\/ EN<\/p>\n<figure style=\"width: 806px\" class=\"wp-caption alignnone\"><a href=\"https:\/\/img01.71360.com\/w3\/k108mj\/20240626\/4080acf91332f29de99814cfd6593fc4.jpg?ct=webp\" rel=\"nofollow noopener\" target=\"_blank\"><img fetchpriority=\"high\" decoding=\"async\" title=\"corten\" src=\"https:\/\/img01.71360.com\/w3\/k108mj\/20240626\/4080acf91332f29de99814cfd6593fc4.jpg?ct=webp\" alt=\"t\u00f4le d&#039;acier corten\" width=\"806\" height=\"464\" \/><\/a><figcaption class=\"wp-caption-text\">t\u00f4le d'acier corten<\/figcaption><\/figure>\n<h2>avantage<\/h2>\n<p>1. protection de l'environnement<\/p>\n<p>2. Haute performance visuelle<\/p>\n<p>3. Forte capacit\u00e9 de modelage du corps<\/p>\n<p>4. Bonne d\u00e9finition spatiale<\/p>\n<table cellspacing=\"0\" cellpadding=\"0\">\n<tbody>\n<tr class=\"firstRow\" data-rows=\"1\" data-type=\"even\">\n<td colspan=\"1\" rowspan=\"1\" data-col=\"1\">Nom du produit<\/td>\n<td colspan=\"3\" rowspan=\"1\">T\u00f4le d'acier au carbone lamin\u00e9e \u00e0 froid\/\u00e0 chaud<\/td>\n<\/tr>\n<tr data-type=\"odd\">\n<td colspan=\"1\" rowspan=\"1\" data-col=\"1\">Standard<\/td>\n<td colspan=\"3\" rowspan=\"1\">AISI, ASTM, DIN, JIS, GB, JIS, SUS, EN, etc.<\/td>\n<\/tr>\n<tr data-type=\"even\">\n<td colspan=\"1\" rowspan=\"1\" data-col=\"1\">Mat\u00e9riau<\/td>\n<td colspan=\"3\" rowspan=\"1\">Q195, Q215,Q235,Q345,ST37, A36,45# ,16Mn, SPHC,SGCC,CGCC<\/td>\n<\/tr>\n<tr data-type=\"odd\">\n<td colspan=\"1\" rowspan=\"1\" data-col=\"1\">\u00c9paisseur (mm)<\/td>\n<td colspan=\"3\" rowspan=\"1\">Lamin\u00e9s \u00e0 chaud \u00c9paisseur : 2,75 mm-100 mm<\/p>\n<p>Lamin\u00e9s \u00e0 froid \u00c9paisseur : 0,2 mm-3 mm<\/td>\n<\/tr>\n<tr data-type=\"even\">\n<td colspan=\"1\" rowspan=\"1\" data-col=\"1\">Largeur (mm)<\/td>\n<td colspan=\"3\" rowspan=\"1\">45mm-2200mm, selon votre demande<\/td>\n<\/tr>\n<tr data-type=\"odd\">\n<td colspan=\"1\" rowspan=\"1\" data-col=\"1\">Longueur<\/td>\n<td colspan=\"3\" rowspan=\"1\">1-12m, selon votre demande<\/td>\n<\/tr>\n<tr data-type=\"even\">\n<td colspan=\"1\" rowspan=\"1\" data-col=\"1\">Technique<\/td>\n<td colspan=\"3\" rowspan=\"1\">Lamin\u00e9s \u00e0 chaud \/ lamin\u00e9s \u00e0 froid<\/td>\n<\/tr>\n<tr data-type=\"odd\">\n<td colspan=\"1\" rowspan=\"1\" data-col=\"1\">Surface<\/td>\n<td colspan=\"3\" rowspan=\"1\">Nu, noir, huil\u00e9, grenaill\u00e9, peint par pulv\u00e9risation, rev\u00eatu, galvanis\u00e9, ou selon votre demande.<\/td>\n<\/tr>\n<tr data-type=\"even\">\n<td colspan=\"1\" rowspan=\"1\" data-col=\"1\">ID de la bobine<\/td>\n<td colspan=\"3\" rowspan=\"1\">508-610mm ou selon votre demande<\/td>\n<\/tr>\n<tr data-type=\"odd\">\n<td colspan=\"1\" rowspan=\"1\" data-col=\"1\">Poids de la bobine<\/td>\n<td colspan=\"3\" rowspan=\"1\">3~5 tonnes selon votre demande<\/td>\n<\/tr>\n<\/tbody>\n<\/table>","protected":false},"excerpt":{"rendered":"<p>La t\u00f4le d'acier Corten est un choix populaire pour de nombreux projets en raison de son apparence unique et de sa durabilit\u00e9. Que vous souhaitiez ajouter une touche rustique \u00e0 votre maison ou cr\u00e9er un look industriel moderne, la t\u00f4le corten peut \u00eatre une excellente option.<\/p>","protected":false},"featured_media":857,"comment_status":"open","ping_status":"closed","template":"","meta":{"_eb_attr":"","_monsterinsights_skip_tracking":false,"_monsterinsights_sitenote_active":false,"_monsterinsights_sitenote_note":"","_monsterinsights_sitenote_category":0,"_uf_show_specific_survey":0,"_uf_disable_surveys":false},"product_brand":[],"product_cat":[21],"product_tag":[],"class_list":{"0":"post-958","1":"product","2":"type-product","3":"status-publish","4":"has-post-thumbnail","6":"product_cat-weather-resistant-steel-plate","8":"first","9":"instock","10":"shipping-taxable","11":"product-type-simple"},"_links":{"self":[{"href":"https:\/\/keweicorten.com\/fr\/wp-json\/wp\/v2\/product\/958"}],"collection":[{"href":"https:\/\/keweicorten.com\/fr\/wp-json\/wp\/v2\/product"}],"about":[{"href":"https:\/\/keweicorten.com\/fr\/wp-json\/wp\/v2\/types\/product"}],"replies":[{"embeddable":true,"href":"https:\/\/keweicorten.com\/fr\/wp-json\/wp\/v2\/comments?post=958"}],"version-history":[{"count":1,"href":"https:\/\/keweicorten.com\/fr\/wp-json\/wp\/v2\/product\/958\/revisions"}],"predecessor-version":[{"id":959,"href":"https:\/\/keweicorten.com\/fr\/wp-json\/wp\/v2\/product\/958\/revisions\/959"}],"wp:featuredmedia":[{"embeddable":true,"href":"https:\/\/keweicorten.com\/fr\/wp-json\/wp\/v2\/media\/857"}],"wp:attachment":[{"href":"https:\/\/keweicorten.com\/fr\/wp-json\/wp\/v2\/media?parent=958"}],"wp:term":[{"taxonomy":"product_brand","embeddable":true,"href":"https:\/\/keweicorten.com\/fr\/wp-json\/wp\/v2\/product_brand?post=958"},{"taxonomy":"product_cat","embeddable":true,"href":"https:\/\/keweicorten.com\/fr\/wp-json\/wp\/v2\/product_cat?post=958"},{"taxonomy":"product_tag","embeddable":true,"href":"https:\/\/keweicorten.com\/fr\/wp-json\/wp\/v2\/product_tag?post=958"}],"curies":[{"name":"wp","href":"https:\/\/api.w.org\/{rel}","templated":true}]}}