{"id":1090,"date":"2024-09-11T03:01:04","date_gmt":"2024-09-11T03:01:04","guid":{"rendered":"https:\/\/keweicorten.com\/?post_type=product&#038;p=1090"},"modified":"2025-01-15T06:18:33","modified_gmt":"2025-01-15T06:18:33","slug":"grands-pots-de-fleurs-dexterieur","status":"publish","type":"product","link":"https:\/\/keweicorten.com\/fr_ca\/grands-pots-de-fleurs-dexterieur\/","title":{"rendered":"grands pots de fleurs d'ext\u00e9rieur"},"content":{"rendered":"<h2>Avantages et applications du pot de fleurs ext\u00e9rieur en acier r\u00e9sistant aux intemp\u00e9ries\uff1a<\/h2>\n<hr \/>\n<p>L'acier r\u00e9sistant aux intemp\u00e9ries pr\u00e9sente une excellente r\u00e9sistance \u00e0 la corrosion et aux intemp\u00e9ries, et peut maintenir des performances stables dans diverses conditions climatiques. En outre, son aspect rouill\u00e9 unique am\u00e9liore non seulement l'esth\u00e9tique, mais s'int\u00e8gre aussi harmonieusement \u00e0 l'environnement naturel.<\/p>\n<p>&nbsp;<\/p>\n<figure id=\"attachment_1091\" aria-describedby=\"caption-attachment-1091\" style=\"width: 794px\" class=\"wp-caption alignleft\"><img fetchpriority=\"high\" decoding=\"async\" class=\"wp-image-1091\" src=\"https:\/\/keweicorten.com\/wp-content\/uploads\/2024\/09\/\u5fae\u4fe1\u56fe\u7247_20230707144213-300x300.jpg\" alt=\"\" width=\"794\" height=\"794\" srcset=\"https:\/\/keweicorten.com\/wp-content\/uploads\/2024\/09\/\u5fae\u4fe1\u56fe\u7247_20230707144213-300x300.jpg 300w, https:\/\/keweicorten.com\/wp-content\/uploads\/2024\/09\/\u5fae\u4fe1\u56fe\u7247_20230707144213-150x150.jpg 150w, https:\/\/keweicorten.com\/wp-content\/uploads\/2024\/09\/\u5fae\u4fe1\u56fe\u7247_20230707144213-12x12.jpg 12w, https:\/\/keweicorten.com\/wp-content\/uploads\/2024\/09\/\u5fae\u4fe1\u56fe\u7247_20230707144213-600x600.jpg 600w, https:\/\/keweicorten.com\/wp-content\/uploads\/2024\/09\/\u5fae\u4fe1\u56fe\u7247_20230707144213-100x100.jpg 100w, https:\/\/keweicorten.com\/wp-content\/uploads\/2024\/09\/\u5fae\u4fe1\u56fe\u7247_20230707144213.jpg 750w\" sizes=\"(max-width: 794px) 100vw, 794px\" \/><figcaption id=\"caption-attachment-1091\" class=\"wp-caption-text\">corten flower por<\/figcaption><\/figure>\n<h3><\/h3>\n<h3><\/h3>\n<h3><\/h3>\n<h3><\/h3>\n<h3><\/h3>\n<h3><\/h3>\n<h3><\/h3>\n<h3><\/h3>\n<h3><\/h3>\n<h3><\/h3>\n<h3><\/h3>\n<h3><\/h3>\n<h3><\/h3>\n<h3><\/h3>\n<h3><\/h3>\n<h3><\/h3>\n<h3><\/h3>\n<h3><\/h3>\n<h3><\/h3>\n<h3>les avantages des grands pots de fleurs d'ext\u00e9rieur\uff1a<\/h3>\n<ul>\n<li>Durabilit\u00e9 : Le pot de fleurs en acier r\u00e9sistant aux intemp\u00e9ries peut supporter des conditions climatiques extr\u00eames et a une longue dur\u00e9e de vie.<br \/>\nFaible co\u00fbt d'entretien : Gr\u00e2ce \u00e0 sa r\u00e9sistance \u00e0 la corrosion, la fr\u00e9quence d'entretien et de remplacement est r\u00e9duite.<br \/>\nEsth\u00e9tique : La conception unique de l'apparence en fait un \u00e9l\u00e9ment phare de la d\u00e9coration horticole.<br \/>\nProtection de l'environnement : L'acier r\u00e9sistant aux intemp\u00e9ries peut \u00eatre recycl\u00e9, conform\u00e9ment au concept de d\u00e9veloppement durable.<\/li>\n<\/ul>\n<h3>le sc\u00e9nario d'application des grands pots de fleurs d'ext\u00e9rieur\uff1a<\/h3>\n<ul>\n<li>Le pot de fleurs en acier convient \u00e0 de nombreuses occasions, notamment aux parcs urbains, aux places commerciales, aux jardins priv\u00e9s, etc. Ses diverses options de conception et de taille lui permettent de r\u00e9pondre aux exigences de diff\u00e9rents environnements et besoins.<\/li>\n<li>Les pots de fleurs d'ext\u00e9rieur en acier r\u00e9sistant aux intemp\u00e9ries sont devenus un choix important dans la conception horticole moderne en raison de leurs excellentes performances et de leur belle apparence. Avec l'attention port\u00e9e \u00e0 l'embellissement de l'environnement et au d\u00e9veloppement durable, les perspectives d'application des pots de fleurs en acier r\u00e9sistant aux intemp\u00e9ries seront plus larges.<\/li>\n<\/ul>\n<table border=\"1\">\n<tbody>\n<tr>\n<td><span data-spm-anchor-id=\"a2700.details.0.i39.14133542hOt861\">Nom du produit<\/span><\/td>\n<td data-spm-anchor-id=\"a2700.details.0.i43.14133542hOt861\">Jardini\u00e8re d'ext\u00e9rieur en acier Corten Jardini\u00e8re d'ext\u00e9rieur en acier Corten Cube<\/td>\n<\/tr>\n<tr>\n<td data-spm-anchor-id=\"a2700.details.0.i40.14133542hOt861\">Mat\u00e9riau<\/td>\n<td data-spm-anchor-id=\"a2700.details.0.i42.14133542hOt861\">Acier cor-ten Acier au carbone . inoxydable<\/td>\n<\/tr>\n<tr>\n<td>Finition<\/td>\n<td>Rouill\u00e9 ou peint par poudrage<\/td>\n<\/tr>\n<tr>\n<td>Taille normale<\/td>\n<td>100x45x45cm . 120x50x60cm . 150x50x60cm . 200x50x60cm<\/td>\n<\/tr>\n<tr>\n<td>Conception<\/td>\n<td>Accepter le sur-mesure<\/td>\n<\/tr>\n<tr>\n<td>application<\/td>\n<td>D\u00e9coration int\u00e9rieure et ext\u00e9rieure<\/td>\n<\/tr>\n<\/tbody>\n<\/table>\n<p><a href=\"https:\/\/keweicorten.com\/fr_ca\/nous-contacter\/\"><img decoding=\"async\" class=\"alignnone\" title=\" Bo\u00eete \u00e0 plantes\" src=\"https:\/\/sc04.alicdn.com\/kf\/H0b0c474c4364463c955113ae286e19faM\/223026859\/H0b0c474c4364463c955113ae286e19faM.png\" alt=\"Jardini\u00e8re d&#039;ext\u00e9rieur en acier Corten Jardini\u00e8re d&#039;ext\u00e9rieur en acier Corten Cube\" width=\"881\" height=\"292\" \/><\/a><\/p>\n<p>1) Question : La rouille va-t-elle tacher la surface sur laquelle elle repose ?<\/p>\n<p>R\u00e9ponse : Nous pulv\u00e9riserons un liquide chimique pour emp\u00eacher la rouille de s'incruster.<\/p>\n<p>&nbsp;<\/p>\n<p>2. Question : combien p\u00e8sent-ils ?<br \/>\nR\u00e9ponse : Veuillez v\u00e9rifier aupr\u00e8s du fabricant car il existe plusieurs tailles.<\/p>\n<p>&nbsp;<\/p>\n<p>3. Question : Combien p\u00e8se le L88*L30*H75 CM ?<\/p>\n<p>R\u00e9ponse : 36KG<\/p>\n<p>&nbsp;<\/p>\n<p>4. Question : Peut-on l'appr\u00eater et le peindre avant qu'il ne commence \u00e0 rouiller ?<br \/>\nR\u00e9ponse : Non, la beaut\u00e9 de la jardini\u00e8re r\u00e9side dans le fait qu'elle commence \u00e0 rouiller. Il n'est pas destin\u00e9 \u00e0 \u00eatre peint.<\/p>\n<p>&nbsp;<\/p>\n<p>5. Question : Le pantalon paniqu\u00e9 est-il disponible ?<\/p>\n<p>R\u00e9ponse : Bien s\u00fbr, nous n'avons pas seulement des jardini\u00e8res \u00e0 surface rouill\u00e9e, mais aussi des jardini\u00e8res \u00e0 rev\u00eatement en poudre.<\/p>","protected":false},"excerpt":{"rendered":"<p>Le pot de fleurs en acier r\u00e9sistant aux intemp\u00e9ries est un mat\u00e9riau tr\u00e8s courant dans les cultures florales modernes. Il est fabriqu\u00e9 en acier de haute qualit\u00e9 et pr\u00e9sente une durabilit\u00e9, une r\u00e9sistance \u00e0 la corrosion et une r\u00e9sistance aux intemp\u00e9ries extr\u00eamement \u00e9lev\u00e9es. Dans la culture des fleurs, les avantages des pots de fleurs en acier r\u00e9sistant aux intemp\u00e9ries sont \u00e9vidents<\/p>","protected":false},"featured_media":1092,"comment_status":"open","ping_status":"closed","template":"","meta":{"_eb_attr":"","_monsterinsights_skip_tracking":false,"_monsterinsights_sitenote_active":false,"_monsterinsights_sitenote_note":"","_monsterinsights_sitenote_category":0,"_uf_show_specific_survey":0,"_uf_disable_surveys":false},"product_brand":[],"product_cat":[59],"product_tag":[],"class_list":{"0":"post-1090","1":"product","2":"type-product","3":"status-publish","4":"has-post-thumbnail","6":"product_cat-flower-pot","8":"first","9":"instock","10":"shipping-taxable","11":"product-type-simple"},"_links":{"self":[{"href":"https:\/\/keweicorten.com\/fr_ca\/wp-json\/wp\/v2\/product\/1090"}],"collection":[{"href":"https:\/\/keweicorten.com\/fr_ca\/wp-json\/wp\/v2\/product"}],"about":[{"href":"https:\/\/keweicorten.com\/fr_ca\/wp-json\/wp\/v2\/types\/product"}],"replies":[{"embeddable":true,"href":"https:\/\/keweicorten.com\/fr_ca\/wp-json\/wp\/v2\/comments?post=1090"}],"version-history":[{"count":7,"href":"https:\/\/keweicorten.com\/fr_ca\/wp-json\/wp\/v2\/product\/1090\/revisions"}],"predecessor-version":[{"id":1099,"href":"https:\/\/keweicorten.com\/fr_ca\/wp-json\/wp\/v2\/product\/1090\/revisions\/1099"}],"wp:featuredmedia":[{"embeddable":true,"href":"https:\/\/keweicorten.com\/fr_ca\/wp-json\/wp\/v2\/media\/1092"}],"wp:attachment":[{"href":"https:\/\/keweicorten.com\/fr_ca\/wp-json\/wp\/v2\/media?parent=1090"}],"wp:term":[{"taxonomy":"product_brand","embeddable":true,"href":"https:\/\/keweicorten.com\/fr_ca\/wp-json\/wp\/v2\/product_brand?post=1090"},{"taxonomy":"product_cat","embeddable":true,"href":"https:\/\/keweicorten.com\/fr_ca\/wp-json\/wp\/v2\/product_cat?post=1090"},{"taxonomy":"product_tag","embeddable":true,"href":"https:\/\/keweicorten.com\/fr_ca\/wp-json\/wp\/v2\/product_tag?post=1090"}],"curies":[{"name":"wp","href":"https:\/\/api.w.org\/{rel}","templated":true}]}}