{"id":1105,"date":"2024-09-11T06:42:20","date_gmt":"2024-09-11T06:42:20","guid":{"rendered":"https:\/\/keweicorten.com\/?post_type=product&#038;p=1105"},"modified":"2025-01-15T06:18:22","modified_gmt":"2025-01-15T06:18:22","slug":"decor-de-jardin","status":"publish","type":"product","link":"https:\/\/keweicorten.com\/fr_ca\/decor-de-jardin\/","title":{"rendered":"ornements de jardin et statues"},"content":{"rendered":"<h2>Comment choisir la bonne sculpture en acier r\u00e9sistant aux intemp\u00e9ries pour votre jardin\uff1f<\/h2>\n<p>Tenir compte du style du jardin<\/p>\n<p>Tout d'abord, il faut tenir compte du style du jardin. Diff\u00e9rents styles de jardins n\u00e9cessitent diff\u00e9rentes sculptures pour les d\u00e9corer. Par exemple, les jardins europ\u00e9ens conviennent aux sculptures grandes et complexes, tandis que les jardins japonais conviennent mieux aux sculptures simples et unies. Par cons\u00e9quent, lors du choix d'une sculpture en acier r\u00e9sistant aux intemp\u00e9ries, il est n\u00e9cessaire de choisir en fonction du style du jardin.<\/p>\n<p>Tenez compte de la forme et de la taille des ornements de jardin et des statues.<\/p>\n<p>Il est \u00e9galement tr\u00e8s important de choisir la forme et la taille de la sculpture. En fonction de la taille et de la configuration du jardin, diff\u00e9rentes formes et tailles de sculptures sont s\u00e9lectionn\u00e9es. Par exemple, les petits jardins se pr\u00eatent au choix de petites sculptures, tandis que les grands jardins peuvent choisir des sculptures plus grandes.<\/p>\n<p>Tenir compte du mat\u00e9riau des ornements de jardin et des statues<\/p>\n<p>La sculpture en acier r\u00e9sistant aux intemp\u00e9ries est un mat\u00e9riau tr\u00e8s durable qui peut \u00eatre utilis\u00e9 aussi bien \u00e0 l'int\u00e9rieur qu'\u00e0 l'ext\u00e9rieur. Toutefois, lors du choix d'une sculpture, il est \u00e9galement n\u00e9cessaire de tenir compte de l'usage sp\u00e9cifique qui en est fait. Si la sculpture est utilis\u00e9e \u00e0 l'ext\u00e9rieur, il est n\u00e9cessaire de choisir des mat\u00e9riaux ayant une capacit\u00e9 de dilatation et de contraction thermique, une r\u00e9sistance au vent, une bonne r\u00e9sistance aux intemp\u00e9ries et une bonne r\u00e9sistance \u00e0 la corrosion. L'acier r\u00e9sistant aux intemp\u00e9ries est le mat\u00e9riau id\u00e9al pr\u00e9sentant ces caract\u00e9ristiques.<\/p>\n<p>Tenir compte de la couleur de la sculpture<\/p>\n<p>Les sculptures en acier r\u00e9sistant aux intemp\u00e9ries sont g\u00e9n\u00e9ralement grises, mais elles peuvent \u00eatre trait\u00e9es selon les besoins, par exemple en les peignant, pour leur donner des couleurs et des effets diff\u00e9rents. Lors du choix d'une sculpture, il convient de se demander si sa couleur peut s'harmoniser avec le style g\u00e9n\u00e9ral du jardin.<\/p>\n<p>Pensez au th\u00e8me de votre sculpture<\/p>\n<p>Vous devez \u00e9galement choisir le th\u00e8me de la sculpture en fonction de vos pr\u00e9f\u00e9rences et de vos besoins. Par exemple, ceux qui aiment la nature peuvent choisir des sculptures de plantes ou d'animaux, tandis que ceux qui aiment les styles modernes peuvent choisir des sculptures abstraites, etc.<\/p>\n<div style=\"width: 800px;\" class=\"wp-video\"><!--[if lt IE 9]><script>document.createElement('video');<\/script><![endif]-->\n<video class=\"wp-video-shortcode\" id=\"video-1105-1\" width=\"800\" height=\"450\" poster=\"https:\/\/keweicorten.com\/wp-content\/uploads\/2024\/09\/\u5fae\u4fe1\u56fe\u7247_20231019115916.jpg\" autoplay=\"1\" preload=\"metadata\" controls=\"controls\"><source type=\"video\/mp4\" src=\"https:\/\/keweicorten.com\/wp-content\/uploads\/2024\/09\/\u89c6\u989121min.mp4?_=1\" \/><a href=\"https:\/\/keweicorten.com\/wp-content\/uploads\/2024\/09\/\u89c6\u989121min.mp4\">https:\/\/keweicorten.com\/wp-content\/uploads\/2024\/09\/\u89c6\u989121min.mp4<\/a><\/video><\/div>\n<h2>Les sculptures de jardin en acier r\u00e9sistant aux intemp\u00e9ries pr\u00e9sentent les caract\u00e9ristiques suivantes :<\/h2>\n<p>Forte durabilit\u00e9 : l'acier r\u00e9sistant aux intemp\u00e9ries avec un traitement sp\u00e9cial peut r\u00e9sister \u00e0 l'\u00e9rosion de divers climats difficiles pendant une longue p\u00e9riode, maintenir un effet r\u00e9fl\u00e9chissant plus long, de sorte que la sculpture de jardin n'est pas facile \u00e0 endommager dans l'environnement ext\u00e9rieur, et a une longue dur\u00e9e de vie.<\/p>\n<p>Forte capacit\u00e9 anticorrosion : La sculpture de jardin en acier r\u00e9sistant aux intemp\u00e9ries est fabriqu\u00e9e \u00e0 partir de mat\u00e9riaux synth\u00e9tiques sp\u00e9ciaux, qui ont une forte capacit\u00e9 anticorrosion et ne seront pas affect\u00e9s par des facteurs externes tels que la pluie, le soleil, le sable et le brouillard salin, afin d'assurer une protection efficace dans l'environnement ext\u00e9rieur.<\/p>\n<p>Haute esth\u00e9tique : La sculpture de jardin en acier r\u00e9sistant aux intemp\u00e9ries adopte une technologie de pointe, peut \u00eatre fa\u00e7onn\u00e9e en fonction des diff\u00e9rentes cultures et caract\u00e9ristiques de l'\u00e9poque, a des formes diff\u00e9rentes, une belle apparence, des caract\u00e9ristiques uniques, et est devenue un beau paysage dans l'environnement du jardin.<\/p>\n<p>Richesse des couleurs : Les mat\u00e9riaux de production des sculptures de jardin en acier r\u00e9sistant aux intemp\u00e9ries peuvent non seulement pr\u00e9senter des couleurs naturelles, mais aussi \u00eatre peints pour cr\u00e9er des formes color\u00e9es, enrichir l'image des jardins urbains et \u00eatre pleins de vitalit\u00e9.<\/p>\n<figure style=\"width: 602px\" class=\"wp-caption aligncenter\"><a href=\"https:\/\/keweicorten.com\/fr_ca\/nous-contacter\/\"><img fetchpriority=\"high\" decoding=\"async\" title=\"Ornements de jardin et statues\" src=\"https:\/\/www.keweistove.com\/uploads\/39684\/garden-ornaments-and-statues02482.jpg\" alt=\"Ornements de jardin et statues\" width=\"602\" height=\"602\" \/><\/a><figcaption class=\"wp-caption-text\">Ornements de jardin et statues<\/figcaption><\/figure>\n<p><img decoding=\"async\" class=\"aligncenter\" src=\"https:\/\/www.keweistove.com\/Content\/uploads\/2023970354\/202307121511574ab65c7ec9ae440c88788f735e2204f7.jpg\" alt=\"produit-750-750\" width=\"626\" height=\"626\" \/><\/p>\n<div class=\"text\">Cette sculpture en acier corten deviendra un \u00e9l\u00e9ment attrayant de votre jardin. Cette \u0153uvre d'art en acier inoxydable peut \u00eatre personnalis\u00e9e dans diff\u00e9rentes tailles. Elle cr\u00e9era un point focal frappant lorsque cette sculpture en acier corten est plac\u00e9e \u00e0 l'ext\u00e9rieur.<\/div>\n<div class=\"text\">Les sculptures personnalis\u00e9es de d\u00e9coration de jardin peuvent \u00eatre adapt\u00e9es \u00e0 diff\u00e9rents besoins. Les designers peuvent cr\u00e9er et d\u00e9velopper des sculptures appropri\u00e9es en fonction des besoins des clients et de l'environnement, de sorte qu'elles correspondent davantage \u00e0 l'esth\u00e9tique et aux habitudes de vie des personnes modernes. Les sculptures personnalis\u00e9es peuvent refl\u00e9ter pleinement le professionnalisme et la r\u00e9gularit\u00e9 des clients, ce qui les rend plus uniques dans l'espace.<\/div>","protected":false},"excerpt":{"rendered":"<p>Visitez notre site Web pour trouver des d\u00e9corations et des statues de jardin exquises qui rehaussent parfaitement votre environnement ext\u00e9rieur. Une vari\u00e9t\u00e9 d'options pour r\u00e9pondre aux besoins de tous les amateurs de jardinage.<\/p>","protected":false},"featured_media":1108,"comment_status":"open","ping_status":"closed","template":"","meta":{"_eb_attr":"","_monsterinsights_skip_tracking":false,"_monsterinsights_sitenote_active":false,"_monsterinsights_sitenote_note":"","_monsterinsights_sitenote_category":0,"_uf_show_specific_survey":0,"_uf_disable_surveys":false},"product_brand":[],"product_cat":[62],"product_tag":[],"class_list":{"0":"post-1105","1":"product","2":"type-product","3":"status-publish","4":"has-post-thumbnail","6":"product_cat-corten-sculpture","8":"first","9":"instock","10":"shipping-taxable","11":"product-type-simple"},"_links":{"self":[{"href":"https:\/\/keweicorten.com\/fr_ca\/wp-json\/wp\/v2\/product\/1105"}],"collection":[{"href":"https:\/\/keweicorten.com\/fr_ca\/wp-json\/wp\/v2\/product"}],"about":[{"href":"https:\/\/keweicorten.com\/fr_ca\/wp-json\/wp\/v2\/types\/product"}],"replies":[{"embeddable":true,"href":"https:\/\/keweicorten.com\/fr_ca\/wp-json\/wp\/v2\/comments?post=1105"}],"version-history":[{"count":1,"href":"https:\/\/keweicorten.com\/fr_ca\/wp-json\/wp\/v2\/product\/1105\/revisions"}],"predecessor-version":[{"id":1109,"href":"https:\/\/keweicorten.com\/fr_ca\/wp-json\/wp\/v2\/product\/1105\/revisions\/1109"}],"wp:featuredmedia":[{"embeddable":true,"href":"https:\/\/keweicorten.com\/fr_ca\/wp-json\/wp\/v2\/media\/1108"}],"wp:attachment":[{"href":"https:\/\/keweicorten.com\/fr_ca\/wp-json\/wp\/v2\/media?parent=1105"}],"wp:term":[{"taxonomy":"product_brand","embeddable":true,"href":"https:\/\/keweicorten.com\/fr_ca\/wp-json\/wp\/v2\/product_brand?post=1105"},{"taxonomy":"product_cat","embeddable":true,"href":"https:\/\/keweicorten.com\/fr_ca\/wp-json\/wp\/v2\/product_cat?post=1105"},{"taxonomy":"product_tag","embeddable":true,"href":"https:\/\/keweicorten.com\/fr_ca\/wp-json\/wp\/v2\/product_tag?post=1105"}],"curies":[{"name":"wp","href":"https:\/\/api.w.org\/{rel}","templated":true}]}}