{"id":1110,"date":"2024-09-11T07:19:01","date_gmt":"2024-09-11T07:19:01","guid":{"rendered":"https:\/\/keweicorten.com\/?post_type=product&#038;p=1110"},"modified":"2025-01-15T06:16:12","modified_gmt":"2025-01-15T06:16:12","slug":"sculpture","status":"publish","type":"product","link":"https:\/\/keweicorten.com\/fr_ca\/sculpture\/","title":{"rendered":"sculpture murale moderne"},"content":{"rendered":"<table class=\"table\" border=\"1\" cellspacing=\"1\" cellpadding=\"1\">\n<tbody>\n<tr>\n<td>Nom du produit<\/td>\n<td>Ext\u00e9rieur Moderne m\u00e9tal artisanal sculpture en acier corten feuille de jardin<\/td>\n<\/tr>\n<tr>\n<td>Mat\u00e9riau<\/td>\n<td>acier corten, acier doux, etc.<\/td>\n<\/tr>\n<tr>\n<td>Couleur<\/td>\n<td>Rev\u00eatement en poudre ou rouge rouill\u00e9<\/td>\n<\/tr>\n<tr>\n<td><strong>EMBALLAGE :<\/strong><\/td>\n<td>BO\u00ceTES EN BOIS<\/td>\n<\/tr>\n<tr>\n<td>Utilis\u00e9<\/td>\n<td>d\u00e9coration int\u00e9rieure<\/td>\n<\/tr>\n<\/tbody>\n<\/table>\n<p>Pourquoi choisir une sculpture murale moderne ?<\/p>\n<p>Les sculptures murales modernes sont tr\u00e8s durables. Elles sont fabriqu\u00e9es en acier de haute qualit\u00e9 r\u00e9sistant aux intemp\u00e9ries et peuvent supporter diverses conditions climatiques, notamment la pluie, le soleil, le froid et les vagues de chaleur. Ce mat\u00e9riau d\u00e9coratif est un excellent choix pour ceux qui souhaitent que les d\u00e9corations de jardin ext\u00e9rieures conservent leur esth\u00e9tique pendant de nombreuses ann\u00e9es.<\/p>\n<p>La sculpture murale moderne est magnifiquement d\u00e9cor\u00e9e. Ce mat\u00e9riau d\u00e9coratif a une forme unique et des couleurs vives, qui peuvent rehausser la beaut\u00e9 du jardin. De nombreuses personnes appr\u00e9cient \u00e9galement les d\u00e9corations de jardin en acier patinable, car elles apportent une touche de modernit\u00e9 et de style au jardin.<\/p>\n<p>Ce mat\u00e9riau d\u00e9coratif est tr\u00e8s respectueux de l'environnement. Gr\u00e2ce \u00e0 sa longue dur\u00e9e de vie, il ne produit pas trop de d\u00e9chets et d'ordures. De plus, comme il s'agit d'un mat\u00e9riau en acier, il peut \u00eatre utilis\u00e9 deux fois et n'entra\u00eene pas de pollution de l'environnement.<\/p>\n<p>Les sculptures murales modernes sont \u00e9galement tr\u00e8s faciles \u00e0 installer. De nombreuses marques proposent des modules et des composants pr\u00e9fabriqu\u00e9s pour diff\u00e9rents sc\u00e9narios, que les utilisateurs peuvent combiner librement en fonction de leurs besoins.<\/p>\n<p>Le choix d'une d\u00e9coration de jardin en acier r\u00e9sistant aux intemp\u00e9ries est un choix positif, respectueux de l'environnement, beau et durable. Il peut apporter une inspiration sans limite et rendre votre jardin encore plus color\u00e9.<\/p>\n<p>La d\u00e9coration de jardin en acier r\u00e9sistant aux intemp\u00e9ries est un type de mat\u00e9riau ayant une large valeur d'application, qui peut \u00eatre utilis\u00e9 comme espace d\u00e9coratif et d'embellissement.<\/p>\n<div class=\"J_module\">\n<figure id=\"attachment_1112\" aria-describedby=\"caption-attachment-1112\" style=\"width: 500px\" class=\"wp-caption alignnone\"><a href=\"https:\/\/keweicorten.com\/fr_ca\/?attachment_id=1112\"><img fetchpriority=\"high\" decoding=\"async\" class=\"wp-image-1112\" title=\"grandes sculptures murales\" src=\"https:\/\/keweicorten.com\/wp-content\/uploads\/2024\/09\/photobank-52-300x300.jpg\" alt=\"\" width=\"500\" height=\"500\" srcset=\"https:\/\/keweicorten.com\/wp-content\/uploads\/2024\/09\/photobank-52-300x300.jpg 300w, https:\/\/keweicorten.com\/wp-content\/uploads\/2024\/09\/photobank-52-150x150.jpg 150w, https:\/\/keweicorten.com\/wp-content\/uploads\/2024\/09\/photobank-52-12x12.jpg 12w, https:\/\/keweicorten.com\/wp-content\/uploads\/2024\/09\/photobank-52-600x600.jpg 600w, https:\/\/keweicorten.com\/wp-content\/uploads\/2024\/09\/photobank-52-100x100.jpg 100w, https:\/\/keweicorten.com\/wp-content\/uploads\/2024\/09\/photobank-52.jpg 700w\" sizes=\"(max-width: 500px) 100vw, 500px\" \/><\/a><figcaption id=\"caption-attachment-1112\" class=\"wp-caption-text\">grandes sculptures murales<\/figcaption><\/figure>\n<div data-section=\"AliMagic-1caf3d\" data-section-title=\"Our Services\" data-spm-anchor-id=\"a2700.details.0.i38.5f3c554eic1XgH\">\n<figure id=\"attachment_1111\" aria-describedby=\"caption-attachment-1111\" style=\"width: 502px\" class=\"wp-caption alignnone\"><a href=\"https:\/\/keweicorten.com\/fr_ca\"><img decoding=\"async\" class=\"wp-image-1111\" title=\"sculptures \u00e0 vendre\" src=\"https:\/\/keweicorten.com\/wp-content\/uploads\/2024\/09\/photobank-109-300x300.jpg\" alt=\"\" width=\"502\" height=\"502\" srcset=\"https:\/\/keweicorten.com\/wp-content\/uploads\/2024\/09\/photobank-109-300x300.jpg 300w, https:\/\/keweicorten.com\/wp-content\/uploads\/2024\/09\/photobank-109-150x150.jpg 150w, https:\/\/keweicorten.com\/wp-content\/uploads\/2024\/09\/photobank-109-12x12.jpg 12w, https:\/\/keweicorten.com\/wp-content\/uploads\/2024\/09\/photobank-109-600x600.jpg 600w, https:\/\/keweicorten.com\/wp-content\/uploads\/2024\/09\/photobank-109-100x100.jpg 100w, https:\/\/keweicorten.com\/wp-content\/uploads\/2024\/09\/photobank-109.jpg 700w\" sizes=\"(max-width: 502px) 100vw, 502px\" \/><\/a><figcaption id=\"caption-attachment-1111\" class=\"wp-caption-text\">. sculptures \u00e0 vendre<\/figcaption><\/figure>\n<\/div>\n<div id=\"ali-anchor-AliMagic-1caf3d\" class=\"magic-7\" data-section=\"AliMagic-1caf3d\" data-section-title=\"Our Services\" data-spm-anchor-id=\"a2700.details.0.i38.5f3c554eic1XgH\">Nos services<\/div>\n<\/div>\n<div class=\"J_module\">\n<div class=\"detail-decorate-json-renderer-container\">\n<div class=\"magic-0\">\n<div class=\"magic-1\">\n<div class=\"magic-2\">\n<div class=\"magic-3\"><span class=\"magic-24\">Nous vous r\u00e9pondrons dans l'heure qui suit.<\/span><\/div>\n<div class=\"magic-3\"><span class=\"magic-24\">Vous pouvez nous envoyer un e-mail ou nous contacter par whatsapp, nous vous r\u00e9pondrons dans les plus brefs d\u00e9lais.<br \/>\n<\/span><\/div>\n<div><\/div>\n<div class=\"magic-3\"><span class=\"magic-24\">2. Service personnalis\u00e9 gratuit.<br \/>\nSi vous ne l'avez pas encore con\u00e7u, veuillez communiquer avec nous, une \u00e9quipe de concepteurs professionnels sera \u00e0 votre service.<br \/>\nNous pouvons l'adapter exactement \u00e0 vos besoins.<br \/>\n<\/span><\/div>\n<div><\/div>\n<div class=\"magic-3\"><span class=\"magic-24\">3. Nous informerons les clients de chaque \u00e9tape du processus de production. Nous pouvons prendre des photos de chaque \u00e9tape de la production, de l'emballage.<br \/>\nNous pouvons vous envoyer les photos pour confirmation.<br \/>\n<\/span><\/div>\n<div><\/div>\n<div class=\"magic-3\"><span class=\"magic-24\">4. Nous pouvons fournir les meilleurs produits et le service le plus attentionn\u00e9.<br \/>\n<\/span><\/div>\n<div class=\"magic-3\"><\/div>\n<\/div>\n<\/div>\n<\/div>\n<\/div>\n<\/div>","protected":false},"excerpt":{"rendered":"<p>La sculpture murale moderne est un excellent moyen d'ajouter de la beaut\u00e9 et de l'int\u00e9r\u00eat \u00e0 n'importe quel espace. Qu'il s'agisse de la d\u00e9coration d'une maison ou d'une entreprise, ce type d'art peut vous aider \u00e0 cr\u00e9er une atmosph\u00e8re accueillante, inspirante et stimulante.<\/p>","protected":false},"featured_media":1113,"comment_status":"open","ping_status":"closed","template":"","meta":{"_eb_attr":"","_monsterinsights_skip_tracking":false,"_monsterinsights_sitenote_active":false,"_monsterinsights_sitenote_note":"","_monsterinsights_sitenote_category":0,"_uf_show_specific_survey":0,"_uf_disable_surveys":false},"product_brand":[],"product_cat":[62],"product_tag":[],"class_list":{"0":"post-1110","1":"product","2":"type-product","3":"status-publish","4":"has-post-thumbnail","6":"product_cat-corten-sculpture","8":"first","9":"instock","10":"shipping-taxable","11":"product-type-simple"},"_links":{"self":[{"href":"https:\/\/keweicorten.com\/fr_ca\/wp-json\/wp\/v2\/product\/1110"}],"collection":[{"href":"https:\/\/keweicorten.com\/fr_ca\/wp-json\/wp\/v2\/product"}],"about":[{"href":"https:\/\/keweicorten.com\/fr_ca\/wp-json\/wp\/v2\/types\/product"}],"replies":[{"embeddable":true,"href":"https:\/\/keweicorten.com\/fr_ca\/wp-json\/wp\/v2\/comments?post=1110"}],"version-history":[{"count":1,"href":"https:\/\/keweicorten.com\/fr_ca\/wp-json\/wp\/v2\/product\/1110\/revisions"}],"predecessor-version":[{"id":1114,"href":"https:\/\/keweicorten.com\/fr_ca\/wp-json\/wp\/v2\/product\/1110\/revisions\/1114"}],"wp:featuredmedia":[{"embeddable":true,"href":"https:\/\/keweicorten.com\/fr_ca\/wp-json\/wp\/v2\/media\/1113"}],"wp:attachment":[{"href":"https:\/\/keweicorten.com\/fr_ca\/wp-json\/wp\/v2\/media?parent=1110"}],"wp:term":[{"taxonomy":"product_brand","embeddable":true,"href":"https:\/\/keweicorten.com\/fr_ca\/wp-json\/wp\/v2\/product_brand?post=1110"},{"taxonomy":"product_cat","embeddable":true,"href":"https:\/\/keweicorten.com\/fr_ca\/wp-json\/wp\/v2\/product_cat?post=1110"},{"taxonomy":"product_tag","embeddable":true,"href":"https:\/\/keweicorten.com\/fr_ca\/wp-json\/wp\/v2\/product_tag?post=1110"}],"curies":[{"name":"wp","href":"https:\/\/api.w.org\/{rel}","templated":true}]}}