{"id":1115,"date":"2024-09-11T07:57:32","date_gmt":"2024-09-11T07:57:32","guid":{"rendered":"https:\/\/keweicorten.com\/?post_type=product&#038;p=1115"},"modified":"2025-01-15T06:16:04","modified_gmt":"2025-01-15T06:16:04","slug":"foyer-2","status":"publish","type":"product","link":"https:\/\/keweicorten.com\/fr_ca\/foyer-2\/","title":{"rendered":"foyer ext\u00e9rieur en bois"},"content":{"rendered":"<h2>Durabilit\u00e9 du foyer ext\u00e9rieur en acier r\u00e9sistant aux intemp\u00e9ries\uff1a<\/h2>\n<p>Le foyer en bois d'ext\u00e9rieur est un \u00e9quipement d'ext\u00e9rieur tr\u00e8s pratique et durable, qui peut \u00eatre utilis\u00e9 dans les parcs communautaires, les campings en plein air, les barbecues en plein air et d'autres occasions. Il est capable de r\u00e9sister aux d\u00e9fis pos\u00e9s par les diff\u00e9rentes conditions m\u00e9t\u00e9orologiques et les environnements naturels, ce qui lui conf\u00e8re une bonne durabilit\u00e9.<\/p>\n<p>L'acier r\u00e9sistant aux intemp\u00e9ries est un alliage sp\u00e9cial qui pr\u00e9sente une excellente r\u00e9sistance \u00e0 la corrosion et une grande durabilit\u00e9. Dans l'utilisation des foyers, l'acier r\u00e9sistant aux intemp\u00e9ries peut r\u00e9sister \u00e0 l'impact des temp\u00e9ratures \u00e9lev\u00e9es et des environnements humides, et n'est pas facile \u00e0 rouiller et \u00e0 oxyder. Par cons\u00e9quent, le foyer ext\u00e9rieur en acier r\u00e9sistant aux intemp\u00e9ries convient parfaitement \u00e0 une utilisation en ext\u00e9rieur et peut supporter un grand nombre de demandes pendant une longue p\u00e9riode.<\/p>\n<p>Le foyer ext\u00e9rieur en bois est \u00e9galement dot\u00e9 d'une bonne conception structurelle et d'un traitement des d\u00e9tails. Il est fabriqu\u00e9 en plaques d'acier \u00e9paisses, avec un toucher de surface fin et une forte r\u00e9sistance m\u00e9canique, qui sont des facteurs importants pour garantir la durabilit\u00e9. En m\u00eame temps, il tient compte des besoins r\u00e9els de l'utilisateur, y compris la taille, la forme, la conception coupe-vent, etc., de sorte qu'il est plus conforme \u00e0 l'environnement et aux besoins de l'utilisation en ext\u00e9rieur.<\/p>\n<p>Les foyers en bois pour l'ext\u00e9rieur offrent des avantages consid\u00e9rables en termes de durabilit\u00e9 et de s\u00e9curit\u00e9. Il peut r\u00e9sister aux d\u00e9fis pos\u00e9s par divers climats rigoureux et environnements naturels, et offrir une exp\u00e9rience confortable et pratique de l'utilisation en ext\u00e9rieur pendant longtemps. Lors du choix d'un \u00e9quipement d'ext\u00e9rieur, il convient de prendre en compte les excellentes performances des foyers en acier r\u00e9sistant aux intemp\u00e9ries.<\/p>\n<figure id=\"attachment_1117\" aria-describedby=\"caption-attachment-1117\" style=\"width: 474px\" class=\"wp-caption aligncenter\"><a href=\"https:\/\/keweicorten.com\/fr_ca\"><img fetchpriority=\"high\" decoding=\"async\" class=\"wp-image-1117\" title=\"foyer\" src=\"https:\/\/keweicorten.com\/wp-content\/uploads\/2024\/09\/photobank-41-300x300.jpg\" alt=\"foyer\" width=\"474\" height=\"474\" srcset=\"https:\/\/keweicorten.com\/wp-content\/uploads\/2024\/09\/photobank-41-300x300.jpg 300w, https:\/\/keweicorten.com\/wp-content\/uploads\/2024\/09\/photobank-41-150x150.jpg 150w, https:\/\/keweicorten.com\/wp-content\/uploads\/2024\/09\/photobank-41-12x12.jpg 12w, https:\/\/keweicorten.com\/wp-content\/uploads\/2024\/09\/photobank-41-100x100.jpg 100w, https:\/\/keweicorten.com\/wp-content\/uploads\/2024\/09\/photobank-41.jpg 576w\" sizes=\"(max-width: 474px) 100vw, 474px\" \/><\/a><figcaption id=\"caption-attachment-1117\" class=\"wp-caption-text\">foyer<\/figcaption><\/figure>\n<figure id=\"attachment_1116\" aria-describedby=\"caption-attachment-1116\" style=\"width: 472px\" class=\"wp-caption aligncenter\"><a href=\"https:\/\/keweicorten.com\/fr_ca\"><img decoding=\"async\" class=\"wp-image-1116\" title=\"foyer\" src=\"https:\/\/keweicorten.com\/wp-content\/uploads\/2024\/09\/photobank-35-300x300.jpg\" alt=\"foyer\" width=\"472\" height=\"472\" srcset=\"https:\/\/keweicorten.com\/wp-content\/uploads\/2024\/09\/photobank-35-300x300.jpg 300w, https:\/\/keweicorten.com\/wp-content\/uploads\/2024\/09\/photobank-35-150x150.jpg 150w, https:\/\/keweicorten.com\/wp-content\/uploads\/2024\/09\/photobank-35-12x12.jpg 12w, https:\/\/keweicorten.com\/wp-content\/uploads\/2024\/09\/photobank-35-100x100.jpg 100w, https:\/\/keweicorten.com\/wp-content\/uploads\/2024\/09\/photobank-35.jpg 512w\" sizes=\"(max-width: 472px) 100vw, 472px\" \/><\/a><figcaption id=\"caption-attachment-1116\" class=\"wp-caption-text\">foyer<\/figcaption><\/figure>\n<table class=\"table\" style=\"height: 238px;\" border=\"1\" width=\"729\" cellspacing=\"1\" cellpadding=\"1\">\n<tbody>\n<tr>\n<td><strong>Produit<\/strong><\/td>\n<td>Patio Fire Pit sans fum\u00e9e<\/td>\n<\/tr>\n<tr>\n<td><strong>Mat\u00e9riau<\/strong><\/td>\n<td>Acier Corten<\/td>\n<\/tr>\n<tr>\n<td><strong>Diam\u00e8tre<\/strong><\/td>\n<td>60cm, 70cm, 80cm, 90cm, 100cm, 120cm, 150cm, 180cm<\/td>\n<\/tr>\n<tr>\n<td><strong>\u00c9paisseur<\/strong><\/td>\n<td>2mm, 3mm, 4mm, 5mm<\/td>\n<\/tr>\n<tr>\n<td><strong>Finition<\/strong><\/td>\n<td>Oxyde de fer<\/td>\n<\/tr>\n<tr>\n<td><strong>Paquet<\/strong><\/td>\n<td>Caisse en contreplaqu\u00e9, palette en fer<\/td>\n<\/tr>\n<\/tbody>\n<\/table>\n<p><a href=\"https:\/\/keweicorten.com\/fr_ca\"><img decoding=\"async\" class=\"aligncenter\" title=\"Foyer en m\u00e9tal avec grill\" src=\"https:\/\/sc04.alicdn.com\/kf\/Hf2d2a0356e6c427bba74e4cf2540f967g\/221559437\/Hf2d2a0356e6c427bba74e4cf2540f967g.png?size=x0\" alt=\"Foyer en m\u00e9tal avec grill\" width=\"750\" height=\"750\" \/><\/a><\/p>\n<p>Les foyers en acier Corten sont un excellent compl\u00e9ment \u00e0 tout jardin ou espace ext\u00e9rieur. Ils apportent non seulement de la chaleur pendant les soir\u00e9es plus fra\u00eeches, mais ils ajoutent \u00e9galement une esth\u00e9tique magnifique et unique \u00e0 votre espace.<\/p>\n<p>L'acier Corten est connu pour sa durabilit\u00e9 et ses propri\u00e9t\u00e9s de r\u00e9sistance aux intemp\u00e9ries qui le rendent id\u00e9al pour les espaces ext\u00e9rieurs. Avec le temps, l'acier prend un aspect rouill\u00e9 naturel, ce qui donne du caract\u00e8re et de l'int\u00e9r\u00eat visuel \u00e0 votre foyer.<\/p>\n<p>Ces foyers sont disponibles en diff\u00e9rentes formes et tailles, ce qui vous permet de choisir celui qui convient le mieux \u00e0 votre environnement. Que vous pr\u00e9f\u00e9riez un foyer rond en forme de bol ou un design plus contemporain, il y a un foyer en acier Corten qui s'adaptera \u00e0 votre style.<\/p>\n<p>Un autre avantage des foyers en acier Corten est qu'ils peuvent transformer votre espace ext\u00e9rieur en un lieu de rassemblement confortable pour la famille et les amis. Rien de tel que de s'asseoir autour d'un foyer, de profiter de la chaleur et de faire griller des marshmallows. Vous pouvez cr\u00e9er des souvenirs inoubliables avec vos proches tout en profitant de la beaut\u00e9 qu'un foyer en acier Corten apporte \u00e0 votre jardin.<\/p>","protected":false},"excerpt":{"rendered":"<p>Si vous cherchez \u00e0 am\u00e9liorer votre jardin ou votre espace ext\u00e9rieur, un foyer en acier Corten vaut vraiment la peine d'\u00eatre envisag\u00e9. Ils apportent de la chaleur, du style et une ambiance chaleureuse. Gr\u00e2ce \u00e0 leur durabilit\u00e9 et \u00e0 leur r\u00e9sistance aux intemp\u00e9ries, vous pourrez profiter de votre foyer pendant de nombreuses ann\u00e9es.<\/p>","protected":false},"featured_media":1118,"comment_status":"open","ping_status":"closed","template":"","meta":{"_eb_attr":"","_monsterinsights_skip_tracking":false,"_monsterinsights_sitenote_active":false,"_monsterinsights_sitenote_note":"","_monsterinsights_sitenote_category":0,"_uf_show_specific_survey":0,"_uf_disable_surveys":false},"product_brand":[],"product_cat":[54],"product_tag":[],"class_list":{"0":"post-1115","1":"product","2":"type-product","3":"status-publish","4":"has-post-thumbnail","6":"product_cat-wood-fire-pit","8":"first","9":"instock","10":"shipping-taxable","11":"product-type-simple"},"_links":{"self":[{"href":"https:\/\/keweicorten.com\/fr_ca\/wp-json\/wp\/v2\/product\/1115"}],"collection":[{"href":"https:\/\/keweicorten.com\/fr_ca\/wp-json\/wp\/v2\/product"}],"about":[{"href":"https:\/\/keweicorten.com\/fr_ca\/wp-json\/wp\/v2\/types\/product"}],"replies":[{"embeddable":true,"href":"https:\/\/keweicorten.com\/fr_ca\/wp-json\/wp\/v2\/comments?post=1115"}],"version-history":[{"count":2,"href":"https:\/\/keweicorten.com\/fr_ca\/wp-json\/wp\/v2\/product\/1115\/revisions"}],"predecessor-version":[{"id":1120,"href":"https:\/\/keweicorten.com\/fr_ca\/wp-json\/wp\/v2\/product\/1115\/revisions\/1120"}],"wp:featuredmedia":[{"embeddable":true,"href":"https:\/\/keweicorten.com\/fr_ca\/wp-json\/wp\/v2\/media\/1118"}],"wp:attachment":[{"href":"https:\/\/keweicorten.com\/fr_ca\/wp-json\/wp\/v2\/media?parent=1115"}],"wp:term":[{"taxonomy":"product_brand","embeddable":true,"href":"https:\/\/keweicorten.com\/fr_ca\/wp-json\/wp\/v2\/product_brand?post=1115"},{"taxonomy":"product_cat","embeddable":true,"href":"https:\/\/keweicorten.com\/fr_ca\/wp-json\/wp\/v2\/product_cat?post=1115"},{"taxonomy":"product_tag","embeddable":true,"href":"https:\/\/keweicorten.com\/fr_ca\/wp-json\/wp\/v2\/product_tag?post=1115"}],"curies":[{"name":"wp","href":"https:\/\/api.w.org\/{rel}","templated":true}]}}