{"id":1137,"date":"2024-09-12T03:07:39","date_gmt":"2024-09-12T03:07:39","guid":{"rendered":"https:\/\/keweicorten.com\/?post_type=product&#038;p=1137"},"modified":"2025-01-15T06:15:24","modified_gmt":"2025-01-15T06:15:24","slug":"bordures-de-jardin-en-acier-corten","status":"publish","type":"product","link":"https:\/\/keweicorten.com\/fr_ca\/bordures-de-jardin-en-acier-corten\/","title":{"rendered":"bordures de jardin en acier corten"},"content":{"rendered":"<h2>Application des bordures de jardin en acier corten<\/h2>\n<p>La chicane en acier r\u00e9sistant aux intemp\u00e9ries est un mat\u00e9riau utilis\u00e9 dans le domaine du g\u00e9nie civil et de la construction. Elle pr\u00e9sente une excellente r\u00e9sistance \u00e0 la corrosion et une grande solidit\u00e9 et est largement utilis\u00e9e dans les domaines suivants :<\/p>\n<ul>\n<li>Barrages en terre et murs de sout\u00e8nement<\/li>\n<li>Travaux routiers et ferroviaires<\/li>\n<li>Projet de conservation de l'eau<\/li>\n<li>Soutien \u00e0 la fosse de la fondation<\/li>\n<\/ul>\n<ul>\n<li>Ing\u00e9nierie paysag\u00e8re<\/li>\n<li>Dispositif de protection<\/li>\n<\/ul>\n<p>Les bordures de jardin en acier Corten sont des plaques structurelles en acier r\u00e9sistant aux intemp\u00e9ries (tel que l'acier Corten), principalement utilis\u00e9es pour retenir, soutenir ou prot\u00e9ger le sol dans divers projets d'ing\u00e9nierie. L'acier m\u00e9t\u00e9orique pr\u00e9sente une excellente r\u00e9sistance \u00e0 la corrosion et une bonne r\u00e9sistance m\u00e9canique.<\/p>\n<table class=\"has-title all magic-11\" style=\"height: 70px;\" width=\"577\">\n<tbody>\n<tr>\n<td colspan=\"1\" rowspan=\"1\">\n<div class=\"magic-12\" data-spm-anchor-id=\"a2700.details.0.i39.58e96c3bcoRvcr\">mat\u00e9riel<\/div>\n<\/td>\n<td colspan=\"1\" rowspan=\"1\">\n<div class=\"magic-13\">t\u00f4le d'acier corten<\/div>\n<\/td>\n<\/tr>\n<tr>\n<td colspan=\"1\" rowspan=\"1\">\n<div class=\"magic-12\">taille<\/div>\n<\/td>\n<td colspan=\"1\" rowspan=\"1\">\n<div class=\"magic-13\">1.6*1075*100\/150+100mm<\/div>\n<\/td>\n<\/tr>\n<tr>\n<td colspan=\"1\" rowspan=\"1\">\n<div class=\"magic-12\">surface<\/div>\n<\/td>\n<td colspan=\"1\" rowspan=\"1\">\n<div class=\"magic-13\">peint ou rouill\u00e9<\/div>\n<\/td>\n<\/tr>\n<\/tbody>\n<\/table>\n<figure id=\"attachment_1140\" aria-describedby=\"caption-attachment-1140\" style=\"width: 300px\" class=\"wp-caption alignnone\"><img fetchpriority=\"high\" decoding=\"async\" class=\"size-medium wp-image-1140\" src=\"https:\/\/keweicorten.com\/wp-content\/uploads\/2024\/09\/\u5fae\u4fe1\u56fe\u7247_202307211703502-300x300.jpg\" alt=\"\" width=\"300\" height=\"300\" srcset=\"https:\/\/keweicorten.com\/wp-content\/uploads\/2024\/09\/\u5fae\u4fe1\u56fe\u7247_202307211703502-300x300.jpg 300w, https:\/\/keweicorten.com\/wp-content\/uploads\/2024\/09\/\u5fae\u4fe1\u56fe\u7247_202307211703502-150x150.jpg 150w, https:\/\/keweicorten.com\/wp-content\/uploads\/2024\/09\/\u5fae\u4fe1\u56fe\u7247_202307211703502-12x12.jpg 12w, https:\/\/keweicorten.com\/wp-content\/uploads\/2024\/09\/\u5fae\u4fe1\u56fe\u7247_202307211703502-600x600.jpg 600w, https:\/\/keweicorten.com\/wp-content\/uploads\/2024\/09\/\u5fae\u4fe1\u56fe\u7247_202307211703502-100x100.jpg 100w, https:\/\/keweicorten.com\/wp-content\/uploads\/2024\/09\/\u5fae\u4fe1\u56fe\u7247_202307211703502.jpg 750w\" sizes=\"(max-width: 300px) 100vw, 300px\" \/><figcaption id=\"caption-attachment-1140\" class=\"wp-caption-text\">CORTEN EDGING<\/figcaption><\/figure>\n<h2>Caract\u00e9ristiques des bordures de jardin en acier corten<\/h2>\n<p>R\u00e9sistance \u00e0 la corrosion : Une couche d'oxyde form\u00e9e \u00e0 la surface de l'acier r\u00e9sistant aux intemp\u00e9ries peut r\u00e9sister efficacement \u00e0 l'\u00e9rosion de la pluie et des polluants, ce qui lui permet de conserver de bonnes performances dans les environnements humides et difficiles.<\/p>\n<p>Haute r\u00e9sistance : L'acier r\u00e9sistant aux intemp\u00e9ries pr\u00e9sente une r\u00e9sistance \u00e9lev\u00e9e \u00e0 la traction et \u00e0 la compression, et peut supporter une plus grande pression du sol.<\/p>\n<p>Entretien simple : Gr\u00e2ce \u00e0 son excellente r\u00e9sistance aux intemp\u00e9ries, le d\u00e9flecteur en acier r\u00e9sistant aux intemp\u00e9ries n\u00e9cessite peu de frais d'entretien pendant son utilisation.<\/p>\n<p>Esth\u00e9tique : La texture de la rouille qui se forme naturellement \u00e0 la surface de l'acier soumis aux intemp\u00e9ries peut ajouter de la beaut\u00e9, ce qui convient aux paysages et \u00e0 l'architecture urbaine.<\/p>\n<p><img decoding=\"async\" class=\"\" src=\"https:\/\/sc04.alicdn.com\/kf\/H254e4e58aa4a4cd7ae5f7f5b9a8def6eJ\/223026859\/H254e4e58aa4a4cd7ae5f7f5b9a8def6eJ.jpg\" width=\"595\" height=\"595\" \/><\/p>\n<div class=\"text-title\">\n<h2 class=\"magic-9\"><b class=\"magic-24\"><span class=\"magic-10\" style=\"color: #000000;\" data-spm-anchor-id=\"a2700.details.0.i44.6227b6fedKS63A\">Acier Corten rouill\u00e9 Introduction<\/span><\/b><\/h2>\n<p><span class=\"magic-15\" style=\"color: #000000;\" data-spm-anchor-id=\"a2700.details.0.i46.6227b6fedKS63A\"><b data-spm-anchor-id=\"a2700.details.0.i45.6227b6fedKS63A\">Acier corten<\/b>\u00a0Plusieurs mois plus tard, il appara\u00eetra tachet\u00e9 avant d'\u00eatre recouvert d'une belle couche de couleur uniforme. Ce ph\u00e9nom\u00e8ne est d\u00fb aux diff\u00e9rences de sol, aux conditions atmosph\u00e9riques et \u00e0 vos diff\u00e9rents lieux d'habitation. <\/span><\/p>\n<div><span class=\"magic-15\" style=\"color: #000000;\">\u00a0<\/span><\/div>\n<div><span class=\"magic-15\" style=\"color: #000000;\">Enfin, vous obtiendrez la jolie couleur Rusty comme le montre la photo de droite. De plus, le traitement de la couleur rouille se fait directement, sans perte de temps.<\/span><\/div>\n<div>\n<div class=\"mceTemp\">\nCORTEN EDGING<\/p>\n<figure style=\"width: 750px\" class=\"wp-caption alignnone\"><a href=\"https:\/\/keweicorten.com\/fr_ca\"><img decoding=\"async\" title=\"bordures en acier corten\" src=\"https:\/\/sc02.alicdn.com\/kf\/H650f0e63dacb4e35bd6d646fd2d0975cK\/235950374\/H650f0e63dacb4e35bd6d646fd2d0975cK.jpg\" alt=\"\" width=\"750\" height=\"404\" \/><\/a><figcaption class=\"wp-caption-text\">bordures en acier corten<\/figcaption><\/figure>\n<\/div>\n<\/div>","protected":false},"excerpt":{"rendered":"<p>Choisissez le bord du jardin en acier Corten pour profiter d'une haute qualit\u00e9 et d'un design \u00e9l\u00e9gant, cr\u00e9ant un espace ext\u00e9rieur unique qui rehausse la beaut\u00e9 et la fonctionnalit\u00e9 g\u00e9n\u00e9rales du jardin.<\/p>","protected":false},"featured_media":1138,"comment_status":"open","ping_status":"closed","template":"","meta":{"_eb_attr":"","_monsterinsights_skip_tracking":false,"_monsterinsights_sitenote_active":false,"_monsterinsights_sitenote_note":"","_monsterinsights_sitenote_category":0,"_uf_show_specific_survey":0,"_uf_disable_surveys":false},"product_brand":[],"product_cat":[58],"product_tag":[],"class_list":{"0":"post-1137","1":"product","2":"type-product","3":"status-publish","4":"has-post-thumbnail","6":"product_cat-garden-edging","8":"first","9":"instock","10":"shipping-taxable","11":"product-type-simple"},"_links":{"self":[{"href":"https:\/\/keweicorten.com\/fr_ca\/wp-json\/wp\/v2\/product\/1137"}],"collection":[{"href":"https:\/\/keweicorten.com\/fr_ca\/wp-json\/wp\/v2\/product"}],"about":[{"href":"https:\/\/keweicorten.com\/fr_ca\/wp-json\/wp\/v2\/types\/product"}],"replies":[{"embeddable":true,"href":"https:\/\/keweicorten.com\/fr_ca\/wp-json\/wp\/v2\/comments?post=1137"}],"version-history":[{"count":2,"href":"https:\/\/keweicorten.com\/fr_ca\/wp-json\/wp\/v2\/product\/1137\/revisions"}],"predecessor-version":[{"id":1142,"href":"https:\/\/keweicorten.com\/fr_ca\/wp-json\/wp\/v2\/product\/1137\/revisions\/1142"}],"wp:featuredmedia":[{"embeddable":true,"href":"https:\/\/keweicorten.com\/fr_ca\/wp-json\/wp\/v2\/media\/1138"}],"wp:attachment":[{"href":"https:\/\/keweicorten.com\/fr_ca\/wp-json\/wp\/v2\/media?parent=1137"}],"wp:term":[{"taxonomy":"product_brand","embeddable":true,"href":"https:\/\/keweicorten.com\/fr_ca\/wp-json\/wp\/v2\/product_brand?post=1137"},{"taxonomy":"product_cat","embeddable":true,"href":"https:\/\/keweicorten.com\/fr_ca\/wp-json\/wp\/v2\/product_cat?post=1137"},{"taxonomy":"product_tag","embeddable":true,"href":"https:\/\/keweicorten.com\/fr_ca\/wp-json\/wp\/v2\/product_tag?post=1137"}],"curies":[{"name":"wp","href":"https:\/\/api.w.org\/{rel}","templated":true}]}}