{"id":1185,"date":"2024-09-13T02:16:19","date_gmt":"2024-09-13T02:16:19","guid":{"rendered":"https:\/\/keweicorten.com\/?post_type=product&#038;p=1185"},"modified":"2025-01-15T06:27:24","modified_gmt":"2025-01-15T06:27:24","slug":"foyer-rectangulaire","status":"publish","type":"product","link":"https:\/\/keweicorten.com\/fr_ca\/foyer-rectangulaire\/","title":{"rendered":"foyer rectangulaire"},"content":{"rendered":"<h2>Foyer rectangulaire en acier Corten pour la durabilit\u00e9 :<\/h2>\n<p>L'acier Corten (\u00e9galement connu sous le nom d'acier r\u00e9sistant aux intemp\u00e9ries) est un alliage d'acier offrant une bonne r\u00e9sistance \u00e0 la corrosion et couramment utilis\u00e9 dans des produits tels que le mobilier d'ext\u00e9rieur, la construction et les foyers. La durabilit\u00e9 du foyer rectangulaire en acier Corten se refl\u00e8te principalement dans les aspects suivants :<\/p>\n<p>R\u00e9sistance \u00e0 la corrosion : la couche de corrosion form\u00e9e \u00e0 la surface de l'acier Corten peut prot\u00e9ger efficacement le m\u00e9tal interne et emp\u00eacher toute corrosion ult\u00e9rieure. Cela en fait un excellent produit pour les environnements ext\u00e9rieurs, en particulier dans les climats humides ou pluvieux.<\/p>\n<p>R\u00e9sistance aux temp\u00e9ratures \u00e9lev\u00e9es : L'acier Corten peut r\u00e9sister \u00e0 des temp\u00e9ratures \u00e9lev\u00e9es, ce qui en fait un mat\u00e9riau id\u00e9al pour les foyers. Dans un environnement \u00e0 haute temp\u00e9rature, ses propri\u00e9t\u00e9s physiques ne seront pas affect\u00e9es de mani\u00e8re significative.<\/p>\n<p>Bel aspect : l'acier Corten prend une couleur rouille unique avec le temps, ce qui ajoute une beaut\u00e9 naturelle au foyer, et avec le temps, cet aspect s'accentue progressivement, ce qui le diff\u00e9rencie des autres mat\u00e9riaux utilis\u00e9s pour les foyers.<\/p>\n<p>R\u00e9sistance et robustesse : L'acier corten pr\u00e9sente une r\u00e9sistance \u00e9lev\u00e9e, une bonne t\u00e9nacit\u00e9 et peut supporter un poids et un impact importants. Il n'est donc pas facile de l'endommager dans le cadre d'une utilisation quotidienne.<\/p>\n<p>Entretien simple : Bien que l'acier Corten puisse rouiller, il ne n\u00e9cessite g\u00e9n\u00e9ralement pas d'entretien particulier. Un nettoyage et une inspection occasionnels permettent de le maintenir en bon \u00e9tat.<\/p>\n<figure style=\"width: 560px\" class=\"wp-caption alignnone\"><a href=\"https:\/\/keweicorten.com\/fr_ca\/nous-contacter\/\"><img fetchpriority=\"high\" decoding=\"async\" class=\"\" title=\"foyer\" src=\"https:\/\/sc04.alicdn.com\/kf\/H60df13f6dc9647ea9a7650652491828df\/253038816\/H60df13f6dc9647ea9a7650652491828df.jpg\" alt=\"\" width=\"560\" height=\"560\" \/><\/a><figcaption class=\"wp-caption-text\">foyer<\/figcaption><\/figure>\n<p>Ce foyer ext\u00e9rieur est parfait pour cr\u00e9er une atmosph\u00e8re chaleureuse et accueillante dans votre espace de vie ext\u00e9rieur, qu'il s'agisse d'un patio, d'une terrasse ou d'une arri\u00e8re-cour. Il apporte chaleur et ambiance, vous permettant de profiter de l'ext\u00e9rieur m\u00eame pendant les saisons les plus froides.<\/p>\n<figure style=\"width: 557px\" class=\"wp-caption alignnone\"><a href=\"https:\/\/keweicorten.com\/fr_ca\"><img decoding=\"async\" class=\"\" title=\"Foyer GAZ\" src=\"https:\/\/sc04.alicdn.com\/kf\/Hc231db4a5b974aa583a6dbafea6de497j\/253038816\/Hc231db4a5b974aa583a6dbafea6de497j.jpg\" alt=\"\" width=\"557\" height=\"557\" \/><\/a><figcaption class=\"wp-caption-text\">Foyer GAZ<\/figcaption><\/figure>\n<div class=\"J_module\">\n<div class=\"detail-decorate-json-renderer-container\">\n<div class=\"magic-8\">\n<div class=\"magic-9\">\n<div class=\"magic-10\" data-spm-anchor-id=\"a2700.details.0.i44.15a8483bWMzzev\">\n<div class=\"magic-11\"><span data-spm-anchor-id=\"a2700.details.0.i43.15a8483bWMzzev\">Avec sa construction durable, son syst\u00e8me de combustible efficace et son feu naturel, ce foyer d'ext\u00e9rieur est un excellent choix.<br \/>\nIl s'agit d'un ajout \u00e0 n'importe quel espace ext\u00e9rieur. Il est \u00e0 la fois fonctionnel et esth\u00e9tique, ce qui en fait un investissement polyvalent et durable.<\/span><\/div>\n<\/div>\n<\/div>\n<\/div>\n<\/div>\n<\/div>\n<div class=\"J_module\">\n<div class=\"J_module\">\n<p id=\"ali-anchor-AliMagic-c3jg5w\" class=\"magic-3\" data-section=\"AliMagic-c3jg5w\" data-section-title=\"Exhibition\" data-spm-anchor-id=\"a2700.details.0.i45.15a8483bWMzzev\">Exposition<\/p>\n<\/div>\n<div class=\"J_module\">\n<div class=\"icbu-pc-images magic-0\">\n<div>\n<div class=\"flex-layout-v\">\n<div class=\"flex-layout-h magic-0\">\n<div class=\"magic-39\">\n<figure style=\"width: 700px\" class=\"wp-caption alignnone\"><a href=\"https:\/\/keweicorten.com\/fr_ca\"><img decoding=\"async\" class=\"magic-40\" title=\"table avec feu\" src=\"https:\/\/sc04.alicdn.com\/kf\/H9226ec0116f94907a0411307640a9146o\/253038816\/H9226ec0116f94907a0411307640a9146o.jpg\" alt=\"\" width=\"700\" height=\"200\" data-src=\"\/\/sc04.alicdn.com\/kf\/H9226ec0116f94907a0411307640a9146o\/253038816\/H9226ec0116f94907a0411307640a9146o.jpg\" \/><\/a><figcaption class=\"wp-caption-text\">table avec feu<\/figcaption><\/figure>\n<\/div>\n<\/div>\n<\/div>\n<\/div>\n<\/div>\n<\/div>\n<div class=\"J_module\">\n<div class=\"icbu-pc-images magic-0\">\n<div>\n<div class=\"flex-layout-v\">\n<div class=\"flex-layout-h magic-0\">\n<div class=\"magic-39\">\n<figure style=\"width: 700px\" class=\"wp-caption alignnone\"><a href=\"https:\/\/keweicorten.com\/fr_ca\"><img loading=\"lazy\" decoding=\"async\" class=\"magic-40\" title=\"FITTE DE FEU \" src=\"https:\/\/sc04.alicdn.com\/kf\/H4ed416c0efba48138a0d71bfbaf9f14dF\/253038816\/H4ed416c0efba48138a0d71bfbaf9f14dF.jpg\" alt=\"\" width=\"700\" height=\"200\" data-src=\"\/\/sc04.alicdn.com\/kf\/H4ed416c0efba48138a0d71bfbaf9f14dF\/253038816\/H4ed416c0efba48138a0d71bfbaf9f14dF.jpg\" \/><\/a><figcaption class=\"wp-caption-text\">FITTE DE FEU<\/figcaption><\/figure>\n<\/div>\n<\/div>\n<\/div>\n<\/div>\n<\/div>\n<\/div>\n<\/div>","protected":false},"excerpt":{"rendered":"<p>La durabilit\u00e9 des foyers rectangulaires en acier Corten est tr\u00e8s bonne, mais pour prolonger leur dur\u00e9e de vie, il est g\u00e9n\u00e9ralement recommand\u00e9 d'\u00e9viter les longues p\u00e9riodes d'immersion dans l'eau et de veiller \u00e0 ce que le foyer soit bien ventil\u00e9 lorsqu'il n'est pas utilis\u00e9.<\/p>\n<table class=\"has-title all magic-30\">\n<tbody>\n<tr>\n<td colspan=\"1\" rowspan=\"1\">\n<div class=\"magic-31\" data-spm-anchor-id=\"a2700.details.0.i47.15a8483bWMzzev\">article<\/div>\n<\/td>\n<td colspan=\"1\" rowspan=\"1\">\n<div class=\"magic-32\">valeur<\/div>\n<\/td>\n<\/tr>\n<tr>\n<td colspan=\"1\" rowspan=\"1\">\n<div class=\"magic-33\">Couleur<\/div>\n<\/td>\n<td colspan=\"1\" rowspan=\"1\">\n<div class=\"magic-34\">Rouge rouille\/noir<\/div>\n<\/td>\n<\/tr>\n<tr>\n<td colspan=\"1\" rowspan=\"1\">\n<div class=\"magic-33\">Mat\u00e9riau<\/div>\n<\/td>\n<td colspan=\"1\" rowspan=\"1\">\n<div class=\"magic-34\">Acier corten<\/div>\n<\/td>\n<\/tr>\n<tr>\n<td colspan=\"1\" rowspan=\"1\">\n<div class=\"magic-33\">Finition<\/div>\n<\/td>\n<td colspan=\"1\" rowspan=\"1\">\n<div class=\"magic-34\">Rev\u00eatement en poudre, peinture, galvanisation<\/div>\n<\/td>\n<\/tr>\n<\/tbody>\n<\/table>","protected":false},"featured_media":1191,"comment_status":"open","ping_status":"closed","template":"","meta":{"_eb_attr":"","_monsterinsights_skip_tracking":false,"_monsterinsights_sitenote_active":false,"_monsterinsights_sitenote_note":"","_monsterinsights_sitenote_category":0,"_uf_show_specific_survey":0,"_uf_disable_surveys":false},"product_brand":[],"product_cat":[55],"product_tag":[],"class_list":{"0":"post-1185","1":"product","2":"type-product","3":"status-publish","4":"has-post-thumbnail","6":"product_cat-gas-fire-pit","8":"first","9":"instock","10":"shipping-taxable","11":"product-type-simple"},"_links":{"self":[{"href":"https:\/\/keweicorten.com\/fr_ca\/wp-json\/wp\/v2\/product\/1185"}],"collection":[{"href":"https:\/\/keweicorten.com\/fr_ca\/wp-json\/wp\/v2\/product"}],"about":[{"href":"https:\/\/keweicorten.com\/fr_ca\/wp-json\/wp\/v2\/types\/product"}],"replies":[{"embeddable":true,"href":"https:\/\/keweicorten.com\/fr_ca\/wp-json\/wp\/v2\/comments?post=1185"}],"version-history":[{"count":1,"href":"https:\/\/keweicorten.com\/fr_ca\/wp-json\/wp\/v2\/product\/1185\/revisions"}],"predecessor-version":[{"id":1190,"href":"https:\/\/keweicorten.com\/fr_ca\/wp-json\/wp\/v2\/product\/1185\/revisions\/1190"}],"wp:featuredmedia":[{"embeddable":true,"href":"https:\/\/keweicorten.com\/fr_ca\/wp-json\/wp\/v2\/media\/1191"}],"wp:attachment":[{"href":"https:\/\/keweicorten.com\/fr_ca\/wp-json\/wp\/v2\/media?parent=1185"}],"wp:term":[{"taxonomy":"product_brand","embeddable":true,"href":"https:\/\/keweicorten.com\/fr_ca\/wp-json\/wp\/v2\/product_brand?post=1185"},{"taxonomy":"product_cat","embeddable":true,"href":"https:\/\/keweicorten.com\/fr_ca\/wp-json\/wp\/v2\/product_cat?post=1185"},{"taxonomy":"product_tag","embeddable":true,"href":"https:\/\/keweicorten.com\/fr_ca\/wp-json\/wp\/v2\/product_tag?post=1185"}],"curies":[{"name":"wp","href":"https:\/\/api.w.org\/{rel}","templated":true}]}}