{"id":1208,"date":"2024-09-13T09:13:31","date_gmt":"2024-09-13T09:13:31","guid":{"rendered":"https:\/\/keweicorten.com\/?post_type=product&#038;p=1208"},"modified":"2024-09-13T09:15:38","modified_gmt":"2024-09-13T09:15:38","slug":"q235nh-plaque-dacier-corten","status":"publish","type":"product","link":"https:\/\/keweicorten.com\/fr_ca\/q235nh-plaque-dacier-corten\/","title":{"rendered":"Plaque d'acier corten Q235NH"},"content":{"rendered":"<h2><strong>Caract\u00e9ristiques de la plaque d'acier corten Q235NH :<\/strong><\/h2>\n<ol>\n<li>\n<h3><strong>R\u00e9sistance aux intemp\u00e9ries<\/strong>:<\/h3>\n<ul>\n<li>Le Q235NH forme une couche de rouille stable sur sa surface apr\u00e8s avoir \u00e9t\u00e9 expos\u00e9 aux intemp\u00e9ries. Cette couche prot\u00e8ge efficacement l'acier contre la corrosion, ce qui le rend id\u00e9al pour une utilisation en ext\u00e9rieur, sans n\u00e9cessiter d'entretien ou de peinture fr\u00e9quents.<\/li>\n<\/ul>\n<\/li>\n<li>\n<h3><strong>Haute r\u00e9sistance<\/strong>:<\/h3>\n<ul>\n<li>La t\u00f4le pr\u00e9sente une bonne combinaison de r\u00e9sistance et de ductilit\u00e9, ce qui la rend adapt\u00e9e \u00e0 diverses structures porteuses. Elle conserve d'excellentes propri\u00e9t\u00e9s m\u00e9caniques, m\u00eame dans des conditions climatiques difficiles.<\/li>\n<\/ul>\n<\/li>\n<li>\n<h3><strong>Patine d'autoprotection<\/strong>:<\/h3>\n<ul>\n<li>Expos\u00e9 \u00e0 l'air, l'acier d\u00e9veloppe une patine ou une couche de rouille protectrice. Contrairement \u00e0 l'acier ordinaire, cette patine agit comme une barri\u00e8re, emp\u00eachant une corrosion plus profonde. Plus l'acier est expos\u00e9 aux \u00e9l\u00e9ments, plus la couche protectrice se renforce.<\/li>\n<\/ul>\n<\/li>\n<li>\n<h3><strong>Rentabilit\u00e9<\/strong>:<\/h3>\n<ul>\n<li>Le Q235NH offre une longue dur\u00e9e de vie avec un minimum d'entretien, ce qui r\u00e9duit le co\u00fbt global de possession. Il ne n\u00e9cessite pas de rev\u00eatement protecteur suppl\u00e9mentaire, ce qui r\u00e9duit \u00e9galement les co\u00fbts de maintenance par rapport \u00e0 l'acier ordinaire.<\/li>\n<\/ul>\n<\/li>\n<li>\n<h3><strong>Bonne soudabilit\u00e9 et formabilit\u00e9<\/strong>:<\/h3>\n<ul>\n<li>Cette nuance d'acier peut \u00eatre facilement soud\u00e9e, coup\u00e9e et fa\u00e7onn\u00e9e, ce qui la rend polyvalente dans les processus de fabrication et adapt\u00e9e \u00e0 une large gamme d'applications.<\/li>\n<\/ul>\n<\/li>\n<\/ol>\n<figure style=\"width: 699px\" class=\"wp-caption alignnone\"><a href=\"https:\/\/sc04.alicdn.com\/kf\/H76e12fa30cdf479cb889402f04ac9d81J\/267682295\/H76e12fa30cdf479cb889402f04ac9d81J.jpg\" rel=\"nofollow noopener\" target=\"_blank\"><img fetchpriority=\"high\" decoding=\"async\" title=\"Plaque d&#039;acier cortenq235\" src=\"https:\/\/sc04.alicdn.com\/kf\/H76e12fa30cdf479cb889402f04ac9d81J\/267682295\/H76e12fa30cdf479cb889402f04ac9d81J.jpg\" alt=\"\" width=\"699\" height=\"699\" \/><\/a><figcaption class=\"wp-caption-text\">Plaque d'acier cortenq235<\/figcaption><\/figure>\n<h2><strong>Avantages de la plaque d'acier corten Q235NH<\/strong>:<\/h2>\n<ul>\n<li><strong>Faible entretien<\/strong>: N\u00e9cessite peu ou pas d'entretien car la couche de rouille protectrice se forme naturellement au fil du temps.<\/li>\n<li><strong>Longue dur\u00e9e de vie<\/strong>: R\u00e9sistant \u00e0 la corrosion atmosph\u00e9rique, en particulier dans les environnements difficiles.<\/li>\n<li><strong>L'attrait esth\u00e9tique<\/strong>: Il offre un aspect distinctif pour les utilisations architecturales et d\u00e9coratives.<\/li>\n<\/ul>\n<figure style=\"width: 711px\" class=\"wp-caption alignnone\"><a href=\"https:\/\/keweicorten.com\/fr_ca\"><img decoding=\"async\" title=\"t\u00f4le d&#039;acier corten\" src=\"https:\/\/sc04.alicdn.com\/kf\/Haebe0c1e50234a0abd875e26e35b7533s\/261778336\/Haebe0c1e50234a0abd875e26e35b7533s.jpg\" alt=\"\" width=\"711\" height=\"711\" \/><\/a><figcaption class=\"wp-caption-text\">t\u00f4le d'acier corten<\/figcaption><\/figure>\n<p>&nbsp;<\/p>\n<\/div>","protected":false},"excerpt":{"rendered":"<p><strong>Sp\u00e9cifications<\/strong>:<\/p>\n<ul>\n<li><strong>\u00c9paisseur<\/strong>: Les dimensions sont g\u00e9n\u00e9ralement comprises entre 1,5 mm et 50 mm, en fonction de l'application.<\/li>\n<li><strong>Largeur<\/strong>: De 600mm \u00e0 2500mm.<\/li>\n<li><strong>Longueur<\/strong>: G\u00e9n\u00e9ralement disponible dans des longueurs allant jusqu'\u00e0 12 000 mm, mais peut \u00eatre personnalis\u00e9.<\/li>\n<li><strong>Standard<\/strong>: Conforme aux normes chinoises GB\/T4171 pour l'acier r\u00e9sistant aux intemp\u00e9ries.<\/li>\n<\/ul>","protected":false},"featured_media":1209,"comment_status":"open","ping_status":"closed","template":"","meta":{"_eb_attr":"","_monsterinsights_skip_tracking":false,"_monsterinsights_sitenote_active":false,"_monsterinsights_sitenote_note":"","_monsterinsights_sitenote_category":0,"_uf_show_specific_survey":0,"_uf_disable_surveys":false},"product_brand":[],"product_cat":[21],"product_tag":[],"class_list":{"0":"post-1208","1":"product","2":"type-product","3":"status-publish","4":"has-post-thumbnail","6":"product_cat-weather-resistant-steel-plate","8":"first","9":"instock","10":"shipping-taxable","11":"product-type-simple"},"_links":{"self":[{"href":"https:\/\/keweicorten.com\/fr_ca\/wp-json\/wp\/v2\/product\/1208"}],"collection":[{"href":"https:\/\/keweicorten.com\/fr_ca\/wp-json\/wp\/v2\/product"}],"about":[{"href":"https:\/\/keweicorten.com\/fr_ca\/wp-json\/wp\/v2\/types\/product"}],"replies":[{"embeddable":true,"href":"https:\/\/keweicorten.com\/fr_ca\/wp-json\/wp\/v2\/comments?post=1208"}],"version-history":[{"count":2,"href":"https:\/\/keweicorten.com\/fr_ca\/wp-json\/wp\/v2\/product\/1208\/revisions"}],"predecessor-version":[{"id":1211,"href":"https:\/\/keweicorten.com\/fr_ca\/wp-json\/wp\/v2\/product\/1208\/revisions\/1211"}],"wp:featuredmedia":[{"embeddable":true,"href":"https:\/\/keweicorten.com\/fr_ca\/wp-json\/wp\/v2\/media\/1209"}],"wp:attachment":[{"href":"https:\/\/keweicorten.com\/fr_ca\/wp-json\/wp\/v2\/media?parent=1208"}],"wp:term":[{"taxonomy":"product_brand","embeddable":true,"href":"https:\/\/keweicorten.com\/fr_ca\/wp-json\/wp\/v2\/product_brand?post=1208"},{"taxonomy":"product_cat","embeddable":true,"href":"https:\/\/keweicorten.com\/fr_ca\/wp-json\/wp\/v2\/product_cat?post=1208"},{"taxonomy":"product_tag","embeddable":true,"href":"https:\/\/keweicorten.com\/fr_ca\/wp-json\/wp\/v2\/product_tag?post=1208"}],"curies":[{"name":"wp","href":"https:\/\/api.w.org\/{rel}","templated":true}]}}