{"id":1212,"date":"2024-09-14T01:40:12","date_gmt":"2024-09-14T01:40:12","guid":{"rendered":"https:\/\/keweicorten.com\/?post_type=product&#038;p=1212"},"modified":"2025-01-15T06:27:04","modified_gmt":"2025-01-15T06:27:04","slug":"parterres-de-jardin-sureleves-en-acier-corten","status":"publish","type":"product","link":"https:\/\/keweicorten.com\/fr_ca\/parterres-de-jardin-sureleves-en-acier-corten\/","title":{"rendered":"Parterres de jardin sur\u00e9lev\u00e9s en acier corten"},"content":{"rendered":"<h2>Les avantages des plates-bandes sur\u00e9lev\u00e9es en acier corten\uff1a<\/h2>\n<ul>\n<li>Durabilit\u00e9 : La r\u00e9sistance aux intemp\u00e9ries de l'acier Corten signifie qu'il r\u00e9siste \u00e0 la corrosion et \u00e0 l'oxydation, ce qui lui conf\u00e8re une dur\u00e9e de vie extr\u00eamement longue dans les environnements ext\u00e9rieurs. Une fois qu'une couche de rouille s'est form\u00e9e, l'acier est prot\u00e9g\u00e9 contre toute nouvelle rouille.<\/li>\n<li>Magnifique : L'aspect rouill\u00e9 unique de l'acier Corten peut ajouter une esth\u00e9tique moderne et industrielle au jardin, et sa couleur et sa texture changeront avec le temps, contribuant \u00e0 am\u00e9liorer l'effet visuel de l'ensemble de l'am\u00e9nagement du jardin.<\/li>\n<li>Protection de l'environnement : l'acier Corten est un mat\u00e9riau recyclable, son utilisation permet de r\u00e9duire l'impact sur l'environnement.<\/li>\n<li>Performance de support solide : l'acier Corten a une r\u00e9sistance \u00e9lev\u00e9e, peut supporter un poids important, convient \u00e0 la plantation de plantes ou de terre lourdes.<\/li>\n<li>\u00a0Facilit\u00e9 d'entretien : Compar\u00e9 aux plates-bandes sur\u00e9lev\u00e9es en bois ou en d'autres mat\u00e9riaux, l'acier Corten n\u00e9cessite tr\u00e8s peu d'entretien, puisqu'il suffit de nettoyer r\u00e9guli\u00e8rement la surface des salissures et des r\u00e9sidus v\u00e9g\u00e9taux.<\/li>\n<li>\u00a0Bonne gestion de l'eau : les plates-bandes sur\u00e9lev\u00e9es en acier corten peuvent r\u00e9guler efficacement l'humidit\u00e9 du sol et \u00e9viter l'exc\u00e8s ou le manque d'eau.<\/li>\n<li>Ventilation : la conception de l'acier Corten peut fournir un bon environnement de ventilation, favorisant la croissance des racines.<\/li>\n<li>Les conceptions les plus diverses : l'acier Corten peut \u00eatre transform\u00e9 en une vari\u00e9t\u00e9 de formes et de tailles pour r\u00e9pondre aux besoins des diff\u00e9rentes conceptions horticoles.<\/li>\n<li>\u00a0Pr\u00e9venir l'\u00e9rosion du sol : la structure sur\u00e9lev\u00e9e peut pr\u00e9venir efficacement l'\u00e9rosion et le tassement du sol, et maintenir la position et la qualit\u00e9 du sol.<\/li>\n<\/ul>\n<figure style=\"width: 679px\" class=\"wp-caption alignnone\"><a href=\"https:\/\/keweicorten.com\/fr_ca\/nous-contacter\/\"><img fetchpriority=\"high\" decoding=\"async\" title=\"lits sur\u00e9lev\u00e9s en m\u00e9tal\" src=\"https:\/\/sc04.alicdn.com\/kf\/Haf30791119a443b8bd8368e992195dbfZ\/255157415\/Haf30791119a443b8bd8368e992195dbfZ.jpg\" alt=\"\" width=\"679\" height=\"452\" \/><\/a><figcaption class=\"wp-caption-text\">lits sur\u00e9lev\u00e9s en m\u00e9tal<\/dd>\n<dd><\/figcaption><\/figure>\n<table class=\"all magic-13\">\n<tbody>\n<tr>\n<td colspan=\"1\" rowspan=\"1\">\n<div class=\"magic-14\">Nom du produit<\/div>\n<\/td>\n<td colspan=\"4\" rowspan=\"1\">\n<div class=\"magic-15\">Bordure de jardin en acier corten rouill\u00e9 pour l'am\u00e9nagement paysager<\/div>\n<\/td>\n<\/tr>\n<tr>\n<td colspan=\"1\" rowspan=\"1\">\n<div class=\"magic-14\">Mat\u00e9riau<\/div>\n<\/td>\n<td colspan=\"4\" rowspan=\"1\">\n<div class=\"magic-15\">Acier corten, acier inoxydable<\/div>\n<\/td>\n<\/tr>\n<tr>\n<td colspan=\"1\" rowspan=\"1\">\n<div class=\"magic-14\">Taille<\/div>\n<\/td>\n<td colspan=\"4\" rowspan=\"1\">\n<div class=\"magic-15\">Longueur : 1065 mm ; partie a\u00e9rienne : 100 mm ; partie souterraine : 95 mm ou personnalis\u00e9e<\/div>\n<\/td>\n<\/tr>\n<tr>\n<td colspan=\"1\" rowspan=\"1\">\n<div class=\"magic-14\">Surface<\/div>\n<\/td>\n<td colspan=\"4\" rowspan=\"1\">\n<div class=\"magic-15\">\u00a0pr\u00e9-rouill\u00e9<\/div>\n<\/td>\n<\/tr>\n<tr>\n<td colspan=\"1\" rowspan=\"1\">\n<div class=\"magic-14\">Technologie<\/div>\n<\/td>\n<td colspan=\"4\" rowspan=\"1\">\n<div class=\"magic-15\">\u00a0D\u00e9coupe au laser, pliage, poin\u00e7onnage, soudage, vieillissement<\/div>\n<\/td>\n<\/tr>\n<tr>\n<td colspan=\"1\" rowspan=\"1\">\n<div class=\"magic-14\">Application<\/div>\n<\/td>\n<td colspan=\"4\" rowspan=\"1\">\n<div class=\"magic-18\">D\u00e9coration d'ext\u00e9rieur ou de cour<\/div>\n<\/td>\n<\/tr>\n<\/tbody>\n<\/table>\n<figure style=\"width: 695px\" class=\"wp-caption alignnone\"><a href=\"https:\/\/keweicorten.com\/fr_ca\/categorie-produit\/decor-de-jardin\/\"><img decoding=\"async\" title=\"parterres de fleurs sur\u00e9lev\u00e9s \u00e0 vendre\" src=\"https:\/\/sc04.alicdn.com\/kf\/H124f45da763f46b782562a19b92b7c64S\/255157415\/H124f45da763f46b782562a19b92b7c64S.jpg\" alt=\"\" width=\"695\" height=\"388\" \/><\/a><figcaption class=\"wp-caption-text\">parterres de fleurs sur\u00e9lev\u00e9s \u00e0 vendre<\/figcaption><\/figure>\n<p>L'acier Corten est soumis \u00e0 une m\u00e9thode de laminage \u00e0 chaud au cours de la production, qui consiste \u00e0 faire passer l'acier entre des rouleaux \u00e0 des temp\u00e9ratures tr\u00e8s \u00e9lev\u00e9es. Au cours de ce processus, les d\u00e9chets de fer (connus sous le nom de \"calamine\") remontent \u00e0 la surface. Cela entra\u00eene des coulures de rouille et des taches au cours des premiers stades du processus d'alt\u00e9ration. Une fois que la couche externe de d\u00e9chets de fer a rouill\u00e9, le mat\u00e9riau pr\u00e9sente une surface stable avec un minimum d'\u00e9caillage et de taches. Le processus peut \u00eatre acc\u00e9l\u00e9r\u00e9 ou la mati\u00e8re premi\u00e8re peut \u00eatre \"d\u00e9cap\u00e9e\", c'est-\u00e0-dire qu'un traitement acide est utilis\u00e9 pour \u00e9liminer la calamine avant la livraison.<\/p>\n<figure style=\"width: 702px\" class=\"wp-caption alignnone\"><a href=\"https:\/\/keweicorten.com\/fr_ca\/produit\/bordures-de-jardin-en-acier-corten\/\"><img decoding=\"async\" title=\"jardin sur\u00e9lev\u00e9 galvanis\u00e9\" src=\"https:\/\/sc04.alicdn.com\/kf\/H535e1b6a4db344eda5790ec285e0da4bn\/255157415\/H535e1b6a4db344eda5790ec285e0da4bn.jpg\" alt=\"\" width=\"702\" height=\"632\" \/><\/a><figcaption class=\"wp-caption-text\">jardin sur\u00e9lev\u00e9 galvanis\u00e9<\/figcaption><\/figure>","protected":false},"excerpt":{"rendered":"<div class=\"text-title\"><span class=\"magic-33\" data-spm-anchor-id=\"a2700.details.0.i39.162b272adCDyJJ\">Caract\u00e9ristiques principales\uff1a<\/span><\/div>\n<div class=\"text-content\">\n<div>La surface rouill\u00e9e de l'acier Corten est durable et constitue en m\u00eame temps un \u00e9l\u00e9ment de style.<\/div>\n<\/div>\n<div class=\"text-content\"><span class=\"magic-15\" data-spm-anchor-id=\"a2700.details.0.i46.162b272adCDyJJ\">La couleur rouille est moderne et souligne nos normes de conception particuli\u00e8rement \u00e9lev\u00e9es. <\/span><\/div>\n<div class=\"text-content\"><span class=\"magic-15\" data-spm-anchor-id=\"a2700.details.0.i46.162b272adCDyJJ\">Pratiquement \u00e9tanche et pratiquement indestructible.<\/span><\/div>\n<div class=\"text-content\"><span class=\"magic-15\" data-spm-anchor-id=\"a2700.details.0.i46.162b272adCDyJJ\">Durable et beau.<\/span><\/div>","protected":false},"featured_media":1213,"comment_status":"open","ping_status":"closed","template":"","meta":{"_eb_attr":"","_monsterinsights_skip_tracking":false,"_monsterinsights_sitenote_active":false,"_monsterinsights_sitenote_note":"","_monsterinsights_sitenote_category":0,"_uf_show_specific_survey":0,"_uf_disable_surveys":false},"product_brand":[],"product_cat":[58],"product_tag":[],"class_list":{"0":"post-1212","1":"product","2":"type-product","3":"status-publish","4":"has-post-thumbnail","6":"product_cat-garden-edging","8":"first","9":"instock","10":"shipping-taxable","11":"product-type-simple"},"_links":{"self":[{"href":"https:\/\/keweicorten.com\/fr_ca\/wp-json\/wp\/v2\/product\/1212"}],"collection":[{"href":"https:\/\/keweicorten.com\/fr_ca\/wp-json\/wp\/v2\/product"}],"about":[{"href":"https:\/\/keweicorten.com\/fr_ca\/wp-json\/wp\/v2\/types\/product"}],"replies":[{"embeddable":true,"href":"https:\/\/keweicorten.com\/fr_ca\/wp-json\/wp\/v2\/comments?post=1212"}],"version-history":[{"count":1,"href":"https:\/\/keweicorten.com\/fr_ca\/wp-json\/wp\/v2\/product\/1212\/revisions"}],"predecessor-version":[{"id":1214,"href":"https:\/\/keweicorten.com\/fr_ca\/wp-json\/wp\/v2\/product\/1212\/revisions\/1214"}],"wp:featuredmedia":[{"embeddable":true,"href":"https:\/\/keweicorten.com\/fr_ca\/wp-json\/wp\/v2\/media\/1213"}],"wp:attachment":[{"href":"https:\/\/keweicorten.com\/fr_ca\/wp-json\/wp\/v2\/media?parent=1212"}],"wp:term":[{"taxonomy":"product_brand","embeddable":true,"href":"https:\/\/keweicorten.com\/fr_ca\/wp-json\/wp\/v2\/product_brand?post=1212"},{"taxonomy":"product_cat","embeddable":true,"href":"https:\/\/keweicorten.com\/fr_ca\/wp-json\/wp\/v2\/product_cat?post=1212"},{"taxonomy":"product_tag","embeddable":true,"href":"https:\/\/keweicorten.com\/fr_ca\/wp-json\/wp\/v2\/product_tag?post=1212"}],"curies":[{"name":"wp","href":"https:\/\/api.w.org\/{rel}","templated":true}]}}