{"id":1230,"date":"2024-09-14T08:41:19","date_gmt":"2024-09-14T08:41:19","guid":{"rendered":"https:\/\/keweicorten.com\/?post_type=product&#038;p=1230"},"modified":"2025-01-15T06:26:56","modified_gmt":"2025-01-15T06:26:56","slug":"bac-a-plantes-en-surelevation","status":"publish","type":"product","link":"https:\/\/keweicorten.com\/fr_ca\/bac-a-plantes-en-surelevation\/","title":{"rendered":"bac \u00e0 plantes en sur\u00e9l\u00e9vation"},"content":{"rendered":"<h2>Bac \u00e0 plantes en acier r\u00e9sistant aux intemp\u00e9ries Caract\u00e9ristiques\uff1a<\/h2>\n<ul>\n<li><strong>Mat\u00e9riau<\/strong>: Fabriqu\u00e9 en acier corten de 2 \u00e0 4 mm d'\u00e9paisseur, ce qui garantit \u00e0 la fois robustesse et long\u00e9vit\u00e9. L'\u00e9paisseur assure l'int\u00e9grit\u00e9 structurelle tout en permettant \u00e0 la jardini\u00e8re de r\u00e9sister aux diff\u00e9rentes conditions m\u00e9t\u00e9orologiques.<\/li>\n<li><strong>Esth\u00e9tique naturelle<\/strong>: La finition de couleur rouille se d\u00e9veloppe avec le temps et s'harmonise parfaitement avec l'environnement naturel de votre jardin. Cette couleur \u00e9volue au fur et \u00e0 mesure que l'acier vieillit, cr\u00e9ant un aspect rustique unique.<\/li>\n<li><strong>Durabilit\u00e9<\/strong>: R\u00e9sistants \u00e0 la corrosion, ces bacs \u00e0 plantes peuvent r\u00e9sister aux \u00e9l\u00e9ments environnementaux difficiles sans se d\u00e9t\u00e9riorer, ce qui en fait un ajout durable \u00e0 votre am\u00e9nagement paysager.<\/li>\n<li><strong>Personnalisation<\/strong>: Les options de personnalisation peuvent inclure diff\u00e9rentes tailles, formes et finitions pour s'adapter aux go\u00fbts individuels et aux conceptions de jardin. La forme conique offre une silhouette \u00e9l\u00e9gante qui se distingue dans n'importe quel environnement.<\/li>\n<li><strong>Facile \u00e0 installer<\/strong>: L\u00e9gers par rapport \u00e0 d'autres mat\u00e9riaux lorsqu'ils sont vides, ces bacs peuvent \u00eatre facilement d\u00e9plac\u00e9s vers diff\u00e9rents endroits de votre jardin selon vos besoins.<\/li>\n<li><strong>Drainage<\/strong>: Un bon drainage est essentiel \u00e0 la sant\u00e9 des plantes. Veillez \u00e0 ce que les jardini\u00e8res soient dot\u00e9es de trous de drainage ou d'\u00e9l\u00e9ments de conception qui permettent \u00e0 l'eau exc\u00e9dentaire de s'\u00e9couler.<\/li>\n<\/ul>\n<figure style=\"width: 612px\" class=\"wp-caption alignnone\"><a href=\"https:\/\/keweicorten.com\/fr_ca\"><img fetchpriority=\"high\" decoding=\"async\" title=\"lit de jardin sur\u00e9lev\u00e9\" src=\"https:\/\/sc04.alicdn.com\/kf\/H7b8fa5fba8f640418543df2d00059383B\/232904194\/H7b8fa5fba8f640418543df2d00059383B.jpg\" alt=\"\" width=\"612\" height=\"408\" \/><\/a><figcaption class=\"wp-caption-text\">lit de jardin sur\u00e9lev\u00e9<\/figcaption><\/figure>\n<p>Le bac \u00e0 plantes est fa\u00e7onn\u00e9 en m\u00e9tal par des artisans qualifi\u00e9s qui utilisent un pliage pr\u00e9cis du m\u00e9tal pour cr\u00e9er un bac \u00e0 plantes qui s'assemble en une forme rectangulaire \u00e0 partir de quatre panneaux. Les panneaux s'embo\u00eetent les uns dans les autres pour former un bac \u00e0 plantes incroyablement solide qui offre une surface de plantation maximale.<\/p>\n<table class=\"is-zebra all magic-10\">\n<tbody>\n<tr>\n<td colspan=\"1\" rowspan=\"1\">\n<div class=\"magic-11\" data-spm-anchor-id=\"a2700.details.0.i39.6b435473fC2YOp\"><b>Nom du produit<\/b><\/div>\n<\/td>\n<td colspan=\"1\" rowspan=\"1\">\n<div class=\"magic-12\">Jardini\u00e8re sur\u00e9lev\u00e9e en m\u00e9tal rouill\u00e9 Corten Steel Vegetable Planter Boxes<\/div>\n<\/td>\n<\/tr>\n<tr>\n<td colspan=\"1\" rowspan=\"1\">\n<div class=\"magic-11\" data-spm-anchor-id=\"a2700.details.0.i41.6b435473fC2YOp\"><b>Couleur<\/b><\/div>\n<\/td>\n<td colspan=\"1\" rowspan=\"1\">\n<div class=\"magic-12\">Gris ou rouge rouille<\/div>\n<\/td>\n<\/tr>\n<tr>\n<td colspan=\"1\" rowspan=\"1\">\n<div class=\"magic-11\"><b>Mat\u00e9riau<\/b><\/div>\n<\/td>\n<td colspan=\"1\" rowspan=\"1\">\n<div class=\"magic-12\">Acier doux,Acier Corten<\/div>\n<\/td>\n<\/tr>\n<tr>\n<td colspan=\"1\" rowspan=\"1\">\n<div class=\"magic-11\"><b>Taille<\/b><\/div>\n<\/td>\n<td colspan=\"1\" rowspan=\"1\">\n<div class=\"magic-12\">\u00a0 L500 x L500x H200 mm\/L800 x L800x H400mm<\/p>\n<div data-spm-anchor-id=\"a2700.pc-decorate.0.i4.26b13333MCzf1x\">\u00a0 L900 x L600 x H300 mm\/ L1200 x L900 x H300 mm<br \/>\n( Personnaliser )<\/div>\n<\/div>\n<\/td>\n<\/tr>\n<tr>\n<td colspan=\"1\" rowspan=\"1\">\n<div class=\"magic-11\"><b>\u00c9paisseur<\/b><\/div>\n<\/td>\n<td colspan=\"1\" rowspan=\"1\">\n<div class=\"magic-12\">2-3mm<\/div>\n<\/td>\n<\/tr>\n<tr>\n<td colspan=\"1\" rowspan=\"1\">\n<div class=\"magic-11\"><b>Traitement de surface<\/b><\/div>\n<\/td>\n<td colspan=\"1\" rowspan=\"1\">\n<div class=\"magic-12\" data-spm-anchor-id=\"a2700.details.0.i40.6b435473fC2YOp\">Pr\u00e9-rouill\u00e9, peint en noir, peut \u00eatre personnalis\u00e9<\/div>\n<\/td>\n<\/tr>\n<tr>\n<td colspan=\"1\" rowspan=\"1\">\n<div class=\"magic-11\"><b>MOQ<\/b><\/div>\n<\/td>\n<td colspan=\"1\" rowspan=\"1\">\n<div class=\"magic-12\">4 pi\u00e8ces<\/div>\n<\/td>\n<\/tr>\n<tr>\n<td colspan=\"1\" rowspan=\"1\">\n<div class=\"magic-11\"><b>OEM ET ODM<\/b><\/div>\n<\/td>\n<td colspan=\"1\" rowspan=\"1\">\n<div class=\"magic-12\">Un service personnalis\u00e9 est disponible.<\/div>\n<\/td>\n<\/tr>\n<\/tbody>\n<\/table>\n<p class=\"magic-5\"><span style=\"font-size: large;\" data-spm-anchor-id=\"a2700.details.0.i40.722e768ceArIts\">Garantie de satisfaction 100%<\/span><\/p>\n<p class=\"magic-5\" data-spm-anchor-id=\"a2700.details.0.i41.722e768ceArIts\"><span style=\"font-size: large;\"><br \/>\nMat\u00e9riau - Acier corten<\/span><\/p>\n<p class=\"magic-5\"><span style=\"font-size: large;\"><br \/>\nExtra profond pour les grandes plantes<\/span><\/p>\n<div class=\"text-content\">Les bacs de plantation sur\u00e9lev\u00e9s sont un excellent moyen de pr\u00e9venir le compactage du sol, d'assurer un excellent drainage et d'emp\u00eacher les mauvaises herbes de s'implanter dans le sol en croissance.<\/div>\n<figure style=\"width: 613px\" class=\"wp-caption alignnone\"><a href=\"https:\/\/keweicorten.com\/fr_ca\"><img decoding=\"async\" title=\"lit de jardin sur\u00e9lev\u00e9\" src=\"https:\/\/sc04.alicdn.com\/kf\/He51239b636024d93b16c341680a98532y\/223026859\/He51239b636024d93b16c341680a98532y.jpg\" alt=\"\" width=\"613\" height=\"439\" \/><\/a><figcaption class=\"wp-caption-text\">lit de jardin sur\u00e9lev\u00e9<\/figcaption><\/figure>","protected":false},"excerpt":{"rendered":"<p>La t\u00f4le d'acier Corten (t\u00f4le d'acier pour mur rideau rouge, t\u00f4le d'acier pour paysage, t\u00f4le d'acier sculpt\u00e9e) se situe entre l'acier ordinaire et l'acier inoxydable ; la d\u00e9coration ext\u00e9rieure en acier Corten adopte de nouvelles technologies pour le d\u00e9veloppement durable et l'innovation, et devient la meilleure technologie de l'acier au monde.<\/p>\n<table border=\"1\">\n<tbody>\n<tr>\n<td data-spm-anchor-id=\"a2700.details.0.i40.2eb5646aQ18go6\"><span data-spm-anchor-id=\"a2700.details.0.i39.2eb5646aQ18go6\">Nom<br \/>\n<\/span><\/td>\n<td>Jardini\u00e8res d\u00e9coratives en m\u00e9tal \/ jardini\u00e8res carr\u00e9es hautes \/ grandes jardini\u00e8res d'ext\u00e9rieur<\/td>\n<\/tr>\n<tr>\n<td>Surface<\/td>\n<td>Pr\u00e9-rouill\u00e9<\/td>\n<\/tr>\n<tr>\n<td>Technologie<\/td>\n<td>\u00a0D\u00e9coupe au laser, cintrage, profilage, soudage.<\/td>\n<\/tr>\n<tr>\n<td>\u00a0Produits<\/td>\n<td>pot de fleurs en corten, \u00e9cran de jardin en corten, cl\u00f4ture en corten, jardini\u00e8re en corten, treillis en corten, art mural en corten, murs de sout\u00e8nement en acier Cor-Ten.<\/td>\n<\/tr>\n<\/tbody>\n<\/table>","protected":false},"featured_media":1231,"comment_status":"open","ping_status":"closed","template":"","meta":{"_eb_attr":"","_monsterinsights_skip_tracking":false,"_monsterinsights_sitenote_active":false,"_monsterinsights_sitenote_note":"","_monsterinsights_sitenote_category":0,"_uf_show_specific_survey":0,"_uf_disable_surveys":false},"product_brand":[],"product_cat":[59],"product_tag":[],"class_list":{"0":"post-1230","1":"product","2":"type-product","3":"status-publish","4":"has-post-thumbnail","6":"product_cat-flower-pot","8":"first","9":"instock","10":"shipping-taxable","11":"product-type-simple"},"_links":{"self":[{"href":"https:\/\/keweicorten.com\/fr_ca\/wp-json\/wp\/v2\/product\/1230"}],"collection":[{"href":"https:\/\/keweicorten.com\/fr_ca\/wp-json\/wp\/v2\/product"}],"about":[{"href":"https:\/\/keweicorten.com\/fr_ca\/wp-json\/wp\/v2\/types\/product"}],"replies":[{"embeddable":true,"href":"https:\/\/keweicorten.com\/fr_ca\/wp-json\/wp\/v2\/comments?post=1230"}],"version-history":[{"count":1,"href":"https:\/\/keweicorten.com\/fr_ca\/wp-json\/wp\/v2\/product\/1230\/revisions"}],"predecessor-version":[{"id":1232,"href":"https:\/\/keweicorten.com\/fr_ca\/wp-json\/wp\/v2\/product\/1230\/revisions\/1232"}],"wp:featuredmedia":[{"embeddable":true,"href":"https:\/\/keweicorten.com\/fr_ca\/wp-json\/wp\/v2\/media\/1231"}],"wp:attachment":[{"href":"https:\/\/keweicorten.com\/fr_ca\/wp-json\/wp\/v2\/media?parent=1230"}],"wp:term":[{"taxonomy":"product_brand","embeddable":true,"href":"https:\/\/keweicorten.com\/fr_ca\/wp-json\/wp\/v2\/product_brand?post=1230"},{"taxonomy":"product_cat","embeddable":true,"href":"https:\/\/keweicorten.com\/fr_ca\/wp-json\/wp\/v2\/product_cat?post=1230"},{"taxonomy":"product_tag","embeddable":true,"href":"https:\/\/keweicorten.com\/fr_ca\/wp-json\/wp\/v2\/product_tag?post=1230"}],"curies":[{"name":"wp","href":"https:\/\/api.w.org\/{rel}","templated":true}]}}