{"id":1246,"date":"2024-09-18T08:03:36","date_gmt":"2024-09-18T08:03:36","guid":{"rendered":"https:\/\/keweicorten.com\/?post_type=product&#038;p=1246"},"modified":"2025-08-14T02:07:48","modified_gmt":"2025-08-14T02:07:48","slug":"plaque-dacier-corten-de-10-mm","status":"publish","type":"product","link":"https:\/\/keweicorten.com\/fr_ca\/plaque-dacier-corten-de-10-mm\/","title":{"rendered":"Plaque d'acier corten de 10 mm"},"content":{"rendered":"<h2>Propri\u00e9t\u00e9s et utilisations des t\u00f4les d'acier Corten de 10 mm :<\/h2>\n<p>R\u00e9sistance aux intemp\u00e9ries : L'acier Corten est con\u00e7u pour r\u00e9sister aux \u00e9l\u00e9ments, ce qui le rend id\u00e9al pour les applications ext\u00e9rieures. Il peut r\u00e9sister \u00e0 la corrosion atmosph\u00e9rique et n\u00e9cessite donc moins d'entretien que l'acier traditionnel.<\/p>\n<p>Attrait esth\u00e9tique : La finition rouill\u00e9e unique de l'acier corten est souvent recherch\u00e9e pour ses qualit\u00e9s esth\u00e9tiques dans l'architecture et l'am\u00e9nagement paysager.<\/p>\n<p>Application :<br \/>\nCaract\u00e9ristiques architecturales : Utilis\u00e9 dans les b\u00e2timents et les fa\u00e7ades pour un aspect rustique.<br \/>\nAm\u00e9nagement paysager : Souvent utilis\u00e9 pour les sculptures, les cl\u00f4tures et les \u00e9l\u00e9ments de jardin.<br \/>\nApplications industrielles : Convient aux structures soumises \u00e0 des environnements difficiles, comme les ponts et les b\u00e2timents.<br \/>\nArt et sculptures : Pr\u00e9f\u00e9r\u00e9 par de nombreux artistes pour sa texture et sa couleur.<\/p>\n<p>Fabrication : Les plaques d'acier corten de 10 mm peuvent \u00eatre coup\u00e9es, soud\u00e9es et fa\u00e7onn\u00e9es en diff\u00e9rentes formes et tailles, ce qui permet une grande flexibilit\u00e9 dans la conception.<\/p>\n<p>Availability: 10mm <a href=\"https:\/\/keweicorten.com\/fr_ca\/a588-corten-weathering-steel-plate\/\">Corten steel plate comes in various thicknesses; 10mm is a common thickness for both structural and decorative uses.<\/a><\/p>\n<p>Maintenance: Although Corten steel is low-maintenance due to its protective patina, it may require occasional cleaning to maintain its appearance.<\/p>\n<p>Consid\u00e9rations :<\/p>\n<p>Poids : Une plaque d'acier corten de 10 mm peut \u00eatre assez lourde, il faut donc tenir compte du poids lors de la planification du transport et de l'installation.<br \/>\nSoudage et d\u00e9coupage : Peut n\u00e9cessiter un \u00e9quipement et des techniques sp\u00e9cialis\u00e9s pour \u00eatre utilis\u00e9 efficacement.<br \/>\nFluctuations de temp\u00e9rature : Il convient d'\u00eatre prudent dans les environnements soumis \u00e0 des changements de temp\u00e9rature extr\u00eames, car cela peut affecter l'int\u00e9grit\u00e9 de l'acier au fil du temps.<\/p>\n<table class=\"has-title is-zebra hight-light-first-column all magic-2\">\n<tbody>\n<tr>\n<td colspan=\"1\" rowspan=\"1\">\n<div class=\"magic-19\">\n<div class=\"magic-17\" data-spm-anchor-id=\"0.0.0.i0.313f4f05QybF0h\">Mat\u00e9riau<\/div>\n<\/div>\n<\/td>\n<td colspan=\"1\" rowspan=\"1\">\n<div class=\"magic-20\">\n<div class=\"magic-17\" data-spm-anchor-id=\"0.0.0.i5.313f4f05QybF0h\">Longueur\uff08mm\uff09<\/div>\n<\/div>\n<\/td>\n<td colspan=\"1\" rowspan=\"1\">\n<div class=\"magic-21\">\n<div class=\"magic-17\" data-spm-anchor-id=\"0.0.0.i4.313f4f05QybF0h\">Largeur\uff08mm\uff09<\/div>\n<\/div>\n<\/td>\n<td colspan=\"1\" rowspan=\"1\">\n<div class=\"magic-22\">\n<div class=\"magic-17\" data-spm-anchor-id=\"0.0.0.i3.313f4f05QybF0h\">\u00c9paisseur\uff08mm\uff09<\/div>\n<\/div>\n<\/td>\n<td colspan=\"1\" rowspan=\"1\">\n<div class=\"magic-22\">\n<div class=\"magic-17\" data-spm-anchor-id=\"a2700.custom-template.0.i165.48333333coqoEF\">MOQ\uff08Ton\uff09<\/div>\n<\/div>\n<\/td>\n<\/tr>\n<tr>\n<td colspan=\"1\" rowspan=\"1\">\n<div class=\"magic-19\">\n<div class=\"magic-17\" data-spm-anchor-id=\"0.0.0.i6.313f4f05QybF0h\">A588\/SPA-H\/S355J0WP<\/div>\n<\/div>\n<\/td>\n<td colspan=\"1\" rowspan=\"1\">\n<div class=\"magic-20\">\n<div class=\"magic-17\" data-spm-anchor-id=\"0.0.0.i10.313f4f05QybF0h\">sur mesure\/6000<\/div>\n<\/div>\n<\/td>\n<td colspan=\"1\" rowspan=\"1\">\n<div class=\"magic-21\">\n<div class=\"magic-17\" data-spm-anchor-id=\"0.0.0.i9.313f4f05QybF0h\">sur mesure\/1250<\/div>\n<\/div>\n<\/td>\n<td colspan=\"1\" rowspan=\"1\">\n<div class=\"magic-22\">\n<div class=\"magic-17\" data-spm-anchor-id=\"0.0.0.i11.313f4f05QybF0h\">1.5<\/div>\n<\/div>\n<\/td>\n<td colspan=\"1\" rowspan=\"1\">\n<div class=\"magic-22\">\n<div class=\"magic-17\" data-spm-anchor-id=\"a2700.pc-decorate.0.i77.78c43333yaLfjh\">1<\/div>\n<\/div>\n<\/td>\n<\/tr>\n<tr>\n<td colspan=\"1\" rowspan=\"1\">\n<div class=\"magic-19\">\n<div class=\"magic-17\" data-spm-anchor-id=\"0.0.0.i8.313f4f05QybF0h\">A588\/SPA-H\/S355J0WP<\/div>\n<\/div>\n<\/td>\n<td colspan=\"1\" rowspan=\"1\">\n<div class=\"magic-20\">\n<div class=\"magic-17\" data-spm-anchor-id=\"0.0.0.i1.313f4f05QybF0h\">sur mesure\/6000<\/div>\n<\/div>\n<\/td>\n<td colspan=\"1\" rowspan=\"1\">\n<div class=\"magic-21\">\n<div class=\"magic-17\" data-spm-anchor-id=\"a2700.custom-template.0.i4.529f3333czw0IR\">sur mesure\/1250<\/div>\n<\/div>\n<\/td>\n<td colspan=\"1\" rowspan=\"1\">\n<div class=\"magic-22\">\u00a0 \u00a0 \u00a0 \u00a0 \u00a0 \u00a0 \u00a0 \u00a0 \u00a02.0<\/div>\n<\/td>\n<td colspan=\"1\" rowspan=\"1\">\n<div class=\"magic-22\">\n<div class=\"magic-17\" data-spm-anchor-id=\"a2700.pc-decorate.0.i78.78c43333yaLfjh\">1<\/div>\n<\/div>\n<\/td>\n<\/tr>\n<tr>\n<td colspan=\"1\" rowspan=\"1\">\n<div class=\"magic-19\">\n<div class=\"magic-17\" data-spm-anchor-id=\"a2700.pc-decorate.0.i54.78c43333yaLfjh\">A588\/SPA-H\/S355J0WP<\/div>\n<\/div>\n<\/td>\n<td colspan=\"1\" rowspan=\"1\">\n<div class=\"magic-20\">\n<div class=\"magic-17\" data-spm-anchor-id=\"a2700.pc-decorate.0.i60.78c43333yaLfjh\">sur mesure\/6000<\/div>\n<\/div>\n<\/td>\n<td colspan=\"1\" rowspan=\"1\">\n<div class=\"magic-21\">\n<div class=\"magic-17\" data-spm-anchor-id=\"a2700.pc-decorate.0.i66.78c43333yaLfjh\">sur mesure\/1500<\/div>\n<\/div>\n<\/td>\n<td colspan=\"1\" rowspan=\"1\">\n<div class=\"magic-22\">\n<div class=\"magic-17\" data-spm-anchor-id=\"a2700.pc-decorate.0.i70.78c43333yaLfjh\">3<\/div>\n<\/div>\n<\/td>\n<td colspan=\"1\" rowspan=\"1\">\n<div class=\"magic-22\">\n<div class=\"magic-17\" data-spm-anchor-id=\"a2700.custom-template.0.i163.48333333coqoEF\">1<\/div>\n<\/div>\n<\/td>\n<\/tr>\n<tr>\n<td colspan=\"1\" rowspan=\"1\">\n<div class=\"magic-19\">\n<div class=\"magic-17\" data-spm-anchor-id=\"a2700.pc-decorate.0.i55.78c43333yaLfjh\">A588\/SPA-H\/S355J0WP<\/div>\n<\/div>\n<\/td>\n<td colspan=\"1\" rowspan=\"1\">\n<div class=\"magic-20\">\n<div class=\"magic-17\" data-spm-anchor-id=\"a2700.pc-decorate.0.i61.78c43333yaLfjh\">sur mesure\/6000<\/div>\n<\/div>\n<\/td>\n<td colspan=\"1\" rowspan=\"1\">\n<div class=\"magic-21\">\n<div class=\"magic-17\" data-spm-anchor-id=\"a2700.pc-decorate.0.i67.78c43333yaLfjh\">sur mesure\/1500<\/div>\n<\/div>\n<\/td>\n<td colspan=\"1\" rowspan=\"1\">\n<div class=\"magic-22\">\n<div class=\"magic-17\" data-spm-anchor-id=\"a2700.pc-decorate.0.i72.78c43333yaLfjh\">4<\/div>\n<\/div>\n<\/td>\n<td colspan=\"1\" rowspan=\"1\">\n<div class=\"magic-22\">\n<div class=\"magic-17\" data-spm-anchor-id=\"a2700.pc-decorate.0.i75.78c43333yaLfjh\">1<\/div>\n<\/div>\n<\/td>\n<\/tr>\n<tr>\n<td colspan=\"1\" rowspan=\"1\">\n<div class=\"magic-19\">\n<div class=\"magic-17\" data-spm-anchor-id=\"a2700.pc-decorate.0.i56.78c43333yaLfjh\">A588\/SPA-H\/S355J0WP<\/div>\n<\/div>\n<\/td>\n<td colspan=\"1\" rowspan=\"1\">\n<div class=\"magic-20\">\n<div class=\"magic-17\" data-spm-anchor-id=\"a2700.pc-decorate.0.i63.78c43333yaLfjh\">sur mesure\/6000<\/div>\n<\/div>\n<\/td>\n<td colspan=\"1\" rowspan=\"1\">\n<div class=\"magic-21\">\n<div class=\"magic-17\" data-spm-anchor-id=\"a2700.pc-decorate.0.i68.78c43333yaLfjh\">sur mesure\/1500<\/div>\n<\/div>\n<\/td>\n<td colspan=\"1\" rowspan=\"1\">\n<div class=\"magic-22\">\n<div class=\"magic-17\" data-spm-anchor-id=\"a2700.pc-decorate.0.i73.78c43333yaLfjh\">5-16<\/div>\n<\/div>\n<\/td>\n<td colspan=\"1\" rowspan=\"1\">\n<div class=\"magic-22\">\n<div class=\"magic-17\" data-spm-anchor-id=\"a2700.pc-decorate.0.i76.78c43333yaLfjh\">1<\/div>\n<\/div>\n<\/td>\n<\/tr>\n<tr>\n<td colspan=\"1\" rowspan=\"1\">\n<div class=\"magic-19\">\n<div class=\"magic-17\" data-spm-anchor-id=\"a2700.pc-decorate.0.i57.78c43333yaLfjh\">A588\/SPA-H\/S355J0WP<\/div>\n<\/div>\n<\/td>\n<td colspan=\"1\" rowspan=\"1\">\n<div class=\"magic-20\">\n<div class=\"magic-17\" data-spm-anchor-id=\"a2700.pc-decorate.0.i64.78c43333yaLfjh\">sur mesure\/6000<\/div>\n<\/div>\n<\/td>\n<td colspan=\"1\" rowspan=\"1\">\n<div class=\"magic-21\">\n<div class=\"magic-17\" data-spm-anchor-id=\"a2700.pc-decorate.0.i69.78c43333yaLfjh\">sur mesure\/2200<\/div>\n<\/div>\n<\/td>\n<td colspan=\"1\" rowspan=\"1\">\n<div class=\"magic-22\">\n<div class=\"magic-17\" data-spm-anchor-id=\"a2700.pc-decorate.0.i74.78c43333yaLfjh\">20-30<\/div>\n<\/div>\n<\/td>\n<td colspan=\"1\" rowspan=\"1\">\n<div class=\"magic-22\">\n<div class=\"magic-17\" data-spm-anchor-id=\"a2700.custom-template.0.i166.48333333coqoEF\">1<\/div>\n<\/div>\n<\/td>\n<\/tr>\n<tr>\n<td colspan=\"5\" rowspan=\"1\">\n<div class=\"magic-23\">\n<div class=\"magic-17\" data-spm-anchor-id=\"a2700.custom-template.0.i18.778e3333f1eekh\">Tous les produits peuvent \u00eatre personnalis\u00e9s en fonction de la taille fournie.<\/div>\n<\/div>\n<\/td>\n<\/tr>\n<\/tbody>\n<\/table>\n<figure style=\"width: 579px\" class=\"wp-caption alignnone\"><a href=\"https:\/\/keweicorten.com\/fr_ca\/nous-contacter\/\"><img fetchpriority=\"high\" decoding=\"async\" title=\"Plaque d&#039;acier corten de 10 mm\" src=\"https:\/\/sc04.alicdn.com\/kf\/Hd729c4f03030426381342ad18e2683b6f\/255568936\/Hd729c4f03030426381342ad18e2683b6f.jpg\" alt=\"\" width=\"579\" height=\"434\" \/><\/a><figcaption class=\"wp-caption-text\">Plaque d'acier corten de 10 mm<\/figcaption><\/figure>\n<figure style=\"width: 582px\" class=\"wp-caption alignnone\"><a href=\"https:\/\/keweicorten.com\/fr_ca\/nous-contacter\/\"><img decoding=\"async\" title=\"prix de l&#039;acier corten\" src=\"https:\/\/sc04.alicdn.com\/kf\/H9c47b2003c4c443c985e7541f40ce4b0A\/255568936\/H9c47b2003c4c443c985e7541f40ce4b0A.jpg\" alt=\"\" width=\"582\" height=\"582\" \/><\/a><figcaption class=\"wp-caption-text\">prix de l'acier corten<\/figcaption><\/figure>\n<figure style=\"width: 582px\" class=\"wp-caption alignnone\"><a href=\"https:\/\/keweicorten.com\/fr_ca\/a588-corten-weathering-steel-plate\/\"><img decoding=\"async\" title=\"t\u00f4le corten\" src=\"https:\/\/sc04.alicdn.com\/kf\/Ha244cf4bffd5462e9c1b59d18300734fg\/255568936\/Ha244cf4bffd5462e9c1b59d18300734fg.jpg\" alt=\"\" width=\"582\" height=\"436\" \/><\/a><figcaption class=\"wp-caption-text\">t\u00f4le corten<\/figcaption><\/figure>","protected":false},"excerpt":{"rendered":"<p>L'acier Corten, \u00e9galement connu sous le nom d'acier r\u00e9sistant aux intemp\u00e9ries, est un type d'alliage d'acier qui prend l'aspect de la rouille lorsqu'il est expos\u00e9 aux \u00e9l\u00e9ments. Cette couche de rouille superficielle prot\u00e8ge le mat\u00e9riau sous-jacent de la corrosion. Une plaque d'acier corten de 10 mm d\u00e9signe une feuille ou une plaque de ce mat\u00e9riau d'une \u00e9paisseur de 10 millim\u00e8tres.<\/p>","protected":false},"featured_media":1247,"comment_status":"open","ping_status":"closed","template":"","meta":{"_eb_attr":"","_monsterinsights_skip_tracking":false,"_monsterinsights_sitenote_active":false,"_monsterinsights_sitenote_note":"","_monsterinsights_sitenote_category":0,"_uf_show_specific_survey":0,"_uf_disable_surveys":false},"product_brand":[],"product_cat":[21],"product_tag":[],"class_list":{"0":"post-1246","1":"product","2":"type-product","3":"status-publish","4":"has-post-thumbnail","6":"product_cat-weather-resistant-steel-plate","8":"first","9":"instock","10":"shipping-taxable","11":"product-type-simple"},"_links":{"self":[{"href":"https:\/\/keweicorten.com\/fr_ca\/wp-json\/wp\/v2\/product\/1246"}],"collection":[{"href":"https:\/\/keweicorten.com\/fr_ca\/wp-json\/wp\/v2\/product"}],"about":[{"href":"https:\/\/keweicorten.com\/fr_ca\/wp-json\/wp\/v2\/types\/product"}],"replies":[{"embeddable":true,"href":"https:\/\/keweicorten.com\/fr_ca\/wp-json\/wp\/v2\/comments?post=1246"}],"version-history":[{"count":3,"href":"https:\/\/keweicorten.com\/fr_ca\/wp-json\/wp\/v2\/product\/1246\/revisions"}],"predecessor-version":[{"id":5379,"href":"https:\/\/keweicorten.com\/fr_ca\/wp-json\/wp\/v2\/product\/1246\/revisions\/5379"}],"wp:featuredmedia":[{"embeddable":true,"href":"https:\/\/keweicorten.com\/fr_ca\/wp-json\/wp\/v2\/media\/1247"}],"wp:attachment":[{"href":"https:\/\/keweicorten.com\/fr_ca\/wp-json\/wp\/v2\/media?parent=1246"}],"wp:term":[{"taxonomy":"product_brand","embeddable":true,"href":"https:\/\/keweicorten.com\/fr_ca\/wp-json\/wp\/v2\/product_brand?post=1246"},{"taxonomy":"product_cat","embeddable":true,"href":"https:\/\/keweicorten.com\/fr_ca\/wp-json\/wp\/v2\/product_cat?post=1246"},{"taxonomy":"product_tag","embeddable":true,"href":"https:\/\/keweicorten.com\/fr_ca\/wp-json\/wp\/v2\/product_tag?post=1246"}],"curies":[{"name":"wp","href":"https:\/\/api.w.org\/{rel}","templated":true}]}}