{"id":1287,"date":"2024-09-20T02:54:02","date_gmt":"2024-09-20T02:54:02","guid":{"rendered":"https:\/\/keweicorten.com\/?post_type=product&#038;p=1287"},"modified":"2025-01-15T06:25:33","modified_gmt":"2025-01-15T06:25:33","slug":"spheres-de-jardin-en-metal","status":"publish","type":"product","link":"https:\/\/keweicorten.com\/fr_ca\/spheres-de-jardin-en-metal\/","title":{"rendered":"sph\u00e8res de jardin en m\u00e9tal"},"content":{"rendered":"<h2>Caract\u00e9ristiques et utilisations de la boule de feu en acier r\u00e9sistant aux intemp\u00e9ries :<\/h2>\n<p>Caract\u00e9ristiques du mat\u00e9riau : La surface de l'acier r\u00e9sistant aux intemp\u00e9ries s'oxyde progressivement avec le temps, formant une couche de rouille stable, qui n'est pas seulement belle et ne n\u00e9cessite pas d'entretien particulier. Ce changement rend la boule de feu plus harmonieuse avec l'environnement naturel et lui conf\u00e8re une beaut\u00e9 brute.<br \/>\nSculpter et d\u00e9couper des motifs<\/p>\n<p>S\u00e9lection de motifs : De nombreuses surfaces de sph\u00e8res de jardin en m\u00e9tal ont \u00e9t\u00e9 sculpt\u00e9es au laser et pr\u00e9sentent des motifs complexes, tels que des feuilles, des motifs, des images d'animaux, etc. Ces motifs creux produisent un magnifique effet d'ombre et de lumi\u00e8re lorsque la flamme br\u00fble, en particulier la nuit.<br \/>\nConception multifonctionnelle<\/p>\n<p>Fonction de boule de feu : Les sph\u00e8res de jardin en m\u00e9tal peuvent \u00eatre utilis\u00e9es comme foyer, br\u00fblant du bois, du charbon de bois ou du gaz naturel, devenant ainsi un centre chaleureux pour les occasions sociales en plein air. Son design est \u00e0 la fois fonctionnel et artistique.<br \/>\nEffets d'\u00e9clairage : Certaines sph\u00e8res de jardin en m\u00e9tal peuvent \u00eatre allum\u00e9es \u00e0 l'int\u00e9rieur et, apr\u00e8s avoir \u00e9t\u00e9 allum\u00e9es la nuit, m\u00eame sans flammes, elles peuvent \u00eatre utilis\u00e9es comme \u00e9clairage paysager pour fournir un \u00e9clairage doux et des effets visuels.<\/p>\n<div class=\"J_module\">\n<div class=\"detail-decorate-json-renderer-container\">\n<div class=\"magic-10\">\n<figure style=\"width: 550px\" class=\"wp-caption alignnone\"><a href=\"https:\/\/keweicorten.com\/fr_ca\/nous-contacter\/\"><img fetchpriority=\"high\" decoding=\"async\" title=\"sph\u00e8re de feu\" src=\"https:\/\/sc04.alicdn.com\/kf\/H86b7111d868b4cfa80c1c85b59d4a6fdD\/232904194\/H86b7111d868b4cfa80c1c85b59d4a6fdD.jpg\" alt=\"\" width=\"550\" height=\"550\" \/><\/a><figcaption class=\"wp-caption-text\">sph\u00e8re de feu<\/figcaption><\/figure>\n<\/div>\n<\/div>\n<\/div>","protected":false},"excerpt":{"rendered":"<p><strong>Sph\u00e8res de jardin en acier Corten<\/strong><\/p>\n<ul>\n<li><strong>Mat\u00e9riau :<\/strong> L'acier corten s'alt\u00e8re naturellement avec le temps et prend une belle patine rouill\u00e9e. Il conf\u00e8re \u00e0 votre jardin un aspect organique et terreux.<\/li>\n<li><strong>Utilisation de la conception :<\/strong> Ces sph\u00e8res sont parfaites comme sculptures autonomes ou peuvent \u00eatre int\u00e9gr\u00e9es dans des parterres de fleurs ou des rocailles.<\/li>\n<li><strong>Option d'\u00e9clairage :<\/strong> Certaines sph\u00e8res en acier corten sont creuses et comportent des d\u00e9coupes qui peuvent \u00eatre \u00e9clair\u00e9es de l'int\u00e9rieur pour produire un effet lumineux la nuit.<\/li>\n<\/ul>","protected":false},"featured_media":1288,"comment_status":"open","ping_status":"closed","template":"","meta":{"_eb_attr":"","_monsterinsights_skip_tracking":false,"_monsterinsights_sitenote_active":false,"_monsterinsights_sitenote_note":"","_monsterinsights_sitenote_category":0,"_uf_show_specific_survey":0,"_uf_disable_surveys":false},"product_brand":[],"product_cat":[54],"product_tag":[],"class_list":{"0":"post-1287","1":"product","2":"type-product","3":"status-publish","4":"has-post-thumbnail","6":"product_cat-wood-fire-pit","8":"first","9":"instock","10":"shipping-taxable","11":"product-type-simple"},"_links":{"self":[{"href":"https:\/\/keweicorten.com\/fr_ca\/wp-json\/wp\/v2\/product\/1287"}],"collection":[{"href":"https:\/\/keweicorten.com\/fr_ca\/wp-json\/wp\/v2\/product"}],"about":[{"href":"https:\/\/keweicorten.com\/fr_ca\/wp-json\/wp\/v2\/types\/product"}],"replies":[{"embeddable":true,"href":"https:\/\/keweicorten.com\/fr_ca\/wp-json\/wp\/v2\/comments?post=1287"}],"version-history":[{"count":1,"href":"https:\/\/keweicorten.com\/fr_ca\/wp-json\/wp\/v2\/product\/1287\/revisions"}],"predecessor-version":[{"id":1289,"href":"https:\/\/keweicorten.com\/fr_ca\/wp-json\/wp\/v2\/product\/1287\/revisions\/1289"}],"wp:featuredmedia":[{"embeddable":true,"href":"https:\/\/keweicorten.com\/fr_ca\/wp-json\/wp\/v2\/media\/1288"}],"wp:attachment":[{"href":"https:\/\/keweicorten.com\/fr_ca\/wp-json\/wp\/v2\/media?parent=1287"}],"wp:term":[{"taxonomy":"product_brand","embeddable":true,"href":"https:\/\/keweicorten.com\/fr_ca\/wp-json\/wp\/v2\/product_brand?post=1287"},{"taxonomy":"product_cat","embeddable":true,"href":"https:\/\/keweicorten.com\/fr_ca\/wp-json\/wp\/v2\/product_cat?post=1287"},{"taxonomy":"product_tag","embeddable":true,"href":"https:\/\/keweicorten.com\/fr_ca\/wp-json\/wp\/v2\/product_tag?post=1287"}],"curies":[{"name":"wp","href":"https:\/\/api.w.org\/{rel}","templated":true}]}}